{"id":8280,"date":"2021-05-09T02:59:04","date_gmt":"2021-05-09T02:59:04","guid":{"rendered":"https:\/\/reikigreybook.com\/takatas-dagbogsoptegnelser\/"},"modified":"2023-03-10T22:15:03","modified_gmt":"2023-03-10T22:15:03","slug":"takatas-dagbogsoptegnelser","status":"publish","type":"page","link":"https:\/\/reikigreybook.com\/da\/laes-den-graa-bog\/takatas-dagbogsoptegnelser\/","title":{"rendered":"Takata&#8217;s dagbogsnotater"},"content":{"rendered":"\n<figure class=\"wp-block-table is-style-stripes\"><table class=\"has-black-color has-white-background-color has-text-color has-background\"><tbody><tr><td><\/td><td class=\"has-text-align-right\" data-align=\"right\"><a href=\"https:\/\/reikigreybook.com\/da\/laes-den-graa-bog\/behandlingsvejledning\/\">N\u00e6ste &#8211;&gt;<\/a><\/td><\/tr><\/tbody><\/table><\/figure>\n\n\n\n<div style=\"height:25px\" aria-hidden=\"true\" class=\"wp-block-spacer\"><\/div>\n\n\n\n<p>10 december1935<\/p>\n\n\n\n<p id=\"_up\">Betydning af &#8220;Leiki&#8221; Energi i en selv, der, n\u00e5r den koncentreres og anvendes p\u00e5 patienten, vil helbrede alle lidelser. Det er naturens bedste kur, som ikke kr\u00e6ver medicin den hj\u00e6lper i alle henseender, mennesker og dyr. For at kunne koncentrere sig m\u00e5 man rense sine tanker i ord og i tanker og meditere for at lade &#8220;energien&#8221; komme ud indefra.. Den ligger i bunden af din mave ca. 2 tommer under navlen. S\u00e6t dig i en behagelig stilling, luk \u00f8jnene, koncentrer dig om dine tanker og slap af, saml dine h\u00e6nder og vent p\u00e5 tegnet. L\u00e6g h\u00e6nderne venligt og forsigtigt p\u00e5 fra hoved (heand) <a href=\"#_1\" data-type=\"internal\" data-id=\"#_1\"><sup>[1]<\/sup><\/a> og nedad. Patienten, der skal modtage behandlingen, skal rense sine tanker, f\u00f8le sig godt tilpas og have et \u00f8nske om at blive rask. Man m\u00e5 ikke glemme at f\u00f8le sig taknemmelig. Taknemmelighed er en god kur for sindet. I alle tilf\u00e6lde b\u00f8r patienten kunne diagnosticeres ved blot at r\u00f8re ved h\u00e5nden.<\/p>\n\n\n\n<hr class=\"wp-block-separator has-css-opacity is-style-wide\"\/>\n\n\n\n<p><\/p>\n\n\n\n<p>2. April 1936<\/p>\n\n\n\n<p>Far var syg med fork\u00f8lelse og tr\u00e6thed. Gav ham behandlinger, og han var i stand til at tage eksamen den 7<sup>.<\/sup> og vende tilbage til Kauai den 10<sup>.<\/sup> Efter at have sagt farvel til dem, kom jeg tilbage med Julia til fru Hayashis hjem. De var s\u00e5 s\u00f8de og bad mig om at blive hos dem, s\u00e5 fra den aften bor jeg her N\u00e5r jeg t\u00e6nker p\u00e5 det, m\u00e5 det have v\u00e6ret min virkelig heldige dag. Jeg har f\u00e5et s\u00e5 megen viden om behandlinger, at jeg oplever mig selv behandle patienter helt naturligt. Tog afsted i 2 dage for at helbrede Baron Tokus to piger, og de blev helbredt, fru Harazawa p\u00e5 Keio Hospital hver aften kl. 19.30 &#8211; behandling efter operation &#8211; finder det meget godt og med hurtig bedring. Lige siden jeg kom, er patientantallet for\u00f8get p\u00e5 hjemmeklinikken<\/p>\n\n\n\n<hr class=\"wp-block-separator has-css-opacity is-style-wide\"\/>\n\n\n\n<p><\/p>\n\n\n\n<p>Maj 1936<br><s>April 1936<\/s><\/p>\n\n\n\n<p>til dem, det f\u00e5r mig til at f\u00f8le mig godt tilpas og meget opmuntret Hvad der var mere end gl\u00e6deligt var, at hr. Hayashi har givet mig hemmelighederne om Shinpi Den, Kokiyu-Ho og Leiji-Ho, den st\u00f8rste hemmelighed inden for energividenskab.<\/p>\n\n\n\n<p>Enhver kan forestille sig min lykke ved tanken om, at jeg har den \u00e6re og respekt at blive givet denne gave &#8211; en gave for livet &#8211; og jeg lovede indeni mig selv at g\u00f8re mit yderste for denne smukke og vidunderlige undervisning, som jeg netop har modtaget. Jeg lover at g\u00f8re det rigtige gennem oprigtighed og venlighed og vil betragte og respektere undervisningen og dens l\u00e6rer med den st\u00f8rste \u00e6rb\u00f8dighed og respekt.<\/p>\n\n\n\n<hr class=\"wp-block-separator has-css-opacity is-style-wide\"\/>\n\n\n\n<p><\/p>\n\n\n\n<p>29 marts 1937<\/p>\n\n\n\n<p>Loven om karma, der er s\u00e5 sand i henhold til l\u00e6ren, n\u00e5r vi m\u00f8des, er det begyndelsen p\u00e5 afskeden.<\/p>\n\n\n\n<hr class=\"wp-block-separator has-css-opacity is-style-wide\"\/>\n\n\n\n<div style=\"height:40px\" aria-hidden=\"true\" class=\"wp-block-spacer\"><\/div>\n\n\n\n<hr class=\"wp-block-separator has-text-color has-black-color has-css-opacity has-black-background-color has-background is-style-wide\"\/>\n\n\n\n<div class=\"wp-block-group has-black-color has-text-color has-background\" style=\"background-color:#faf8ed\"><div class=\"wp-block-group__inner-container is-layout-flow wp-block-group-is-layout-flow\">\n<h3 class=\"has-text-align-center wp-block-heading\">Historiske Perspektiver<\/h3>\n\n\n\n<p>L\u00e6s mere om konteksten for disse dagbogsoptegnelser og de teknikker, som Takata beskriver her i Dr. Justin Steins essay &#8220;<a href=\"https:\/\/reikigreybook.com\/da\/ressourcer\/den-graa-bog-og-reiki-historien\/\">Den Gr\u00e5 Bog&#8217; og Reiki Historien<\/a>&#8220;.<\/p>\n<\/div><\/div>\n\n\n\n<hr class=\"wp-block-separator has-text-color has-black-color has-css-opacity has-black-background-color has-background is-style-wide\"\/>\n\n\n\n<div style=\"height:25px\" aria-hidden=\"true\" class=\"wp-block-spacer\"><\/div>\n\n\n\n<hr class=\"wp-block-separator has-text-color has-black-color has-css-opacity has-black-background-color has-background is-style-wide\"\/>\n\n\n\n<div class=\"wp-block-group alignwide has-background\" style=\"background-color:#faf8ed\"><div class=\"wp-block-group__inner-container is-layout-flow wp-block-group-is-layout-flow\">\n<p class=\"has-text-align-center has-background\" id=\"_1\" style=\"background-color:#faf8ed;font-size:30px\"><strong>Historiske Noter<\/strong><\/p>\n\n\n\n<div class=\"wp-block-media-text alignwide has-media-on-the-right is-stacked-on-mobile is-vertically-aligned-center has-background\" style=\"background-color:#faf8ed\"><div class=\"wp-block-media-text__content\">\n<p>[1] Teksten ovenfor er en n\u00f8jagtig transskription af Takatas ord, inklusive stavefejl. Med hensyn til denne tvetydighed, som nogle l\u00e6ser som &#8216;hoved&#8217; og andre som &#8216;hjerte&#8217;, skriver Dr. Justin Stein: &#8220;Jeg er overbevist om, at det ikke er &#8216;hjerte&#8217;, fordi hun bevidst krydsede sit ts, og dette er ikke krydset.&#8221; <a href=\"#_up\">^ op<\/a><\/p>\n<\/div><figure class=\"wp-block-media-text__media\"><img fetchpriority=\"high\" decoding=\"async\" width=\"874\" height=\"464\" src=\"https:\/\/reikigreybook.com\/wp-content\/uploads\/2021\/05\/Screen-Shot-2021-05-16-at-3.20.43-PM.png\" alt=\"\" class=\"wp-image-870 size-full\" srcset=\"https:\/\/reikigreybook.com\/wp-content\/uploads\/2021\/05\/Screen-Shot-2021-05-16-at-3.20.43-PM.png 874w, https:\/\/reikigreybook.com\/wp-content\/uploads\/2021\/05\/Screen-Shot-2021-05-16-at-3.20.43-PM-600x319.png 600w, https:\/\/reikigreybook.com\/wp-content\/uploads\/2021\/05\/Screen-Shot-2021-05-16-at-3.20.43-PM-300x159.png 300w, https:\/\/reikigreybook.com\/wp-content\/uploads\/2021\/05\/Screen-Shot-2021-05-16-at-3.20.43-PM-768x408.png 768w\" sizes=\"(max-width: 874px) 100vw, 874px\" \/><\/figure><\/div>\n\n\n\n<p><\/p>\n<\/div><\/div>\n\n\n\n<hr class=\"wp-block-separator has-text-color has-black-color has-css-opacity has-black-background-color has-background is-style-wide\"\/>\n\n\n\n<div style=\"height:25px\" aria-hidden=\"true\" class=\"wp-block-spacer\"><\/div>\n\n\n\n<figure class=\"wp-block-table is-style-stripes\"><table class=\"has-black-color has-white-background-color has-text-color has-background\"><tbody><tr><td><\/td><td class=\"has-text-align-right\" data-align=\"right\"><a href=\"https:\/\/reikigreybook.com\/da\/laes-den-graa-bog\/behandlingsvejledning\/\">N\u00e6ste &#8211;&gt;<\/a><\/td><\/tr><\/tbody><\/table><\/figure>\n\n\n\n<div style=\"height:100px\" aria-hidden=\"true\" class=\"wp-block-spacer\"><\/div>\n\n\n\n<p><\/p>\n","protected":false},"excerpt":{"rendered":"<p>N\u00e6ste &#8211;&gt; 10 december1935 Betydning af &#8220;Leiki&#8221; Energi i en selv, der, n\u00e5r den koncentreres og anvendes p\u00e5 patienten, vil helbrede alle lidelser. Det er naturens bedste kur, som ikke kr\u00e6ver medicin den hj\u00e6lper i alle henseender, mennesker og dyr. For at kunne koncentrere sig m\u00e5 man rense sine tanker i ord og i tanker [&hellip;]<\/p>\n","protected":false},"author":1,"featured_media":0,"parent":8672,"menu_order":1,"comment_status":"closed","ping_status":"closed","template":"","meta":{"footnotes":""},"class_list":["post-8280","page","type-page","status-publish","hentry"],"_links":{"self":[{"href":"https:\/\/reikigreybook.com\/da\/wp-json\/wp\/v2\/pages\/8280","targetHints":{"allow":["GET"]}}],"collection":[{"href":"https:\/\/reikigreybook.com\/da\/wp-json\/wp\/v2\/pages"}],"about":[{"href":"https:\/\/reikigreybook.com\/da\/wp-json\/wp\/v2\/types\/page"}],"author":[{"embeddable":true,"href":"https:\/\/reikigreybook.com\/da\/wp-json\/wp\/v2\/users\/1"}],"replies":[{"embeddable":true,"href":"https:\/\/reikigreybook.com\/da\/wp-json\/wp\/v2\/comments?post=8280"}],"version-history":[{"count":5,"href":"https:\/\/reikigreybook.com\/da\/wp-json\/wp\/v2\/pages\/8280\/revisions"}],"predecessor-version":[{"id":9415,"href":"https:\/\/reikigreybook.com\/da\/wp-json\/wp\/v2\/pages\/8280\/revisions\/9415"}],"up":[{"embeddable":true,"href":"https:\/\/reikigreybook.com\/da\/wp-json\/wp\/v2\/pages\/8672"}],"wp:attachment":[{"href":"https:\/\/reikigreybook.com\/da\/wp-json\/wp\/v2\/media?parent=8280"}],"curies":[{"name":"wp","href":"https:\/\/api.w.org\/{rel}","templated":true}]}}