{"id":8284,"date":"2021-05-09T03:43:10","date_gmt":"2021-05-09T03:43:10","guid":{"rendered":"https:\/\/reikigreybook.com\/takatas-mester-certifikat\/"},"modified":"2023-01-06T17:45:11","modified_gmt":"2023-01-06T17:45:11","slug":"takatas-mester-certifikat","status":"publish","type":"page","link":"https:\/\/reikigreybook.com\/da\/laes-den-graa-bog\/takatas-mester-certifikat\/","title":{"rendered":"Takatas Mester Certifikat"},"content":{"rendered":"\n<figure class=\"wp-block-table is-style-stripes\"><table class=\"has-black-color has-white-background-color has-text-color has-background\"><tbody><tr><td><a href=\"https:\/\/reikigreybook.com\/da\/fotoer\/\">&lt;&#8211; Forrige<\/a><\/td><td class=\"has-text-align-right\" data-align=\"right\"><a href=\"https:\/\/reikigreybook.com\/da\/mester-elever\/\">N\u00e6ste &#8211;&gt;<\/a><\/td><\/tr><\/tbody><\/table><\/figure>\n\n\n\n<div style=\"height:25px\" aria-hidden=\"true\" class=\"wp-block-spacer\"><\/div>\n\n\n\n<p class=\"has-text-align-center\"><strong>C E R T I F IKAT<\/strong><\/p>\n\n\n\n<p>          <span style=\"text-decoration: underline;\">DETTE DOKUMENTERER <\/span> AT <span style=\"text-decoration: underline;\">Mrs. Hawayo Takata<\/span>, en amerikansk statsborger f\u00f8dt i territoriet Hawaii, har efter et studie- og uddannelsesforl\u00f8b i Usui systemet af Reiki healing, der blev gennemf\u00f8rt under min personlige supervision ved et bes\u00f8g i Japan i 1935 og efterf\u00f8lgende, best\u00e5et alle pr\u00f8ver og vist sig v\u00e6rdig og i stand til at administrere behandlinger og at videregeive Reikis kraft til andre.<br> Derfor giver jeg, Dr. Chujiro Hayashi, i kraft af min autoritet som mester i Usui Reiki-systemet for medicinfri healing, hermed fru Hawayo Takata den fulde magt og autoritet til at praktisere Reiki-systemet og til at give andre den hemmelige viden og healingsgave af dette system.<br> MRS. HAWAYO TAKATA er hermed certificeret af mig som ud\u00f8ver og mester i Dr. Usuis Reiki-helbredelsessystem, p\u00e5 nuv\u00e6rende tidspunkt den eneste person i USA, der er autoriseret til at give andre lignende kraft og en af de tretten fuldt kvalificerede som mester i dette fag.<br><br> Underskrevet af mig den 21. dag i februar 1938, i byen og distriktet Honolulu, territoriet Hawaii.<\/p>\n\n\n\n<p class=\"has-text-align-right\">(SIGNERET) Chujiro Hayashi<\/p>\n\n\n\n<p class=\"has-text-align-left\">Vidner til hans signatur:<br><span style=\"text-decoration: underline;\">Yoshino Hanao<\/span><\/p>\n\n\n\n<hr class=\"wp-block-separator has-text-color has-black-color has-css-opacity has-black-background-color has-background is-style-wide\"\/>\n\n\n\n<p class=\"has-text-align-left\"><em>HAWAII TERRITORIET<br>Honolulu by og distrikt<br> P\u00e5 denne <span style=\"text-decoration: underline;\">21<\/span>. <span style=\"text-decoration: underline;\">februar<\/span> \u00e5ret 1938 m\u00f8dte (DR.) CHUJIRO HAYASHI personligt op hos mig, som jeg ved er den person, der er beskrevet i og som skrev ovenn\u00e6vnte dokument, og <span style=\"text-decoration: underline;\">han<\/span> erkendte, at <span style=\"text-decoration: underline;\">han<\/span> skrev det med sin frie handling og vilje.<br>          <span style=\"text-decoration: underline;\">(ul\u00e6selig underskrift<\/span>)<br> Notarius Publicus, f\u00f8rste retskreds,<br> Hawaii Territorie<\/em><br><\/p>\n\n\n\n<figure class=\"wp-block-image size-large\"><img fetchpriority=\"high\" decoding=\"async\" width=\"600\" height=\"826\" src=\"https:\/\/reikigreybook.com\/wp-content\/uploads\/2021\/05\/Photo-of-Hawayo-Takatas-Master-Certificate-from-the-Grey_book.png\" alt=\"\" class=\"wp-image-516\" srcset=\"https:\/\/reikigreybook.com\/wp-content\/uploads\/2021\/05\/Photo-of-Hawayo-Takatas-Master-Certificate-from-the-Grey_book.png 600w, https:\/\/reikigreybook.com\/wp-content\/uploads\/2021\/05\/Photo-of-Hawayo-Takatas-Master-Certificate-from-the-Grey_book-218x300.png 218w\" sizes=\"(max-width: 600px) 100vw, 600px\" \/><\/figure>\n\n\n\n<figure class=\"wp-block-table is-style-stripes\"><table class=\"has-black-color has-white-background-color has-text-color has-background\"><tbody><tr><td><a href=\"https:\/\/reikigreybook.com\/da\/fotoer\/\">&lt;&#8211; Forrige<\/a><\/td><td class=\"has-text-align-right\" data-align=\"right\"><a href=\"https:\/\/reikigreybook.com\/da\/mester-elever\/\">N\u00e6ste &#8211;&gt;<\/a><\/td><\/tr><\/tbody><\/table><\/figure>\n\n\n\n<div style=\"height:100px\" aria-hidden=\"true\" class=\"wp-block-spacer\"><\/div>\n","protected":false},"excerpt":{"rendered":"<p>&lt;&#8211; Forrige N\u00e6ste &#8211;&gt; C E R T I F IKAT DETTE DOKUMENTERER AT Mrs. Hawayo Takata, en amerikansk statsborger f\u00f8dt i territoriet Hawaii, har efter et studie- og uddannelsesforl\u00f8b i Usui systemet af Reiki healing, der blev gennemf\u00f8rt under min personlige supervision ved et bes\u00f8g i Japan i 1935 og efterf\u00f8lgende, best\u00e5et alle pr\u00f8ver [&hellip;]<\/p>\n","protected":false},"author":1,"featured_media":0,"parent":8672,"menu_order":5,"comment_status":"closed","ping_status":"closed","template":"","meta":{"footnotes":""},"class_list":["post-8284","page","type-page","status-publish","hentry"],"_links":{"self":[{"href":"https:\/\/reikigreybook.com\/da\/wp-json\/wp\/v2\/pages\/8284","targetHints":{"allow":["GET"]}}],"collection":[{"href":"https:\/\/reikigreybook.com\/da\/wp-json\/wp\/v2\/pages"}],"about":[{"href":"https:\/\/reikigreybook.com\/da\/wp-json\/wp\/v2\/types\/page"}],"author":[{"embeddable":true,"href":"https:\/\/reikigreybook.com\/da\/wp-json\/wp\/v2\/users\/1"}],"replies":[{"embeddable":true,"href":"https:\/\/reikigreybook.com\/da\/wp-json\/wp\/v2\/comments?post=8284"}],"version-history":[{"count":4,"href":"https:\/\/reikigreybook.com\/da\/wp-json\/wp\/v2\/pages\/8284\/revisions"}],"predecessor-version":[{"id":8794,"href":"https:\/\/reikigreybook.com\/da\/wp-json\/wp\/v2\/pages\/8284\/revisions\/8794"}],"up":[{"embeddable":true,"href":"https:\/\/reikigreybook.com\/da\/wp-json\/wp\/v2\/pages\/8672"}],"wp:attachment":[{"href":"https:\/\/reikigreybook.com\/da\/wp-json\/wp\/v2\/media?parent=8284"}],"curies":[{"name":"wp","href":"https:\/\/api.w.org\/{rel}","templated":true}]}}