{"id":8286,"date":"2021-05-09T03:02:04","date_gmt":"2021-05-09T03:02:04","guid":{"rendered":"https:\/\/reikigreybook.com\/mester-elever\/"},"modified":"2023-01-18T10:31:25","modified_gmt":"2023-01-18T10:31:25","slug":"mester-elever","status":"publish","type":"page","link":"https:\/\/reikigreybook.com\/da\/laes-den-graa-bog\/mester-elever\/","title":{"rendered":"Mester elever"},"content":{"rendered":"\n<figure class=\"wp-block-table is-style-stripes\"><table class=\"has-black-color has-white-background-color has-text-color has-background\"><tbody><tr><td><a href=\"https:\/\/reikigreybook.com\/da\/laes-den-graa-bog\/takatas-mester-certifikat\/\">&lt;&#8211; Forrige<\/a><\/td><td class=\"has-text-align-right\" data-align=\"right\"><a href=\"https:\/\/reikigreybook.com\/da\/laes-den-graa-bog\/dedication\/\">N\u00e6ste &#8211;&gt;<\/a><\/td><\/tr><\/tbody><\/table><\/figure>\n\n<div style=\"height:25px\" aria-hidden=\"true\" class=\"wp-block-spacer\"><\/div>\n\n<h4 class=\"wp-block-heading\">\u201cMestre indviet af Takata Sensei\u201d<\/h4>\n\n<p>DOROTHY BABA<br\/>URSULA BAYLOW<br\/>RICK BOCKNER<br\/>PATRICIA BOWLING<br\/>BARBARA BROWN<br\/>FRAN BROWN<br\/>PHYLLIS FURUMOTO<br\/>BETH GRAY<br\/>JOHN GRAY<br\/>IRIS ISHIKURO<br\/>HARRY KUBOI<br\/>ETHEL LOMBARDI<br\/>BARBARA McCULLOUGH<br\/>MARY McFADYEN<br\/>PAUL MITCHELL<br\/>BETHEL PHAIGH<br\/>SHINOBU SAITO<br\/>VIRGINIA SAMDAHL<br\/>WANJA TWAN<br\/>BARBARA WEBBER<br\/>KAY YAMASHITA<\/p>\n\n<div style=\"height:15px\" aria-hidden=\"true\" class=\"wp-block-spacer\"><\/div>\n\n<hr class=\"wp-block-separator has-css-opacity is-style-wide\"\/>\n\n<div class=\"wp-block-group has-black-color has-text-color has-background\" style=\"background-color:#faf8ed\"><div class=\"wp-block-group__inner-container is-layout-flow wp-block-group-is-layout-flow\">\n<h3 class=\"has-text-align-center wp-block-heading\">Historiske Perspektiver<\/h3>\n\n\n\n<p>\u2022 L\u00e6s Paul Mitchells &#8220;<a href=\"https:\/\/reikigreybook.com\/da\/ressourcer\/en-lille-historie-om-den-graa-bog\/\" data-type=\"URL\" data-id=\"https:\/\/reikigreybook.com\/?page_id=740\">En lille historie om Den Gr\u00e5 Bog<\/a>&#8220;, hvori han forklarer, hvorfor George Arakis navn ikke var med p\u00e5 listen over &#8220;Mestre indviet af Takata Sensei&#8221;.<\/p>\n\n\n\n<p>\u2022 Bem\u00e6rk et forkert stavet navn? Justin Stein forklarer i sit essay &#8220;<a href=\"https:\/\/reikigreybook.com\/da\/ressourcer\/den-graa-bog-og-reiki-historien\/\">Den Gr\u00e5 Bog og Reiki historien.<\/a>&#8220;<\/p>\n<\/div><\/div>\n\n<hr class=\"wp-block-separator has-css-opacity is-style-wide\"\/>\n\n<p> <\/p>\n\n<figure class=\"wp-block-table is-style-stripes\"><table class=\"has-black-color has-white-background-color has-text-color has-background\"><tbody><tr><td><a href=\"https:\/\/reikigreybook.com\/da\/laes-den-graa-bog\/takatas-mester-certifikat\/\">&lt;&#8211; Forrige<\/a><\/td><td class=\"has-text-align-right\" data-align=\"right\"><a href=\"https:\/\/reikigreybook.com\/da\/laes-den-graa-bog\/dedication\/\">N\u00e6ste &#8211;&gt;<\/a><\/td><\/tr><\/tbody><\/table><\/figure>\n\n<div style=\"height:100px\" aria-hidden=\"true\" class=\"wp-block-spacer\"><\/div>\n","protected":false},"excerpt":{"rendered":"<p>&lt;&#8211; Forrige N\u00e6ste &#8211;&gt; \u201cMestre indviet af Takata Sensei\u201d DOROTHY BABAURSULA BAYLOWRICK BOCKNERPATRICIA BOWLINGBARBARA BROWNFRAN BROWNPHYLLIS FURUMOTOBETH GRAYJOHN GRAYIRIS ISHIKUROHARRY KUBOIETHEL LOMBARDIBARBARA McCULLOUGHMARY McFADYENPAUL MITCHELLBETHEL PHAIGHSHINOBU SAITOVIRGINIA SAMDAHLWANJA TWANBARBARA WEBBERKAY YAMASHITA Historiske Perspektiver \u2022 L\u00e6s Paul Mitchells &#8220;En lille historie om Den Gr\u00e5 Bog&#8220;, hvori han forklarer, hvorfor George Arakis navn ikke var med p\u00e5 [&hellip;]<\/p>\n","protected":false},"author":1,"featured_media":0,"parent":8672,"menu_order":6,"comment_status":"closed","ping_status":"closed","template":"","meta":{"footnotes":""},"class_list":["post-8286","page","type-page","status-publish","hentry"],"_links":{"self":[{"href":"https:\/\/reikigreybook.com\/da\/wp-json\/wp\/v2\/pages\/8286","targetHints":{"allow":["GET"]}}],"collection":[{"href":"https:\/\/reikigreybook.com\/da\/wp-json\/wp\/v2\/pages"}],"about":[{"href":"https:\/\/reikigreybook.com\/da\/wp-json\/wp\/v2\/types\/page"}],"author":[{"embeddable":true,"href":"https:\/\/reikigreybook.com\/da\/wp-json\/wp\/v2\/users\/1"}],"replies":[{"embeddable":true,"href":"https:\/\/reikigreybook.com\/da\/wp-json\/wp\/v2\/comments?post=8286"}],"version-history":[{"count":5,"href":"https:\/\/reikigreybook.com\/da\/wp-json\/wp\/v2\/pages\/8286\/revisions"}],"predecessor-version":[{"id":8948,"href":"https:\/\/reikigreybook.com\/da\/wp-json\/wp\/v2\/pages\/8286\/revisions\/8948"}],"up":[{"embeddable":true,"href":"https:\/\/reikigreybook.com\/da\/wp-json\/wp\/v2\/pages\/8672"}],"wp:attachment":[{"href":"https:\/\/reikigreybook.com\/da\/wp-json\/wp\/v2\/media?parent=8286"}],"curies":[{"name":"wp","href":"https:\/\/api.w.org\/{rel}","templated":true}]}}