{"id":8462,"date":"2021-05-09T02:56:21","date_gmt":"2021-05-09T02:56:21","guid":{"rendered":"https:\/\/reikigreybook.com\/ressourcer\/"},"modified":"2023-03-16T13:26:33","modified_gmt":"2023-03-16T13:26:33","slug":"ressourcer","status":"publish","type":"page","link":"https:\/\/reikigreybook.com\/da\/ressourcer\/","title":{"rendered":"Ressourcer"},"content":{"rendered":"\n<p>Medlemmer af <a href=\"\/en\/?page_id=700\" data-type=\"page\" data-id=\"700\">Den Gr\u00e5 Bog Teamet<\/a> har skrevet nogle essays der kan tjene som en ressource til at forst\u00e5 og s\u00e6tte indholdet i sammenh\u00e6ng for <em>Reiki: Den Gr\u00e5 Bog<\/em> p\u00e5 dette websted. N\u00e5r man ser bort fra det oprindelige bind, der blev trykt som bog i 1982, kan materialet i afsnittet om <a href=\"https:\/\/reikigreybook.com\/da\/laes-den-graa-bog\/\" data-type=\"page\" data-id=\"323\">Den Gr\u00e5 Bog<\/a> p\u00e5 webstedet let fremst\u00e5 som separate og usammenh\u00e6ngende historiske dokumenter. Vores h\u00e5b er at bevare det trykte binds oprindelige kontekst. <\/p>\n\n<div style=\"height:20px\" aria-hidden=\"true\" class=\"wp-block-spacer\"><\/div>\n\n<div class=\"wp-block-cover alignwide is-light has-custom-content-position is-position-bottom-center is-position-center-center\" style=\"min-height:97px;aspect-ratio:unset;\"><span aria-hidden=\"true\" class=\"wp-block-cover__background has-white-background-color has-background-dim-20 has-background-dim\"><\/span><img fetchpriority=\"high\" decoding=\"async\" width=\"642\" height=\"349\" class=\"wp-block-cover__image-background wp-image-731\" alt=\"\" src=\"https:\/\/reikigreybook.com\/wp-content\/uploads\/2021\/05\/snowy-kurama-gate.png\" style=\"object-position:57% 0%\" data-object-fit=\"cover\" data-object-position=\"57% 0%\" srcset=\"https:\/\/reikigreybook.com\/wp-content\/uploads\/2021\/05\/snowy-kurama-gate.png 642w, https:\/\/reikigreybook.com\/wp-content\/uploads\/2021\/05\/snowy-kurama-gate-600x326.png 600w, https:\/\/reikigreybook.com\/wp-content\/uploads\/2021\/05\/snowy-kurama-gate-300x163.png 300w\" sizes=\"(max-width: 642px) 100vw, 642px\" \/><div class=\"wp-block-cover__inner-container is-layout-flow wp-block-cover-is-layout-flow\">\n<p class=\"has-text-align-center has-large-font-size\" style=\"line-height:1.1\"><strong>Historiske Perspektiver<\/strong><\/p>\n<\/div><\/div>\n\n<div class=\"wp-block-group has-black-color has-text-color has-background\" style=\"background-color:#faf8ed\"><div class=\"wp-block-group__inner-container is-layout-flow wp-block-group-is-layout-flow\">\n<p><a href=\"https:\/\/reikigreybook.com\/da\/ressourcer\/en-powerful-kraft\/\" data-type=\"page\" data-id=\"352\">En powerfuld Kraft<\/a> &#8211; Brian Brunius skriver om sin motivation til at genudgive <em>Reiki: Den Gr\u00e5 Bog<\/em> og l\u00e6gge den online s\u00e5 alle kan se den.<\/p>\n\n\n\n<p><a href=\"https:\/\/reikigreybook.com\/da\/ressourcer\/den-graa-bog-og-reiki-historien\/\" data-type=\"page\" data-id=\"301\">&#8220;Den Gr\u00e5 Bog&#8221; og Reiki Historien<\/a> &#8211; L\u00e6s Dr. Justin Stein&#8217;s historiske perspektiver i <em>Reiki: The Grey Book<\/em>. F\u00e5 mere at vide om baggrunden for dens tilblivelse og om de mestre, der f\u00f8rst modtog den.<\/p>\n\n\n\n<p><a href=\"https:\/\/reikigreybook.com\/da\/ressourcer\/en-lille-historie-om-den-graa-bog\/\" data-type=\"page\" data-id=\"740\">En lille historie om Den Gr\u00e5 Bog<\/a> &#8211; Paul Mitchell fort\u00e6ller om sine afdrag for Mester-uddannelsen, og hvordan de uden at han vidste det, finansierede den oprindelige trykning af Reiki: Den Gr\u00e5 Bog<em>.<\/em> <\/p>\n\n\n\n<p><a href=\"https:\/\/reikigreybook.com\/da\/ressourcer\/mysteriet-om-spirituel-linie\/\" data-type=\"URL\" data-id=\"https:\/\/reikigreybook.com\/en\/resources\/the-mystery-of-spiritual-lineage\/\">Mysteriet om den spirituelle linie<\/a> &#8211; Joyce Winough skriver om videregivelsen af den spirituelle linie fra en generation til den n\u00e6ste, og Alice Takata Furumotos vigtige rolle i videregivelsen af linien fra Hawayo Takata til hendes barnebarn, Phyllis Lei Furumoto.<\/p>\n\n\n\n<p><a href=\"https:\/\/reikigreybook.com\/da\/ressourcer\/ind-i-det-ukendte\/\" data-type=\"page\" data-id=\"345\">At g\u00e5 ind i det uvisse<\/a> &#8211; Susan Mitchell skriver om Johannes Reindl og de fire ord, der \u00e6ndrede hans liv. F\u00e5 indblik i successionsprocessen og se, hvordan linien lever og \u00e5nder i denne tradition.<\/p>\n<\/div><\/div>\n\n<div class=\"wp-block-cover alignwide is-light has-custom-content-position is-position-bottom-center is-position-center-center\" style=\"min-height:97px;aspect-ratio:unset;\"><span aria-hidden=\"true\" class=\"wp-block-cover__background has-white-background-color has-background-dim-20 has-background-dim\"><\/span><img decoding=\"async\" width=\"642\" height=\"349\" class=\"wp-block-cover__image-background wp-image-731\" alt=\"\" src=\"https:\/\/reikigreybook.com\/wp-content\/uploads\/2021\/05\/snowy-kurama-gate.png\" style=\"object-position:51% 100%\" data-object-fit=\"cover\" data-object-position=\"51% 100%\" srcset=\"https:\/\/reikigreybook.com\/wp-content\/uploads\/2021\/05\/snowy-kurama-gate.png 642w, https:\/\/reikigreybook.com\/wp-content\/uploads\/2021\/05\/snowy-kurama-gate-600x326.png 600w, https:\/\/reikigreybook.com\/wp-content\/uploads\/2021\/05\/snowy-kurama-gate-300x163.png 300w\" sizes=\"(max-width: 642px) 100vw, 642px\" \/><div class=\"wp-block-cover__inner-container is-layout-flow wp-block-cover-is-layout-flow\">\n<p class=\"has-text-align-center has-large-font-size\" style=\"line-height:1.1\"><\/p>\n<\/div><\/div>\n\n<div style=\"height:100px\" aria-hidden=\"true\" class=\"wp-block-spacer\"><\/div>\n","protected":false},"excerpt":{"rendered":"<p>Medlemmer af Den Gr\u00e5 Bog Teamet har skrevet nogle essays der kan tjene som en ressource til at forst\u00e5 og s\u00e6tte indholdet i sammenh\u00e6ng for Reiki: Den Gr\u00e5 Bog p\u00e5 dette websted. N\u00e5r man ser bort fra det oprindelige bind, der blev trykt som bog i 1982, kan materialet i afsnittet om Den Gr\u00e5 Bog [&hellip;]<\/p>\n","protected":false},"author":1,"featured_media":0,"parent":0,"menu_order":0,"comment_status":"closed","ping_status":"closed","template":"","meta":{"footnotes":""},"class_list":["post-8462","page","type-page","status-publish","hentry"],"_links":{"self":[{"href":"https:\/\/reikigreybook.com\/da\/wp-json\/wp\/v2\/pages\/8462","targetHints":{"allow":["GET"]}}],"collection":[{"href":"https:\/\/reikigreybook.com\/da\/wp-json\/wp\/v2\/pages"}],"about":[{"href":"https:\/\/reikigreybook.com\/da\/wp-json\/wp\/v2\/types\/page"}],"author":[{"embeddable":true,"href":"https:\/\/reikigreybook.com\/da\/wp-json\/wp\/v2\/users\/1"}],"replies":[{"embeddable":true,"href":"https:\/\/reikigreybook.com\/da\/wp-json\/wp\/v2\/comments?post=8462"}],"version-history":[{"count":5,"href":"https:\/\/reikigreybook.com\/da\/wp-json\/wp\/v2\/pages\/8462\/revisions"}],"predecessor-version":[{"id":9494,"href":"https:\/\/reikigreybook.com\/da\/wp-json\/wp\/v2\/pages\/8462\/revisions\/9494"}],"wp:attachment":[{"href":"https:\/\/reikigreybook.com\/da\/wp-json\/wp\/v2\/media?parent=8462"}],"curies":[{"name":"wp","href":"https:\/\/api.w.org\/{rel}","templated":true}]}}