{"id":8472,"date":"2021-05-09T04:42:38","date_gmt":"2021-05-09T04:42:38","guid":{"rendered":"https:\/\/reikigreybook.com\/ressourcer\/mysteriet-om-spirituel-linie\/"},"modified":"2023-01-23T19:51:56","modified_gmt":"2023-01-23T19:51:56","slug":"mysteriet-om-spirituel-linie","status":"publish","type":"page","link":"https:\/\/reikigreybook.com\/da\/ressourcer\/mysteriet-om-spirituel-linie\/","title":{"rendered":"Mysteriet om spirituel linie"},"content":{"rendered":"\n<h4 class=\"wp-block-heading\">af Joyce Winough<\/h4>\n\n\n\n<div class=\"wp-block-media-text alignwide is-stacked-on-mobile\" style=\"grid-template-columns:27% auto\"><figure class=\"wp-block-media-text__media\"><img fetchpriority=\"high\" decoding=\"async\" width=\"406\" height=\"406\" src=\"https:\/\/reikigreybook.com\/wp-content\/uploads\/2021\/07\/Joyce-Winough-Medium.png\" alt=\"Foto af Joyce Winough - Reikimester\" class=\"wp-image-3238 size-full\" srcset=\"https:\/\/reikigreybook.com\/wp-content\/uploads\/2021\/07\/Joyce-Winough-Medium.png 406w, https:\/\/reikigreybook.com\/wp-content\/uploads\/2021\/07\/Joyce-Winough-Medium-300x300.png 300w, https:\/\/reikigreybook.com\/wp-content\/uploads\/2021\/07\/Joyce-Winough-Medium-100x100.png 100w, https:\/\/reikigreybook.com\/wp-content\/uploads\/2021\/07\/Joyce-Winough-Medium-150x150.png 150w, https:\/\/reikigreybook.com\/wp-content\/uploads\/2021\/07\/Joyce-Winough-Medium-50x50.png 50w, https:\/\/reikigreybook.com\/wp-content\/uploads\/2021\/07\/Joyce-Winough-Medium-60x60.png 60w, https:\/\/reikigreybook.com\/wp-content\/uploads\/2021\/07\/Joyce-Winough-Medium-90x90.png 90w\" sizes=\"(max-width: 406px) 100vw, 406px\" \/><\/figure><div class=\"wp-block-media-text__content\">\n<p>Phyllis Lei Furumoto voksede op i Iowa, USA, lige efter anden verdenskrig. Hendes mor, Alice, havde h\u00f8je forventninger og var en seri\u00f8s opdrager for sit f\u00f8rste barn. Dette mor-datter-forhold var ikke altid let, men der var dog en gensidig respekt og forst\u00e5else for hinandens natur. Da Phyllis endelig accepterede sin bedstemors tilbud om at arbejde sammen med hende, var det ud fra et \u00f8nske om at overgive sig til familiepligten. Som \u00e5rene gik, skabte Phyllis et liv omkring sin sk\u00e6bne og sin rolle som Takata Senseis efterf\u00f8lger. Det var det perfekte kald for hende.<\/p>\n<\/div><\/div>\n\n\n\n<div style=\"height:25px\" aria-hidden=\"true\" class=\"wp-block-spacer\"><\/div>\n\n\n\n<p>Phyllis og jeg flyttede til Green Valley, Arizona i 2008 for at v\u00e6re t\u00e6t p\u00e5 Alice og s\u00e5 Phyllis kunne tilbringe mere tid sammen med sin mor. Efterh\u00e5nden som jeg l\u00e6rte Alice at kende, s\u00e5 jeg, hvor n\u00e6rt hun holdt sin Reiki-praksis og mindet om sin mor, Hawayo. For Alice var Reiki noget personligt, som man kun skulle tale med sin l\u00e6rer om. Dette bragte ofte Phyllis i en udfordrende situation, men st\u00f8ttede hende samtidig i at fastholde traditionen og kulturen i Reiki som en japansk helbredende folkekunst. Alice v\u00e6rdsatte gaven af Reiki, som hun fik af Chujiro Hayashi, da hun var en ung pige. Hun havde sin egen personlige Reikipraksis, som hun delte med sine b\u00f8rn, efterh\u00e5nden som de voksede op. Valget at stifte familie i stedet for at blive Reikimester tilfredstillede hende. Hun havde en enest\u00e5ende plads i vores linie. Hun var datter af en Grandmaster og mor til hendes efterf\u00f8lger.<\/p>\n\n\n\n<figure class=\"wp-block-image size-large\"><img decoding=\"async\" width=\"728\" height=\"392\" src=\"https:\/\/reikigreybook.com\/wp-content\/uploads\/2021\/06\/tryptich.png\" alt=\"\" class=\"wp-image-1889\" srcset=\"https:\/\/reikigreybook.com\/wp-content\/uploads\/2021\/06\/tryptich.png 728w, https:\/\/reikigreybook.com\/wp-content\/uploads\/2021\/06\/tryptich-600x323.png 600w, https:\/\/reikigreybook.com\/wp-content\/uploads\/2021\/06\/tryptich-300x162.png 300w\" sizes=\"(max-width: 728px) 100vw, 728px\" \/><\/figure>\n\n\n\n<p>Phyllis helligede sit liv til at blive Grandmaster i en liniepraksis. Hun st\u00f8ttede Reiki-f\u00e6llesskaber rundt om i verden med historier om sin bedstemors l\u00e6re. Hun udviklede praksisen til en klar m\u00e5de at definere Usui Shiki Ryoho p\u00e5. Hun skabte f\u00e6llesskab overalt, hvor hun kom, og inspirerede Reiki-elever til at samles og st\u00f8tte hinanden. Hun fokuserede p\u00e5 de f\u00e6rdigheder, der er n\u00f8dvendige for klar kommunikation med medf\u00f8lelse og havde en vision om potentialet i et globalt Reiki-f\u00e6llesskab, samtidig med at hun selv var en nysgerrig elev.<\/p>\n\n\n\n<p>Phyllis opbyggede et f\u00e6llesskab af overs\u00e6ttere og tolke p\u00e5 ni sprog til at samarbejde med hende i grupper rundt om i verden. Jeg husker, at hun flere gange, n\u00e5r hun blev tolket p\u00e5 et sprog, hun ikke kendte, kunne m\u00e6rke n\u00e5r ordets energi ikke var helt rigtig. For hendes tolke var det en ny oplevelse med energien i ordets betydning snarere end selve ordene. Hun var \u00e5ben for at m\u00f8de elever af alle slags og efterlod sig en arv p\u00e5 tusindvis timers lyd- og video-undervisning. Hendes f\u00f8rste reaktion p\u00e5 sp\u00f8rgsm\u00e5l og bekymringer fra Reiki-elever var at m\u00f8des og tilbyde en &#8220;workshop&#8221;. Phyllis elskede mysteriet ved Reiki og var engageret i at udforske og overveje de sp\u00f8rgsm\u00e5l, der f\u00f8lger med ud\u00f8velsen af Reiki. <\/p>\n\n\n\n<div class=\"wp-block-media-text alignwide is-stacked-on-mobile\" style=\"grid-template-columns:36% auto\"><figure class=\"wp-block-media-text__media\"><img decoding=\"async\" width=\"300\" height=\"325\" src=\"https:\/\/reikigreybook.com\/wp-content\/uploads\/2021\/08\/Johannes-Reindl-Phyllis-Furumoto.jpg\" alt=\"\" class=\"wp-image-4735 size-full\" srcset=\"https:\/\/reikigreybook.com\/wp-content\/uploads\/2021\/08\/Johannes-Reindl-Phyllis-Furumoto.jpg 300w, https:\/\/reikigreybook.com\/wp-content\/uploads\/2021\/08\/Johannes-Reindl-Phyllis-Furumoto-277x300.jpg 277w, https:\/\/reikigreybook.com\/wp-content\/uploads\/2021\/08\/Johannes-Reindl-Phyllis-Furumoto-55x60.jpg 55w, https:\/\/reikigreybook.com\/wp-content\/uploads\/2021\/08\/Johannes-Reindl-Phyllis-Furumoto-83x90.jpg 83w\" sizes=\"(max-width: 300px) 100vw, 300px\" \/><\/figure><div class=\"wp-block-media-text__content\">\n<p>Tidspunktet for denne udgave af Den Gr\u00e5 Bog er tilf\u00e6ldigt valgt. En ny generation f\u00f8rer traditionen af spirituel linie videre i vores form for praksis. Selv om min sorgproces ved tabet af min k\u00e6re partner forts\u00e6tter, er jeg velsignet med at v\u00e6re en bro, et link, til Phyllis&#8217; efterf\u00f8lger, Grandmaster Johannes Reindl. Jeg har set og f\u00f8lt hans energi, som er ber\u00f8rt af mysteriet om spirituel linie, som om Phyllis fylder sit lys i ham. De tusindvis af Reiki-elever, der er blevet ber\u00f8rt af Furumoto Senseis l\u00e6re, og Reiki-elever der lige er begyndt p\u00e5 deres rejse, har mulighed for at &#8220;kende igen&#8221; og genkende dette mysterie om spirituel linie gennem deres forhold til Johannes.<\/p>\n<\/div><\/div>\n\n\n\n<div style=\"height:25px\" aria-hidden=\"true\" class=\"wp-block-spacer\"><\/div>\n\n\n\n<p class=\"has-text-align-right\">~Joyce Winough<br>Green Valley, AZ<br>1 juni 2021<\/p>\n\n\n\n<div style=\"height:100px\" aria-hidden=\"true\" class=\"wp-block-spacer\"><\/div>\n","protected":false},"excerpt":{"rendered":"<p>af Joyce Winough Phyllis Lei Furumoto voksede op i Iowa, USA, lige efter anden verdenskrig. Hendes mor, Alice, havde h\u00f8je forventninger og var en seri\u00f8s opdrager for sit f\u00f8rste barn. Dette mor-datter-forhold var ikke altid let, men der var dog en gensidig respekt og forst\u00e5else for hinandens natur. Da Phyllis endelig accepterede sin bedstemors tilbud [&hellip;]<\/p>\n","protected":false},"author":1,"featured_media":0,"parent":8462,"menu_order":0,"comment_status":"closed","ping_status":"closed","template":"","meta":{"footnotes":""},"class_list":["post-8472","page","type-page","status-publish","hentry"],"_links":{"self":[{"href":"https:\/\/reikigreybook.com\/da\/wp-json\/wp\/v2\/pages\/8472","targetHints":{"allow":["GET"]}}],"collection":[{"href":"https:\/\/reikigreybook.com\/da\/wp-json\/wp\/v2\/pages"}],"about":[{"href":"https:\/\/reikigreybook.com\/da\/wp-json\/wp\/v2\/types\/page"}],"author":[{"embeddable":true,"href":"https:\/\/reikigreybook.com\/da\/wp-json\/wp\/v2\/users\/1"}],"replies":[{"embeddable":true,"href":"https:\/\/reikigreybook.com\/da\/wp-json\/wp\/v2\/comments?post=8472"}],"version-history":[{"count":5,"href":"https:\/\/reikigreybook.com\/da\/wp-json\/wp\/v2\/pages\/8472\/revisions"}],"predecessor-version":[{"id":9059,"href":"https:\/\/reikigreybook.com\/da\/wp-json\/wp\/v2\/pages\/8472\/revisions\/9059"}],"up":[{"embeddable":true,"href":"https:\/\/reikigreybook.com\/da\/wp-json\/wp\/v2\/pages\/8462"}],"wp:attachment":[{"href":"https:\/\/reikigreybook.com\/da\/wp-json\/wp\/v2\/media?parent=8472"}],"curies":[{"name":"wp","href":"https:\/\/api.w.org\/{rel}","templated":true}]}}