{"id":8481,"date":"2021-05-09T04:45:15","date_gmt":"2021-05-09T04:45:15","guid":{"rendered":"https:\/\/reikigreybook.com\/om-os\/"},"modified":"2023-03-10T22:26:17","modified_gmt":"2023-03-10T22:26:17","slug":"om-os","status":"publish","type":"page","link":"https:\/\/reikigreybook.com\/da\/om-os\/","title":{"rendered":"Om Os"},"content":{"rendered":"\n<div class=\"wp-block-media-text alignwide has-media-on-the-right is-stacked-on-mobile is-image-fill has-black-color has-text-color has-background\" style=\"background-color:#f2eeae;grid-template-columns:auto 46%\"><div class=\"wp-block-media-text__content\">\n<div style=\"height:20px\" aria-hidden=\"true\" class=\"wp-block-spacer\"><\/div>\n\n\n\n<p class=\"has-text-align-justify has-normal-font-size\">Alle, der har bidraget til Den Gr\u00e5 Bog Projectet, takker Phyllis Lei Furumotos bo for at have givet os tilladelse til at genoptrykke 1.500 eksemplarer af <em>Reiki<\/em>-bogen fra 1982, almindeligvis kaldet &#8220;Den Gr\u00e5 Bog&#8221;. Det var et sp\u00f8rgsm\u00e5l om tillid, da vi desuden bad hendes bo om tilladelse til at l\u00e6gge hele indholdet af bogen ud p\u00e5 et websted p\u00e5 mindst otte sprog. Der blev dog alligevel givet tilladelse ogs\u00e5 til det! <\/p>\n\n\n\n<p class=\"has-text-align-justify has-normal-font-size\">Med vores hjerters k\u00e6rlighed tilbyder vi denne bog og hjemmeside til alle Reiki-f\u00e6llesskaber med h\u00e5b om, at delingen af dette helligholdte historiske materiale, kan forene os i vores k\u00e6rlighed til Reiki.<\/p>\n\n\n\n<p class=\"has-text-align-center has-normal-font-size\">I k\u00e6rlig erindring<br><strong>Phyllis Lei Furumoto<\/strong><br>Vores Hjerter ~ Vores K\u00e6rlighed ~ Vores Taknemmelighed<\/p>\n\n\n\n<div style=\"height:13px\" aria-hidden=\"true\" class=\"wp-block-spacer\"><\/div>\n\n\n\n<p><\/p>\n<\/div><figure class=\"wp-block-media-text__media\" style=\"background-image:url(https:\/\/reikigreybook.com\/wp-content\/uploads\/2021\/05\/53095747_2757244500967350_7598808714501423104_o-683x1024.jpg);background-position:58% 40%\"><img fetchpriority=\"high\" decoding=\"async\" width=\"683\" height=\"1024\" src=\"https:\/\/reikigreybook.com\/wp-content\/uploads\/2021\/05\/53095747_2757244500967350_7598808714501423104_o-683x1024.jpg\" alt=\"Foto af Phyllis Lei Furumoto, Linieb\u00e6rer af Usui Shiki Ryoho Reiki.\" class=\"wp-image-604 size-full\" srcset=\"https:\/\/reikigreybook.com\/wp-content\/uploads\/2021\/05\/53095747_2757244500967350_7598808714501423104_o-683x1024.jpg 683w, https:\/\/reikigreybook.com\/wp-content\/uploads\/2021\/05\/53095747_2757244500967350_7598808714501423104_o-600x900.jpg 600w, https:\/\/reikigreybook.com\/wp-content\/uploads\/2021\/05\/53095747_2757244500967350_7598808714501423104_o-200x300.jpg 200w, https:\/\/reikigreybook.com\/wp-content\/uploads\/2021\/05\/53095747_2757244500967350_7598808714501423104_o-768x1152.jpg 768w, https:\/\/reikigreybook.com\/wp-content\/uploads\/2021\/05\/53095747_2757244500967350_7598808714501423104_o-1024x1536.jpg 1024w, https:\/\/reikigreybook.com\/wp-content\/uploads\/2021\/05\/53095747_2757244500967350_7598808714501423104_o.jpg 1260w\" sizes=\"(max-width: 683px) 100vw, 683px\" \/><\/figure><\/div>\n\n\n\n<div style=\"height:35px\" aria-hidden=\"true\" class=\"wp-block-spacer\"><\/div>\n\n\n\n<hr class=\"wp-block-separator has-text-color has-black-color has-css-opacity has-black-background-color has-background is-style-wide\"\/>\n\n\n\n<div class=\"wp-block-group has-white-background-color has-background\"><div class=\"wp-block-group__inner-container is-layout-flow wp-block-group-is-layout-flow\">\n<div class=\"wp-block-group\"><div class=\"wp-block-group__inner-container is-layout-flow wp-block-group-is-layout-flow\">\n<p><em>Reiki: Den Gr\u00e5 Bog<\/em> er et samarbejde mellem Boet efter Phyllis Lei Furumoto, <a rel=\"noreferrer noopener\" href=\"https:\/\/www.usuishikiryohoreiki.com\/\" data-type=\"URL\" data-id=\"https:\/\/www.usuishikiryohoreiki.com\/\" target=\"_blank\">The Office of the Grandmaster<\/a>, og <a rel=\"noreferrer noopener\" href=\"https:\/\/reikicentersofamerica.org\/\" data-type=\"URL\" data-id=\"https:\/\/reikicentersofamerica.org\/\" target=\"_blank\">Reiki Centers of America<\/a>.<\/p>\n<\/div><\/div>\n\n\n\n<div style=\"height:10px\" aria-hidden=\"true\" class=\"wp-block-spacer\"><\/div>\n\n\n\n<p>&gt; <a href=\"https:\/\/reikigreybook.com\/da\/om-os\/den-graa-bog-teamet\/\" data-type=\"URL\" data-id=\"https:\/\/reikigreybook.com\/en\/about-us\/the-grey-book-team\/\">M\u00f8d Den Gr\u00e5 Bog Teamet<\/a><br>&gt; <a href=\"https:\/\/reikigreybook.com\/da\/om-os\/vores-oversaettere\/\" data-type=\"page\" data-id=\"694\">M\u00f8d overs\u00e6tterne<\/a><br>&gt; <a href=\"https:\/\/reikigreybook.com\/da\/om-os\/invitation-til-generoesitet\/\" data-type=\"page\" data-id=\"338\">Hj\u00e6lp os at dele projektet<\/a> <\/p>\n<\/div><\/div>\n\n\n\n<hr class=\"wp-block-separator has-text-color has-black-color has-css-opacity has-black-background-color has-background is-style-wide\"\/>\n\n\n\n<div style=\"height:35px\" aria-hidden=\"true\" class=\"wp-block-spacer\"><\/div>\n\n\n\n<div style=\"height:40px\" aria-hidden=\"true\" class=\"wp-block-spacer\"><\/div>\n\n\n\n<div class=\"wp-block-group\"><div class=\"wp-block-group__inner-container is-layout-flow wp-block-group-is-layout-flow\">\n<div class=\"wp-block-group has-background\" style=\"background-color:#e4e4e4\"><div class=\"wp-block-group__inner-container is-layout-flow wp-block-group-is-layout-flow\">\n<div class=\"wp-block-media-text alignwide is-stacked-on-mobile\" style=\"grid-template-columns:32% auto\"><figure class=\"wp-block-media-text__media\"><img decoding=\"async\" width=\"500\" height=\"500\" src=\"https:\/\/reikigreybook.com\/wp-content\/uploads\/2021\/06\/logo-of-office-of-the-grand-master-Usui-shiki-ryoho-sq.jpg\" alt=\"\" class=\"wp-image-2191 size-full\" srcset=\"https:\/\/reikigreybook.com\/wp-content\/uploads\/2021\/06\/logo-of-office-of-the-grand-master-Usui-shiki-ryoho-sq.jpg 500w, https:\/\/reikigreybook.com\/wp-content\/uploads\/2021\/06\/logo-of-office-of-the-grand-master-Usui-shiki-ryoho-sq-300x300.jpg 300w, https:\/\/reikigreybook.com\/wp-content\/uploads\/2021\/06\/logo-of-office-of-the-grand-master-Usui-shiki-ryoho-sq-100x100.jpg 100w, https:\/\/reikigreybook.com\/wp-content\/uploads\/2021\/06\/logo-of-office-of-the-grand-master-Usui-shiki-ryoho-sq-150x150.jpg 150w, https:\/\/reikigreybook.com\/wp-content\/uploads\/2021\/06\/logo-of-office-of-the-grand-master-Usui-shiki-ryoho-sq-50x50.jpg 50w, https:\/\/reikigreybook.com\/wp-content\/uploads\/2021\/06\/logo-of-office-of-the-grand-master-Usui-shiki-ryoho-sq-60x60.jpg 60w, https:\/\/reikigreybook.com\/wp-content\/uploads\/2021\/06\/logo-of-office-of-the-grand-master-Usui-shiki-ryoho-sq-90x90.jpg 90w\" sizes=\"(max-width: 500px) 100vw, 500px\" \/><\/figure><div class=\"wp-block-media-text__content\">\n<p><strong>Office of the Grandmaster<\/strong><br>(<a rel=\"noreferrer noopener\" href=\"https:\/\/www.usuishikiryohoreiki.com\/\" data-type=\"URL\" data-id=\"https:\/\/www.usuishikiryohoreiki.com\/\" target=\"_blank\">https:\/\/www.usuishikiryohoreiki.com\/<\/a>)<\/p>\n\n\n\n<p class=\"has-black-color has-text-color\">Office of the Grandmaster (OGM), blev grundlagt af Phyllis Furumoto og Paul Mitchell i 1993, s\u00e5 hun havde en at dele rollen og ansvaret for det at v\u00e6re Grandmaster med. Phyllis Furumoto, Linieb\u00e6rer og Paul Mitchell Head of the Discipline (Ansvarlig for fagomr\u00e5det) arbejdede sammen indtil Phyllis\u2019 d\u00f8d i 2019. Office of the Grandmaster er i dag ledet af Johannes Reindl, anerkendt efterf\u00f8lger til Phyllis Furumoto, Paul Mitchell og Joyce Winough, der dedikerer sig til at bevare praksisen af Usui Shiki Ryoho for fremtidige generationer, som overleveret gennem den spirituelle linje af Mikao Usui, Chujiro Hayashi, Hawayo Takata, Phyllis Furumoto og Johannes Reindl. Deres l\u00f8bende udforskning af Reiki&#8217;s gave og praksis er tilg\u00e6ngelig for det verdensomsp\u00e6ndende f\u00e6llesskab gennem workshops, retreats, mester intensiv kurser og online tilbud.<\/p>\n<\/div><\/div>\n<\/div><\/div>\n\n\n\n<div style=\"height:34px\" aria-hidden=\"true\" class=\"wp-block-spacer\"><\/div>\n<\/div><\/div>\n\n\n\n<div class=\"wp-block-group\"><div class=\"wp-block-group__inner-container is-layout-flow wp-block-group-is-layout-flow\">\n<div class=\"wp-block-group has-background\" style=\"background-color:#e4e4e4\"><div class=\"wp-block-group__inner-container is-layout-flow wp-block-group-is-layout-flow\">\n<div class=\"wp-block-media-text alignwide is-stacked-on-mobile is-vertically-aligned-center\" style=\"grid-template-columns:31% auto\"><figure class=\"wp-block-media-text__media\"><img decoding=\"async\" width=\"600\" height=\"600\" src=\"https:\/\/reikigreybook.com\/wp-content\/uploads\/2021\/05\/RCA-_logo_toned-down.jpg\" alt=\"Reiki Centers of America's logo, en non-profitabel organisation tilegnet at hj\u00e6lpe Reikiud\u00f8vere og Reiki centre i America.\" class=\"wp-image-559 size-full\" srcset=\"https:\/\/reikigreybook.com\/wp-content\/uploads\/2021\/05\/RCA-_logo_toned-down.jpg 600w, https:\/\/reikigreybook.com\/wp-content\/uploads\/2021\/05\/RCA-_logo_toned-down-300x300.jpg 300w, https:\/\/reikigreybook.com\/wp-content\/uploads\/2021\/05\/RCA-_logo_toned-down-100x100.jpg 100w, https:\/\/reikigreybook.com\/wp-content\/uploads\/2021\/05\/RCA-_logo_toned-down-150x150.jpg 150w, https:\/\/reikigreybook.com\/wp-content\/uploads\/2021\/05\/RCA-_logo_toned-down-50x50.jpg 50w\" sizes=\"(max-width: 600px) 100vw, 600px\" \/><\/figure><div class=\"wp-block-media-text__content\">\n<p><strong>Reiki Centers of America<\/strong><br>(<a href=\"https:\/\/ReikiCentersofAmerica.org\" target=\"_blank\" rel=\"noreferrer noopener\">https:\/\/ReikiCentersofAmerica.org<\/a>)<\/p>\n\n\n\n<p class=\"has-black-color has-text-color\">Reiki Centers of America giver Reiki-ud\u00f8vere og Reikimestre mulighed for at \u00e5bne succesrige Reiki-centre og skabe blomstrende Reiki-f\u00e6llesskaber ved at stille autentiske instruktioner, teknikker og materialer om Reiki og dets tidligere mestre til r\u00e5dighed, samt ved at organisere pilgrimsrejser til Japan for at alle elever kan f\u00e5 forbindelse til Reikis r\u00f8dder. Reiki Centers of America er en 501(c)(3) non-profit organisation placeret i New York.<\/p>\n<\/div><\/div>\n<\/div><\/div>\n<\/div><\/div>\n\n\n\n<div style=\"height:46px\" aria-hidden=\"true\" class=\"wp-block-spacer\"><\/div>\n\n\n\n<div style=\"height:100px\" aria-hidden=\"true\" class=\"wp-block-spacer\"><\/div>\n","protected":false},"excerpt":{"rendered":"<p>Reiki: Den Gr\u00e5 Bog er et samarbejde mellem Boet efter Phyllis Lei Furumoto, The Office of the Grandmaster, og Reiki Centers of America. &gt; M\u00f8d Den Gr\u00e5 Bog Teamet&gt; M\u00f8d overs\u00e6tterne&gt; Hj\u00e6lp os at dele projektet Office of the Grandmaster(https:\/\/www.usuishikiryohoreiki.com\/) Office of the Grandmaster (OGM), blev grundlagt af Phyllis Furumoto og Paul Mitchell i 1993, [&hellip;]<\/p>\n","protected":false},"author":1,"featured_media":0,"parent":0,"menu_order":0,"comment_status":"closed","ping_status":"closed","template":"","meta":{"footnotes":""},"class_list":["post-8481","page","type-page","status-publish","hentry"],"_links":{"self":[{"href":"https:\/\/reikigreybook.com\/da\/wp-json\/wp\/v2\/pages\/8481","targetHints":{"allow":["GET"]}}],"collection":[{"href":"https:\/\/reikigreybook.com\/da\/wp-json\/wp\/v2\/pages"}],"about":[{"href":"https:\/\/reikigreybook.com\/da\/wp-json\/wp\/v2\/types\/page"}],"author":[{"embeddable":true,"href":"https:\/\/reikigreybook.com\/da\/wp-json\/wp\/v2\/users\/1"}],"replies":[{"embeddable":true,"href":"https:\/\/reikigreybook.com\/da\/wp-json\/wp\/v2\/comments?post=8481"}],"version-history":[{"count":5,"href":"https:\/\/reikigreybook.com\/da\/wp-json\/wp\/v2\/pages\/8481\/revisions"}],"predecessor-version":[{"id":9423,"href":"https:\/\/reikigreybook.com\/da\/wp-json\/wp\/v2\/pages\/8481\/revisions\/9423"}],"wp:attachment":[{"href":"https:\/\/reikigreybook.com\/da\/wp-json\/wp\/v2\/media?parent=8481"}],"curies":[{"name":"wp","href":"https:\/\/api.w.org\/{rel}","templated":true}]}}