{"id":8614,"date":"2021-05-09T04:40:55","date_gmt":"2021-05-09T04:40:55","guid":{"rendered":"https:\/\/reikigreybook.com\/ressourcer\/ind-i-det-ukendte\/"},"modified":"2023-01-23T19:52:08","modified_gmt":"2023-01-23T19:52:08","slug":"ind-i-det-ukendte","status":"publish","type":"page","link":"https:\/\/reikigreybook.com\/da\/ressourcer\/ind-i-det-ukendte\/","title":{"rendered":"Ind i det uvisse"},"content":{"rendered":"\n<h4 class=\"wp-block-heading\">af Susan Mitchell<\/h4>\n\n\n\n<div class=\"wp-block-media-text alignwide is-stacked-on-mobile is-vertically-aligned-center\" style=\"grid-template-columns:24% auto\"><figure class=\"wp-block-media-text__media\"><img fetchpriority=\"high\" decoding=\"async\" width=\"480\" height=\"480\" src=\"https:\/\/reikigreybook.com\/wp-content\/uploads\/2021\/05\/Susan-turkish-coffee.png\" alt=\"Foto af Susan Mitchell\" class=\"wp-image-895 size-full\" srcset=\"https:\/\/reikigreybook.com\/wp-content\/uploads\/2021\/05\/Susan-turkish-coffee.png 480w, https:\/\/reikigreybook.com\/wp-content\/uploads\/2021\/05\/Susan-turkish-coffee-300x300.png 300w, https:\/\/reikigreybook.com\/wp-content\/uploads\/2021\/05\/Susan-turkish-coffee-100x100.png 100w, https:\/\/reikigreybook.com\/wp-content\/uploads\/2021\/05\/Susan-turkish-coffee-150x150.png 150w, https:\/\/reikigreybook.com\/wp-content\/uploads\/2021\/05\/Susan-turkish-coffee-50x50.png 50w\" sizes=\"(max-width: 480px) 100vw, 480px\" \/><\/figure><div class=\"wp-block-media-text__content\">\n<p>Den Gr\u00e5 Bog var Alice Takata Furumotos gave til de mestre, som Hawayo Takata indviede. Det var ogs\u00e5 en anerkendelse af hendes datter, Phyllis, som Hawayo Takatas efterf\u00f8lger.<\/p>\n\n\n\n<p>Gennem brevene kan vi se, at Alice vidste at Takata Sensei \u00f8nskede, at Phyllis skulle overtage hendes plads som leder af Usui System af Reiki Naturlig Healing. Takata d\u00f8de i december 1980, og d\u00f8dsfaldet skete uden en formel offentlig bekendtg\u00f8relse. Phyllis tog de f\u00f8rste skridt p\u00e5 sin rejse og f\u00f8lte sig meget alene.<\/p>\n<\/div><\/div>\n\n\n\n<div style=\"height:25px\" aria-hidden=\"true\" class=\"wp-block-spacer\"><\/div>\n\n\n\n<p>Da Phyllis fik sin kr\u00e6ftdiagnose i 2009, inds\u00e5 hun, at hun var n\u00f8dt til at forberede sig selv og f\u00e6llesskabet p\u00e5 sin egen d\u00f8d. Phyllis og Paul Mitchell afholdt syv retreater om emnet efterf\u00f8lgelse (succession). Heraf opstod en gruppe af mestre og elever, som m\u00f8dtes i to og et halvt \u00e5r f\u00f8r Phyllis&#8217; d\u00f8d for at belyse, stille sp\u00f8rgsm\u00e5l og n\u00e5 ud over deres forst\u00e5else af successionsprocessen.<\/p>\n\n\n\n<p>Da Phyllis annoncerede Johannes som Linieb\u00e6rer, var han helt alene i sin position, men i mods\u00e6tning til Phyllis ikke alene &#8211; han er i kontakt med mestre og elever rundt om i verden, som omfavner traditionen af Usui Shiki Ryoho.<\/p>\n\n\n\n<p>\u201cHvordan er det at overtage arven som efterf\u00f8lger?\u201d Spurgte jeg Johannes. Han svarede,<\/p>\n\n\n\n<div class=\"wp-block-group\"><div class=\"wp-block-group__inner-container is-layout-flow wp-block-group-is-layout-flow\">\n<pre class=\"wp-block-verse\"><em><figure class=\"wp-block-vers is-style-default\" align=\"right\"><img decoding=\"async\" src=\"https:\/\/reikigreybook.com\/wp-content\/uploads\/2021\/06\/Phyllis-Furumoto-and-Johannes-Reindl-300.jpg\" alt=\"Foto af Johannes Reindl og Phyllis Lei Furumoto sammen i Japan\" class=\"wp-image-2029\" width=\"300\" align=\"right\"><\/figure>\u201cN\u00e5r jeg ser tilbage p\u00e5 den dag i marts 2019, kan jeg h\u00f8re Phyllis sige: \"Johannes, du er den rette. Det var ikke et sp\u00f8rgsm\u00e5l. Det var en erkl\u00e6ring. DET er bare s\u00e5dan. Jeg skulle h\u00f8re sandheden i disse ord. De kunne kun komme fra Phyllis.<\/em>\n\n <em>\u201cJeg ved nu, at succession ikke handler om \"mig\", min personlighed eller mine karaktertr\u00e6k. Det drejer sig ikke om selvudn\u00e6vnelse eller selvudv\u00e6lgelse. Det er ikke personligt. Jeg f\u00f8ler heller ikke, at det at udpege mig var et personligt valg for Phyllis.<\/em>\n \n<em>\u201cJeg l\u00e6ste for nylig et interview, hvor Phyllis fortalte om sin egen erfaring med at efterf\u00f8lge Takata Sensei.. Jeg fornemmede, at Phyllis i sin proces med at finde en efterf\u00f8lger s\u00f8gte efter noget, som hun selv havde oplevet. Det handlede ikke om f\u00e6rdigheder, eller om Johannes er s\u00f8d eller lydig, ikke om at \"du\" er glad for \"mig\". Ikke engang om, hvorvidt Phyllis kunne lide mig s\u00e6rlig godt. Jeg tror, hun kiggede p\u00e5, hvorhen energien flyder.<\/em>\n\n <em>\u201cDet har v\u00e6ret en dyb indre proces at indse, at Reiki kommer f\u00f8rst. I starten f\u00f8ltes det som en byrde. Tidligere n\u00e5r jeg h\u00f8rte Phyllis sige, at \"Reiki kommer f\u00f8rst\", f\u00f8ltes det som om det var meget at forlange. Hvis Reiki kommer f\u00f8rst, kommer selvet i anden r\u00e6kke. Hvad s\u00e5 med mig, mit individuelle jeg?<\/em>\n\n <em>\u201cNu f\u00f8les det som en lettelse. Det forbinder mig med den virkelighed, at jeg ikke beh\u00f8ver at behage alle. Der kan v\u00e6re konflikter, men det g\u00f8r det lettere, fordi jeg forst\u00e5r, at det ikke handler om konflikten. Det er, at Reiki kommer f\u00f8rst. Det s\u00e6tter mit liv i perspektiv: at tjene systemet, at tjene Reiki.<\/em>\n\n <em>\u201cDette er en vigtig l\u00e6re for mange af os. Vores mestre udfordrer os, trigger os og viser os, hvad vi har brug for at l\u00e6re: at det, der betyder noget, er vores forhold til praksis. Reiki kommer f\u00f8rst. Dette er svaret p\u00e5 s\u00e5 mange af sp\u00f8rgsm\u00e5lene.\u201d<\/em> <\/pre>\n\n\n\n<p><\/p>\n<\/div><\/div>\n\n\n\n<div style=\"height:10px\" aria-hidden=\"true\" class=\"wp-block-spacer\"><\/div>\n\n\n\n<p>Phyllis&#8217; indre rejse, f\u00e6llesskabets udforskning af succession og samtaler blandt elever og mestre verden over skabte et felt for successionsprocessen. Ligesom Alice Takata Furumoto er vi inviteret til at v\u00e6re vidne til og deltage i str\u00f8mmen af succession i Usui Shiki Ryohos linie.<\/p>\n\n\n\n<p class=\"has-text-align-right\">~Susan Mitchell<br>Kellogg, ID<br>30 marts 2021<\/p>\n\n\n\n<div style=\"height:100px\" aria-hidden=\"true\" class=\"wp-block-spacer\"><\/div>\n","protected":false},"excerpt":{"rendered":"<p>af Susan Mitchell Den Gr\u00e5 Bog var Alice Takata Furumotos gave til de mestre, som Hawayo Takata indviede. Det var ogs\u00e5 en anerkendelse af hendes datter, Phyllis, som Hawayo Takatas efterf\u00f8lger. Gennem brevene kan vi se, at Alice vidste at Takata Sensei \u00f8nskede, at Phyllis skulle overtage hendes plads som leder af Usui System af [&hellip;]<\/p>\n","protected":false},"author":1,"featured_media":0,"parent":8462,"menu_order":0,"comment_status":"closed","ping_status":"closed","template":"","meta":{"footnotes":""},"class_list":["post-8614","page","type-page","status-publish","hentry"],"_links":{"self":[{"href":"https:\/\/reikigreybook.com\/da\/wp-json\/wp\/v2\/pages\/8614","targetHints":{"allow":["GET"]}}],"collection":[{"href":"https:\/\/reikigreybook.com\/da\/wp-json\/wp\/v2\/pages"}],"about":[{"href":"https:\/\/reikigreybook.com\/da\/wp-json\/wp\/v2\/types\/page"}],"author":[{"embeddable":true,"href":"https:\/\/reikigreybook.com\/da\/wp-json\/wp\/v2\/users\/1"}],"replies":[{"embeddable":true,"href":"https:\/\/reikigreybook.com\/da\/wp-json\/wp\/v2\/comments?post=8614"}],"version-history":[{"count":5,"href":"https:\/\/reikigreybook.com\/da\/wp-json\/wp\/v2\/pages\/8614\/revisions"}],"predecessor-version":[{"id":9060,"href":"https:\/\/reikigreybook.com\/da\/wp-json\/wp\/v2\/pages\/8614\/revisions\/9060"}],"up":[{"embeddable":true,"href":"https:\/\/reikigreybook.com\/da\/wp-json\/wp\/v2\/pages\/8462"}],"wp:attachment":[{"href":"https:\/\/reikigreybook.com\/da\/wp-json\/wp\/v2\/media?parent=8614"}],"curies":[{"name":"wp","href":"https:\/\/api.w.org\/{rel}","templated":true}]}}