{"id":8619,"date":"2021-05-13T00:20:15","date_gmt":"2021-05-13T00:20:15","guid":{"rendered":"https:\/\/reikigreybook.com\/ressourcer\/en-lille-historie-om-den-graa-bog\/"},"modified":"2023-01-23T19:51:47","modified_gmt":"2023-01-23T19:51:47","slug":"en-lille-historie-om-den-graa-bog","status":"publish","type":"page","link":"https:\/\/reikigreybook.com\/da\/ressourcer\/en-lille-historie-om-den-graa-bog\/","title":{"rendered":"En lille historie om Den Gr\u00e5 Bog"},"content":{"rendered":"\n<h4 class=\"wp-block-heading\">af Paul Mitchell<\/h4>\n\n\n\n<div class=\"wp-block-media-text alignwide is-stacked-on-mobile\" style=\"grid-template-columns:24% auto\"><figure class=\"wp-block-media-text__media\"><img fetchpriority=\"high\" decoding=\"async\" width=\"377\" height=\"436\" src=\"https:\/\/reikigreybook.com\/wp-content\/uploads\/2021\/05\/paul-mitchell.png\" alt=\"\" class=\"wp-image-1769 size-full\" srcset=\"https:\/\/reikigreybook.com\/wp-content\/uploads\/2021\/05\/paul-mitchell.png 377w, https:\/\/reikigreybook.com\/wp-content\/uploads\/2021\/05\/paul-mitchell-259x300.png 259w\" sizes=\"(max-width: 377px) 100vw, 377px\" \/><\/figure><div class=\"wp-block-media-text__content\">\n<p>Da jeg blev indviet som Reiki mester af Hawayo Takata i 1979, tillod hun mig at f\u00e6rdigg\u00f8re min mesterbetaling over tid. Da hun d\u00f8de i december 1980, gav det mening for mig at forts\u00e6tte betalingerne til hendes datter, Alice Furumoto, som var modtageren af Takata Sensei&#8217;s arv.<\/p>\n\n\n\n<p>I min anerkendelse af Phyllis Furumoto som Hawayo Takatas efterf\u00f8lger og Grandmaster, faldt det mig aldrig ind at forts\u00e6tte mine betalinger til hende.<\/p>\n<\/div><\/div>\n\n\n\n<div class=\"wp-block-group\"><div class=\"wp-block-group__inner-container is-layout-flow wp-block-group-is-layout-flow\">\n<div style=\"height:25px\" aria-hidden=\"true\" class=\"wp-block-spacer\"><\/div>\n<\/div><\/div>\n\n\n\n<p>Da jeg modtog den Gr\u00e5 Bog fra Alice i 1982, blev jeg r\u00f8rt over dens sk\u00f8nhed og over, hvor v\u00e6rdifuld en gave den var. Jeg var meget taknemmelig, da Alice gav mig lov til at bruge noget af indholdet til det elevh\u00e6fte, som jeg gav The Reiki Alliancn som gave.<\/p>\n\n\n\n<p>Et par \u00e5r senere ringede Alice for at fort\u00e6lle mig, at jeg skulle sende mine sidste betalinger til Phyllis. Da jeg talte med Phyllis om det, fortalte hun mig, at de penge, jeg havde sendt hendes mor, havde finansieret produktionen af Den Gr\u00e5 Bog. Jeg var be\u00e6ret over at h\u00f8re det.<\/p>\n\n\n\n<p>I slutningen af bogen er der en liste over 21 mestre, som Takata havde indviet. jeg vidste, at en persom manglede: George Araki. Phyllis fortalte mig senere, at hendes mor ikke inkluderede George, fordi der ikke var nogen optegnelser om, at han havde betalt mestergebyret. Det var en af de m\u00e5der, hvorp\u00e5 Alice afgjorde, hvem Takata Sensei havde anerkendt.<\/p>\n\n\n\n<p>George Araki og jeg fulgtes ad for at bede Takata Sensei om at acceptere os som hendes mesterelever. Hun tr\u00e6nede og anerkendte os ogs\u00e5 samtidig. Som professor og medstifter af Department for Interdisciplinary Studies in Science p\u00e5 San Francisco State University forskede George i healing. Hans forskning var den udveksling, som han og Takata blev enige om i forbindelse med hans mesterindvielse. Da Alice ikke vidste det, tog hun ham ikke med p\u00e5 listen over mestre.<\/p>\n\n\n\n<p>Da vi modtog vores Gr\u00e5 B\u00f8ger, blev vi derfor overraskede. Vi vidste, at George var en af Hawayo Takatas mestre og h\u00f8rte til p\u00e5 listen sammen med os.<\/p>\n\n\n\n<p class=\"has-text-align-right\">~Paul Mitchell<br>Kellogg, ID<br>30 marts 2021<\/p>\n\n\n\n<div style=\"height:100px\" aria-hidden=\"true\" class=\"wp-block-spacer\"><\/div>\n","protected":false},"excerpt":{"rendered":"<p>af Paul Mitchell Da jeg blev indviet som Reiki mester af Hawayo Takata i 1979, tillod hun mig at f\u00e6rdigg\u00f8re min mesterbetaling over tid. Da hun d\u00f8de i december 1980, gav det mening for mig at forts\u00e6tte betalingerne til hendes datter, Alice Furumoto, som var modtageren af Takata Sensei&#8217;s arv. I min anerkendelse af Phyllis [&hellip;]<\/p>\n","protected":false},"author":1,"featured_media":0,"parent":8462,"menu_order":0,"comment_status":"closed","ping_status":"closed","template":"","meta":{"footnotes":""},"class_list":["post-8619","page","type-page","status-publish","hentry"],"_links":{"self":[{"href":"https:\/\/reikigreybook.com\/da\/wp-json\/wp\/v2\/pages\/8619","targetHints":{"allow":["GET"]}}],"collection":[{"href":"https:\/\/reikigreybook.com\/da\/wp-json\/wp\/v2\/pages"}],"about":[{"href":"https:\/\/reikigreybook.com\/da\/wp-json\/wp\/v2\/types\/page"}],"author":[{"embeddable":true,"href":"https:\/\/reikigreybook.com\/da\/wp-json\/wp\/v2\/users\/1"}],"replies":[{"embeddable":true,"href":"https:\/\/reikigreybook.com\/da\/wp-json\/wp\/v2\/comments?post=8619"}],"version-history":[{"count":5,"href":"https:\/\/reikigreybook.com\/da\/wp-json\/wp\/v2\/pages\/8619\/revisions"}],"predecessor-version":[{"id":9058,"href":"https:\/\/reikigreybook.com\/da\/wp-json\/wp\/v2\/pages\/8619\/revisions\/9058"}],"up":[{"embeddable":true,"href":"https:\/\/reikigreybook.com\/da\/wp-json\/wp\/v2\/pages\/8462"}],"wp:attachment":[{"href":"https:\/\/reikigreybook.com\/da\/wp-json\/wp\/v2\/media?parent=8619"}],"curies":[{"name":"wp","href":"https:\/\/api.w.org\/{rel}","templated":true}]}}