{"id":8670,"date":"2021-05-10T00:36:06","date_gmt":"2021-05-10T00:36:06","guid":{"rendered":"https:\/\/reikigreybook.com\/hjem\/"},"modified":"2024-06-07T03:18:13","modified_gmt":"2024-06-07T03:18:13","slug":"hjem","status":"publish","type":"page","link":"https:\/\/reikigreybook.com\/da\/","title":{"rendered":"Hjem"},"content":{"rendered":"\n<div class=\"wp-block-media-text alignwide has-media-on-the-right is-stacked-on-mobile is-vertically-aligned-center\" style=\"grid-template-columns:auto 47%\"><div class=\"wp-block-media-text__content\">\n<h3 class=\"has-medium-font-size wp-block-heading\" id=\"block-7f721ac0-0de0-4883-bbe2-96463971ebb9\"><a href=\"https:\/\/reikigreybook.com\/da\/laes-den-graa-bog\/\">INDLEDNING<\/a><br\/><strong><em>Reiki: Den Gr\u00e5 <\/em><\/strong><em>Bog<\/em><\/h3>\n\n\n\n<hr class=\"wp-block-separator has-text-color has-cyan-bluish-gray-color has-alpha-channel-opacity has-cyan-bluish-gray-background-color has-background is-style-wide\"\/>\n\n\n\n<p><\/p>\n\n\n\n<p>Den Gr\u00e5 Bog, der blev trykt i et oplag p\u00e5 100 eksemplarer i 1982, blev givet som gave til de 22 mestre Hawayo Takata anerkendte. Teksten er p\u00e5 engelsk med Hayashis terapivejledning p\u00e5 japansk. <\/p>\n\n\n\n<p>Denne 40-\u00e5rs jubil\u00e6umsudgave i et begr\u00e6nset oplag p\u00e5 1500 eksemplarer er godkendt af Phyllis Lei Furumotos bo og Office of the Grandmaster og reproduceret fra Phyllis&#8217; personlige eksemplar.<\/p>\n<\/div><figure class=\"wp-block-media-text__media\"><img fetchpriority=\"high\" decoding=\"async\" width=\"716\" height=\"904\" src=\"https:\/\/reikigreybook.com\/wp-content\/uploads\/2022\/05\/The-Grey-Book-Cover-only-med.jpg\" alt=\"Foto af forsiden af 2022 Limited Edition genoptryk af Reiki: Den Gr\u00e5 Bog\" class=\"wp-image-6288 size-full\" srcset=\"https:\/\/reikigreybook.com\/wp-content\/uploads\/2022\/05\/The-Grey-Book-Cover-only-med.jpg 716w, https:\/\/reikigreybook.com\/wp-content\/uploads\/2022\/05\/The-Grey-Book-Cover-only-med-600x758.jpg 600w, https:\/\/reikigreybook.com\/wp-content\/uploads\/2022\/05\/The-Grey-Book-Cover-only-med-238x300.jpg 238w\" sizes=\"(max-width: 716px) 100vw, 716px\" \/><\/figure><\/div>\n\n<div style=\"height:25px\" aria-hidden=\"true\" class=\"wp-block-spacer\"><\/div>\n\n<div class=\"wp-block-buttons is-content-justification-center is-nowrap is-layout-flex wp-container-core-buttons-is-layout-1fb9aab6 wp-block-buttons-is-layout-flex\">\n<div class=\"wp-block-button has-custom-width wp-block-button__width-50 has-custom-font-size is-style-outline has-medium-font-size is-style-outline--1\" style=\"letter-spacing:0.3px\"><a class=\"wp-block-button__link has-vivid-red-color has-white-background-color has-text-color has-background wp-element-button\" href=\"https:\/\/reikigreybook.com\/da\/contribute\/donation\/\" style=\"border-radius:9px\" target=\"_blank\" rel=\"noreferrer noopener\">Modtag bogen<\/a><\/div>\n\n\n\n<div class=\"wp-block-button has-custom-width wp-block-button__width-50 has-custom-font-size is-style-outline has-medium-font-size is-style-outline--2\" style=\"letter-spacing:0.3px\"><a class=\"wp-block-button__link has-vivid-red-color has-white-background-color has-text-color has-background wp-element-button\" href=\"https:\/\/reikigreybook.com\/da\/laes-den-graa-bog\/takatas-dagbogsoptegnelser\/\" style=\"border-radius:9px\">Start l\u00e6sning<\/a><\/div>\n<\/div>\n\n<div style=\"height:50px\" aria-hidden=\"true\" class=\"wp-block-spacer\"><\/div>\n\n<div class=\"wp-block-media-text alignwide is-stacked-on-mobile is-vertically-aligned-center\" style=\"grid-template-columns:47% auto\"><figure class=\"wp-block-media-text__media\"><img decoding=\"async\" width=\"675\" height=\"940\" src=\"https:\/\/reikigreybook.com\/wp-content\/uploads\/2022\/05\/Inviting-Generosity-vertical.jpg\" alt=\"\" class=\"wp-image-6070 size-full\" srcset=\"https:\/\/reikigreybook.com\/wp-content\/uploads\/2022\/05\/Inviting-Generosity-vertical.jpg 675w, https:\/\/reikigreybook.com\/wp-content\/uploads\/2022\/05\/Inviting-Generosity-vertical-600x836.jpg 600w, https:\/\/reikigreybook.com\/wp-content\/uploads\/2022\/05\/Inviting-Generosity-vertical-215x300.jpg 215w\" sizes=\"(max-width: 675px) 100vw, 675px\" \/><\/figure><div class=\"wp-block-media-text__content\">\n<h3 class=\"has-medium-font-size wp-block-heading\" id=\"block-8d66a3b3-6cd6-4677-9fa6-3e9b45690c43\"><a href=\"https:\/\/reikigreybook.com\/da\/om-os\/invitation-til-generoesitet\/\">INVITATION TIL GENER\u00d8SITET<\/a><br\/><strong><em>Reiki: Den Gr\u00e5 Bog<\/em><\/strong><\/h3>\n\n\n\n<hr class=\"wp-block-separator has-text-color has-cyan-bluish-gray-color has-alpha-channel-opacity has-cyan-bluish-gray-background-color has-background is-style-wide\"\/>\n\n\n\n<p><\/p>\n\n\n\n<p>Alice Takata Furumoto udgav <em>Den Gr\u00e5 Bog<\/em> i 1982 som en gave til de Reikimestre, som hendes mor, Hawayo Takata, havde indviet. <a href=\"https:\/\/reikigreybook.com\/da\/om-os\/den-graa-bog-teamet\/\" data-type=\"page\" data-id=\"700\">Gr\u00e5 Bog-teamet<\/a> \u00f8nsker at forts\u00e6tte traditionen af gener\u00f8sitet ved at tilbyde overs\u00e6ttelser af den originale tekst som en gave til det verdensomsp\u00e6ndende Reiki-f\u00e6llesskab.<\/p>\n\n\n\n<p><a href=\"https:\/\/reikigreybook.com\/da\/contribute\/donation\/\">Vi inviterer dig til at deltage i tratitionen af at give<\/a>. Deltag i <em>Gr\u00e5 Bog<\/em>projektet ved at give et \u00f8konomisk bidrag til flere overs\u00e6ttelser af teksten,<\/p>\n\n\n\n<p><\/p>\n\n\n\n<div class=\"wp-block-buttons is-layout-flex wp-block-buttons-is-layout-flex\">\n<div class=\"wp-block-button has-custom-width wp-block-button__width-100 is-style-outline is-style-outline--3\"><a class=\"wp-block-button__link has-vivid-red-color has-white-background-color has-text-color has-background wp-element-button\" href=\"https:\/\/reikigreybook.com\/da\/contribute\/donation\/\" style=\"border-radius:13px\">Giv en gave til overs\u00e6ttetser<\/a><\/div>\n<\/div>\n\n\n\n<p><\/p>\n<\/div><\/div>\n\n<div style=\"height:75px\" aria-hidden=\"true\" class=\"wp-block-spacer\"><\/div>\n\n<div class=\"wp-block-cover alignwide is-light has-custom-content-position is-position-bottom-center is-position-center-center\" style=\"min-height:97px;aspect-ratio:unset;\"><span aria-hidden=\"true\" class=\"wp-block-cover__background has-white-background-color has-background-dim-20 has-background-dim\"><\/span><img decoding=\"async\" width=\"642\" height=\"349\" class=\"wp-block-cover__image-background wp-image-731\" alt=\"\" src=\"https:\/\/reikigreybook.com\/wp-content\/uploads\/2021\/05\/snowy-kurama-gate.png\" style=\"object-position:57% 0%\" data-object-fit=\"cover\" data-object-position=\"57% 0%\" srcset=\"https:\/\/reikigreybook.com\/wp-content\/uploads\/2021\/05\/snowy-kurama-gate.png 642w, https:\/\/reikigreybook.com\/wp-content\/uploads\/2021\/05\/snowy-kurama-gate-600x326.png 600w, https:\/\/reikigreybook.com\/wp-content\/uploads\/2021\/05\/snowy-kurama-gate-300x163.png 300w\" sizes=\"(max-width: 642px) 100vw, 642px\" \/><div class=\"wp-block-cover__inner-container is-layout-flow wp-block-cover-is-layout-flow\">\n<p class=\"has-text-align-center has-large-font-size\" style=\"line-height:1.1\"><strong>Historiske Perspektiver<\/strong><\/p>\n<\/div><\/div>\n\n<div class=\"wp-block-group has-black-color has-text-color has-background\" style=\"background-color:#faf8ed\"><div class=\"wp-block-group__inner-container is-layout-flow wp-block-group-is-layout-flow\">\n<p><a href=\"https:\/\/reikigreybook.com\/da\/ressourcer\/en-powerful-kraft\/\" data-type=\"page\" data-id=\"352\">En powerfuld Kraft<\/a> &#8211; Brian Brunius skriver om sin motivation til at genudgive <em>Reiki: Den Gr\u00e5 Bog<\/em> og l\u00e6gge den online s\u00e5 alle kan se den.<\/p>\n\n\n\n<p><a href=\"https:\/\/reikigreybook.com\/da\/ressourcer\/den-graa-bog-og-reiki-historien\/\" data-type=\"page\" data-id=\"301\">&#8220;Den Gr\u00e5 Bog&#8221; og Reiki Historien<\/a> &#8211; L\u00e6s Dr. Justin Stein&#8217;s historiske perspektiver i <em>Reiki: The Grey Book<\/em>. F\u00e5 mere at vide om baggrunden for dens tilblivelse og om de mestre, der f\u00f8rst modtog den.<\/p>\n\n\n\n<p><a href=\"https:\/\/reikigreybook.com\/da\/ressourcer\/en-lille-historie-om-den-graa-bog\/\" data-type=\"page\" data-id=\"740\">En lille historie om Den Gr\u00e5 Bog<\/a> &#8211; Paul Mitchell fort\u00e6ller om sine afdrag for Mester-uddannelsen, og hvordan de uden at han vidste det, finansierede den oprindelige trykning af Reiki: Den Gr\u00e5 Bog<em>.<\/em> <\/p>\n\n\n\n<p><a href=\"https:\/\/reikigreybook.com\/da\/ressourcer\/mysteriet-om-spirituel-linie\/\">Mysteriet om den spirituelle linie<\/a> &#8211; Joyce Winough skriver om videregivelsen af den spirituelle linie fra en generation til den n\u00e6ste, og Alice Takata Furumotos vigtige rolle i videregivelsen af linien fra Hawayo Takata til hendes barnebarn, Phyllis Lei Furumoto.<\/p>\n\n\n\n<p><a href=\"https:\/\/reikigreybook.com\/da\/ressourcer\/ind-i-det-ukendte\/\" data-type=\"page\" data-id=\"345\">At g\u00e5 ind i det uvisse<\/a> &#8211; Susan Mitchell skriver om Johannes Reindl og de fire ord, der \u00e6ndrede hans liv. F\u00e5 indblik i successionsprocessen og se, hvordan linien lever og \u00e5nder i denne tradition. <\/p>\n<\/div><\/div>\n\n<div class=\"wp-block-cover alignwide is-light has-custom-content-position is-position-bottom-center is-position-center-center\" style=\"min-height:97px;aspect-ratio:unset;\"><span aria-hidden=\"true\" class=\"wp-block-cover__background has-white-background-color has-background-dim-20 has-background-dim\"><\/span><img loading=\"lazy\" decoding=\"async\" width=\"642\" height=\"349\" class=\"wp-block-cover__image-background wp-image-731\" alt=\"\" src=\"https:\/\/reikigreybook.com\/wp-content\/uploads\/2021\/05\/snowy-kurama-gate.png\" style=\"object-position:51% 100%\" data-object-fit=\"cover\" data-object-position=\"51% 100%\" srcset=\"https:\/\/reikigreybook.com\/wp-content\/uploads\/2021\/05\/snowy-kurama-gate.png 642w, https:\/\/reikigreybook.com\/wp-content\/uploads\/2021\/05\/snowy-kurama-gate-600x326.png 600w, https:\/\/reikigreybook.com\/wp-content\/uploads\/2021\/05\/snowy-kurama-gate-300x163.png 300w\" sizes=\"(max-width: 642px) 100vw, 642px\" \/><div class=\"wp-block-cover__inner-container is-layout-flow wp-block-cover-is-layout-flow\">\n<p class=\"has-text-align-center has-large-font-size\" style=\"line-height:1.1\"><\/p>\n<\/div><\/div>\n\n<div style=\"height:100px\" aria-hidden=\"true\" class=\"wp-block-spacer\"><\/div>\n","protected":false},"excerpt":{"rendered":"<p>En powerfuld Kraft &#8211; Brian Brunius skriver om sin motivation til at genudgive Reiki: Den Gr\u00e5 Bog og l\u00e6gge den online s\u00e5 alle kan se den. &#8220;Den Gr\u00e5 Bog&#8221; og Reiki Historien &#8211; L\u00e6s Dr. Justin Stein&#8217;s historiske perspektiver i Reiki: The Grey Book. F\u00e5 mere at vide om baggrunden for dens tilblivelse og om [&hellip;]<\/p>\n","protected":false},"author":1,"featured_media":0,"parent":0,"menu_order":0,"comment_status":"closed","ping_status":"closed","template":"","meta":{"footnotes":""},"class_list":["post-8670","page","type-page","status-publish","hentry"],"_links":{"self":[{"href":"https:\/\/reikigreybook.com\/da\/wp-json\/wp\/v2\/pages\/8670","targetHints":{"allow":["GET"]}}],"collection":[{"href":"https:\/\/reikigreybook.com\/da\/wp-json\/wp\/v2\/pages"}],"about":[{"href":"https:\/\/reikigreybook.com\/da\/wp-json\/wp\/v2\/types\/page"}],"author":[{"embeddable":true,"href":"https:\/\/reikigreybook.com\/da\/wp-json\/wp\/v2\/users\/1"}],"replies":[{"embeddable":true,"href":"https:\/\/reikigreybook.com\/da\/wp-json\/wp\/v2\/comments?post=8670"}],"version-history":[{"count":5,"href":"https:\/\/reikigreybook.com\/da\/wp-json\/wp\/v2\/pages\/8670\/revisions"}],"predecessor-version":[{"id":9495,"href":"https:\/\/reikigreybook.com\/da\/wp-json\/wp\/v2\/pages\/8670\/revisions\/9495"}],"wp:attachment":[{"href":"https:\/\/reikigreybook.com\/da\/wp-json\/wp\/v2\/media?parent=8670"}],"curies":[{"name":"wp","href":"https:\/\/api.w.org\/{rel}","templated":true}]}}