{"id":8672,"date":"2021-05-09T04:27:49","date_gmt":"2021-05-09T04:27:49","guid":{"rendered":"https:\/\/reikigreybook.com\/laes-den-graa-bog\/"},"modified":"2023-03-10T22:19:21","modified_gmt":"2023-03-10T22:19:21","slug":"laes-den-graa-bog","status":"publish","type":"page","link":"https:\/\/reikigreybook.com\/da\/laes-den-graa-bog\/","title":{"rendered":"L\u00e6s Den Gr\u00e5 Bog"},"content":{"rendered":"\n<p>Hele bogen pr\u00e6senteres her i syv afsnit i samme r\u00e6kkef\u00f8lge, som Alice Takata Furumoto offentliggjorde den i den oprindelige bog <em>Reiki<\/em> fra 1982. <a href=\"https:\/\/reikigreybook.com\/da\/laes-den-graa-bog\/behandlingsvejledning\/\" data-type=\"page\" data-id=\"304\">Behandlingsvejledningen<\/a>, der oprindeligt blev udarbejdet p\u00e5 japansk, blev oversat til engelsk af den professionelle akademiske overs\u00e6tter Dylan Luers Toda. Fra Toda modtog vi de overs\u00e6ttelser, der nu er tilg\u00e6ngelige p\u00e5 websiden, og for f\u00f8rste gang kan mange af os p\u00e5 vores eget sprog l\u00e6se den originale Reiki-behandlingsmanual, som Chujiro Hayashi udarbejdede for eleverne i Hayashi Reiki Kenkyukai p\u00e5 Hawaii i 1938.<\/p>\n\n\n\n<div class=\"wp-block-media-text alignwide is-stacked-on-mobile is-vertically-aligned-bottom\"><figure class=\"wp-block-media-text__media\"><img fetchpriority=\"high\" decoding=\"async\" width=\"716\" height=\"904\" src=\"https:\/\/reikigreybook.com\/wp-content\/uploads\/2022\/05\/The-Grey-Book-Cover-only-med.jpg\" alt=\"Foto af forsiden af 2022 Limited Edition genoptryk af Reiki: Den Gr\u00e5 Bog\" class=\"wp-image-6288 size-full\" srcset=\"https:\/\/reikigreybook.com\/wp-content\/uploads\/2022\/05\/The-Grey-Book-Cover-only-med.jpg 716w, https:\/\/reikigreybook.com\/wp-content\/uploads\/2022\/05\/The-Grey-Book-Cover-only-med-600x758.jpg 600w, https:\/\/reikigreybook.com\/wp-content\/uploads\/2022\/05\/The-Grey-Book-Cover-only-med-238x300.jpg 238w\" sizes=\"(max-width: 716px) 100vw, 716px\" \/><\/figure><div class=\"wp-block-media-text__content\">\n<h3 class=\"wp-block-heading\"><a href=\"https:\/\/reikigreybook.com\/da\/laes-den-graa-bog\/takatas-dagbogsoptegnelser\/\">L\u00e6s hele bogen her<\/a><br><strong><em>Reiki: Den Gr\u00e5 Bog<\/em><\/strong><\/h3>\n\n\n\n<hr class=\"wp-block-separator has-text-color has-black-color has-css-opacity has-black-background-color has-background is-style-wide\"\/>\n\n\n\n<p><\/p>\n\n\n\n<p class=\"has-small-font-size\"><strong>Herunder er de syv afsnit i den oprindelige udgave <em>Reiki<\/em> fra 1982. Klik p\u00e5 en af titlerne herunder for at l\u00e6se afsnittet. <\/strong><\/p>\n\n\n\n<p class=\"has-small-font-size\">1. <a rel=\"noreferrer noopener\" href=\"https:\/\/reikigreybook.com\/da\/laes-den-graa-bog\/takatas-dagbogsoptegnelser\/\" data-type=\"page\" target=\"_blank\">Takata&#8217;s Dagbogsnotater<\/a><br>2. <a rel=\"noreferrer noopener\" href=\"https:\/\/reikigreybook.com\/da\/laes-den-graa-bog\/behandlingsvejledning\/\" data-type=\"page\" target=\"_blank\">Behandlingsvejledning<\/a><br>3. <a rel=\"noreferrer noopener\" href=\"https:\/\/reikigreybook.com\/da\/laes-den-graa-bog\/kunsten-at-heale\/\" data-type=\"page\" data-id=\"306\" target=\"_blank\">Kunsten at Heale<\/a><br>4. <a rel=\"noreferrer noopener\" href=\"https:\/\/reikigreybook.com\/da\/laes-den-graa-bog\/fotoer\/\" data-type=\"page\" data-id=\"334\" target=\"_blank\">Fotoer<\/a><br>5. <a rel=\"noreferrer noopener\" href=\"https:\/\/reikigreybook.com\/da\/laes-den-graa-bog\/takatas-mester-certifikat\/\" data-type=\"page\" data-id=\"320\" target=\"_blank\">Takata&#8217;s Mester Certifikat<\/a><br>6. <a rel=\"noreferrer noopener\" href=\"https:\/\/reikigreybook.com\/da\/laes-den-graa-bog\/mester-elever\/\" data-type=\"page\" data-id=\"308\" target=\"_blank\">Mester Elever<\/a><br>7. <a rel=\"noreferrer noopener\" href=\"https:\/\/reikigreybook.com\/da\/laes-den-graa-bog\/dedication\/\" data-type=\"page\" data-id=\"328\" target=\"_blank\">Dedikation<\/a><\/p>\n<\/div><\/div>\n\n\n\n<div style=\"height:50px\" aria-hidden=\"true\" class=\"wp-block-spacer\"><\/div>\n\n\n\n<hr class=\"wp-block-separator has-text-color has-black-color has-css-opacity has-black-background-color has-background is-style-wide\"\/>\n\n\n\n<div style=\"height:25px\" aria-hidden=\"true\" class=\"wp-block-spacer\"><\/div>\n\n\n\n<div class=\"wp-block-media-text alignwide has-media-on-the-right is-stacked-on-mobile is-vertically-aligned-center\" style=\"grid-template-columns:auto 51%\"><div class=\"wp-block-media-text__content\">\n<h3 class=\"wp-block-heading\"><a href=\"https:\/\/reikigreybook.com\/da\/om-os\/invitation-til-generoesitet\/\" data-type=\"page\" data-id=\"338\">INVITATION TIL GENER\u00d8SITET<\/a><br><strong><em>Reiki: Den Gr\u00e5 Bog<\/em><\/strong><\/h3>\n\n\n\n<hr class=\"wp-block-separator has-text-color has-black-color has-css-opacity has-black-background-color has-background is-style-wide\"\/>\n\n\n\n<p><\/p>\n\n\n\n<p>Alice Takata Furumoto udgav <em>Den Gr\u00e5 Bog<\/em> i 1982 som en gave til de Reikimestre, som hendes mor, Hawayo Takata, havde indviet. <a href=\"https:\/\/reikigreybook.com\/da\/om-os\/den-graa-bog-teamet\/\" data-type=\"page\" data-id=\"700\">Gr\u00e5 Bog-teamet<\/a> \u00f8nsker at forts\u00e6tte traditionen af gener\u00f8sitet ved at tilbyde overs\u00e6ttelser af den originale tekst som en gave til det verdensomsp\u00e6ndende Reiki-f\u00e6llesskab.<\/p>\n\n\n\n<p><a href=\"https:\/\/reikigreybook.com\/da\/contribute\/donation\/\">Vi inviterer dig til at deltage i tratitionen af at give<\/a>. Deltag i <em>Gr\u00e5 Bog<\/em>projektet ved at give et \u00f8konomisk bidrag til flere overs\u00e6ttelser af teksten,<\/p>\n\n\n\n<p><\/p>\n\n\n\n<p> <\/p>\n\n\n\n<div class=\"wp-block-buttons is-horizontal is-content-justification-right is-layout-flex wp-container-core-buttons-is-layout-ae2fe186 wp-block-buttons-is-layout-flex\">\n<div class=\"wp-block-button has-custom-width wp-block-button__width-100 is-style-outline is-style-outline--1\"><a class=\"wp-block-button__link has-vivid-red-color has-white-background-color has-text-color has-background wp-element-button\" href=\"https:\/\/reikigreybook.com\/da\/contribute\/donation\/\" style=\"border-radius:13px\">Giv en gave til overs\u00e6ttetser<\/a><\/div>\n<\/div>\n<\/div><figure class=\"wp-block-media-text__media\"><img decoding=\"async\" width=\"675\" height=\"940\" src=\"https:\/\/reikigreybook.com\/wp-content\/uploads\/2022\/05\/Inviting-Generosity-vertical.jpg\" alt=\"\" class=\"wp-image-6070 size-full\" srcset=\"https:\/\/reikigreybook.com\/wp-content\/uploads\/2022\/05\/Inviting-Generosity-vertical.jpg 675w, https:\/\/reikigreybook.com\/wp-content\/uploads\/2022\/05\/Inviting-Generosity-vertical-600x836.jpg 600w, https:\/\/reikigreybook.com\/wp-content\/uploads\/2022\/05\/Inviting-Generosity-vertical-215x300.jpg 215w\" sizes=\"(max-width: 675px) 100vw, 675px\" \/><\/figure><\/div>\n\n\n\n<div style=\"height:50px\" aria-hidden=\"true\" class=\"wp-block-spacer\"><\/div>\n\n\n\n<hr class=\"wp-block-separator has-css-opacity is-style-wide\"\/>\n\n\n\n<div style=\"height:50px\" aria-hidden=\"true\" class=\"wp-block-spacer\"><\/div>\n\n\n\n<p><\/p>\n","protected":false},"excerpt":{"rendered":"<p>Hele bogen pr\u00e6senteres her i syv afsnit i samme r\u00e6kkef\u00f8lge, som Alice Takata Furumoto offentliggjorde den i den oprindelige bog Reiki fra 1982. Behandlingsvejledningen, der oprindeligt blev udarbejdet p\u00e5 japansk, blev oversat til engelsk af den professionelle akademiske overs\u00e6tter Dylan Luers Toda. Fra Toda modtog vi de overs\u00e6ttelser, der nu er tilg\u00e6ngelige p\u00e5 websiden, og [&hellip;]<\/p>\n","protected":false},"author":1,"featured_media":0,"parent":0,"menu_order":0,"comment_status":"closed","ping_status":"closed","template":"","meta":{"footnotes":""},"class_list":["post-8672","page","type-page","status-publish","hentry"],"_links":{"self":[{"href":"https:\/\/reikigreybook.com\/da\/wp-json\/wp\/v2\/pages\/8672","targetHints":{"allow":["GET"]}}],"collection":[{"href":"https:\/\/reikigreybook.com\/da\/wp-json\/wp\/v2\/pages"}],"about":[{"href":"https:\/\/reikigreybook.com\/da\/wp-json\/wp\/v2\/types\/page"}],"author":[{"embeddable":true,"href":"https:\/\/reikigreybook.com\/da\/wp-json\/wp\/v2\/users\/1"}],"replies":[{"embeddable":true,"href":"https:\/\/reikigreybook.com\/da\/wp-json\/wp\/v2\/comments?post=8672"}],"version-history":[{"count":5,"href":"https:\/\/reikigreybook.com\/da\/wp-json\/wp\/v2\/pages\/8672\/revisions"}],"predecessor-version":[{"id":9323,"href":"https:\/\/reikigreybook.com\/da\/wp-json\/wp\/v2\/pages\/8672\/revisions\/9323"}],"wp:attachment":[{"href":"https:\/\/reikigreybook.com\/da\/wp-json\/wp\/v2\/media?parent=8672"}],"curies":[{"name":"wp","href":"https:\/\/api.w.org\/{rel}","templated":true}]}}