{"id":8975,"date":"2021-05-12T16:42:34","date_gmt":"2021-05-12T16:42:34","guid":{"rendered":"https:\/\/reikigreybook.com\/?page_id=8975"},"modified":"2023-03-12T14:00:34","modified_gmt":"2023-03-12T14:00:34","slug":"den-graa-bog-teamet","status":"publish","type":"page","link":"https:\/\/reikigreybook.com\/da\/om-os\/den-graa-bog-teamet\/","title":{"rendered":"Den Gr\u00e5 Bog Teamet"},"content":{"rendered":"\n<div class=\"wp-block-media-text alignwide is-stacked-on-mobile\" style=\"grid-template-columns:18% auto\"><figure class=\"wp-block-media-text__media\"><img decoding=\"async\" width=\"150\" height=\"175\" src=\"https:\/\/reikigreybook.com\/wp-content\/uploads\/2021\/05\/Photo-of-Brian-Brunius.png\" alt=\"\" class=\"wp-image-599 size-full\"\/><\/figure><div class=\"wp-block-media-text__content\">\n<h4 class=\"wp-block-heading\"><strong>Brian Brunius<\/strong><\/h4>\n\n\n\n<p>Brian er en ud\u00f8ver af Usui Shiki Ryoho i John Harvey Grays linie. Han er grundl\u00e6gger af <a rel=\"noreferrer noopener\" href=\"https:\/\/nycreikicenter.com\" target=\"_blank\">NYC Reiki Center<\/a>, hvor han arbejder p\u00e5 fuld tid, og er formand for <a rel=\"noreferrer noopener\" href=\"https:\/\/reikicentersofamerica.org\" target=\"_blank\">Reiki Centers of America<\/a>. Brian er medlem af <a rel=\"noreferrer noopener\" href=\"https:\/\/reikialliance.com\" target=\"_blank\">The Reiki Alliance<\/a> og er i \u00f8jeblikket frivillig som foeningens financielle administrator. <\/p>\n<\/div><\/div>\n\n<div style=\"height:25px\" aria-hidden=\"true\" class=\"wp-block-spacer\"><\/div>\n\n<div class=\"wp-block-media-text alignwide is-stacked-on-mobile\" style=\"grid-template-columns:18% auto\"><figure class=\"wp-block-media-text__media\"><img decoding=\"async\" width=\"150\" height=\"175\" src=\"https:\/\/reikigreybook.com\/wp-content\/uploads\/2021\/05\/diane-domondon-150.png\" alt=\"\" class=\"wp-image-596 size-full\"\/><\/figure><div class=\"wp-block-media-text__content\">\n<h4 class=\"wp-block-heading\"><strong>Diane Domondon<\/strong><\/h4>\n\n\n\n<p>Diane er Reikimester og underviser i Usui Shiki Ryoho traditionen. Hun har klienter og holder kurser i Reiki p\u00e5 fuld tid. Mens hun deltog i <em>Den Gr\u00e5 Bog<\/em>-projektet, var hun medlem af bestyrelsen for <a rel=\"noreferrer noopener\" href=\"https:\/\/reikicentersofamerica.org\" target=\"_blank\">Reiki Centers of America<\/a> og er medlem af <a rel=\"noreferrer noopener\" href=\"https:\/\/reikialliance.com\" target=\"_blank\">The Reiki Alliance.<\/a><\/p>\n<\/div><\/div>\n\n<div style=\"height:25px\" aria-hidden=\"true\" class=\"wp-block-spacer\"><\/div>\n\n<div class=\"wp-block-media-text alignwide is-stacked-on-mobile\" style=\"grid-template-columns:18% auto\"><figure class=\"wp-block-media-text__media\"><img fetchpriority=\"high\" decoding=\"async\" width=\"377\" height=\"436\" src=\"https:\/\/reikigreybook.com\/wp-content\/uploads\/2021\/05\/paul-mitchell.png\" alt=\"\" class=\"wp-image-1769 size-full\" srcset=\"https:\/\/reikigreybook.com\/wp-content\/uploads\/2021\/05\/paul-mitchell.png 377w, https:\/\/reikigreybook.com\/wp-content\/uploads\/2021\/05\/paul-mitchell-259x300.png 259w\" sizes=\"(max-width: 377px) 100vw, 377px\" \/><\/figure><div class=\"wp-block-media-text__content\">\n<h4 class=\"wp-block-heading\"><strong>Paul Mitchell<\/strong><\/h4>\n\n\n\n<p>Paul Mitchell l\u00e6rte Reiki af Hawayo Takata i 1978 og var en af de toogtyve mestre, som hun anerkendte. Paul var en af grundl\u00e6ggerne af The Reiki Alliance og sluttede sig i 1993 til Phyllis Furumoto som Head of disciplin i Usui Shiki Ryoho (ansvarlig for fagomr\u00e5det). Sommen grundlagde de <a rel=\"noreferrer noopener\" href=\"https:\/\/www.usuishikiryohoreiki.com\" data-type=\"URL\" data-id=\"https:\/\/www.usuishikiryohoreiki.com\" target=\"_blank\">Office of the Grandmaster<\/a>. Grandmasterens samarbejdspartnere) Han arbejder nu sammen med Johannes Reindl og Joyce Winough og er engageret i den livslange unders\u00f8gelse af den healing, v\u00e6kst og spirituelle udvikling, som l\u00f8ftes i Reiki-praksisen. <\/p>\n<\/div><\/div>\n\n<div style=\"height:25px\" aria-hidden=\"true\" class=\"wp-block-spacer\"><\/div>\n\n<div class=\"wp-block-media-text alignwide is-stacked-on-mobile\" style=\"grid-template-columns:18% auto\"><figure class=\"wp-block-media-text__media\"><img loading=\"lazy\" decoding=\"async\" width=\"480\" height=\"480\" src=\"https:\/\/reikigreybook.com\/wp-content\/uploads\/2021\/05\/Susan-turkish-coffee.png\" alt=\"Foto af Susan Mitchell\" class=\"wp-image-895 size-full\" srcset=\"https:\/\/reikigreybook.com\/wp-content\/uploads\/2021\/05\/Susan-turkish-coffee.png 480w, https:\/\/reikigreybook.com\/wp-content\/uploads\/2021\/05\/Susan-turkish-coffee-300x300.png 300w, https:\/\/reikigreybook.com\/wp-content\/uploads\/2021\/05\/Susan-turkish-coffee-100x100.png 100w, https:\/\/reikigreybook.com\/wp-content\/uploads\/2021\/05\/Susan-turkish-coffee-150x150.png 150w, https:\/\/reikigreybook.com\/wp-content\/uploads\/2021\/05\/Susan-turkish-coffee-50x50.png 50w\" sizes=\"(max-width: 480px) 100vw, 480px\" \/><\/figure><div class=\"wp-block-media-text__content\">\n<h4 class=\"wp-block-heading\"><strong>Susan Mitchell<\/strong><\/h4>\n\n\n\n<p>Susan l\u00e6rte Reiki af Hawayo Takata. Hun var den f\u00f8rste administrator for The Reiki Alliance fra 1988-1998 og redakt\u00f8r for det hollandske <em>Reiki Magazine International<\/em>.  Hun har v\u00e6ret med til at indsamle Hawayo Takata-arkivet, der nu befinder sig p\u00e5 University of California, Santa Barbara. I 2019 fik Susan \u00e6ren af at redigere In Her Own Voice, A Tribute to Phyllis Lei Furumoto <em>(Med Sin Egen Stemme, en tribut til Phyllis Lei Furumoto), 1948-2019<\/em>. Susan er en af grundl\u00e6ggerne af <a href=\"https:\/\/www.reikiunified.com\/\" data-type=\"URL\" data-id=\"https:\/\/www.reikiunified.com\/\" target=\"_blank\" rel=\"noreferrer noopener\">Reiki Unified<\/a>, en landsd\u00e6kkende indsats for at modarbejde regulering af Reiki praksis i USA. <\/p>\n<\/div><\/div>\n\n<div style=\"height:25px\" aria-hidden=\"true\" class=\"wp-block-spacer\"><\/div>\n\n<div class=\"wp-block-media-text alignwide is-stacked-on-mobile\" style=\"grid-template-columns:18% auto\"><figure class=\"wp-block-media-text__media\"><img loading=\"lazy\" decoding=\"async\" width=\"314\" height=\"314\" src=\"https:\/\/reikigreybook.com\/wp-content\/uploads\/2021\/06\/Johannes-Reindl-square.jpg\" alt=\"Foto af Johannes Reindl\" class=\"wp-image-2163 size-full\" srcset=\"https:\/\/reikigreybook.com\/wp-content\/uploads\/2021\/06\/Johannes-Reindl-square.jpg 314w, https:\/\/reikigreybook.com\/wp-content\/uploads\/2021\/06\/Johannes-Reindl-square-300x300.jpg 300w, https:\/\/reikigreybook.com\/wp-content\/uploads\/2021\/06\/Johannes-Reindl-square-100x100.jpg 100w, https:\/\/reikigreybook.com\/wp-content\/uploads\/2021\/06\/Johannes-Reindl-square-150x150.jpg 150w, https:\/\/reikigreybook.com\/wp-content\/uploads\/2021\/06\/Johannes-Reindl-square-50x50.jpg 50w, https:\/\/reikigreybook.com\/wp-content\/uploads\/2021\/06\/Johannes-Reindl-square-60x60.jpg 60w, https:\/\/reikigreybook.com\/wp-content\/uploads\/2021\/06\/Johannes-Reindl-square-90x90.jpg 90w\" sizes=\"(max-width: 314px) 100vw, 314px\" \/><\/figure><div class=\"wp-block-media-text__content\">\n<h4 class=\"wp-block-heading\"><strong>Johannes Reindl<\/strong><\/h4>\n\n\n\n<p>Johannes Reindl har praktiseret Reiki siden 1995, da han som 17-\u00e5rig tog sit f\u00f8rste kursus i sit hjemland \u00d8strig. Siden da har han rejst rundt i verden for at deltage og assistere i Reiki- og Aikido-workshops, der tilbydes af Usui Shiki Ryoho Reiki-mestre og Office of the Grandmaster (OGM). Johannes blev opl\u00e6rt til mester af Phyllis Furumoto og blev indviet som mester af hende i Japan. I 2019 blev han anerkendt af Phyllis som hendes efterf\u00f8lger i den spirituelle linie i Usui Shiki Ryoho <\/p>\n<\/div><\/div>\n\n<div style=\"height:25px\" aria-hidden=\"true\" class=\"wp-block-spacer\"><\/div>\n\n<div class=\"wp-block-media-text alignwide is-stacked-on-mobile\" style=\"grid-template-columns:18% auto\"><figure class=\"wp-block-media-text__media\"><img loading=\"lazy\" decoding=\"async\" width=\"185\" height=\"224\" src=\"https:\/\/reikigreybook.com\/wp-content\/uploads\/2021\/05\/justin-stein-horizontal-300x224-1-e1620779649281.jpg\" alt=\"\" class=\"wp-image-593 size-full\"\/><\/figure><div class=\"wp-block-media-text__content\">\n<h4 class=\"wp-block-heading\"><strong>Dr. Justin Stein, PhD<\/strong><\/h4>\n\n\n\n<p>Justin B. Stein, ph.d. (University of Toronto, Studie af Religion, 2017), er historiker om spirituelle praksis&#8217;er p\u00e5 forbundne omr\u00e5der mellem Japan, Hawaii og Nordamerika. Hans arbejde om Reiki, herunder originale overs\u00e6ttelser af historiske materialer p\u00e5 japansk, er blevet offentliggjort i videnskabelige tidsskrifter (herunder <em>Asian Medicine<\/em> og <em>Japanese Religions<\/em>) og er blevet oversat til tysk, japansk og rum\u00e6nsk. Stein har gennemf\u00f8rt et internationalt forskningsstipendium under \u014ctani Eiichi p\u00e5 Bukky\u014d University i Kyoto, Japan (2017-2019) og er i \u00f8jeblikket underviser p\u00e5 afdelingen for asiatiske studier p\u00e5 Kwantlen Polytechnic University. Du kan l\u00e6se nogle af hans stipendiater p\u00e5 <a rel=\"noreferrer noopener\" href=\"https:\/\/justinstein.academia.edu\/\" target=\"_blank\">https:\/\/justinstein.academia.edu\/<\/a><\/p>\n<\/div><\/div>\n\n<div style=\"height:25px\" aria-hidden=\"true\" class=\"wp-block-spacer\"><\/div>\n\n<div class=\"wp-block-media-text alignwide is-stacked-on-mobile\" style=\"grid-template-columns:18% auto\"><figure class=\"wp-block-media-text__media\"><img loading=\"lazy\" decoding=\"async\" width=\"334\" height=\"334\" src=\"https:\/\/reikigreybook.com\/wp-content\/uploads\/2021\/07\/Joyce-Winough-close.png\" alt=\"Foto af Joyce Winough - Reikimester\" class=\"wp-image-3227 size-full\" srcset=\"https:\/\/reikigreybook.com\/wp-content\/uploads\/2021\/07\/Joyce-Winough-close.png 334w, https:\/\/reikigreybook.com\/wp-content\/uploads\/2021\/07\/Joyce-Winough-close-300x300.png 300w, https:\/\/reikigreybook.com\/wp-content\/uploads\/2021\/07\/Joyce-Winough-close-100x100.png 100w, https:\/\/reikigreybook.com\/wp-content\/uploads\/2021\/07\/Joyce-Winough-close-150x150.png 150w, https:\/\/reikigreybook.com\/wp-content\/uploads\/2021\/07\/Joyce-Winough-close-50x50.png 50w, https:\/\/reikigreybook.com\/wp-content\/uploads\/2021\/07\/Joyce-Winough-close-60x60.png 60w, https:\/\/reikigreybook.com\/wp-content\/uploads\/2021\/07\/Joyce-Winough-close-90x90.png 90w\" sizes=\"(max-width: 334px) 100vw, 334px\" \/><\/figure><div class=\"wp-block-media-text__content\">\n<h4 class=\"wp-block-heading\"><strong>Joyce Winough<\/strong><\/h4>\n\n\n\n<p>Joyce Winough har praktiseret Reiki i 32 \u00e5r. Uddannet i Reiki1 af Helen Haberly og Reiki 2 af Jean Ferris, en af Helen&#8217;s mestre, og indviet som mester af Phyllis Furumoto i 2002. Joyce startede en professionel behandlerpraksis i 1993 og har undervist i Reiki siden sin mester-indvielse. Hun rejste sammen med sin kone Phyllis Furumoto som eventkoordinator for Reiki-arrangementer, klasser, retreats og ture til Japan, indtil hendes \u00e6gtef\u00e6lle d\u00f8de i 2019. Joyce forts\u00e6tter sin Reiki-rejse og sit engagement i Usui Shiki Ryoho som medlem af The Reiki Alliance og UK Reiki Association, pr\u00e6senterer Takata Arkiv Projectet og arbejder sammen med Johannes Reindl og Paul Mitchell som medlem af <a rel=\"noreferrer noopener\" href=\"https:\/\/www.usuishikiryohoreiki.com\" target=\"_blank\">Office of the Grandmaster<\/a> siden 2020.<\/p>\n\n\n\n<p> <\/p>\n<\/div><\/div>\n\n<div style=\"height:100px\" aria-hidden=\"true\" class=\"wp-block-spacer\"><\/div>\n","protected":false},"excerpt":{"rendered":"<p>Brian Brunius Brian er en ud\u00f8ver af Usui Shiki Ryoho i John Harvey Grays linie. Han er grundl\u00e6gger af NYC Reiki Center, hvor han arbejder p\u00e5 fuld tid, og er formand for Reiki Centers of America. Brian er medlem af The Reiki Alliance og er i \u00f8jeblikket frivillig som foeningens financielle administrator. Diane Domondon Diane [&hellip;]<\/p>\n","protected":false},"author":1,"featured_media":0,"parent":8481,"menu_order":1,"comment_status":"closed","ping_status":"closed","template":"","meta":{"footnotes":""},"class_list":["post-8975","page","type-page","status-publish","hentry"],"_links":{"self":[{"href":"https:\/\/reikigreybook.com\/da\/wp-json\/wp\/v2\/pages\/8975","targetHints":{"allow":["GET"]}}],"collection":[{"href":"https:\/\/reikigreybook.com\/da\/wp-json\/wp\/v2\/pages"}],"about":[{"href":"https:\/\/reikigreybook.com\/da\/wp-json\/wp\/v2\/types\/page"}],"author":[{"embeddable":true,"href":"https:\/\/reikigreybook.com\/da\/wp-json\/wp\/v2\/users\/1"}],"replies":[{"embeddable":true,"href":"https:\/\/reikigreybook.com\/da\/wp-json\/wp\/v2\/comments?post=8975"}],"version-history":[{"count":5,"href":"https:\/\/reikigreybook.com\/da\/wp-json\/wp\/v2\/pages\/8975\/revisions"}],"predecessor-version":[{"id":9455,"href":"https:\/\/reikigreybook.com\/da\/wp-json\/wp\/v2\/pages\/8975\/revisions\/9455"}],"up":[{"embeddable":true,"href":"https:\/\/reikigreybook.com\/da\/wp-json\/wp\/v2\/pages\/8481"}],"wp:attachment":[{"href":"https:\/\/reikigreybook.com\/da\/wp-json\/wp\/v2\/media?parent=8975"}],"curies":[{"name":"wp","href":"https:\/\/api.w.org\/{rel}","templated":true}]}}