{"id":9047,"date":"2021-05-09T04:36:15","date_gmt":"2021-05-09T04:36:15","guid":{"rendered":"https:\/\/reikigreybook.com\/om-os\/invitation-til-generoesitet\/"},"modified":"2023-01-24T19:13:52","modified_gmt":"2023-01-24T19:13:52","slug":"invitation-til-generoesitet","status":"publish","type":"page","link":"https:\/\/reikigreybook.com\/da\/om-os\/invitation-til-generoesitet\/","title":{"rendered":"Invitation til gener\u00f8sitet"},"content":{"rendered":"\n<figure class=\"wp-block-image size-large is-resized is-style-default\"><img fetchpriority=\"high\" decoding=\"async\" src=\"https:\/\/reikigreybook.com\/wp-content\/uploads\/2021\/05\/inviting-generosity.png\" alt=\"\" class=\"wp-image-566\" width=\"842\" height=\"231\" srcset=\"https:\/\/reikigreybook.com\/wp-content\/uploads\/2021\/05\/inviting-generosity.png 595w, https:\/\/reikigreybook.com\/wp-content\/uploads\/2021\/05\/inviting-generosity-300x82.png 300w\" sizes=\"(max-width: 842px) 100vw, 842px\" \/><\/figure>\n\n<div class=\"wp-block-group has-black-color has-text-color has-background\" style=\"background-color:#f8f8f8\"><div class=\"wp-block-group__inner-container is-layout-flow wp-block-group-is-layout-flow\">\n<div class=\"wp-block-group\"><div class=\"wp-block-group__inner-container is-layout-flow wp-block-group-is-layout-flow\">\n<p>Alice Takata Furumoto udgav Den Gr\u00e5 Bog i 1982 som en gave til de Reikimestre, som hendes mor, Hawayo Takata, havde indviet. <a href=\"https:\/\/reikigreybook.com\/da\/om-os\/den-graa-bog-teamet\/\" data-type=\"page\" data-id=\"700\">Den Gr\u00e5y Bog Teamet<\/a> \u00f8nsker at forts\u00e6tte traditionen af gener\u00f8sitet ved at tilbyde overs\u00e6ttelser af den originale tekst som en gave til det verdensomsp\u00e6ndende Reiki-f\u00e6llesskab.<\/p>\n\n\n\n<p>Phyllis Furumoto inds\u00e5 n\u00f8dvendigheden af overs\u00e6ttelse, s\u00e5 elever overalt kunne f\u00e5 adgang til Reiki. Hun h\u00e6drede overs\u00e6tterne og tolkene som &#8220;de tr\u00e5de, der forbinder os som et internationalt f\u00e6llesskab&#8221;.<\/p>\n\n\n\n<p>Vi \u00f8nsker at forts\u00e6tte med at bygge kommunikationsbroer ved at stille overs\u00e6ttelser af Den Gr\u00e5 Bog til r\u00e5dighed p\u00e5 dette websted uden beregning. Vi er begyndt med otte sprog og h\u00e5ber at inkludere alle sprog, som \u00f8nskes. P\u00e5 nuv\u00e6rende tidspunkt er prisen for hver overs\u00e6ttelse 1000 USD.<\/p>\n\n\n\n<p><a href=\"https:\/\/reikigreybook.com\/da\/contribute\/donation\/\">Vi inviterer dig til at deltage i traditionen af at give.<\/a> Deltag i Den Gr\u00e5 Bog-projektet ved at give et \u00f8konomisk bidrag til flere overs\u00e6ttelser af teksten. <em><strong>De f\u00f8rste 1.500 donorer, der giver 73,00 USD eller mere, vil modtage en reproduktion af den originale Gr\u00e5 Bog.<\/strong><\/em><\/p>\n\n\n\n<p>Du bestemmer selv hvor meget du \u00f8nsker at give. Det drejer sig om deltagelse og ikke om et bestemt bel\u00f8b. Lad dit hjerte guide dig. Sammen n\u00e6rer og opretholder vi den str\u00f8m af gener\u00f8sitet, der begyndte med Alice&#8217; oprindelige gave.<\/p>\n\n\n\n<p class=\"has-text-align-right has-black-color has-text-color has-background\" style=\"background-color:#f8f8f8\">Med K\u00e6rlighed, <br\/>Susan Mitchell og Johannes Reindl<\/p>\n<\/div><\/div>\n<\/div><\/div>\n\n<div style=\"height:15px\" aria-hidden=\"true\" class=\"wp-block-spacer\"><\/div>\n\n<div class=\"wp-block-buttons is-horizontal is-content-justification-center is-layout-flex wp-container-core-buttons-is-layout-499968f5 wp-block-buttons-is-layout-flex\">\n<div class=\"wp-block-button has-custom-width wp-block-button__width-25 is-style-fill\"><a class=\"wp-block-button__link has-background wp-element-button\" href=\"https:\/\/reikigreybook.com\/da\/contribute\/donation\/\" style=\"border-radius:13px;background-color:#316111\" rel=\"https:\/\/reikigreybook.com\/en\/about-us\/donate\/\"><mark style=\"background-color:rgba(0, 0, 0, 0)\" class=\"has-inline-color has-white-color\">DONER<\/mark><\/a><\/div>\n<\/div>\n\n<div style=\"height:100px\" aria-hidden=\"true\" class=\"wp-block-spacer\"><\/div>\n","protected":false},"excerpt":{"rendered":"<p>Alice Takata Furumoto udgav Den Gr\u00e5 Bog i 1982 som en gave til de Reikimestre, som hendes mor, Hawayo Takata, havde indviet. Den Gr\u00e5y Bog Teamet \u00f8nsker at forts\u00e6tte traditionen af gener\u00f8sitet ved at tilbyde overs\u00e6ttelser af den originale tekst som en gave til det verdensomsp\u00e6ndende Reiki-f\u00e6llesskab. Phyllis Furumoto inds\u00e5 n\u00f8dvendigheden af overs\u00e6ttelse, s\u00e5 elever [&hellip;]<\/p>\n","protected":false},"author":1,"featured_media":7655,"parent":8481,"menu_order":2,"comment_status":"closed","ping_status":"closed","template":"","meta":{"footnotes":""},"class_list":["post-9047","page","type-page","status-publish","has-post-thumbnail","hentry"],"_links":{"self":[{"href":"https:\/\/reikigreybook.com\/da\/wp-json\/wp\/v2\/pages\/9047","targetHints":{"allow":["GET"]}}],"collection":[{"href":"https:\/\/reikigreybook.com\/da\/wp-json\/wp\/v2\/pages"}],"about":[{"href":"https:\/\/reikigreybook.com\/da\/wp-json\/wp\/v2\/types\/page"}],"author":[{"embeddable":true,"href":"https:\/\/reikigreybook.com\/da\/wp-json\/wp\/v2\/users\/1"}],"replies":[{"embeddable":true,"href":"https:\/\/reikigreybook.com\/da\/wp-json\/wp\/v2\/comments?post=9047"}],"version-history":[{"count":5,"href":"https:\/\/reikigreybook.com\/da\/wp-json\/wp\/v2\/pages\/9047\/revisions"}],"predecessor-version":[{"id":9088,"href":"https:\/\/reikigreybook.com\/da\/wp-json\/wp\/v2\/pages\/9047\/revisions\/9088"}],"up":[{"embeddable":true,"href":"https:\/\/reikigreybook.com\/da\/wp-json\/wp\/v2\/pages\/8481"}],"wp:featuredmedia":[{"embeddable":true,"href":"https:\/\/reikigreybook.com\/da\/wp-json\/wp\/v2\/media\/7655"}],"wp:attachment":[{"href":"https:\/\/reikigreybook.com\/da\/wp-json\/wp\/v2\/media?parent=9047"}],"curies":[{"name":"wp","href":"https:\/\/api.w.org\/{rel}","templated":true}]}}