{"id":9309,"date":"2021-05-09T03:00:07","date_gmt":"2021-05-09T03:00:07","guid":{"rendered":"https:\/\/reikigreybook.com\/laes-den-graa-bog\/kunsten-at-heale\/"},"modified":"2023-03-10T22:17:05","modified_gmt":"2023-03-10T22:17:05","slug":"kunsten-at-heale","status":"publish","type":"page","link":"https:\/\/reikigreybook.com\/da\/laes-den-graa-bog\/kunsten-at-heale\/","title":{"rendered":"Kunsten at Heale"},"content":{"rendered":"\n<figure class=\"wp-block-table is-style-stripes\"><table class=\"has-black-color has-white-background-color has-text-color has-background\"><tbody><tr><td><a href=\"https:\/\/reikigreybook.com\/da\/laes-den-graa-bog\/behandlingsvejledning\/\">&lt;&#8211; Forrige<\/a><\/td><td class=\"has-text-align-right\" data-align=\"right\"><a href=\"https:\/\/reikigreybook.com\/da\/laes-den-graa-bog\/fotoer\/\">N\u00e6ste &#8211;&gt;<\/a><\/td><\/tr><\/tbody><\/table><\/figure>\n\n\n\n<div style=\"height:25px\" aria-hidden=\"true\" class=\"wp-block-spacer\"><\/div>\n\n\n\n<p>I mit fors\u00f8g p\u00e5 at skrive dette essay om Healingens Kunst i begr\u00e6nsede ord, vil jeg fors\u00f8ge at v\u00e6re praktisk snarere end teknisk, for det jeg er ved at definere, er ikke forbundet med noget materielt v\u00e6sen som er synligt, og det har hverken en form eller et navn. Jeg tror p\u00e5, at der findes et H\u00f8jeste V\u00e6sen &#8211; det Absolut Uendelige &#8211; en dynamisk kraft, som styrer verden og universet. Det er en usynlig, \u00e5ndelig kraft som vibrerer, og alle andre kr\u00e6fter bliver ubetydelige ved siden af den. S\u00e5 derfor er den Absolut! Denne kraft er g\u00e5defuld, um\u00e5lelig, og fordi den er en universel livskraft er den uforst\u00e5elig for mennesket. Alligevel modtager hvert eneste levende v\u00e6sen velsignelser hver dag, hvad enten det er v\u00e5gent eller sovende. Forskellige l\u00e6rere og mestre kalder ham Den Store \u00c5nd; Den Universelle Livskraft; Livsenergi, fordi n\u00e5r den anvendes, vitaliserer den hele systemet; \u00c6terb\u00f8lgen, fordi den lindrer smerte og f\u00e5r dig til at falde i dyb dvale som under bed\u00f8velse, og Den Kosmiske B\u00f8lge, fordi den udstr\u00e5ler vibrationer af jubelagtige f\u00f8lelser og l\u00f8fter dig ind i harmoni. Jeg vil kalde det &#8220;Reiki&#8221;, fordi jeg har studeret under det udtryk Reiki er en elektromagnetisk b\u00f8lge ligesom radiob\u00f8lger. Den kan anvendes lokalt eller som kortb\u00f8lge Der kan med succes behandles med fjernhealing. Reiki er hverken elektricitet, radium eller r\u00f8ntgenstr\u00e5ler. Den kan gennemtr\u00e6nge tynde lag af silke, linned, porcel\u00e6n eller bly, tr\u00e6 eller st\u00e5l, fordi den kommer fra den Store \u00c5nd, det Uendelige. Den \u00f8del\u00e6gger ikke sart v\u00e6v eller nerver. Den er helt uskadeligt, og derfor er det en praktisk og sikker behandling. Fordi det er en universel frekvens, har alt der har liv, gavn af at blive behandlet &#8211; planter, fjerkr\u00e6, dyr og mennesker, sm\u00e5b\u00f8rn og gamle, fattige og rige. Det b\u00f8r anvendes dagligt som forebyggelse. Gud gav os dette legeme, et sted at v\u00e6re og vores daglige br\u00f8d. Vi blev sat i denne verden med et form\u00e5l, og derfor b\u00f8r vi v\u00e6re sunde og lykkelige. Det var Guds plan, s\u00e5 han forsyner os med alt. Han gav os h\u00e6nder for at bruge dem til at behandle og helbrede, til at bevare fysisk sundhed og mental balance, til at frig\u00f8re os fra uvidenhed og leve i en oplyst verden, til at leve i harmoni med os selv og andre og til at elske alle v\u00e6sener. N\u00e5r disse regler anvendes dagligt vil kroppen reagere og alt hvad vi \u00f8nsker at opn\u00e5 i denne verden, er inden for r\u00e6kkevidde. Sundhed, lykke og vejen til det lange liv som vi alle s\u00f8ger &#8211; jeg vil kalde det perfektion.<\/p>\n\n\n\n<hr class=\"wp-block-separator has-text-color has-black-color has-css-opacity has-black-background-color has-background is-style-wide\"\/>\n\n\n\n<p><\/p>\n\n\n\n<p>Side 2<\/p>\n\n\n\n<p><span style=\"text-decoration: underline;\">Hvordan man opn\u00e5r denne kraft &#8211; f\u00f8rste grads indvielse eller &#8220;Shoden&#8221;:<\/span><\/p>\n\n\n\n<p>Da den er en universel kraft fra Den Store Guddommelige \u00c5nd, tilh\u00f8rer den alle der s\u00f8ger og har et \u00f8nske om at l\u00e6re kunsten at heale. Den er uafh\u00e6ngig af farve og trosretning, gammel eller ung. Den vil finde vej, n\u00e5r den studerende er klar til at acceptere den. Han f\u00e5r vist vejen. Indvielsen er en hellig ceremoni, hvor kontakten bliver skabt. Fordi vi er i forbindelse med den Guddommelige \u00c5nd, er der ingen fejl, og vi b\u00f8r heller ikke tvivle. Den er fuldst\u00e6ndig!<\/p>\n\n\n\n<p><span style=\"text-decoration: underline;\">H\u00e6nderne er klar til at Heale:<\/span><\/p>\n\n\n\n<p>Ved den f\u00f8rste kontakt eller initiering, udstr\u00e5ler der vibrationer fra h\u00e6nderne, n\u00e5r de l\u00e6gges p\u00e5 den ber\u00f8rte del. Det lindrer smerte, stopper bl\u00f8dningen fra et \u00e5bent s\u00e5r; dine h\u00e6nder er klar til at heale akutte og kroniske sygdomme &#8211; mennesker &#8211; planter &#8211; d\u00e5rligdomme &#8211; dyr. I akutte tilf\u00e6lde er det kun n\u00f8dvendigt at g\u00f8re det i f\u00e5 minutter. I kroniske tilf\u00e6lde, er f\u00f8rste skridt at finde \u00e5rsag og virkning.<\/p>\n\n\n\n<p><span style=\"text-decoration: underline;\">Hvordan man diagnosticerer &#8211; \u00c5rsag og virkning:<\/span><\/p>\n\n\n\n<p id=\"_stroke\">Det er ikke n\u00f8dvendigt at kl\u00e6de patienten helt af, men det er godt at l\u00f8sne alt stramt t\u00f8j, s\u00e5 patienten kan slappe af, mens han eller hun ligger p\u00e5 briksen med ansigtet opad. Det vigtigste er, at finde \u00e5rsagen til sygdommen Start behandlingen fra \u00f8jne, bihule, hypofyse, \u00f8rer, hals, skjoldbruskkirtler, thymus, mave, galdebl\u00e6re, lever, bugspytkirtel, solar plexus, ileocecum, tyktarm, sigmoid flexure, \u00e6ggestokkirtler, bl\u00e6re, derefter brystkasse og hjerte. Vend patienten om, behandl ryggen, lungerne, det sympatiske nervesystem, nyrerne, milten og prostatakirtlerne. Stol p\u00e5 dine h\u00e6nder under behandlingen Lyt til vibrationerne eller reaktionen. Hvis der er smerte, kan smerten m\u00e6rkes i fingerspidserne og h\u00e5ndfladen. Hvis patienten har kl\u00f8e, reagerer det p\u00e5 samme m\u00e5de; hvis den er dyb og kronisk, giver det en dyb smerte, eller hvis den er akut, er smerten en overfladisk prikken. S\u00e5 snart kroppen reagerer p\u00e5 behandlingen, forsvinder den akutte lidelse, men \u00e5rsagen forbliver. Dyk ned i \u00e5rsagen dagligt, og der vil v\u00e6re synlig forbedring med hver behandling. Efter at organerne s\u00e5ledes er blevet behandlet, afslutter jeg behandlingen med et nervestr\u00f8g, hvilket regulerer cirkulationen. P\u00e5f\u00f8r et par dr\u00e5ber sesamolie eller en hvilken som helst ren vegetabilsk olie p\u00e5 huden. Jeg placerer min tommelfinger og pegefinger p\u00e5 venstre side af rygs\u00f8jlen og de tre fingre og h\u00e5ndfladen fladt p\u00e5 h\u00f8jre side af rygs\u00f8jlen. Med et nedadg\u00e5ende str\u00f8g 10 til 15 str\u00f8g fra skuldrene til enden af rygraden. Kun i diabetestilf\u00e6lde er str\u00f8gene omvendt; her laves de i retning mod hjertet.<\/p>\n\n\n\n<hr class=\"wp-block-separator has-text-color has-black-color has-css-opacity has-black-background-color has-background is-style-wide\"\/>\n\n\n\n<p><\/p>\n\n\n\n<p>Side 3<\/p>\n\n\n\n<p>Ovenst\u00e5ende behandling kaldes grundbehandlingen og tager en time eller mere, alt afh\u00e6ngigt af komplikationer og alvoren af det enkelte tilf\u00e6lde. N\u00e5r h\u00e6nderne arbejder sig minuti\u00f8st igennem kroppen, bliver de f\u00f8lsomme og i stand til at bestemme \u00e5rsagen og opdage den mindste overbelastning i kroppen, hvad enten den er fysisk eller psykisk, akut eller kronisk. Reiki er en fuldst\u00e6ndig medicinfri og ublodig behandling, og den vil bringe kroppen tilbage til normal tilstand. <\/p>\n\n\n\n<p><span style=\"text-decoration: underline;\">Udrensningen eller Reaktion:<\/span><\/p>\n\n\n\n<p>I l\u00f8bet af fire dage til tre uger finder en stor forandring sted i kroppen, alle organer og kirtler begynder at fungere med meget kraft og rytme. Ford\u00f8jelsesv\u00e6skerne s\u00e6tter et normalt flow i gang, de overbelastede nerver slapper af, sammenviklinger l\u00f8sner sig, den sl\u00f8ve tyktarm kommer sig, ukurante stoffer bliver udskilt fra tarmv\u00e6ggene, gasser forsvinder. Mange \u00e5rs ophobede giftstoffer finder vej ud gennem porerne. Det er en kl\u00e6brig sved. Tarmene vokser, m\u00f8rk og st\u00e6rk i lugt. Urinm\u00e6ngden tiltager og ligner m\u00f8rk te, undertiden hvid, som om mel er r\u00f8rt ud i vand. Det varer fire til seks dage, og alligevel har jeg haft patienter, som reagerede med kun \u00e9n behandling. N\u00e5r dette er konstateret, kan du v\u00e6re sikker p\u00e5, at en omfattende renovering af de indre organer er i gang&#8230; Med s\u00e5 gennemgribende en udrensning bliver kroppen revitaliseret De f\u00f8lelsesl\u00f8se nerver genvinder f\u00f8lelsen, appetitten \u00f8ges, den sunde s\u00f8vn kommer naturligt, \u00f8jnene funkler, huden gl\u00f8der som silke. Med nyt blod og god blodcirkulation, nerver og kirtler genoprettet, er det muligt at forynge sig fem til 10 \u00e5r. P\u00e5 dette tidspunkt er det meget vigtigt, hvad du spiser.<\/p>\n\n\n\n<p><span style=\"text-decoration: underline;\">Kosten:<\/span><\/p>\n\n\n\n<p>I Reiki-sundhedsbehandlingerne er vi vegetarer og spiser s\u00e6sonens frugter. Naturen giver rigeligt, men aldrig til spild. At spise for meget er en synd. Spis med m\u00e5de, med en f\u00f8lelse af taknemmelighed, for at anerkende Den Store \u00c5nd, som er skaberen, som er den kraft, der f\u00e5r tingene til at vokse og blomstre og b\u00e6re frugt. Kom til bordet med behagelige tanker. Spis aldrig, n\u00e5r du er bekymret. M\u00e6lk, hvidt sukker, <s>appelsin- og ananasjuice<\/s> samt stivelse skal undg\u00e5s, n\u00e5r patienten har en sart mave. Med den rigtige kost reagerer patienten hurtigere p\u00e5 behandlingerne.<\/p>\n\n\n\n<p>I min 12-\u00e5rige praksis har erfaringen l\u00e6rt mig nogle f\u00e5 genveje til at finde \u00e5rsagen og opn\u00e5 de bedste resultater. I de f\u00f8lgende behandlinger skal du f\u00f8rst bruge grundbehandlingen og derefter koncentrere dig l\u00e6ngere om de vigtige punkter, der er n\u00e6vnt heri:<\/p>\n\n\n\n<hr class=\"wp-block-separator has-text-color has-black-color has-css-opacity has-black-background-color has-background is-style-wide\"\/>\n\n\n\n<p><\/p>\n\n\n\n<p>Side 4<\/p>\n\n\n\n<p>Fork\u00f8lelse eller &#8220;influenza&#8221; &#8211; Bihule, Hals, Bryst<\/p>\n\n\n\n<p>Lungehindebet\u00e6ndelse &#8211; Lungehinde, hjerte, nyrer<\/p>\n\n\n\n<p>Diabetes &#8211; Lever, bugspytkirtel, milt, nyrer<\/p>\n\n\n\n<p>Luk\u00e6mi &#8211; Lever, bugspytkirtel, milt, hjerte<\/p>\n\n\n\n<p>Galdesten &#8211; galdebl\u00e6re, lever, milt, nyrer<\/p>\n\n\n\n<p>Polio &#8211; Tyndtarmene, solar plexus, tyktarmen, (arme eller ben) rygs\u00f8jlen<\/p>\n\n\n\n<p>Reumatisk feber &#8211; Solar Plexus, nyrer, milt, hjerte<\/p>\n\n\n\n<p>Karbunkel &#8211; Lever, bugspytkirtel, nyrer, karbunkel (ikke tvinge. Den vil l\u00f8be ud, n\u00e5r den er moden.)<\/p>\n\n\n\n<p>Struma, Kvinde &#8211; \u00e6ggestokke, \u00f8jne, hypofyse, skjoldbruskkirtler, hjerte<\/p>\n\n\n\n<p>Struma, Mand &#8211; Prostatakirtler, \u00d8jne, Hypofyse, Thyroider, Hjerte<\/p>\n\n\n\n<p>Sygdom i tungen &#8211; Fods\u00e5ler<\/p>\n\n\n\n<p>Hjerte &#8211; Lever, bugspytkirtel, hjerte, milt, nyrer, sympatiske nervesystem<\/p>\n\n\n\n<p>Kramper &#8211; Lever, Solar Plexus, Tyktarm, Sigmoid (Fold kn\u00e6ene mod brystet. Put puden i munden.)<\/p>\n\n\n\n<p>Blindtarmsbet\u00e6ndelse &#8211; Ileocicum, Sigmoid<\/p>\n\n\n\n<p>Tuberkulose i tarmene &#8211; tyndtarm, tyktarm<\/p>\n\n\n\n<p>Tuberkulose i lungerne &#8211; Hoved, lunger, hjerte, nyrer<\/p>\n\n\n\n<p>Tuberkulose i nyrerne &#8211; Nyrer, bl\u00e6re<\/p>\n\n\n\n<p>Nyresten &#8211; nyre, bl\u00e6re<\/p>\n\n\n\n<p>Graviditet &#8211; Galdebl\u00e6re, \u00e6ggestokke, hypofyse<\/p>\n\n\n\n<p>Lungebet\u00e6ndelse &#8211; Patienten ligger fladt p\u00e5 ryggen. Patienten m\u00e5 ikke flyttes. Ingen str\u00f8g Bryst, Lunger, Lungehinder, Hjerte, Nyrerr Behandl i to timer. Gentag efter otte timer, krisen er overst\u00e5et, forts\u00e6t dagligt.<\/p>\n\n\n\n<p>Astma &#8211; bihule, hals, sv\u00e6lg, lungehinder<\/p>\n\n\n\n<p>Gigt &#8211; mave, nyrer, den ber\u00f8rte del<\/p>\n\n\n\n<p>Reumatisme &#8211; Nyrer, p\u00e5virkede dele<\/p>\n\n\n\n<p>H\u00f8jt og lavt blodtryk, Kvinde &#8211; hoved, hals, hjerte, \u00e6ggestokke<\/p>\n\n\n\n<p>H\u00f8jt og lavt blodtryk, Mand &#8211; hoved, hals, hjerte, prostata<\/p>\n\n\n\n<p>M\u00e6slinger &#8211; Mave, Pluera, \u00d8jne<\/p>\n\n\n\n<p>Blind &#8211; Bugspytkirtel, Hoved, \u00d8jne, \u00c6ggestokke<\/p>\n\n\n\n<p>H\u00f8reproblemer (hvis trommehinderne ikke er sprunget) &#8211; Hoved, bihuler, \u00f8rer<\/p>\n\n\n\n<p>Akutte- og n\u00f8dstilf\u00e6lde &#8211; Giv f\u00f8lgende behandling:<\/p>\n\n\n\n<p>Akut ford\u00f8jelsesbesv\u00e6r &#8211; mave, galdebl\u00e6re<\/p>\n\n\n\n<p>Akut forgiftning &#8211; Fire \u00e6ggehvider, 2 spiseskefulde mel, giv maven behandling og gentag efter opkastning.<\/p>\n\n\n\n<p>Chok &#8211; Solar Plexus, Sympatisk Nervesystem<\/p>\n\n\n\n<p>Hikke &#8211; L\u00f8ft begge arme op, behandl mellemgulvet<\/p>\n\n\n\n<p>S\u00f8syge eller luftsyge &#8211; Galdebl\u00e6re, hypofyse<\/p>\n\n\n\n<hr class=\"wp-block-separator has-text-color has-black-color has-css-opacity has-black-background-color has-background is-style-wide\"\/>\n\n\n\n<p><\/p>\n\n\n\n<p>Side 5<\/p>\n\n\n\n<p>Drukning &#8211; Det vigtigste er at patienten bringes op af vandet til overfladen. Hovedet nedad, benene op. T\u00f8m vandet gennem munden. Anvend kunstigt \u00e5ndedr\u00e6t &#8211; Behandl Solar Plexus, bugspytkirtel, lever, hjerte, lunger, bev\u00e6g h\u00e6nder og f\u00f8dder.<\/p>\n\n\n\n<p>Guldfisk &#8211; Hold om beholderen.<\/p>\n\n\n\n<p>Blomster &#8211; Giv behanding til potten eller stilkene i vand.<\/p>\n\n\n\n<p>Fr\u00f8 &#8211; Giv behandling til fr\u00f8ene f\u00f8r udplantning.<\/p>\n\n\n\n<p>Daggamle kyllinger &#8211; 40 til 60 sekunder<\/p>\n\n\n\n<p>Svin &#8211; K\u00f8er &#8211; Heste &#8211; Hunde &#8211; Bag \u00f8rerne<\/p>\n\n\n\n<p>Forstuvninger &#8211; Bl\u00e5 m\u00e6rker og knoglebrud &#8211; Giv behandling direkte p\u00e5 skaden eller bruddet.<\/p>\n\n\n\n<p>Br\u00e6kkede knogler &#8211; F\u00e5 knoglerne sat sammen. R\u00f8ntgen, l\u00e6g h\u00e6nderne p\u00e5 gipsen.<\/p>\n\n\n<p>Brands\u00e5r &#8211; l\u00e6g h\u00e6nderne direkte p\u00e5 forbr\u00e6ndingerne.<\/p>\n<p>N\u00e5r den studerende er blevet godt bekendt med ovenst\u00e5ende behandlinger og har erfaring, med beviser og vidnesbyrd, er han klar til &#8220;Oku Den&#8221;, eller dybere viden. Den studerende afl\u00e6gger sit andet indvielsesl\u00f8fte, som er en hellig ceremoni. Med viden om &#8220;Oku Den&#8221; har den studerende en fordel i forhold til at hj\u00e6lpe det underbevidste sind &#8211; mentale tilf\u00e6lde &#8211; korrigere d\u00e5rlige vaner &#8211; nervesammenbrud &#8211; s\u00f8vnl\u00f8shed &#8211; langdistancebehandlinger. Hos deprimerede patienter kan man \u00e6ndre deres holdning, s\u00e5 de genfinder den lyse side af livet. N\u00e5r man behandler psykiske lidelser, skal man f\u00f8rst finde \u00e5rsagen. Hvis man fjerner \u00e5rsagen, vil virkningen forsvinde.<\/p>\n\n\n<p><span style=\"text-decoration: underline;\">Levereglerne:<\/span><\/p>\n\n\n\n<p>Blot for i dag &#8211; V\u00e6r ikke vred<br>Blot for i dag &#8211; V\u00e6r ikke bekymret<br>V\u00e6r taknemmelig for de mange velsignelser<br>Tjen dit levebr\u00f8d med \u00e6rligt arbejde<br>V\u00e6r venlig over for dine naboer<\/p>\n\n\n\n<p>V\u00e6rs\u00e5god &#8211; &#8220;Reiki&#8221; &#8211; kunsten at helbrede. Det er en enkel, men alligevel en komplet behandling, med vidunderlige resultater.. B\u00f8rnene viser mere p\u00e5sk\u00f8nnelse p\u00e5 grund af dens blidhed og effektivitet, Dette er den Store \u00c5nds m\u00e5de at g\u00f8re det p\u00e5. Det kan kun g\u00f8re gavn.<\/p>\n\n\n\n<hr class=\"wp-block-separator has-css-opacity is-style-wide\"\/>\n\n\n\n<div style=\"height:25px\" aria-hidden=\"true\" class=\"wp-block-spacer\"><\/div>\n\n\n\n<hr class=\"wp-block-separator has-css-opacity is-style-wide\"\/>\n\n\n\n<div class=\"wp-block-group has-black-color has-text-color has-background\" style=\"background-color:#faf8ed\"><div class=\"wp-block-group__inner-container is-layout-flow wp-block-group-is-layout-flow\">\n<h3 class=\"has-text-align-center wp-block-heading\">Historiske perspektiver<\/h3>\n\n\n\n<p>&#8211; Justin Stein&#8217;s essay <a href=\"https:\/\/reikigreybook.com\/da\/ressourcer\/den-graa-bog-og-reiki-historien\/\" data-type=\"page\" data-id=\"301\">&#8220;The &#8216;Grey Book&#8217; and Reiki History&#8221;<\/a> indeholder en detaljeret forklaring p\u00e5, hvorfor Takata skrev dette essay om The Art of Healing.<\/p>\n<\/div><\/div>\n\n\n\n<hr class=\"wp-block-separator has-css-opacity is-style-wide\"\/>\n\n\n\n<figure class=\"wp-block-table is-style-stripes\"><table class=\"has-black-color has-white-background-color has-text-color has-background\"><tbody><tr><td><a href=\"https:\/\/reikigreybook.com\/da\/laes-den-graa-bog\/behandlingsvejledning\/\">&lt;&#8211; Forrige<\/a><\/td><td class=\"has-text-align-right\" data-align=\"right\"><a href=\"https:\/\/reikigreybook.com\/da\/laes-den-graa-bog\/fotoer\/\">N\u00e6ste &#8211;&gt;<\/a><\/td><\/tr><\/tbody><\/table><\/figure>\n\n\n\n<div style=\"height:25px\" aria-hidden=\"true\" class=\"wp-block-spacer\"><\/div>\n\n\n\n<div style=\"height:100px\" aria-hidden=\"true\" class=\"wp-block-spacer\"><\/div>\n","protected":false},"excerpt":{"rendered":"<p>&lt;&#8211; Forrige N\u00e6ste &#8211;&gt; I mit fors\u00f8g p\u00e5 at skrive dette essay om Healingens Kunst i begr\u00e6nsede ord, vil jeg fors\u00f8ge at v\u00e6re praktisk snarere end teknisk, for det jeg er ved at definere, er ikke forbundet med noget materielt v\u00e6sen som er synligt, og det har hverken en form eller et navn. Jeg tror [&hellip;]<\/p>\n","protected":false},"author":1,"featured_media":0,"parent":8672,"menu_order":3,"comment_status":"closed","ping_status":"closed","template":"","meta":{"footnotes":""},"class_list":["post-9309","page","type-page","status-publish","hentry"],"_links":{"self":[{"href":"https:\/\/reikigreybook.com\/da\/wp-json\/wp\/v2\/pages\/9309","targetHints":{"allow":["GET"]}}],"collection":[{"href":"https:\/\/reikigreybook.com\/da\/wp-json\/wp\/v2\/pages"}],"about":[{"href":"https:\/\/reikigreybook.com\/da\/wp-json\/wp\/v2\/types\/page"}],"author":[{"embeddable":true,"href":"https:\/\/reikigreybook.com\/da\/wp-json\/wp\/v2\/users\/1"}],"replies":[{"embeddable":true,"href":"https:\/\/reikigreybook.com\/da\/wp-json\/wp\/v2\/comments?post=9309"}],"version-history":[{"count":2,"href":"https:\/\/reikigreybook.com\/da\/wp-json\/wp\/v2\/pages\/9309\/revisions"}],"predecessor-version":[{"id":9417,"href":"https:\/\/reikigreybook.com\/da\/wp-json\/wp\/v2\/pages\/9309\/revisions\/9417"}],"up":[{"embeddable":true,"href":"https:\/\/reikigreybook.com\/da\/wp-json\/wp\/v2\/pages\/8672"}],"wp:attachment":[{"href":"https:\/\/reikigreybook.com\/da\/wp-json\/wp\/v2\/media?parent=9309"}],"curies":[{"name":"wp","href":"https:\/\/api.w.org\/{rel}","templated":true}]}}