{"id":8598,"date":"2021-06-15T00:32:01","date_gmt":"2021-06-15T00:32:01","guid":{"rendered":"https:\/\/reikigreybook.com\/contribute\/donationer\/"},"modified":"2024-06-27T13:50:20","modified_gmt":"2024-06-27T13:50:20","slug":"donation","status":"publish","type":"product","link":"https:\/\/reikigreybook.com\/da\/contribute\/donation\/","title":{"rendered":"Bestil et eksemplar"},"content":{"rendered":"","protected":false},"excerpt":{"rendered":"<p>For din donation p\u00e5 73 US $ eller mere vil du modtage en n\u00f8jagtig kopi af den originale <em>Gr\u00e5 Bog<\/em>, trykt p\u00e5 engelsk med Hayashis behandlervejledning p\u00e5 japansk. Den oprindelige udgave fra 1982 blev groft sammensat med fotoreproduktioner fra Takata&#8217;s papirer efter hendes d\u00f8d. Dette 2022 begr\u00e6nsede oplag er trykt p\u00e5 det samme papir i n\u00f8jagtig samme m\u00e5l som de oprindelige 100 eksemplarer.<\/p>\n<p>Alle overs\u00e6ttelser af hele bogen kan l\u00e6ses gratis p\u00e5 dette websted. Den japanske del af bogen er ogs\u00e5 blevet oversat til alle de sprog, som vi tilbyder.<\/p>\n<p>Afh\u00e6ngigt af dit land kan du blive bedt om at betale et mindre bel\u00f8b i moms, n\u00e5r du modtager dit eksemplar af bogen. Din donation g\u00f8r det muligt for os at distribuere bogen til folk overalt i verden. Vores m\u00e5l for projektet er at st\u00f8tte hinanden og g\u00f8re vores bidrag lige store.<\/p>\n","protected":false},"featured_media":8003,"template":"","meta":[],"product_brand":[],"product_cat":[129],"product_tag":[],"class_list":{"0":"post-8598","1":"product","2":"type-product","3":"status-publish","4":"has-post-thumbnail","6":"product_cat-fa-en-kopi","7":"product_shipping_class-donation-shipping-class-da","9":"first","10":"instock","11":"sold-individually","12":"taxable","13":"purchasable","14":"product-type-donation"},"_links":{"self":[{"href":"https:\/\/reikigreybook.com\/da\/wp-json\/wp\/v2\/product\/8598","targetHints":{"allow":["GET"]}}],"collection":[{"href":"https:\/\/reikigreybook.com\/da\/wp-json\/wp\/v2\/product"}],"about":[{"href":"https:\/\/reikigreybook.com\/da\/wp-json\/wp\/v2\/types\/product"}],"wp:featuredmedia":[{"embeddable":true,"href":"https:\/\/reikigreybook.com\/da\/wp-json\/wp\/v2\/media\/8003"}],"wp:attachment":[{"href":"https:\/\/reikigreybook.com\/da\/wp-json\/wp\/v2\/media?parent=8598"}],"wp:term":[{"taxonomy":"product_brand","embeddable":true,"href":"https:\/\/reikigreybook.com\/da\/wp-json\/wp\/v2\/product_brand?post=8598"},{"taxonomy":"product_cat","embeddable":true,"href":"https:\/\/reikigreybook.com\/da\/wp-json\/wp\/v2\/product_cat?post=8598"},{"taxonomy":"product_tag","embeddable":true,"href":"https:\/\/reikigreybook.com\/da\/wp-json\/wp\/v2\/product_tag?post=8598"}],"curies":[{"name":"wp","href":"https:\/\/api.w.org\/{rel}","templated":true}]}}