{"id":9754,"date":"2024-06-20T08:11:49","date_gmt":"2024-06-20T08:11:49","guid":{"rendered":"https:\/\/reikigreybook.com\/contribute\/sales-page\/"},"modified":"2025-07-01T00:12:31","modified_gmt":"2025-07-01T00:12:31","slug":"bulk-orders","status":"publish","type":"product","link":"https:\/\/reikigreybook.com\/da\/contribute\/bulk-orders\/","title":{"rendered":"Masseordrer"},"content":{"rendered":"<p>Description about the Sales Page<\/p>\n","protected":false},"excerpt":{"rendered":"<p>Her kan du bestille flere eksemplarer af <em>Reiki: The Grey Book. <\/em> N\u00e5r du bestiller flere eksemplarer, reduceres forsendelsesomkostningerne, hvilket resulterer i betydelige besparelser.<\/p>\n<p>Valgmulighederne nedenfor er for 2, 5 og 10 eksemplarer af bogen. Hvis du har brug for et andet antal b\u00f8ger, bedes du sende en e-mail til<a href=\"mailto:info@ReikiGreyBook.com\">info@ReikiGreyBook.com<\/a> for at f\u00e5 et pristilbud.<\/p>\n<p>Afh\u00e6ngigt af dit land kan du blive bedt om at betale et mindre bel\u00f8b i moms, n\u00e5r du modtager dine kopier af bogen.<\/p>\n","protected":false},"featured_media":9812,"template":"","meta":[],"product_brand":[],"product_cat":[194],"product_tag":[],"class_list":{"0":"post-9754","1":"product","2":"type-product","3":"status-publish","4":"has-post-thumbnail","6":"product_cat-fa-flere-kopier","8":"first","9":"instock","10":"purchasable","11":"product-type-variable"},"_links":{"self":[{"href":"https:\/\/reikigreybook.com\/da\/wp-json\/wp\/v2\/product\/9754","targetHints":{"allow":["GET"]}}],"collection":[{"href":"https:\/\/reikigreybook.com\/da\/wp-json\/wp\/v2\/product"}],"about":[{"href":"https:\/\/reikigreybook.com\/da\/wp-json\/wp\/v2\/types\/product"}],"wp:featuredmedia":[{"embeddable":true,"href":"https:\/\/reikigreybook.com\/da\/wp-json\/wp\/v2\/media\/9812"}],"wp:attachment":[{"href":"https:\/\/reikigreybook.com\/da\/wp-json\/wp\/v2\/media?parent=9754"}],"wp:term":[{"taxonomy":"product_brand","embeddable":true,"href":"https:\/\/reikigreybook.com\/da\/wp-json\/wp\/v2\/product_brand?post=9754"},{"taxonomy":"product_cat","embeddable":true,"href":"https:\/\/reikigreybook.com\/da\/wp-json\/wp\/v2\/product_cat?post=9754"},{"taxonomy":"product_tag","embeddable":true,"href":"https:\/\/reikigreybook.com\/da\/wp-json\/wp\/v2\/product_tag?post=9754"}],"curies":[{"name":"wp","href":"https:\/\/api.w.org\/{rel}","templated":true}]}}