{"id":3295,"date":"2021-05-09T03:43:10","date_gmt":"2021-05-09T03:43:10","guid":{"rendered":"https:\/\/reikigreybook.com\/takatas-master-certificate\/"},"modified":"2023-01-01T16:48:35","modified_gmt":"2023-01-01T16:48:35","slug":"takatas-master-certificate","status":"publish","type":"page","link":"https:\/\/reikigreybook.com\/de\/the-grey-book\/takatas-master-certificate\/","title":{"rendered":"Takatas Meister-Zertifikat"},"content":{"rendered":"\n<figure class=\"wp-block-table is-style-stripes\"><table class=\"has-black-color has-white-background-color has-text-color has-background\"><tbody><tr><td><a href=\"https:\/\/reikigreybook.com\/de\/the-grey-book\/photos\/\">&lt;&#8211; Vorheriger Abschnitt<\/a><\/td><td class=\"has-text-align-right\" data-align=\"right\"><a href=\"https:\/\/reikigreybook.com\/de\/the-grey-book\/meister-schuelerinnen-und-schueler\/\">N\u00e4chster Abschnitt &#8211;&gt;<\/a><\/td><\/tr><\/tbody><\/table><\/figure>\n\n\n\n<div style=\"height:25px\" aria-hidden=\"true\" class=\"wp-block-spacer\"><\/div>\n\n\n\n<p class=\"has-text-align-center\"><strong>Z E R T I F I K A T<\/strong><\/p>\n\n\n\n<p>          <span style=\"text-decoration: underline;\">HIERMIT WIRD BESCHEINIGT,<\/span> dass <span style=\"text-decoration: underline;\">Frau Hawayo Takata<\/span>, eine amerikanische Staatsb\u00fcrgerin, die im Territorium von Hawaii geboren wurde, nach einem Lehrgang des Studiums und der Ausbildung im Usui-System der Reiki-Heilung, welcher unter meiner pers\u00f6nlichen Aufsicht w\u00e4hrend eines Besuchs in Japan im Jahr 1935 und anschliessend durchgef\u00fchrt wurde, alle Pr\u00fcfungen bestanden und sich als w\u00fcrdig und f\u00e4hig erwiesen hat, die Behandlung zu verabreichen und die Kraft des Reiki auf andere zu \u00fcbertragen.<br> DAHER \u00fcbertrage ich, Dr. Chujiro Hayashi, kraft meiner Autorit\u00e4t als Meister des Usui Reiki-Systems des medikamentenfreien Heilens, hiermit Frau Hawayo Takata die volle Macht und Autorit\u00e4t, das Reiki-System zu praktizieren und anderen das geheime Wissen und die Gabe des Heilens nach diesem System zu vermitteln.<br> FRAU HAWAYO TAKATA wird hiermit von mir als Praktizierende und Meisterin des Dr. Usui-Reiki-Heilungs-Systems zertifiziert, als eine der dreizehn voll qualifizierten Meister*innen dieses Berufes. Zur Zeit ist sie die einzige Person in den Vereinigten Staaten, die erm\u00e4chtigt ist, anderen \u00e4hnliche Kr\u00e4fte zu verleihen.<br><br> Unterzeichnet von mir an diesem 21. Tag des Februars 1938, in der Stadt und dem Landkreis Honolulu, Territorium Hawaii.<\/p>\n\n\n\n<p class=\"has-text-align-right\">(SIGNIERT) Chujiro Hayashi<\/p>\n\n\n\n<p class=\"has-text-align-left\">Zeuge seiner Unterschrift:<br><span style=\"text-decoration: underline;\">Yoshino Hanao<\/span><\/p>\n\n\n\n<hr class=\"wp-block-separator has-text-color has-black-color has-css-opacity has-black-background-color has-background is-style-wide\"\/>\n\n\n\n<p class=\"has-text-align-left\"><em>TERRITORIUM VON HAWAII<br>Stadt und Landkreis Honolulu<br> An diesem <span style=\"text-decoration: underline;\">21.<\/span> Tag des <span style=\"text-decoration: underline;\">Februars <\/span>1938 A.D. erschien vor mir pers\u00f6nlich (DR.) CHUJIRO HAYASHI, der mir als die Person bekannt ist, welche in der vorliegenden Urkunde beschrieben ist und diese angefertigt hat, und best\u00e4tigte, dass <span style=\"text-decoration: underline;\">ER <\/span>dies als <span style=\"text-decoration: underline;\">SEINE<\/span> freie Handlung und Tat ausgef\u00fchrt hat.<br>          <span style=\"text-decoration: underline;\">(unleserliche Unterschrift<\/span>)<br> \u00d6ffentlicher Notar, Erster Gerichtsbezirk,<br> Territorium von Hawaii<\/em><br><\/p>\n\n\n\n<figure class=\"wp-block-image size-large\"><img fetchpriority=\"high\" decoding=\"async\" width=\"600\" height=\"826\" src=\"https:\/\/reikigreybook.com\/wp-content\/uploads\/2021\/05\/Photo-of-Hawayo-Takatas-Master-Certificate-from-the-Grey_book.png\" alt=\"\" class=\"wp-image-516\" srcset=\"https:\/\/reikigreybook.com\/wp-content\/uploads\/2021\/05\/Photo-of-Hawayo-Takatas-Master-Certificate-from-the-Grey_book.png 600w, https:\/\/reikigreybook.com\/wp-content\/uploads\/2021\/05\/Photo-of-Hawayo-Takatas-Master-Certificate-from-the-Grey_book-218x300.png 218w\" sizes=\"(max-width: 600px) 100vw, 600px\" \/><\/figure>\n\n\n\n<figure class=\"wp-block-table is-style-stripes\"><table class=\"has-black-color has-white-background-color has-text-color has-background\"><tbody><tr><td><a href=\"https:\/\/reikigreybook.com\/de\/the-grey-book\/photos\/\">&lt;&#8211; Vorheriger Abschnitt<\/a><\/td><td class=\"has-text-align-right\" data-align=\"right\"><a href=\"https:\/\/reikigreybook.com\/de\/the-grey-book\/meister-schuelerinnen-und-schueler\/\">N\u00e4chster Abschnitt &#8211;&gt;<\/a><\/td><\/tr><\/tbody><\/table><\/figure>\n\n\n\n<div style=\"height:100px\" aria-hidden=\"true\" class=\"wp-block-spacer\"><\/div>\n","protected":false},"excerpt":{"rendered":"<p>&lt;&#8211; Vorheriger Abschnitt N\u00e4chster Abschnitt &#8211;&gt; Z E R T I F I K A T HIERMIT WIRD BESCHEINIGT, dass Frau Hawayo Takata, eine amerikanische Staatsb\u00fcrgerin, die im Territorium von Hawaii geboren wurde, nach einem Lehrgang des Studiums und der Ausbildung im Usui-System der Reiki-Heilung, welcher unter meiner pers\u00f6nlichen Aufsicht w\u00e4hrend eines Besuchs in Japan [&hellip;]<\/p>\n","protected":false},"author":1,"featured_media":0,"parent":3420,"menu_order":5,"comment_status":"closed","ping_status":"closed","template":"","meta":{"footnotes":""},"class_list":["post-3295","page","type-page","status-publish","hentry"],"_links":{"self":[{"href":"https:\/\/reikigreybook.com\/de\/wp-json\/wp\/v2\/pages\/3295","targetHints":{"allow":["GET"]}}],"collection":[{"href":"https:\/\/reikigreybook.com\/de\/wp-json\/wp\/v2\/pages"}],"about":[{"href":"https:\/\/reikigreybook.com\/de\/wp-json\/wp\/v2\/types\/page"}],"author":[{"embeddable":true,"href":"https:\/\/reikigreybook.com\/de\/wp-json\/wp\/v2\/users\/1"}],"replies":[{"embeddable":true,"href":"https:\/\/reikigreybook.com\/de\/wp-json\/wp\/v2\/comments?post=3295"}],"version-history":[{"count":5,"href":"https:\/\/reikigreybook.com\/de\/wp-json\/wp\/v2\/pages\/3295\/revisions"}],"predecessor-version":[{"id":8664,"href":"https:\/\/reikigreybook.com\/de\/wp-json\/wp\/v2\/pages\/3295\/revisions\/8664"}],"up":[{"embeddable":true,"href":"https:\/\/reikigreybook.com\/de\/wp-json\/wp\/v2\/pages\/3420"}],"wp:attachment":[{"href":"https:\/\/reikigreybook.com\/de\/wp-json\/wp\/v2\/media?parent=3295"}],"curies":[{"name":"wp","href":"https:\/\/api.w.org\/{rel}","templated":true}]}}