{"id":3427,"date":"2021-05-09T02:59:04","date_gmt":"2021-05-09T02:59:04","guid":{"rendered":"https:\/\/reikigreybook.com\/the-grey-book\/takatas-diary-entries\/"},"modified":"2023-03-10T22:14:30","modified_gmt":"2023-03-10T22:14:30","slug":"takatas-diary-entries","status":"publish","type":"page","link":"https:\/\/reikigreybook.com\/de\/the-grey-book\/takatas-diary-entries\/","title":{"rendered":"Takatas Tagebucheintr\u00e4ge"},"content":{"rendered":"\n<figure class=\"wp-block-table is-style-stripes\"><table class=\"has-black-color has-white-background-color has-text-color has-background\"><tbody><tr><td><\/td><td class=\"has-text-align-right\" data-align=\"right\"><a href=\"https:\/\/reikigreybook.com\/de\/the-grey-book\/therapy-guide\/\">N\u00e4chster Abschnitt&#8211;&gt;<\/a><\/td><\/tr><\/tbody><\/table><\/figure>\n\n<div style=\"height:25px\" aria-hidden=\"true\" class=\"wp-block-spacer\"><\/div>\n\n<p>10. Dez. 1935<\/p>\n\n<p id=\"_up\">Die Wirkung der &#8222;Leiki&#8220;-Energie selbst, wird, wenn sie in konzentrierter Form auf den Patienten angewendet wird, alle Krankheiten heilen. Es ist der Natur bestes Heilmittel, das keine Medikamente braucht. Es hilft in jeder Hinsicht, dem menschlichen und tierischen Leben. Um sich zu konzentrieren, muss man seine Denkweise in Worten &amp; Gedanken reinigen &amp; meditieren, damit die &#8222;Energie&#8220; von innen herauskommen kann. Es liegt in der Tiefe deines Bauches, etwa 5 cm unterhalb des Nabels. Setze dich bequem hin, schlie\u00dfe deine Augen, konzentriere dich auf deine Gedanken &amp; entspanne dich, lege die H\u00e4nde aufeinander &amp; warte auf das Zeichen. Die H\u00e4nde sanft und vorsichtig auflegen, beginnend vom Kopf &#8222;heand&#8220;<sup><a href=\"#_1\" data-type=\"internal\" data-id=\"#_1\">[1]<\/a><\/sup>nach unten. Der Patient, der diese Behandlung erhalten wird, muss seine Gedanken reinigen, sich wohl f\u00fchlen und den Wunsch haben, gesund zu werden. Man darf nicht vergessen, sich dankbar zu f\u00fchlen. Dankbarkeit ist ein gro\u00dfartiges Heilmittel f\u00fcr den Geist. In allen F\u00e4llen konnte der Patient nur durch Ber\u00fchrung der Hand diagnostiziert werden.<\/p>\n\n<hr class=\"wp-block-separator has-css-opacity is-style-wide\"\/>\n\n<p><\/p>\n\n<p>2. April 1936<\/p>\n\n<p>Vater war erk\u00e4ltet und m\u00fcde. Er wurde behandelt und konnte die Pr\u00fcfung am 7. <sup> <\/sup>machen und die R\u00fcckreise nach Kauai am 10. <sup> <\/sup>antreten. Nachdem wir uns verabschiedet hatten, kam ich mit Julia zu Frau Hayashis Haus zur\u00fcck. Sie waren so nett und haben mich gebeten, bei ihnen zu bleiben, also bin ich von dieser Nacht an hier geblieben. Das muss mein echter Gl\u00fcckstag gewesen sein, wie ich jetzt finde. Ich habe so viel Wissen \u00fcber Behandlungen erworben, dass ich Patienten ganz nat\u00fcrlich behandelt habe. Ging f\u00fcr 2 Tage um die beiden M\u00e4dchen von Baron Toku zu behandeln und sie wurden geheilt, Frau Harazawa im Keio-Krankenhaus, jeden Abend um 19:30 Uhr &#8211; Behandlung f\u00fcr nach der Operation &#8211; findet es sehr gut und schnelle Erholung. Im B\u00fcro zu Hause haben die Patienten stetig zugenommen, seit ich<\/p>\n\n<hr class=\"wp-block-separator has-css-opacity is-style-wide\"\/>\n\n<p><\/p>\n\n<p>Mai 1936<br\/><s>April 1936<\/s><\/p>\n\n<p>zu ihnen gekommen bin, das gibt mir ein gutes Gef\u00fchl und ist sehr ermutigend. Mehr als erfreulich war, dass Herr Hayashi mir die Geheimnisse von Shinpi Den, Kokiyu-Ho und dem Leiji-Ho, dem gr\u00f6\u00dften Geheimnis der Energiewissenschaft, anvertraut hat.<\/p>\n\n<p>Niemand kann sich vorstellen, wie gl\u00fccklich ich bin, dass ich die Ehre und den Respekt habe, mit diesem Geschenk bedacht zu werden &#8211; einem Geschenk f\u00fcr ein ganzes Leben &amp; ich habe in mir versprochen, f\u00fcr diese sch\u00f6ne wunderbare Lehre, die ich gerade erhalten habe, mein M\u00f6glichstes zu tun Ich verspreche, dass ich durch Aufrichtigkeit und G\u00fcte das Richtige tun und die Lehre und ihren Lehrer mit gr\u00f6\u00dfter Ehrfurcht und Respekt begegnen und achten werde.<\/p>\n\n<hr class=\"wp-block-separator has-css-opacity is-style-wide\"\/>\n\n<p><\/p>\n\n<p>29. March 1937<\/p>\n\n<p>Das Gesetz des Karmas, besagt den Lehren zufolge, dass wenn wir uns treffen, dies der Beginn des Abschieds ist.<\/p>\n\n<hr class=\"wp-block-separator has-css-opacity is-style-wide\"\/>\n\n<div style=\"height:40px\" aria-hidden=\"true\" class=\"wp-block-spacer\"><\/div>\n\n<hr class=\"wp-block-separator has-text-color has-black-color has-css-opacity has-black-background-color has-background is-style-wide\"\/>\n\n<div class=\"wp-block-group has-black-color has-text-color has-background\" style=\"background-color:#faf8ed\"><div class=\"wp-block-group__inner-container is-layout-flow wp-block-group-is-layout-flow\">\n<h3 class=\"has-text-align-center wp-block-heading\">Geschichtliche Perspektiven<\/h3>\n\n\n\n<p>Mehr \u00fcber den Kontext dieser Tagebucheintr\u00e4ge und die von Takata beschriebenen Techniken erfahren Sie in Dr. Justin Steins Essay <a href=\"https:\/\/reikigreybook.com\/de\/resources\/das-graue-buch-und-die-reiki-geschichte\/\">&#8222;Das &#8218;Graue Buch&#8216; und die Reiki-Geschichte<\/a>&#8222;.<\/p>\n<\/div><\/div>\n\n<hr class=\"wp-block-separator has-text-color has-black-color has-css-opacity has-black-background-color has-background is-style-wide\"\/>\n\n<div style=\"height:25px\" aria-hidden=\"true\" class=\"wp-block-spacer\"><\/div>\n\n<hr class=\"wp-block-separator has-text-color has-black-color has-css-opacity has-black-background-color has-background is-style-wide\"\/>\n\n<div class=\"wp-block-group alignwide has-background\" style=\"background-color:#faf8ed\"><div class=\"wp-block-group__inner-container is-layout-flow wp-block-group-is-layout-flow\">\n<p class=\"has-text-align-center has-background\" id=\"_1\" style=\"background-color:#faf8ed;font-size:30px\"><strong>Historische Anmerkung<\/strong><\/p>\n\n\n\n<div class=\"wp-block-media-text alignwide has-media-on-the-right is-stacked-on-mobile is-vertically-aligned-center has-background\" style=\"background-color:#faf8ed\"><div class=\"wp-block-media-text__content\">\n<p>[1] Der obige Text gibt Takatas Worte exakt wieder, einschlie\u00dflich der Rechtschreibfehler Was diese Uneindeutigkeit betrifft, die von einigen als &#8222;Kopf&#8220; und von anderen als &#8222;Herz&#8220; gelesen wird, schreibt Dr. Justin Stein: &#8222;Ich bin zu der \u00dcberzeugung gelangt, dass es nicht &#8222;Herz&#8220; heisst, weil sie bei ihren &#8222;t&#8220; bewu\u00dft ein Kreuz gemacht hat und dies nicht gekreuzt ist. <a href=\"#_up\">^ up<\/a><\/p>\n<\/div><figure class=\"wp-block-media-text__media\"><img fetchpriority=\"high\" decoding=\"async\" width=\"874\" height=\"464\" src=\"https:\/\/reikigreybook.com\/wp-content\/uploads\/2021\/05\/Screen-Shot-2021-05-16-at-3.20.43-PM.png\" alt=\"\" class=\"wp-image-870 size-full\" srcset=\"https:\/\/reikigreybook.com\/wp-content\/uploads\/2021\/05\/Screen-Shot-2021-05-16-at-3.20.43-PM.png 874w, https:\/\/reikigreybook.com\/wp-content\/uploads\/2021\/05\/Screen-Shot-2021-05-16-at-3.20.43-PM-600x319.png 600w, https:\/\/reikigreybook.com\/wp-content\/uploads\/2021\/05\/Screen-Shot-2021-05-16-at-3.20.43-PM-300x159.png 300w, https:\/\/reikigreybook.com\/wp-content\/uploads\/2021\/05\/Screen-Shot-2021-05-16-at-3.20.43-PM-768x408.png 768w\" sizes=\"(max-width: 874px) 100vw, 874px\" \/><\/figure><\/div>\n\n\n\n<p><\/p>\n<\/div><\/div>\n\n<hr class=\"wp-block-separator has-text-color has-black-color has-css-opacity has-black-background-color has-background is-style-wide\"\/>\n\n<div style=\"height:25px\" aria-hidden=\"true\" class=\"wp-block-spacer\"><\/div>\n\n<figure class=\"wp-block-table is-style-stripes\"><table class=\"has-black-color has-white-background-color has-text-color has-background\"><tbody><tr><td><\/td><td class=\"has-text-align-right\" data-align=\"right\"><a href=\"https:\/\/reikigreybook.com\/de\/the-grey-book\/therapy-guide\/\">N\u00e4chster Abschnitt&#8211;&gt;<\/a><\/td><\/tr><\/tbody><\/table><\/figure>\n\n<div style=\"height:100px\" aria-hidden=\"true\" class=\"wp-block-spacer\"><\/div>\n\n<p><\/p>\n","protected":false},"excerpt":{"rendered":"<p>N\u00e4chster Abschnitt&#8211;&gt; 10. Dez. 1935 Die Wirkung der &#8222;Leiki&#8220;-Energie selbst, wird, wenn sie in konzentrierter Form auf den Patienten angewendet wird, alle Krankheiten heilen. Es ist der Natur bestes Heilmittel, das keine Medikamente braucht. Es hilft in jeder Hinsicht, dem menschlichen und tierischen Leben. Um sich zu konzentrieren, muss man seine Denkweise in Worten &amp; [&hellip;]<\/p>\n","protected":false},"author":1,"featured_media":0,"parent":3420,"menu_order":1,"comment_status":"closed","ping_status":"closed","template":"","meta":{"footnotes":""},"class_list":["post-3427","page","type-page","status-publish","hentry"],"_links":{"self":[{"href":"https:\/\/reikigreybook.com\/de\/wp-json\/wp\/v2\/pages\/3427","targetHints":{"allow":["GET"]}}],"collection":[{"href":"https:\/\/reikigreybook.com\/de\/wp-json\/wp\/v2\/pages"}],"about":[{"href":"https:\/\/reikigreybook.com\/de\/wp-json\/wp\/v2\/types\/page"}],"author":[{"embeddable":true,"href":"https:\/\/reikigreybook.com\/de\/wp-json\/wp\/v2\/users\/1"}],"replies":[{"embeddable":true,"href":"https:\/\/reikigreybook.com\/de\/wp-json\/wp\/v2\/comments?post=3427"}],"version-history":[{"count":5,"href":"https:\/\/reikigreybook.com\/de\/wp-json\/wp\/v2\/pages\/3427\/revisions"}],"predecessor-version":[{"id":9224,"href":"https:\/\/reikigreybook.com\/de\/wp-json\/wp\/v2\/pages\/3427\/revisions\/9224"}],"up":[{"embeddable":true,"href":"https:\/\/reikigreybook.com\/de\/wp-json\/wp\/v2\/pages\/3420"}],"wp:attachment":[{"href":"https:\/\/reikigreybook.com\/de\/wp-json\/wp\/v2\/media?parent=3427"}],"curies":[{"name":"wp","href":"https:\/\/api.w.org\/{rel}","templated":true}]}}