{"id":4217,"date":"2021-05-10T00:36:06","date_gmt":"2021-05-10T00:36:06","guid":{"rendered":"https:\/\/reikigreybook.com\/home\/"},"modified":"2023-03-13T14:46:26","modified_gmt":"2023-03-13T14:46:26","slug":"home","status":"publish","type":"page","link":"https:\/\/reikigreybook.com\/de\/","title":{"rendered":"Home"},"content":{"rendered":"\n<div class=\"wp-block-media-text alignwide has-media-on-the-right is-stacked-on-mobile is-vertically-aligned-center\" style=\"grid-template-columns:auto 47%\"><div class=\"wp-block-media-text__content\">\n<h3 class=\"has-medium-font-size wp-block-heading\" id=\"block-7f721ac0-0de0-4883-bbe2-96463971ebb9\"><a href=\"https:\/\/reikigreybook.com\/de\/the-grey-book\/\">EINF\u00dcHRUNG<\/a><br\/><strong><em>Reiki: Das Graue<\/em><\/strong> <em>Buch<\/em><\/h3>\n\n\n\n<hr class=\"wp-block-separator has-text-color has-cyan-bluish-gray-color has-alpha-channel-opacity has-cyan-bluish-gray-background-color has-background is-style-wide\"\/>\n\n\n\n<p><\/p>\n\n\n\n<p>Das Graue Buch, das 1982 in einer Auflage von 100 Exemplaren gedruckt wurde, wurde den 22 von Hawayo Takata anerkannten Meister*innen geschenkt. Der Text ist auf Englisch, der Therapieleitfaden von Hayashi auf Japanisch. <\/p>\n\n\n\n<p>Diese zum 40. Jahrestag auf 1500 Exemplare limitierte Ausgabe, die vom Privatbesitz von Phyllis Lei Furumoto und dem Office of the Grandmaster autorisiert wurde, wurde von Phyllis&#8216; pers\u00f6nlichem Exemplar reproduziert.<\/p>\n<\/div><figure class=\"wp-block-media-text__media\"><img fetchpriority=\"high\" decoding=\"async\" width=\"716\" height=\"904\" src=\"https:\/\/reikigreybook.com\/wp-content\/uploads\/2022\/05\/The-Grey-Book-Cover-only-med.jpg\" alt=\"Foto des Einbands des Nachdrucks der limitierten Auflage 2022 von Reiki: The Grey Book\" class=\"wp-image-6288 size-full\" srcset=\"https:\/\/reikigreybook.com\/wp-content\/uploads\/2022\/05\/The-Grey-Book-Cover-only-med.jpg 716w, https:\/\/reikigreybook.com\/wp-content\/uploads\/2022\/05\/The-Grey-Book-Cover-only-med-600x758.jpg 600w, https:\/\/reikigreybook.com\/wp-content\/uploads\/2022\/05\/The-Grey-Book-Cover-only-med-238x300.jpg 238w\" sizes=\"(max-width: 716px) 100vw, 716px\" \/><\/figure><\/div>\n\n<div style=\"height:25px\" aria-hidden=\"true\" class=\"wp-block-spacer\"><\/div>\n\n<div class=\"wp-block-buttons is-content-justification-center is-nowrap is-layout-flex wp-container-core-buttons-is-layout-1fb9aab6 wp-block-buttons-is-layout-flex\">\n<div class=\"wp-block-button has-custom-width wp-block-button__width-50 has-custom-font-size is-style-outline has-medium-font-size is-style-outline--1\" style=\"letter-spacing:0.3px\"><a class=\"wp-block-button__link has-vivid-red-color has-white-background-color has-text-color has-background wp-element-button\" href=\"https:\/\/reikigreybook.com\/de\/contribute\/spende\/\" style=\"border-radius:9px\" target=\"_blank\" rel=\"noreferrer noopener\">Sich das Buch beschaffen<\/a><\/div>\n\n\n\n<div class=\"wp-block-button has-custom-width wp-block-button__width-50 has-custom-font-size is-style-outline has-medium-font-size is-style-outline--2\" style=\"letter-spacing:0.3px\"><a class=\"wp-block-button__link has-vivid-red-color has-white-background-color has-text-color has-background wp-element-button\" href=\"https:\/\/reikigreybook.com\/de\/the-grey-book\/takatas-diary-entries\/\" style=\"border-radius:9px\">Mit dem Lesen beginnen<\/a><\/div>\n<\/div>\n\n<div style=\"height:50px\" aria-hidden=\"true\" class=\"wp-block-spacer\"><\/div>\n\n<div class=\"wp-block-media-text alignwide is-stacked-on-mobile is-vertically-aligned-center\" style=\"grid-template-columns:47% auto\"><figure class=\"wp-block-media-text__media\"><img decoding=\"async\" width=\"675\" height=\"940\" src=\"https:\/\/reikigreybook.com\/wp-content\/uploads\/2022\/05\/Inviting-Generosity-vertical.jpg\" alt=\"\" class=\"wp-image-6070 size-full\" srcset=\"https:\/\/reikigreybook.com\/wp-content\/uploads\/2022\/05\/Inviting-Generosity-vertical.jpg 675w, https:\/\/reikigreybook.com\/wp-content\/uploads\/2022\/05\/Inviting-Generosity-vertical-600x836.jpg 600w, https:\/\/reikigreybook.com\/wp-content\/uploads\/2022\/05\/Inviting-Generosity-vertical-215x300.jpg 215w\" sizes=\"(max-width: 675px) 100vw, 675px\" \/><\/figure><div class=\"wp-block-media-text__content\">\n<h3 class=\"has-medium-font-size wp-block-heading\" id=\"block-8d66a3b3-6cd6-4677-9fa6-3e9b45690c43\"><a href=\"https:\/\/reikigreybook.com\/de\/about-us\/inviting-generosity\/\">GROSSZ\u00dcGIGKEIT EINLADEN<\/a><br\/><strong><em>Reiki: Das Graue Buch<\/em><\/strong><\/h3>\n\n\n\n<hr class=\"wp-block-separator has-text-color has-cyan-bluish-gray-color has-alpha-channel-opacity has-cyan-bluish-gray-background-color has-background is-style-wide\"\/>\n\n\n\n<p><\/p>\n\n\n\n<p>Alice Takata Furumoto ver\u00f6ffentlichte das <em>Graue Buch<\/em>1982 als ein Geschenk an die Reiki Meisterinnen und Meister, die ihre Mutter, Hawayo Takata, eingeweiht hatte. <a href=\"https:\/\/reikigreybook.com\/de\/about-us\/the-grey-book-team\/\" data-type=\"page\" data-id=\"700\">Das Graue Buch-Team<\/a> m\u00f6chte dieses Verm\u00e4chtnis der Gro\u00dfz\u00fcgigkeit fortsetzen, indem sie der weltweiten Reiki-Gemeinschaft \u00dcbersetzungen des Originaltextes als Geschenk anbietet.<\/p>\n\n\n\n<p><a href=\"https:\/\/reikigreybook.com\/de\/contribute\/spende\/\">Wir laden dich ein, Teil dieses Verm\u00e4chtnisses des Gebens zu sein.<\/a> Unterst\u00fctze das Projekt des <em>Grauen Buches,<\/em> indem du eine Spende f\u00fcr weitere \u00dcbersetzungen dieses Textes machst.<\/p>\n\n\n\n<p><\/p>\n\n\n\n<div class=\"wp-block-buttons is-layout-flex wp-block-buttons-is-layout-flex\">\n<div class=\"wp-block-button has-custom-width wp-block-button__width-100 is-style-outline is-style-outline--3\"><a class=\"wp-block-button__link has-vivid-red-color has-white-background-color has-text-color has-background wp-element-button\" href=\"https:\/\/reikigreybook.com\/de\/contribute\/spende\/\" style=\"border-radius:13px\">F\u00fcr \u00dcbersetzungen schenken<\/a><\/div>\n<\/div>\n\n\n\n<p><\/p>\n<\/div><\/div>\n\n<div style=\"height:75px\" aria-hidden=\"true\" class=\"wp-block-spacer\"><\/div>\n\n<div class=\"wp-block-cover alignwide is-light has-custom-content-position is-position-bottom-center is-position-center-center\" style=\"min-height:97px;aspect-ratio:unset;\"><span aria-hidden=\"true\" class=\"wp-block-cover__background has-white-background-color has-background-dim-20 has-background-dim\"><\/span><img decoding=\"async\" width=\"642\" height=\"349\" class=\"wp-block-cover__image-background wp-image-731\" alt=\"\" src=\"https:\/\/reikigreybook.com\/wp-content\/uploads\/2021\/05\/snowy-kurama-gate.png\" style=\"object-position:57% 0%\" data-object-fit=\"cover\" data-object-position=\"57% 0%\" srcset=\"https:\/\/reikigreybook.com\/wp-content\/uploads\/2021\/05\/snowy-kurama-gate.png 642w, https:\/\/reikigreybook.com\/wp-content\/uploads\/2021\/05\/snowy-kurama-gate-600x326.png 600w, https:\/\/reikigreybook.com\/wp-content\/uploads\/2021\/05\/snowy-kurama-gate-300x163.png 300w\" sizes=\"(max-width: 642px) 100vw, 642px\" \/><div class=\"wp-block-cover__inner-container is-layout-flow wp-block-cover-is-layout-flow\">\n<p class=\"has-text-align-center has-large-font-size\" style=\"line-height:1.1\"><strong>Geschichtliche Perspektiven<\/strong><\/p>\n<\/div><\/div>\n\n<div class=\"wp-block-group has-black-color has-text-color has-background\" style=\"background-color:#faf8ed\"><div class=\"wp-block-group__inner-container is-layout-flow wp-block-group-is-layout-flow\">\n<p><a href=\"https:\/\/reikigreybook.com\/de\/resources\/eine-gewaltige-kraft\/\" data-type=\"page\" data-id=\"352\">Eine starke Kraft <\/a> &#8211; Brian Brunius schreibt \u00fcber seine Motivation <em>Reiki: Das Graue Buch<\/em> wieder zu drucken und weltweit sichtbar online stellen.<\/p>\n\n\n\n<p><a href=\"https:\/\/reikigreybook.com\/de\/resources\/das-graue-buch-und-die-reiki-geschichte\/\" data-type=\"page\" data-id=\"301\">Das \u201cGraue Buch\u201d und die Reiki-Geschichte<\/a> &#8211; Lesen Sie Dr. Justin Steins historische Perspektive zu <em>Reiki: Das Graue Buch<\/em>. Erfahren Sie mehr \u00fcber den Kontext, in dem es entstanden ist, und \u00fcber die Meisterinnen und Meister, die es zuerst erhalten haben.<\/p>\n\n\n\n<p><a href=\"https:\/\/reikigreybook.com\/de\/resources\/eine-kleine-geschichte-ueber-das-graue-buch\/\" data-type=\"page\" data-id=\"740\">Eine kleine Geschichte \u00fcber das Graue Buch<\/a> &#8211; Paul Mitchell erz\u00e4hlt davon, dass seine Zahlung f\u00fcr die Meisterausbildung, ohne dass er es wusste, den urspr\u00fcnglichen Druck von <em>Reiki: Das Graue Buch<\/em> finanziert hat. <\/p>\n\n\n\n<p><a href=\"https:\/\/reikigreybook.com\/de\/resources\/das-geheimnis-der-spirituellen-linie\/\">Das Geheimnis der Spirituellen Linie<\/a> &#8211; Joyce Winough schreibt \u00fcber die \u00dcbertragung der spirituellen Linie von einer Generation zur n\u00e4chsten und \u00fcber Alice Takata Furumotos wichtige Rolle bei der Weitergabe der Linie von Hawayo Takata an ihre Enkelin, Phyllis Lei Furumoto.<\/p>\n\n\n\n<p><a href=\"https:\/\/reikigreybook.com\/de\/resources\/leben-ins-unsbeannte\/\" data-type=\"page\" data-id=\"345\">Leben ins Unbekannte<\/a> &#8211; Susan Mitchell schreibt \u00fcber Johannes Reindl und die vier Worte, die sein Leben ver\u00e4nderten. Werfen Sie einen Blick auf den Prozess der Nachfolge und erfahren Sie, wie die \u00dcberlieferungslinie in dieser Tradition lebt und wirkt. <\/p>\n<\/div><\/div>\n\n<div class=\"wp-block-cover alignwide is-light has-custom-content-position is-position-bottom-center is-position-center-center\" style=\"min-height:97px;aspect-ratio:unset;\"><span aria-hidden=\"true\" class=\"wp-block-cover__background has-white-background-color has-background-dim-20 has-background-dim\"><\/span><img loading=\"lazy\" decoding=\"async\" width=\"642\" height=\"349\" class=\"wp-block-cover__image-background wp-image-731\" alt=\"\" src=\"https:\/\/reikigreybook.com\/wp-content\/uploads\/2021\/05\/snowy-kurama-gate.png\" style=\"object-position:51% 100%\" data-object-fit=\"cover\" data-object-position=\"51% 100%\" srcset=\"https:\/\/reikigreybook.com\/wp-content\/uploads\/2021\/05\/snowy-kurama-gate.png 642w, https:\/\/reikigreybook.com\/wp-content\/uploads\/2021\/05\/snowy-kurama-gate-600x326.png 600w, https:\/\/reikigreybook.com\/wp-content\/uploads\/2021\/05\/snowy-kurama-gate-300x163.png 300w\" sizes=\"(max-width: 642px) 100vw, 642px\" \/><div class=\"wp-block-cover__inner-container is-layout-flow wp-block-cover-is-layout-flow\">\n<p class=\"has-text-align-center has-large-font-size\" style=\"line-height:1.1\"><\/p>\n<\/div><\/div>\n\n<div style=\"height:100px\" aria-hidden=\"true\" class=\"wp-block-spacer\"><\/div>\n","protected":false},"excerpt":{"rendered":"<p>Eine starke Kraft &#8211; Brian Brunius schreibt \u00fcber seine Motivation Reiki: Das Graue Buch wieder zu drucken und weltweit sichtbar online stellen. Das \u201cGraue Buch\u201d und die Reiki-Geschichte &#8211; Lesen Sie Dr. Justin Steins historische Perspektive zu Reiki: Das Graue Buch. Erfahren Sie mehr \u00fcber den Kontext, in dem es entstanden ist, und \u00fcber die [&hellip;]<\/p>\n","protected":false},"author":1,"featured_media":0,"parent":0,"menu_order":0,"comment_status":"closed","ping_status":"closed","template":"","meta":{"footnotes":""},"class_list":["post-4217","page","type-page","status-publish","hentry"],"_links":{"self":[{"href":"https:\/\/reikigreybook.com\/de\/wp-json\/wp\/v2\/pages\/4217","targetHints":{"allow":["GET"]}}],"collection":[{"href":"https:\/\/reikigreybook.com\/de\/wp-json\/wp\/v2\/pages"}],"about":[{"href":"https:\/\/reikigreybook.com\/de\/wp-json\/wp\/v2\/types\/page"}],"author":[{"embeddable":true,"href":"https:\/\/reikigreybook.com\/de\/wp-json\/wp\/v2\/users\/1"}],"replies":[{"embeddable":true,"href":"https:\/\/reikigreybook.com\/de\/wp-json\/wp\/v2\/comments?post=4217"}],"version-history":[{"count":5,"href":"https:\/\/reikigreybook.com\/de\/wp-json\/wp\/v2\/pages\/4217\/revisions"}],"predecessor-version":[{"id":9491,"href":"https:\/\/reikigreybook.com\/de\/wp-json\/wp\/v2\/pages\/4217\/revisions\/9491"}],"wp:attachment":[{"href":"https:\/\/reikigreybook.com\/de\/wp-json\/wp\/v2\/media?parent=4217"}],"curies":[{"name":"wp","href":"https:\/\/api.w.org\/{rel}","templated":true}]}}