{"id":4897,"date":"2021-05-12T16:42:34","date_gmt":"2021-05-12T16:42:34","guid":{"rendered":"https:\/\/reikigreybook.com\/the-grey-book-team\/"},"modified":"2023-03-12T15:15:23","modified_gmt":"2023-03-12T15:15:23","slug":"the-grey-book-team","status":"publish","type":"page","link":"https:\/\/reikigreybook.com\/de\/about-us\/the-grey-book-team\/","title":{"rendered":"Das Graue Buch Team"},"content":{"rendered":"\n<div class=\"wp-block-media-text alignwide is-stacked-on-mobile\" style=\"grid-template-columns:18% auto\"><figure class=\"wp-block-media-text__media\"><img decoding=\"async\" width=\"150\" height=\"175\" src=\"https:\/\/reikigreybook.com\/wp-content\/uploads\/2021\/05\/Photo-of-Brian-Brunius.png\" alt=\"\" class=\"wp-image-599 size-full\"\/><\/figure><div class=\"wp-block-media-text__content\">\n<h4 class=\"wp-block-heading\"><strong>Brian Brunius<\/strong><\/h4>\n\n\n\n<p>Brian praktiziert Usui Shiki Ryoho in der Linie von John Harvey Gray. Er ist Gr\u00fcnder des <a rel=\"noreferrer noopener\" href=\"https:\/\/nycreikicenter.com\" target=\"_blank\">NYC Reiki Center, <\/a>wo er vollamtlich arbeitet, und ist Pr\u00e4sident der <a rel=\"noreferrer noopener\" href=\"https:\/\/reikicentersofamerica.org\" target=\"_blank\">Reiki Centers of America<\/a>. Brian ist Mitglied von <a rel=\"noreferrer noopener\" href=\"https:\/\/reikialliance.com\" target=\"_blank\">The Reiki Alliance<\/a> und dient derzeit als deren Finanzverwalter. <\/p>\n<\/div><\/div>\n\n\n\n<div style=\"height:25px\" aria-hidden=\"true\" class=\"wp-block-spacer\"><\/div>\n\n\n\n<div class=\"wp-block-media-text alignwide is-stacked-on-mobile\" style=\"grid-template-columns:18% auto\"><figure class=\"wp-block-media-text__media\"><img decoding=\"async\" width=\"150\" height=\"175\" src=\"https:\/\/reikigreybook.com\/wp-content\/uploads\/2021\/05\/diane-domondon-150.png\" alt=\"\" class=\"wp-image-596 size-full\"\/><\/figure><div class=\"wp-block-media-text__content\">\n<h4 class=\"wp-block-heading\"><strong>Diane Domondon<\/strong><\/h4>\n\n\n\n<p>Diane ist Reiki-Meister-Instruktorin in der Usui Shiki Ryoho Tradition. Hauptberuflich betreut sie Klient*innen und unterrichtet Reiki-Seminare W\u00e4hrend ihrer Mitarbeit am <em>Grauen Buch<\/em> war sie im Vorstand des <a rel=\"noreferrer noopener\" href=\"https:\/\/reikicentersofamerica.org\" target=\"_blank\">Reiki Centers of America<\/a> und ist Mitglied von <a rel=\"noreferrer noopener\" href=\"https:\/\/reikialliance.com\" target=\"_blank\">The Reiki Alliance.<\/a><\/p>\n<\/div><\/div>\n\n\n\n<div style=\"height:25px\" aria-hidden=\"true\" class=\"wp-block-spacer\"><\/div>\n\n\n\n<div class=\"wp-block-media-text alignwide is-stacked-on-mobile\" style=\"grid-template-columns:18% auto\"><figure class=\"wp-block-media-text__media\"><img fetchpriority=\"high\" decoding=\"async\" width=\"377\" height=\"436\" src=\"https:\/\/reikigreybook.com\/wp-content\/uploads\/2021\/05\/paul-mitchell.png\" alt=\"\" class=\"wp-image-1769 size-full\" srcset=\"https:\/\/reikigreybook.com\/wp-content\/uploads\/2021\/05\/paul-mitchell.png 377w, https:\/\/reikigreybook.com\/wp-content\/uploads\/2021\/05\/paul-mitchell-259x300.png 259w\" sizes=\"(max-width: 377px) 100vw, 377px\" \/><\/figure><div class=\"wp-block-media-text__content\">\n<h4 class=\"wp-block-heading\"><strong>Paul Mitchell<\/strong><\/h4>\n\n\n\n<p>Paul Mitchell lernte Reiki 1978 von Hawayo Takata und war einer der zweiundzwanzig von ihr anerkannten Meisterinnen und Meister. Paul war ein Gr\u00fcndungsmitglied von The Reiki Alliance und leitet zusammen mit Phyllis Furumoto seit 1993 als Oberhaupt der Disziplin das Usui Shiki Ryoho. Gemeinsam bildeten sie das <a rel=\"noreferrer noopener\" href=\"https:\/\/www.usuishikiryohoreiki.com\" data-type=\"URL\" data-id=\"https:\/\/www.usuishikiryohoreiki.com\" target=\"_blank\">Office of the Grandmaster<\/a> (Amt des Gro\u00dfmeisters). Er arbeitet jetzt mit Johannes Reindl und Joyce Winough zusammen und hat sich der lebenslangen Erforschung von Heilung, Wachstum und spiritueller Entwicklung verschrieben, welches das Versprechen der Reiki-Praxis ist. <\/p>\n<\/div><\/div>\n\n\n\n<div style=\"height:25px\" aria-hidden=\"true\" class=\"wp-block-spacer\"><\/div>\n\n\n\n<div class=\"wp-block-media-text alignwide is-stacked-on-mobile\" style=\"grid-template-columns:18% auto\"><figure class=\"wp-block-media-text__media\"><img loading=\"lazy\" decoding=\"async\" width=\"480\" height=\"480\" src=\"https:\/\/reikigreybook.com\/wp-content\/uploads\/2021\/05\/Susan-turkish-coffee.png\" alt=\"Foto von Susan Mitchell\" class=\"wp-image-895 size-full\" srcset=\"https:\/\/reikigreybook.com\/wp-content\/uploads\/2021\/05\/Susan-turkish-coffee.png 480w, https:\/\/reikigreybook.com\/wp-content\/uploads\/2021\/05\/Susan-turkish-coffee-300x300.png 300w, https:\/\/reikigreybook.com\/wp-content\/uploads\/2021\/05\/Susan-turkish-coffee-100x100.png 100w, https:\/\/reikigreybook.com\/wp-content\/uploads\/2021\/05\/Susan-turkish-coffee-150x150.png 150w, https:\/\/reikigreybook.com\/wp-content\/uploads\/2021\/05\/Susan-turkish-coffee-50x50.png 50w\" sizes=\"(max-width: 480px) 100vw, 480px\" \/><\/figure><div class=\"wp-block-media-text__content\">\n<h4 class=\"wp-block-heading\"><strong>Susan Mitchell<\/strong><\/h4>\n\n\n\n<p>Susan hat Reiki von Hawayo Takata gelernt. Von 1988 bis 1998 war sie die erste Direktorin von The Reiki Alliance und war Redakteurin der niederl\u00e4ndischen Zeitschrift <em>Reiki Magazine International<\/em>.  Sie half beim Kuratieren des Hawayo-Takata-Archivs, das jetzt an der University of California, Santa Barbara, untergebracht ist. Im Jahr 2019 editierte Susan die Publikation von <em>In ihren eigenen Worten, Eine Hommage an Phyllis Lei Furumoto, 1948-2019<\/em>Susan ist eine der Gr\u00fcnderinnen von <a href=\"https:\/\/www.reikiunified.com\/\" data-type=\"URL\" data-id=\"https:\/\/www.reikiunified.com\/\" target=\"_blank\" rel=\"noreferrer noopener\">Reiki Unified,<\/a> eine landesweite Initiative gegen die Regulierung der Reiki-Praxis in den Vereinigten Staaten. <\/p>\n<\/div><\/div>\n\n\n\n<div style=\"height:25px\" aria-hidden=\"true\" class=\"wp-block-spacer\"><\/div>\n\n\n\n<div class=\"wp-block-media-text alignwide is-stacked-on-mobile\" style=\"grid-template-columns:18% auto\"><figure class=\"wp-block-media-text__media\"><img loading=\"lazy\" decoding=\"async\" width=\"314\" height=\"314\" src=\"https:\/\/reikigreybook.com\/wp-content\/uploads\/2021\/06\/Johannes-Reindl-square.jpg\" alt=\"Foto von Johannes Reindl\" class=\"wp-image-2163 size-full\" srcset=\"https:\/\/reikigreybook.com\/wp-content\/uploads\/2021\/06\/Johannes-Reindl-square.jpg 314w, https:\/\/reikigreybook.com\/wp-content\/uploads\/2021\/06\/Johannes-Reindl-square-300x300.jpg 300w, https:\/\/reikigreybook.com\/wp-content\/uploads\/2021\/06\/Johannes-Reindl-square-100x100.jpg 100w, https:\/\/reikigreybook.com\/wp-content\/uploads\/2021\/06\/Johannes-Reindl-square-150x150.jpg 150w, https:\/\/reikigreybook.com\/wp-content\/uploads\/2021\/06\/Johannes-Reindl-square-50x50.jpg 50w, https:\/\/reikigreybook.com\/wp-content\/uploads\/2021\/06\/Johannes-Reindl-square-60x60.jpg 60w, https:\/\/reikigreybook.com\/wp-content\/uploads\/2021\/06\/Johannes-Reindl-square-90x90.jpg 90w\" sizes=\"(max-width: 314px) 100vw, 314px\" \/><\/figure><div class=\"wp-block-media-text__content\">\n<h4 class=\"wp-block-heading\"><strong>Johannes Reindl<\/strong><\/h4>\n\n\n\n<p>Johannes Reindl praktiziert Reiki seit 1995, als er in seinem Heimatland \u00d6sterreich den ersten Grad erwarb, im Alter von 17 Jahren. Seitdem hat er rund um die Welt an Reiki- und Aikido-Workshops teilgenommen oder assistiert, die von Usui Shiki Ryoho Reiki-Meister*innen und dem Office of the Grandmaster (OGM) angeboten wurden. Johannes wurde von Phyllis Furumoto zum Meister ausgebildet und von ihr in Japan eingeweiht. Im Jahr 2019 wurde er von Phyllis als ihr Nachfolger in der spirituellen Linie von Usui Shiki Ryoho anerkannt. <\/p>\n<\/div><\/div>\n\n\n\n<div style=\"height:25px\" aria-hidden=\"true\" class=\"wp-block-spacer\"><\/div>\n\n\n\n<div class=\"wp-block-media-text alignwide is-stacked-on-mobile\" style=\"grid-template-columns:18% auto\"><figure class=\"wp-block-media-text__media\"><img loading=\"lazy\" decoding=\"async\" width=\"185\" height=\"224\" src=\"https:\/\/reikigreybook.com\/wp-content\/uploads\/2021\/05\/justin-stein-horizontal-300x224-1-e1620779649281.jpg\" alt=\"\" class=\"wp-image-593 size-full\"\/><\/figure><div class=\"wp-block-media-text__content\">\n<h4 class=\"wp-block-heading\"><strong>Dr. Justin Stein, PhD<\/strong><\/h4>\n\n\n\n<p>Dr. Justin B. Stein (University of Toronto, Studium der Religionen, 2017) ist Historiker f\u00fcr spirituelle Praktiken an den Schnittstellen zwischen Japan, Hawaii und Nordamerika. Seine Arbeiten \u00fcber Reiki, einschlie\u00dflich Original\u00fcbersetzungen historischer japanischer Materialien, wurden in Fachzeitschriften ver\u00f6ffentlicht (u. a. <em>Asian Medicine<\/em> und <em>Japanese Religions<\/em>) und wurde ins Deutsche, Japanische und Rum\u00e4nische \u00fcbersetzt. Stein war Stipendiat der Japan Society for the Promotion of Science unter der Leitung von \u014ctani Eiichi an der Bukky\u014d-Universit\u00e4t in Kyoto, Japan (2017-2019), und ist derzeit Dozent an der Abteilung f\u00fcr Asiatische Studien der Kwantlen Polytechnic University. Einige seiner Beitr\u00e4ge k\u00f6nnen unter <a rel=\"noreferrer noopener\" href=\"https:\/\/justinstein.academia.edu\/\" target=\"_blank\">https:\/\/justinstein.academia.edu\/<\/a> gelesen werden.<\/p>\n<\/div><\/div>\n\n\n\n<div style=\"height:25px\" aria-hidden=\"true\" class=\"wp-block-spacer\"><\/div>\n\n\n\n<div class=\"wp-block-media-text alignwide is-stacked-on-mobile\" style=\"grid-template-columns:18% auto\"><figure class=\"wp-block-media-text__media\"><img loading=\"lazy\" decoding=\"async\" width=\"334\" height=\"334\" src=\"https:\/\/reikigreybook.com\/wp-content\/uploads\/2021\/07\/Joyce-Winough-close.png\" alt=\"Foto von Joyce Winough - Reiki-Meisterin\" class=\"wp-image-3227 size-full\" srcset=\"https:\/\/reikigreybook.com\/wp-content\/uploads\/2021\/07\/Joyce-Winough-close.png 334w, https:\/\/reikigreybook.com\/wp-content\/uploads\/2021\/07\/Joyce-Winough-close-300x300.png 300w, https:\/\/reikigreybook.com\/wp-content\/uploads\/2021\/07\/Joyce-Winough-close-100x100.png 100w, https:\/\/reikigreybook.com\/wp-content\/uploads\/2021\/07\/Joyce-Winough-close-150x150.png 150w, https:\/\/reikigreybook.com\/wp-content\/uploads\/2021\/07\/Joyce-Winough-close-50x50.png 50w, https:\/\/reikigreybook.com\/wp-content\/uploads\/2021\/07\/Joyce-Winough-close-60x60.png 60w, https:\/\/reikigreybook.com\/wp-content\/uploads\/2021\/07\/Joyce-Winough-close-90x90.png 90w\" sizes=\"(max-width: 334px) 100vw, 334px\" \/><\/figure><div class=\"wp-block-media-text__content\">\n<h4 class=\"wp-block-heading\"><strong>Joyce Winough<\/strong><\/h4>\n\n\n\n<p>Joyce Winough praktiziert Reiki seit 32 Jahren. Im ersten Grad von Helen Haberly und im zweiten Grad von Jean Ferris, einer Meisterin von Helen, ausgebildet, wurde sie 2002 von Phyllis Furumoto als Meisterin initiiert. Joyce begann 1993 eine professionelle Behandlungspraxis und unterrichtet Reiki seit ihrer Meistereinweihung. Sie reiste mit ihrer Frau Phyllis Furumoto als Event-Koordinatorin f\u00fcr Reiki-Veranstaltungen, -Kurse, -Retreats und Japanreisen, bis ihre Partnerin 2019 verstarb. Joyce setzt ihre Reiki-Reise und ihr Engagement f\u00fcr Usui Shiki Ryoho als Mitglied der Reiki Alliance und der UK Reiki Association fort, sie gibt Vortr\u00e4ge \u00fcber das Takata Archive Project und arbeitet seit 2020 mit Johannes Reindl und Paul Mitchell als Mitglied des <a rel=\"noreferrer noopener\" href=\"https:\/\/www.usuishikiryohoreiki.com\" target=\"_blank\">Office of the Grandmaster<\/a>.<\/p>\n\n\n\n<p> <\/p>\n<\/div><\/div>\n\n\n\n<div style=\"height:100px\" aria-hidden=\"true\" class=\"wp-block-spacer\"><\/div>\n","protected":false},"excerpt":{"rendered":"<p>Brian Brunius Brian praktiziert Usui Shiki Ryoho in der Linie von John Harvey Gray. Er ist Gr\u00fcnder des NYC Reiki Center, wo er vollamtlich arbeitet, und ist Pr\u00e4sident der Reiki Centers of America. Brian ist Mitglied von The Reiki Alliance und dient derzeit als deren Finanzverwalter. Diane Domondon Diane ist Reiki-Meister-Instruktorin in der Usui Shiki [&hellip;]<\/p>\n","protected":false},"author":1,"featured_media":0,"parent":4935,"menu_order":1,"comment_status":"closed","ping_status":"closed","template":"","meta":{"footnotes":""},"class_list":["post-4897","page","type-page","status-publish","hentry"],"_links":{"self":[{"href":"https:\/\/reikigreybook.com\/de\/wp-json\/wp\/v2\/pages\/4897","targetHints":{"allow":["GET"]}}],"collection":[{"href":"https:\/\/reikigreybook.com\/de\/wp-json\/wp\/v2\/pages"}],"about":[{"href":"https:\/\/reikigreybook.com\/de\/wp-json\/wp\/v2\/types\/page"}],"author":[{"embeddable":true,"href":"https:\/\/reikigreybook.com\/de\/wp-json\/wp\/v2\/users\/1"}],"replies":[{"embeddable":true,"href":"https:\/\/reikigreybook.com\/de\/wp-json\/wp\/v2\/comments?post=4897"}],"version-history":[{"count":5,"href":"https:\/\/reikigreybook.com\/de\/wp-json\/wp\/v2\/pages\/4897\/revisions"}],"predecessor-version":[{"id":9475,"href":"https:\/\/reikigreybook.com\/de\/wp-json\/wp\/v2\/pages\/4897\/revisions\/9475"}],"up":[{"embeddable":true,"href":"https:\/\/reikigreybook.com\/de\/wp-json\/wp\/v2\/pages\/4935"}],"wp:attachment":[{"href":"https:\/\/reikigreybook.com\/de\/wp-json\/wp\/v2\/media?parent=4897"}],"curies":[{"name":"wp","href":"https:\/\/api.w.org\/{rel}","templated":true}]}}