{"id":4935,"date":"2021-05-09T04:45:15","date_gmt":"2021-05-09T04:45:15","guid":{"rendered":"https:\/\/reikigreybook.com\/about-us\/"},"modified":"2023-03-12T15:16:28","modified_gmt":"2023-03-12T15:16:28","slug":"about-us","status":"publish","type":"page","link":"https:\/\/reikigreybook.com\/de\/about-us\/","title":{"rendered":"\u00dcber uns"},"content":{"rendered":"\n<div class=\"wp-block-media-text alignwide has-media-on-the-right is-stacked-on-mobile is-image-fill has-black-color has-text-color has-background\" style=\"background-color:#f2eeae;grid-template-columns:auto 46%\"><div class=\"wp-block-media-text__content\">\n<div style=\"height:20px\" aria-hidden=\"true\" class=\"wp-block-spacer\"><\/div>\n\n\n\n<p class=\"has-text-align-justify has-normal-font-size\">Alle, die zum Projekt des Grauen Buches beigetragen haben, danken dem Nachlass von Phyllis Lei Furumoto f\u00fcr die Genehmigung, 1.500 Exemplare des Buches <em>Reiki<\/em> aus dem Jahr 1982, das gemeinhin &#8222;Das Graue Buch&#8220; genannt wird, nachzudrucken. Es war ein Sprung des Vertrauens als wir ihren Nachlass weiter um die Erlaubnis baten, den gesamten Inhalt des Buches in mindestens acht Sprachen auf eine Website zu stellen. Doch auch daf\u00fcr wurde die Genehmigung erteilt! <\/p>\n\n\n\n<p class=\"has-text-align-justify has-normal-font-size\">Voller Liebe in unseren Herzen bieten wir dieses Buch und diese Website allen Reiki-Gemeinschaften an, in der Hoffnung, dass dieser Austausch von historischem Material uns in unserer Liebe zu Reiki vereinen m\u00f6ge.<\/p>\n\n\n\n<p class=\"has-text-align-center has-normal-font-size\">In liebevoller Erinnerung<br><strong>Phyllis Lei Furumoto<\/strong><br>Unsere Herzen ~ Unsere Liebe ~ Unsere Dankbarkeit<\/p>\n\n\n\n<div style=\"height:13px\" aria-hidden=\"true\" class=\"wp-block-spacer\"><\/div>\n\n\n\n<p><\/p>\n<\/div><figure class=\"wp-block-media-text__media\" style=\"background-image:url(https:\/\/reikigreybook.com\/wp-content\/uploads\/2021\/05\/53095747_2757244500967350_7598808714501423104_o-683x1024.jpg);background-position:58% 40%\"><img fetchpriority=\"high\" decoding=\"async\" width=\"683\" height=\"1024\" src=\"https:\/\/reikigreybook.com\/wp-content\/uploads\/2021\/05\/53095747_2757244500967350_7598808714501423104_o-683x1024.jpg\" alt=\"Foto von Phyllis Lei Furumoto, Tr\u00e4gerin der Linie von Usui Shiki Ryoho Reiki.\" class=\"wp-image-604 size-full\" srcset=\"https:\/\/reikigreybook.com\/wp-content\/uploads\/2021\/05\/53095747_2757244500967350_7598808714501423104_o-683x1024.jpg 683w, https:\/\/reikigreybook.com\/wp-content\/uploads\/2021\/05\/53095747_2757244500967350_7598808714501423104_o-600x900.jpg 600w, https:\/\/reikigreybook.com\/wp-content\/uploads\/2021\/05\/53095747_2757244500967350_7598808714501423104_o-200x300.jpg 200w, https:\/\/reikigreybook.com\/wp-content\/uploads\/2021\/05\/53095747_2757244500967350_7598808714501423104_o-768x1152.jpg 768w, https:\/\/reikigreybook.com\/wp-content\/uploads\/2021\/05\/53095747_2757244500967350_7598808714501423104_o-1024x1536.jpg 1024w, https:\/\/reikigreybook.com\/wp-content\/uploads\/2021\/05\/53095747_2757244500967350_7598808714501423104_o.jpg 1260w\" sizes=\"(max-width: 683px) 100vw, 683px\" \/><\/figure><\/div>\n\n\n\n<div style=\"height:35px\" aria-hidden=\"true\" class=\"wp-block-spacer\"><\/div>\n\n\n\n<hr class=\"wp-block-separator has-text-color has-black-color has-css-opacity has-black-background-color has-background is-style-wide\"\/>\n\n\n\n<div class=\"wp-block-group has-white-background-color has-background\"><div class=\"wp-block-group__inner-container is-layout-flow wp-block-group-is-layout-flow\">\n<div class=\"wp-block-group\"><div class=\"wp-block-group__inner-container is-layout-flow wp-block-group-is-layout-flow\">\n<p><em>Reiki: Das Graue Buch<\/em> ist eine Kollaboration zwischen dem Nachlass von Phyllis Lei Furumoto, dem <a rel=\"noreferrer noopener\" href=\"https:\/\/www.usuishikiryohoreiki.com\/\" data-type=\"URL\" data-id=\"https:\/\/www.usuishikiryohoreiki.com\/\" target=\"_blank\">Office of the Grandmaster <\/a>und den <a rel=\"noreferrer noopener\" href=\"https:\/\/reikicentersofamerica.org\/\" data-type=\"URL\" data-id=\"https:\/\/reikicentersofamerica.org\/\" target=\"_blank\">Reiki Centers of America<\/a>.<\/p>\n<\/div><\/div>\n\n\n\n<div style=\"height:10px\" aria-hidden=\"true\" class=\"wp-block-spacer\"><\/div>\n\n\n\n<p>&gt; <a href=\"https:\/\/reikigreybook.com\/de\/about-us\/the-grey-book-team\/\" data-type=\"URL\" data-id=\"https:\/\/reikigreybook.com\/en\/about-us\/the-grey-book-team\/\">Begegne dem Team des Grauen Buches<\/a><br>&gt; <a href=\"https:\/\/reikigreybook.com\/de\/about-us\/our-translators\/\" data-type=\"page\" data-id=\"694\">Begegne den \u00dcbersetzer*innen<\/a><br>&gt; <a href=\"https:\/\/reikigreybook.com\/de\/about-us\/inviting-generosity\/\" data-type=\"page\" data-id=\"338\">Hilf uns, dieses Projekt zu teilen<\/a> <\/p>\n<\/div><\/div>\n\n\n\n<hr class=\"wp-block-separator has-text-color has-black-color has-css-opacity has-black-background-color has-background is-style-wide\"\/>\n\n\n\n<div style=\"height:35px\" aria-hidden=\"true\" class=\"wp-block-spacer\"><\/div>\n\n\n\n<div style=\"height:40px\" aria-hidden=\"true\" class=\"wp-block-spacer\"><\/div>\n\n\n\n<div class=\"wp-block-group\"><div class=\"wp-block-group__inner-container is-layout-flow wp-block-group-is-layout-flow\">\n<div class=\"wp-block-group has-background\" style=\"background-color:#e4e4e4\"><div class=\"wp-block-group__inner-container is-layout-flow wp-block-group-is-layout-flow\">\n<div class=\"wp-block-media-text alignwide is-stacked-on-mobile\" style=\"grid-template-columns:32% auto\"><figure class=\"wp-block-media-text__media\"><img decoding=\"async\" width=\"500\" height=\"500\" src=\"https:\/\/reikigreybook.com\/wp-content\/uploads\/2021\/06\/logo-of-office-of-the-grand-master-Usui-shiki-ryoho-sq.jpg\" alt=\"\" class=\"wp-image-2191 size-full\" srcset=\"https:\/\/reikigreybook.com\/wp-content\/uploads\/2021\/06\/logo-of-office-of-the-grand-master-Usui-shiki-ryoho-sq.jpg 500w, https:\/\/reikigreybook.com\/wp-content\/uploads\/2021\/06\/logo-of-office-of-the-grand-master-Usui-shiki-ryoho-sq-300x300.jpg 300w, https:\/\/reikigreybook.com\/wp-content\/uploads\/2021\/06\/logo-of-office-of-the-grand-master-Usui-shiki-ryoho-sq-100x100.jpg 100w, https:\/\/reikigreybook.com\/wp-content\/uploads\/2021\/06\/logo-of-office-of-the-grand-master-Usui-shiki-ryoho-sq-150x150.jpg 150w, https:\/\/reikigreybook.com\/wp-content\/uploads\/2021\/06\/logo-of-office-of-the-grand-master-Usui-shiki-ryoho-sq-50x50.jpg 50w, https:\/\/reikigreybook.com\/wp-content\/uploads\/2021\/06\/logo-of-office-of-the-grand-master-Usui-shiki-ryoho-sq-60x60.jpg 60w, https:\/\/reikigreybook.com\/wp-content\/uploads\/2021\/06\/logo-of-office-of-the-grand-master-Usui-shiki-ryoho-sq-90x90.jpg 90w\" sizes=\"(max-width: 500px) 100vw, 500px\" \/><\/figure><div class=\"wp-block-media-text__content\">\n<p><strong>Office of the Grandmaster (Amt des Gro\u00dfmeisters)<\/strong><br>(<a rel=\"noreferrer noopener\" href=\"https:\/\/www.usuishikiryohoreiki.com\/\" data-type=\"URL\" data-id=\"https:\/\/www.usuishikiryohoreiki.com\/\" target=\"_blank\">https:\/\/www.usuishikiryohoreiki.com\/<\/a>)<\/p>\n\n\n\n<p class=\"has-black-color has-text-color\">Das Office of the Grandmaster (OGM) wurde 1993 von Phyllis Furumoto und Paul Mitchell gegr\u00fcndet, um ihre Rolle und Verantwortung als Gro\u00dfmeisterin zu teilen. Phyllis Furumoto, Tr\u00e4gerin der Linie, und Paul Mitchell, Oberhaupt der Disziplin, arbeiteten bis zu Phyllis&#8216; Tod im Jahr 2019 zusammen. Das Office of the Grandmaster (Amt des Gro\u00dfmeisters), das heute von Johannes Reindl, dem anerkannten Nachfolger von Phyllis Furumoto, Paul Mitchell und Joyce Winough geleitet wird, setzen sich daf\u00fcr ein, die Praxis des Usui Shiki Ryoho, wie sie durch die Spirituelle Linie von Mikao Usui, Chujiro Hayashi, Hawayo Takata, Phyllis Furumoto und Johannes Reindl \u00fcberliefert wurde, f\u00fcr zuk\u00fcnftige Generationen zu bewahren. Ihr andauerndes Erforschen des Geschenkes und der Praxis von Reiki wird der weltweiten Gemeinschaft durch Workshops, Retreats, Meister-Intensivkurse und Online-Angebote zug\u00e4nglich gemacht.<\/p>\n<\/div><\/div>\n<\/div><\/div>\n\n\n\n<div style=\"height:34px\" aria-hidden=\"true\" class=\"wp-block-spacer\"><\/div>\n<\/div><\/div>\n\n\n\n<div class=\"wp-block-group\"><div class=\"wp-block-group__inner-container is-layout-flow wp-block-group-is-layout-flow\">\n<div class=\"wp-block-group has-background\" style=\"background-color:#e4e4e4\"><div class=\"wp-block-group__inner-container is-layout-flow wp-block-group-is-layout-flow\">\n<div class=\"wp-block-media-text alignwide is-stacked-on-mobile is-vertically-aligned-center\" style=\"grid-template-columns:31% auto\"><figure class=\"wp-block-media-text__media\"><img decoding=\"async\" width=\"600\" height=\"600\" src=\"https:\/\/reikigreybook.com\/wp-content\/uploads\/2021\/05\/RCA-_logo_toned-down.jpg\" alt=\"Logo von Reiki Centers of America, einer gemeinn\u00fctzigen Organisation, die Reiki-Praktizierende und Reiki-Zentren in Amerika unterst\u00fctzt.\" class=\"wp-image-559 size-full\" srcset=\"https:\/\/reikigreybook.com\/wp-content\/uploads\/2021\/05\/RCA-_logo_toned-down.jpg 600w, https:\/\/reikigreybook.com\/wp-content\/uploads\/2021\/05\/RCA-_logo_toned-down-300x300.jpg 300w, https:\/\/reikigreybook.com\/wp-content\/uploads\/2021\/05\/RCA-_logo_toned-down-100x100.jpg 100w, https:\/\/reikigreybook.com\/wp-content\/uploads\/2021\/05\/RCA-_logo_toned-down-150x150.jpg 150w, https:\/\/reikigreybook.com\/wp-content\/uploads\/2021\/05\/RCA-_logo_toned-down-50x50.jpg 50w\" sizes=\"(max-width: 600px) 100vw, 600px\" \/><\/figure><div class=\"wp-block-media-text__content\">\n<p><strong>Reiki Centers of America<\/strong><br>(<a href=\"https:\/\/ReikiCentersofAmerica.org\" target=\"_blank\" rel=\"noreferrer noopener\">https:\/\/ReikiCentersofAmerica.org<\/a>)<\/p>\n\n\n\n<p class=\"has-black-color has-text-color\">Reiki Centers of America bef\u00e4higt Reiki-Praktizierende und Reiki-Meister*innen, erfolgreiche Reiki-Zentren zu er\u00f6ffnen und bl\u00fchende Reiki-Gemeinschaften aufzubauen, indem es authentische Anleitungen, Techniken und Materialien \u00fcber Reiki und seine fr\u00fchen Meister zur Verf\u00fcgung stellt und Pilgerreisen nach Japan organisiert, sodass alle Sch\u00fclerinnen und Sch\u00fcler eine Verbindung zu den Wurzeln von Reiki herstellen k\u00f6nnen. Reiki Centers of America ist eine 501(c)(3) Non-Profit-Organization mit Sitz in New York City.<\/p>\n<\/div><\/div>\n<\/div><\/div>\n<\/div><\/div>\n\n\n\n<div style=\"height:46px\" aria-hidden=\"true\" class=\"wp-block-spacer\"><\/div>\n\n\n\n<div style=\"height:100px\" aria-hidden=\"true\" class=\"wp-block-spacer\"><\/div>\n","protected":false},"excerpt":{"rendered":"<p>Reiki: Das Graue Buch ist eine Kollaboration zwischen dem Nachlass von Phyllis Lei Furumoto, dem Office of the Grandmaster und den Reiki Centers of America. &gt; Begegne dem Team des Grauen Buches&gt; Begegne den \u00dcbersetzer*innen&gt; Hilf uns, dieses Projekt zu teilen Office of the Grandmaster (Amt des Gro\u00dfmeisters)(https:\/\/www.usuishikiryohoreiki.com\/) Das Office of the Grandmaster (OGM) wurde [&hellip;]<\/p>\n","protected":false},"author":1,"featured_media":0,"parent":0,"menu_order":0,"comment_status":"closed","ping_status":"closed","template":"","meta":{"footnotes":""},"class_list":["post-4935","page","type-page","status-publish","hentry"],"_links":{"self":[{"href":"https:\/\/reikigreybook.com\/de\/wp-json\/wp\/v2\/pages\/4935","targetHints":{"allow":["GET"]}}],"collection":[{"href":"https:\/\/reikigreybook.com\/de\/wp-json\/wp\/v2\/pages"}],"about":[{"href":"https:\/\/reikigreybook.com\/de\/wp-json\/wp\/v2\/types\/page"}],"author":[{"embeddable":true,"href":"https:\/\/reikigreybook.com\/de\/wp-json\/wp\/v2\/users\/1"}],"replies":[{"embeddable":true,"href":"https:\/\/reikigreybook.com\/de\/wp-json\/wp\/v2\/comments?post=4935"}],"version-history":[{"count":5,"href":"https:\/\/reikigreybook.com\/de\/wp-json\/wp\/v2\/pages\/4935\/revisions"}],"predecessor-version":[{"id":9476,"href":"https:\/\/reikigreybook.com\/de\/wp-json\/wp\/v2\/pages\/4935\/revisions\/9476"}],"wp:attachment":[{"href":"https:\/\/reikigreybook.com\/de\/wp-json\/wp\/v2\/media?parent=4935"}],"curies":[{"name":"wp","href":"https:\/\/api.w.org\/{rel}","templated":true}]}}