{"id":4945,"date":"2021-05-09T04:36:15","date_gmt":"2021-05-09T04:36:15","guid":{"rendered":"https:\/\/reikigreybook.com\/about-us\/inviting-generosity\/"},"modified":"2023-01-26T15:08:36","modified_gmt":"2023-01-26T15:08:36","slug":"inviting-generosity","status":"publish","type":"page","link":"https:\/\/reikigreybook.com\/de\/about-us\/inviting-generosity\/","title":{"rendered":"Gro\u00dfz\u00fcgigkeit einladen"},"content":{"rendered":"\n<figure class=\"wp-block-image size-large is-resized is-style-default\"><img fetchpriority=\"high\" decoding=\"async\" src=\"https:\/\/reikigreybook.com\/wp-content\/uploads\/2021\/05\/inviting-generosity.png\" alt=\"\" class=\"wp-image-566\" width=\"842\" height=\"231\" srcset=\"https:\/\/reikigreybook.com\/wp-content\/uploads\/2021\/05\/inviting-generosity.png 595w, https:\/\/reikigreybook.com\/wp-content\/uploads\/2021\/05\/inviting-generosity-300x82.png 300w\" sizes=\"(max-width: 842px) 100vw, 842px\" \/><\/figure>\n\n<div class=\"wp-block-group has-black-color has-text-color has-background\" style=\"background-color:#f8f8f8\"><div class=\"wp-block-group__inner-container is-layout-flow wp-block-group-is-layout-flow\">\n<div class=\"wp-block-group\"><div class=\"wp-block-group__inner-container is-layout-flow wp-block-group-is-layout-flow\">\n<p>Alice Takata Furumoto ver\u00f6ffentlichte das Graue Buch 1982 als Geschenk an die Reiki-Meisterinnen und -Meister, die ihre Mutter, Hawayo Takata, eingeweiht hatte. <a href=\"https:\/\/reikigreybook.com\/de\/about-us\/the-grey-book-team\/\" data-type=\"page\" data-id=\"700\">Das Graue-Buch-Team<\/a> m\u00f6chte dieses Verm\u00e4chtnis der Gro\u00dfz\u00fcgigkeit fortsetzen, indem es die \u00dcbersetzungen des Originaltextes der weltweiten Reiki-Gemeinschaft als Geschenk zur Verf\u00fcgung stellt.<\/p>\n\n\n\n<p>Phyllis Furumoto erkannte die Notwendigkeit von \u00dcbersetzungen, damit Sch\u00fclerinnen und Sch\u00fcler \u00fcberall Zugang zu Reiki haben. Sie w\u00fcrdigte die \u00dcbersetzerinnen und Dolmetscher als &#8222;die F\u00e4den, die uns als internationale Gemeinschaft verbinden&#8220;.<\/p>\n\n\n\n<p>Diese Br\u00fccken der Kommunikation wollen wir weiter bauen, indem wir die \u00dcbersetzung des Grauen Buches auf dieser Website kostenlos zur Verf\u00fcgung stellen. Wir haben mit acht Sprachen begonnen und wollen jede weitere gew\u00fcnschte Sprache hinzuf\u00fcgen. Die Kosten f\u00fcr jede \u00dcbersetzung betragen derzeit 1000 USD.<\/p>\n\n\n\n<p><a href=\"https:\/\/reikigreybook.com\/de\/contribute\/spende\/\">Wir laden dich ein, Teil dieses Verm\u00e4chtnisses des Gebens zu sein.<\/a> Unterst\u00fctze das Projekt des Grauen Buches, indem du einen finanziellen Beitrag f\u00fcr weitere \u00dcbersetzungen dieses Textes leistest. <em><strong>Die ersten 1500 Spender*innen, die mindestens 73,00 USD spenden, erhalten eine Reproduktion des urspr\u00fcnglichen Grauen Buches.<\/strong><\/em><\/p>\n\n\n\n<p>Du entscheidest, wie viel du geben willst. Es geht um Partizipation und nicht um einen bestimmten Geldbetrag. La\u00df dich von deinem Herzen leiten. Gemeinsam n\u00e4hren und pflegen wir den Strom der Gro\u00dfz\u00fcgigkeit, der mit Alices urspr\u00fcnglichem Geschenk begonnen hat.<\/p>\n\n\n\n<p class=\"has-text-align-right has-black-color has-text-color has-background\" style=\"background-color:#f8f8f8\">In Liebe, <br\/>Susan Mitchell und Johannes Reindl<\/p>\n<\/div><\/div>\n<\/div><\/div>\n\n<div style=\"height:15px\" aria-hidden=\"true\" class=\"wp-block-spacer\"><\/div>\n\n<div class=\"wp-block-buttons is-horizontal is-content-justification-center is-layout-flex wp-container-core-buttons-is-layout-499968f5 wp-block-buttons-is-layout-flex\">\n<div class=\"wp-block-button has-custom-width wp-block-button__width-25 is-style-fill\"><a class=\"wp-block-button__link has-background wp-element-button\" href=\"https:\/\/reikigreybook.com\/de\/contribute\/spende\/\" style=\"border-radius:13px;background-color:#316111\" rel=\"https:\/\/reikigreybook.com\/en\/about-us\/donate\/\"><mark style=\"background-color:rgba(0, 0, 0, 0)\" class=\"has-inline-color has-white-color\">SPENDEN<\/mark><\/a><\/div>\n<\/div>\n\n<div style=\"height:100px\" aria-hidden=\"true\" class=\"wp-block-spacer\"><\/div>\n","protected":false},"excerpt":{"rendered":"<p>Alice Takata Furumoto ver\u00f6ffentlichte das Graue Buch 1982 als Geschenk an die Reiki-Meisterinnen und -Meister, die ihre Mutter, Hawayo Takata, eingeweiht hatte. Das Graue-Buch-Team m\u00f6chte dieses Verm\u00e4chtnis der Gro\u00dfz\u00fcgigkeit fortsetzen, indem es die \u00dcbersetzungen des Originaltextes der weltweiten Reiki-Gemeinschaft als Geschenk zur Verf\u00fcgung stellt. Phyllis Furumoto erkannte die Notwendigkeit von \u00dcbersetzungen, damit Sch\u00fclerinnen und Sch\u00fcler [&hellip;]<\/p>\n","protected":false},"author":1,"featured_media":1446,"parent":4935,"menu_order":2,"comment_status":"closed","ping_status":"closed","template":"","meta":{"footnotes":""},"class_list":["post-4945","page","type-page","status-publish","has-post-thumbnail","hentry"],"_links":{"self":[{"href":"https:\/\/reikigreybook.com\/de\/wp-json\/wp\/v2\/pages\/4945","targetHints":{"allow":["GET"]}}],"collection":[{"href":"https:\/\/reikigreybook.com\/de\/wp-json\/wp\/v2\/pages"}],"about":[{"href":"https:\/\/reikigreybook.com\/de\/wp-json\/wp\/v2\/types\/page"}],"author":[{"embeddable":true,"href":"https:\/\/reikigreybook.com\/de\/wp-json\/wp\/v2\/users\/1"}],"replies":[{"embeddable":true,"href":"https:\/\/reikigreybook.com\/de\/wp-json\/wp\/v2\/comments?post=4945"}],"version-history":[{"count":5,"href":"https:\/\/reikigreybook.com\/de\/wp-json\/wp\/v2\/pages\/4945\/revisions"}],"predecessor-version":[{"id":9222,"href":"https:\/\/reikigreybook.com\/de\/wp-json\/wp\/v2\/pages\/4945\/revisions\/9222"}],"up":[{"embeddable":true,"href":"https:\/\/reikigreybook.com\/de\/wp-json\/wp\/v2\/pages\/4935"}],"wp:featuredmedia":[{"embeddable":true,"href":"https:\/\/reikigreybook.com\/de\/wp-json\/wp\/v2\/media\/1446"}],"wp:attachment":[{"href":"https:\/\/reikigreybook.com\/de\/wp-json\/wp\/v2\/media?parent=4945"}],"curies":[{"name":"wp","href":"https:\/\/api.w.org\/{rel}","templated":true}]}}