{"id":5064,"date":"2021-05-13T00:20:15","date_gmt":"2021-05-13T00:20:15","guid":{"rendered":"https:\/\/reikigreybook.com\/resources\/eine-kleine-geschichte-ueber-das-graue-buch\/"},"modified":"2025-03-31T16:32:46","modified_gmt":"2025-03-31T16:32:46","slug":"eine-kleine-geschichte-ueber-das-graue-buch","status":"publish","type":"page","link":"https:\/\/reikigreybook.com\/de\/resources\/eine-kleine-geschichte-ueber-das-graue-buch\/","title":{"rendered":"Eine kleine Geschichte \u00fcber das Graue Buch"},"content":{"rendered":"\n<h4 class=\"wp-block-heading\">von Paul Mitchell<\/h4>\n\n\n\n<div class=\"wp-block-media-text alignwide is-stacked-on-mobile\" style=\"grid-template-columns:24% auto\"><figure class=\"wp-block-media-text__media\"><img fetchpriority=\"high\" decoding=\"async\" width=\"377\" height=\"436\" src=\"https:\/\/reikigreybook.com\/wp-content\/uploads\/2021\/05\/paul-mitchell.png\" alt=\"\" class=\"wp-image-1769 size-full\" srcset=\"https:\/\/reikigreybook.com\/wp-content\/uploads\/2021\/05\/paul-mitchell.png 377w, https:\/\/reikigreybook.com\/wp-content\/uploads\/2021\/05\/paul-mitchell-259x300.png 259w\" sizes=\"(max-width: 377px) 100vw, 377px\" \/><\/figure><div class=\"wp-block-media-text__content\">\n<p>Als ich 1979 von Hawayo Takata als Reiki-Meister eingeweiht wurde, erlaubte sie mir, meine Meistergeb\u00fchr nach und nach zu erg\u00e4nzen. Nach ihrem Tod im Dezember 1980 erschien es mir sinnvoll, die Zahlungen an ihre Tochter Alice Furumoto als Empf\u00e4ngerin des Nachlasses von Takata Sensei zu leisten.<\/p>\n\n\n\n<p>Obwohl ich Phyllis Furumoto als Nachfolgerin und Gro\u00dfmeisterin anerkannt habe, ist es mir nie in den Sinn, gekommen, meine Geb\u00fchr an sie zu zahlen.<\/p>\n<\/div><\/div>\n\n\n\n<div class=\"wp-block-group\"><div class=\"wp-block-group__inner-container is-layout-flow wp-block-group-is-layout-flow\">\n<div style=\"height:25px\" aria-hidden=\"true\" class=\"wp-block-spacer\"><\/div>\n<\/div><\/div>\n\n\n\n<p>Als ich 1982 das Graue Buch von Alice erhielt, war ich ger\u00fchrt von seiner Sch\u00f6nheit und davon, wie kostbar das Geschenk war. Ich war sehr dankbar, als Alice mir erlaubte, einige der Inhalte f\u00fcr das Sch\u00fclerheft zu verwenden, das ich der Reiki Alliance geschenkt habe.<\/p>\n\n\n\n<p>Ein paar Jahre sp\u00e4ter rief Alice an, um mir zu sagen, dass ich meine letzten Zahlungen an Phyllis schicken sollte. Als ich mit Phyllis dar\u00fcber sprach, sagte sie mir, dass das Geld, das ich ihrer Mutter geschickt hatte, die Produktion des Grauen Buches finanziert hatte.. ies zu erfahren, war mir eine Ehre.<\/p>\n\n\n\n<p>Am Ende des Buches findet sich eine Liste von 21 Meisterinnen und Meistern, die von Takata eingeweiht wurden. Ich wusste, dass eine Person fehlte: George Araki. Phyllis erz\u00e4hlte mir sp\u00e4ter, dass ihre Mutter George nicht mit aufgef\u00fchrt hatte, weil es keine Nachweise daf\u00fcr gab, dass er die Meistergeb\u00fchr bezahlt hatte. Auf diese Weise hatte Alice ermittelt, wen Takata Sensei anerkannt hatte.<\/p>\n\n\n\n<p>George Araki und ich waren gemeinsam bei Takata Sensei, um sie zu bitten, uns als ihre Meistersch\u00fcler aufzunehmen. Sie hat uns auch gemeinsam ausgebildet und anerkannt. Als Professor und Mitbegr\u00fcnder der Abteilung f\u00fcr interdisziplin\u00e4re wissenschaftliche Studien an der San Francisco State University forschte George im Bereich der Heilung. Seine Forschung war der Gegenwert, den er und Takata f\u00fcr seine Meistereinweihung vereinbart hatten. Da Alice dies nicht wusste, hatte sie ihn nicht in die Liste der Meisterinnen und Meister aufgenommen.<\/p>\n\n\n\n<p>Als wir unsere Grauen B\u00fccher erhielten, waren wir \u00fcberrascht. Wir wussten, dass George einer von Hawayo Takatas Meistern war und mit uns auf die Liste geh\u00f6rte.<\/p>\n\n\n\n<p class=\"has-text-align-right\">~Paul Mitchell<br>Kellogg, ID<br>30. M\u00e4rz 2021<\/p>\n\n\n\n<div style=\"height:100px\" aria-hidden=\"true\" class=\"wp-block-spacer\"><\/div>\n","protected":false},"excerpt":{"rendered":"<p>von Paul Mitchell Als ich 1979 von Hawayo Takata als Reiki-Meister eingeweiht wurde, erlaubte sie mir, meine Meistergeb\u00fchr nach und nach zu erg\u00e4nzen. Nach ihrem Tod im Dezember 1980 erschien es mir sinnvoll, die Zahlungen an ihre Tochter Alice Furumoto als Empf\u00e4ngerin des Nachlasses von Takata Sensei zu leisten. Obwohl ich Phyllis Furumoto als Nachfolgerin [&hellip;]<\/p>\n","protected":false},"author":1,"featured_media":0,"parent":4973,"menu_order":0,"comment_status":"closed","ping_status":"closed","template":"","meta":{"footnotes":""},"class_list":["post-5064","page","type-page","status-publish","hentry"],"_links":{"self":[{"href":"https:\/\/reikigreybook.com\/de\/wp-json\/wp\/v2\/pages\/5064","targetHints":{"allow":["GET"]}}],"collection":[{"href":"https:\/\/reikigreybook.com\/de\/wp-json\/wp\/v2\/pages"}],"about":[{"href":"https:\/\/reikigreybook.com\/de\/wp-json\/wp\/v2\/types\/page"}],"author":[{"embeddable":true,"href":"https:\/\/reikigreybook.com\/de\/wp-json\/wp\/v2\/users\/1"}],"replies":[{"embeddable":true,"href":"https:\/\/reikigreybook.com\/de\/wp-json\/wp\/v2\/comments?post=5064"}],"version-history":[{"count":5,"href":"https:\/\/reikigreybook.com\/de\/wp-json\/wp\/v2\/pages\/5064\/revisions"}],"predecessor-version":[{"id":9992,"href":"https:\/\/reikigreybook.com\/de\/wp-json\/wp\/v2\/pages\/5064\/revisions\/9992"}],"up":[{"embeddable":true,"href":"https:\/\/reikigreybook.com\/de\/wp-json\/wp\/v2\/pages\/4973"}],"wp:attachment":[{"href":"https:\/\/reikigreybook.com\/de\/wp-json\/wp\/v2\/media?parent=5064"}],"curies":[{"name":"wp","href":"https:\/\/api.w.org\/{rel}","templated":true}]}}