{"id":5074,"date":"2021-05-09T04:42:38","date_gmt":"2021-05-09T04:42:38","guid":{"rendered":"https:\/\/reikigreybook.com\/resources\/das-geheimnis-der-spirituellen-linie\/"},"modified":"2023-01-24T21:00:56","modified_gmt":"2023-01-24T21:00:56","slug":"das-geheimnis-der-spirituellen-linie","status":"publish","type":"page","link":"https:\/\/reikigreybook.com\/de\/resources\/das-geheimnis-der-spirituellen-linie\/","title":{"rendered":"Das Geheimnis der Spirituellen Linie"},"content":{"rendered":"\n<h4 class=\"wp-block-heading\">von Joyce Winough<\/h4>\n\n<div class=\"wp-block-media-text alignwide is-stacked-on-mobile\" style=\"grid-template-columns:27% auto\"><figure class=\"wp-block-media-text__media\"><img fetchpriority=\"high\" decoding=\"async\" width=\"406\" height=\"406\" src=\"https:\/\/reikigreybook.com\/wp-content\/uploads\/2021\/07\/Joyce-Winough-Medium.png\" alt=\"Foto von Joyce Winough - Reiki-Meisterin\" class=\"wp-image-3238 size-full\" srcset=\"https:\/\/reikigreybook.com\/wp-content\/uploads\/2021\/07\/Joyce-Winough-Medium.png 406w, https:\/\/reikigreybook.com\/wp-content\/uploads\/2021\/07\/Joyce-Winough-Medium-300x300.png 300w, https:\/\/reikigreybook.com\/wp-content\/uploads\/2021\/07\/Joyce-Winough-Medium-100x100.png 100w, https:\/\/reikigreybook.com\/wp-content\/uploads\/2021\/07\/Joyce-Winough-Medium-150x150.png 150w, https:\/\/reikigreybook.com\/wp-content\/uploads\/2021\/07\/Joyce-Winough-Medium-50x50.png 50w, https:\/\/reikigreybook.com\/wp-content\/uploads\/2021\/07\/Joyce-Winough-Medium-60x60.png 60w, https:\/\/reikigreybook.com\/wp-content\/uploads\/2021\/07\/Joyce-Winough-Medium-90x90.png 90w\" sizes=\"(max-width: 406px) 100vw, 406px\" \/><\/figure><div class=\"wp-block-media-text__content\">\n<p>Phyllis Lei Furumoto wuchs in Iowa, USA, kurz nach dem Zweiten Weltkrieg auf. Ihre Mutter, Alice, hatte hohe Erwartungen und war eine strenge Lehrmeisterin f\u00fcr ihr erstes Kind. Diese Mutter-Tochter-Beziehung war nicht immer einfach, aber sie respektierten sich gegenseitg und hatten Verst\u00e4ndnis f\u00fcr das Wesen des anderen. Als Phyllis schlie\u00dflich das Angebot ihrer Gro\u00dfmutter, mit ihr zusammenzuarbeiten, annahm, geschah dies aus einem Gef\u00fchl der Hingabe an die famili\u00e4ren Pflichten heraus. Im Laufe der Jahre gestaltete Phyllis ein Leben rund um ihr Schicksal und ihre Rolle als Nachfolgerin von Takata Sensei herum. Es war die perfekte Berufung f\u00fcr sie.<\/p>\n<\/div><\/div>\n\n<div style=\"height:25px\" aria-hidden=\"true\" class=\"wp-block-spacer\"><\/div>\n\n<p>Phyllis und ich zogen 2008 nach Green Valley, Arizona, um in der N\u00e4he von Alice zu sein und damit Phyllis mehr Zeit mit ihrer Mutter verbringen konnte. Als ich Alice n\u00e4her kennenlernte, sah ich, wie sehr ihr ihre Reiki-Praxis und die Erinnerung an ihre Mutter Hawayo am Herzen lagen. F\u00fcr Alice war Reiki etwas Pers\u00f6nliches, \u00fcber das man nur mit seinem Lehrer sprach. Dies brachte Phyllis oft in eine schwierige Lage, es half ihr aber auch dabei, Tradition und Kultur von Reiki als japanische Volksheilkunst zu bewahren. Alice bewahrte das Geschenk von Reiki so, wie es ihr von Chujiro Hayashi gegeben wurde, als sie ein junges M\u00e4dchen war. Sie pratizierte ihr eigenes pers\u00f6nliches Reiki, das sie mit ihren Kindern teilte, als diese heranwuchsen. Die getroffene Wahl, lieber eine Familie zu gr\u00fcnden, als Reiki-Meisterin zu sein, erf\u00fcllte sie. Sie hielt in unserer Linie einen einzigartigen Platz. Sie war die Tochter einer Gro\u00dfmeisterin und die Mutter ihrer Nachfolgerin.<\/p>\n\n<figure class=\"wp-block-image size-large\"><img decoding=\"async\" width=\"728\" height=\"392\" src=\"https:\/\/reikigreybook.com\/wp-content\/uploads\/2021\/06\/tryptich.png\" alt=\"\" class=\"wp-image-1889\" srcset=\"https:\/\/reikigreybook.com\/wp-content\/uploads\/2021\/06\/tryptich.png 728w, https:\/\/reikigreybook.com\/wp-content\/uploads\/2021\/06\/tryptich-600x323.png 600w, https:\/\/reikigreybook.com\/wp-content\/uploads\/2021\/06\/tryptich-300x162.png 300w\" sizes=\"(max-width: 728px) 100vw, 728px\" \/><\/figure>\n\n<p>Phyllis widmete ihr Leben der Aufgabe, Gro\u00dfmeisterin einer Praxis mit einer \u00dcberlieferungslinie zu sein. Sie unterst\u00fctzte die Reiki-Gemeinschaften auf der ganzen Welt mit ihren Berichten \u00fcber die Lehren ihrer Gro\u00dfmutter. Sie entwickelte die Praxis und gab ihr eine klare Sprache, die Usui Shiki Ryoho definierte. Wo immer sie hinkam, schuf sie eine Gemeinschaft und inspirierte Reiki-Sch\u00fcler, sich zu versammeln und gegenseitig zu unterst\u00fctzen. Sie konzentrierte sich auf die F\u00e4higkeiten, die f\u00fcr eine klare Kommunikation mit Mitgef\u00fchl erforderlich sind, hatte eine Vision vom Potenzial einer globalen Reiki-Gemeinschaft und war dabei selbst eine neugierige Sch\u00fclerin.<\/p>\n\n<p>Phyllis baute eine Gemeinschaft von \u00dcbersetzerInnen und DolmetscherInnen in neun Sprachen auf, die sie bei ihrer Arbeit rund um die Welt begleiteten. Ich erinnere mich an mehrere Male, dass, wenn sie in eine Sprache gedolmetscht wurde, die sie nicht kannte, sie sp\u00fcren konnte, wenn die Energie der Worte nicht ganz stimmte. F\u00fcr ihre DolmetscherInnen war es eine neue Erfahrung, die Energie der Bedeutung der Worte zu sp\u00fcren und nicht die Worte selbst. Sie war offen f\u00fcr Sch\u00fcler aller Praktiken und hinterlie\u00df ein Verm\u00e4chtnis von Tausenden von Stunden an Audio- und Videounterweisungen. Ihre erste Reaktion auf Fragen und Anliegen von Reiki-Sch\u00fclern war, sich zu versammeln und einen &#8222;Workshop&#8220; anzubieten. Phyllis liebte das Mysterium von Reiki und widmete sich der Erforschung und Vertiefung der Fragen, die sich aus dem Praktizieren von Reiki ergeben. <\/p>\n\n<div class=\"wp-block-media-text alignwide is-stacked-on-mobile\" style=\"grid-template-columns:36% auto\"><figure class=\"wp-block-media-text__media\"><img decoding=\"async\" width=\"300\" height=\"325\" src=\"https:\/\/reikigreybook.com\/wp-content\/uploads\/2021\/08\/Johannes-Reindl-Phyllis-Furumoto.jpg\" alt=\"\" class=\"wp-image-4735 size-full\" srcset=\"https:\/\/reikigreybook.com\/wp-content\/uploads\/2021\/08\/Johannes-Reindl-Phyllis-Furumoto.jpg 300w, https:\/\/reikigreybook.com\/wp-content\/uploads\/2021\/08\/Johannes-Reindl-Phyllis-Furumoto-277x300.jpg 277w, https:\/\/reikigreybook.com\/wp-content\/uploads\/2021\/08\/Johannes-Reindl-Phyllis-Furumoto-55x60.jpg 55w, https:\/\/reikigreybook.com\/wp-content\/uploads\/2021\/08\/Johannes-Reindl-Phyllis-Furumoto-83x90.jpg 83w\" sizes=\"(max-width: 300px) 100vw, 300px\" \/><\/figure><div class=\"wp-block-media-text__content\">\n<p>Der Zeitpunkt f\u00fcr diese Ausgabe des Grauen Buches ist ein gl\u00fccklicher Zufall. Eine neue Generation f\u00fchrt die Tradition der Spirituellen Linie in unserer Form der Praxis weiter. Auch wenn mein Trauerprozess \u00fcber den Verlust meiner lieben Partnerin immer noch weitergeht, f\u00fchle ich mich gesegnet, eine Br\u00fccke, ein Bindeglied zu Phyllis&#8216; Nachfolger, Gro\u00dfmeister Johannes Reindl, zu sein. Ich habe seine Energie gesehen und gef\u00fchlt, ber\u00fchrt von diesem Geheimnis der Spirituellen Linie, so als ob Phyllis ihr Licht in ihn hineingie\u00dft. Die Tausenden von Reiki-Sch\u00fclern, die von Furumoto Senseis Lehren ber\u00fchrt wurden, und die Reiki-Sch\u00fclerinnen und Sch\u00fcler, die ihren Weg gerade erst beginnen, haben die M\u00f6glichkeit, dieses Geheimnis der Spirituellen Linie durch ihre Beziehung zu Johannes wahrzunehmen und &#8222;wieder zu erkennen&#8220;.<\/p>\n<\/div><\/div>\n\n<div style=\"height:25px\" aria-hidden=\"true\" class=\"wp-block-spacer\"><\/div>\n\n<p class=\"has-text-align-right\">~Joyce Winough<br\/>Green Valley, AZ<br\/>1. Juni 2021<\/p>\n\n<div style=\"height:100px\" aria-hidden=\"true\" class=\"wp-block-spacer\"><\/div>\n","protected":false},"excerpt":{"rendered":"<p>von Joyce Winough Phyllis Lei Furumoto wuchs in Iowa, USA, kurz nach dem Zweiten Weltkrieg auf. Ihre Mutter, Alice, hatte hohe Erwartungen und war eine strenge Lehrmeisterin f\u00fcr ihr erstes Kind. Diese Mutter-Tochter-Beziehung war nicht immer einfach, aber sie respektierten sich gegenseitg und hatten Verst\u00e4ndnis f\u00fcr das Wesen des anderen. Als Phyllis schlie\u00dflich das Angebot [&hellip;]<\/p>\n","protected":false},"author":1,"featured_media":0,"parent":4973,"menu_order":0,"comment_status":"closed","ping_status":"closed","template":"","meta":{"footnotes":""},"class_list":["post-5074","page","type-page","status-publish","hentry"],"_links":{"self":[{"href":"https:\/\/reikigreybook.com\/de\/wp-json\/wp\/v2\/pages\/5074","targetHints":{"allow":["GET"]}}],"collection":[{"href":"https:\/\/reikigreybook.com\/de\/wp-json\/wp\/v2\/pages"}],"about":[{"href":"https:\/\/reikigreybook.com\/de\/wp-json\/wp\/v2\/types\/page"}],"author":[{"embeddable":true,"href":"https:\/\/reikigreybook.com\/de\/wp-json\/wp\/v2\/users\/1"}],"replies":[{"embeddable":true,"href":"https:\/\/reikigreybook.com\/de\/wp-json\/wp\/v2\/comments?post=5074"}],"version-history":[{"count":5,"href":"https:\/\/reikigreybook.com\/de\/wp-json\/wp\/v2\/pages\/5074\/revisions"}],"predecessor-version":[{"id":8705,"href":"https:\/\/reikigreybook.com\/de\/wp-json\/wp\/v2\/pages\/5074\/revisions\/8705"}],"up":[{"embeddable":true,"href":"https:\/\/reikigreybook.com\/de\/wp-json\/wp\/v2\/pages\/4973"}],"wp:attachment":[{"href":"https:\/\/reikigreybook.com\/de\/wp-json\/wp\/v2\/media?parent=5074"}],"curies":[{"name":"wp","href":"https:\/\/api.w.org\/{rel}","templated":true}]}}