{"id":9822,"date":"2024-06-20T08:11:49","date_gmt":"2024-06-20T08:11:49","guid":{"rendered":"https:\/\/reikigreybook.com\/contribute\/grossbestellungen\/"},"modified":"2025-07-01T00:12:31","modified_gmt":"2025-07-01T00:12:31","slug":"grossbestellungen","status":"publish","type":"product","link":"https:\/\/reikigreybook.com\/de\/contribute\/grossbestellungen\/","title":{"rendered":"Gro\u00dfbestellungen"},"content":{"rendered":"","protected":false},"excerpt":{"rendered":"<p>Hier k\u00f6nnen Sie mehrere Exemplare von <em>Reiki: Das graue Buch<\/em>bestellen. Bei der Bestellung mehrerer Exemplare reduzieren sich die Versandkosten, was zu erheblichen Einsparungen f\u00fchrt.<\/p>\n<p>Die folgenden Optionen gelten f\u00fcr 2, 5 und 10 Exemplare des Buches. Wenn Sie eine andere Anzahl B\u00fccher ben\u00f6tigen, senden Sie bitte eine E-Mail an <a href=\"mailto:info@ReikiGreyBook.com\">info@ReikiGreyBook.com<\/a> um ein Preisangebot zu erhalten.<\/p>\n<p>Abh\u00e4ngig von Ihrem Land werden Sie m\u00f6glicherweise aufgefordert, einen geringen Mehrwertsteuerbetrag zu entrichten, wenn Sie Ihre Buchexemplare erhalten.<\/p>\n","protected":false},"featured_media":9815,"template":"","meta":[],"product_brand":[],"product_cat":[195],"product_tag":[],"class_list":{"0":"post-9822","1":"product","2":"type-product","3":"status-publish","4":"has-post-thumbnail","6":"product_cat-mehrere-kopien-erhalten","8":"first","9":"instock","10":"purchasable","11":"product-type-variable"},"_links":{"self":[{"href":"https:\/\/reikigreybook.com\/de\/wp-json\/wp\/v2\/product\/9822","targetHints":{"allow":["GET"]}}],"collection":[{"href":"https:\/\/reikigreybook.com\/de\/wp-json\/wp\/v2\/product"}],"about":[{"href":"https:\/\/reikigreybook.com\/de\/wp-json\/wp\/v2\/types\/product"}],"wp:featuredmedia":[{"embeddable":true,"href":"https:\/\/reikigreybook.com\/de\/wp-json\/wp\/v2\/media\/9815"}],"wp:attachment":[{"href":"https:\/\/reikigreybook.com\/de\/wp-json\/wp\/v2\/media?parent=9822"}],"wp:term":[{"taxonomy":"product_brand","embeddable":true,"href":"https:\/\/reikigreybook.com\/de\/wp-json\/wp\/v2\/product_brand?post=9822"},{"taxonomy":"product_cat","embeddable":true,"href":"https:\/\/reikigreybook.com\/de\/wp-json\/wp\/v2\/product_cat?post=9822"},{"taxonomy":"product_tag","embeddable":true,"href":"https:\/\/reikigreybook.com\/de\/wp-json\/wp\/v2\/product_tag?post=9822"}],"curies":[{"name":"wp","href":"https:\/\/api.w.org\/{rel}","templated":true}]}}