{"id":2502,"date":"2021-05-09T04:30:41","date_gmt":"2021-05-09T04:30:41","guid":{"rendered":"https:\/\/reikigreybook.com\/dedication-page\/"},"modified":"2023-02-15T01:30:11","modified_gmt":"2023-02-15T01:30:11","slug":"dedication-page","status":"publish","type":"page","link":"https:\/\/reikigreybook.com\/es\/the-grey-book\/dedication-page\/","title":{"rendered":"P\u00e1gina dedicatoria"},"content":{"rendered":"\n<figure class=\"wp-block-table is-style-stripes\"><table class=\"has-black-color has-white-background-color has-text-color has-background\"><tbody><tr><td><a href=\"https:\/\/reikigreybook.com\/es\/the-grey-book\/master-students\/\">&lt;&#8211; Secci\u00f3n anterior<\/a><\/td><td class=\"has-text-align-right\" data-align=\"right\"><\/td><\/tr><\/tbody><\/table><\/figure>\n\n\n\n<div style=\"height:25px\" aria-hidden=\"true\" class=\"wp-block-spacer\"><\/div>\n\n\n\n<p>El legado de Phyllis no puede ser negado.<\/p>\n\n\n\n<p>La inmortalidad de mi madre vive en los corazones de aquellos que usan REIKI. <\/p>\n\n\n\n<p class=\"has-text-align-center\">[firmado] Alice Takata Furumoto<\/p>\n\n\n\n<p><\/p>\n\n\n\n<figure class=\"wp-block-image size-large is-resized\"><img fetchpriority=\"high\" decoding=\"async\" src=\"https:\/\/reikigreybook.com\/wp-content\/uploads\/2021\/05\/Dedication-watermarked-2-741x1024.png\" alt=\"\" class=\"wp-image-479\" width=\"514\" height=\"710\" srcset=\"https:\/\/reikigreybook.com\/wp-content\/uploads\/2021\/05\/Dedication-watermarked-2-741x1024.png 741w, https:\/\/reikigreybook.com\/wp-content\/uploads\/2021\/05\/Dedication-watermarked-2-600x829.png 600w, https:\/\/reikigreybook.com\/wp-content\/uploads\/2021\/05\/Dedication-watermarked-2-217x300.png 217w, https:\/\/reikigreybook.com\/wp-content\/uploads\/2021\/05\/Dedication-watermarked-2-768x1061.png 768w, https:\/\/reikigreybook.com\/wp-content\/uploads\/2021\/05\/Dedication-watermarked-2-1112x1536.png 1112w, https:\/\/reikigreybook.com\/wp-content\/uploads\/2021\/05\/Dedication-watermarked-2.png 1300w\" sizes=\"(max-width: 514px) 100vw, 514px\" \/><\/figure>\n\n\n\n<div style=\"height:15px\" aria-hidden=\"true\" class=\"wp-block-spacer\"><\/div>\n\n\n\n<hr class=\"wp-block-separator has-css-opacity is-style-wide\"\/>\n\n\n\n<div class=\"wp-block-group has-black-color has-text-color has-background\" style=\"background-color:#faf8ed\"><div class=\"wp-block-group__inner-container is-layout-flow wp-block-group-is-layout-flow\">\n<h3 class=\"has-text-align-center wp-block-heading\">Perspectivas hist\u00f3ricas<\/h3>\n\n\n\n<p>\u2022 Descubra lo que significan estos sellos japoneses en \u00ab<a href=\"https:\/\/reikigreybook.com\/es\/resources\/el-libro-gris-y-la-historia-de-reiki\/\">El Libro Gris y la Historia de Reiki<\/a>\u201d de Justin Stein<\/p>\n\n\n\n<p>\u2022 Lea \u201c<a href=\"https:\/\/reikigreybook.com\/es\/resources\/vivir-en-lo-desconocido\/\" data-type=\"page\" data-id=\"345\">Viviendo en lo desconocido<\/a>\u201d de Susan MItchell. Tenga una visi\u00f3n sobre el proceso de sucesi\u00f3n y vea c\u00f3mo el linaje vive y respira dentro de esta tradici\u00f3n.<\/p>\n\n\n\n<p>\u2022 Lea \u00ab<a href=\"https:\/\/reikigreybook.com\/es\/resources\/el-misterio-del-linaje-espiritual\/\">El Misterio del Linaje espiritual<\/a>\u201d de Joyce Winough para comprender el importante papel que tuvo Alice Takata Furumoto en la transmisi\u00f3n del linaje de Hawayo Takata a su nieta, Phyllis Lei Furumoto.<\/p>\n<\/div><\/div>\n\n\n\n<hr class=\"wp-block-separator has-css-opacity is-style-wide\"\/>\n\n\n\n<p> <\/p>\n\n\n\n<figure class=\"wp-block-table is-style-stripes\"><table class=\"has-black-color has-white-background-color has-text-color has-background\"><tbody><tr><td><a href=\"https:\/\/reikigreybook.com\/es\/the-grey-book\/master-students\/\">&lt;&#8211; Secci\u00f3n anterior<\/a><\/td><td class=\"has-text-align-right\" data-align=\"right\"><\/td><\/tr><\/tbody><\/table><\/figure>\n\n\n\n<div style=\"height:100px\" aria-hidden=\"true\" class=\"wp-block-spacer\"><\/div>\n","protected":false},"excerpt":{"rendered":"<p>&lt;&#8211; Secci\u00f3n anterior El legado de Phyllis no puede ser negado. La inmortalidad de mi madre vive en los corazones de aquellos que usan REIKI. [firmado] Alice Takata Furumoto Perspectivas hist\u00f3ricas \u2022 Descubra lo que significan estos sellos japoneses en \u00abEl Libro Gris y la Historia de Reiki\u201d de Justin Stein \u2022 Lea \u201cViviendo en [&hellip;]<\/p>\n","protected":false},"author":1,"featured_media":0,"parent":2521,"menu_order":7,"comment_status":"closed","ping_status":"closed","template":"","meta":{"footnotes":""},"class_list":["post-2502","page","type-page","status-publish","hentry"],"_links":{"self":[{"href":"https:\/\/reikigreybook.com\/es\/wp-json\/wp\/v2\/pages\/2502","targetHints":{"allow":["GET"]}}],"collection":[{"href":"https:\/\/reikigreybook.com\/es\/wp-json\/wp\/v2\/pages"}],"about":[{"href":"https:\/\/reikigreybook.com\/es\/wp-json\/wp\/v2\/types\/page"}],"author":[{"embeddable":true,"href":"https:\/\/reikigreybook.com\/es\/wp-json\/wp\/v2\/users\/1"}],"replies":[{"embeddable":true,"href":"https:\/\/reikigreybook.com\/es\/wp-json\/wp\/v2\/comments?post=2502"}],"version-history":[{"count":5,"href":"https:\/\/reikigreybook.com\/es\/wp-json\/wp\/v2\/pages\/2502\/revisions"}],"predecessor-version":[{"id":9363,"href":"https:\/\/reikigreybook.com\/es\/wp-json\/wp\/v2\/pages\/2502\/revisions\/9363"}],"up":[{"embeddable":true,"href":"https:\/\/reikigreybook.com\/es\/wp-json\/wp\/v2\/pages\/2521"}],"wp:attachment":[{"href":"https:\/\/reikigreybook.com\/es\/wp-json\/wp\/v2\/media?parent=2502"}],"curies":[{"name":"wp","href":"https:\/\/api.w.org\/{rel}","templated":true}]}}