{"id":2521,"date":"2021-05-09T04:27:49","date_gmt":"2021-05-09T04:27:49","guid":{"rendered":"https:\/\/reikigreybook.com\/the-grey-book\/"},"modified":"2023-01-25T04:56:02","modified_gmt":"2023-01-25T04:56:02","slug":"the-grey-book","status":"publish","type":"page","link":"https:\/\/reikigreybook.com\/es\/the-grey-book\/","title":{"rendered":"Leer El Libro Gris"},"content":{"rendered":"\n<p>El libro completo se presenta aqu\u00ed en siete secciones, en el orden publicado por Alice Takata Furumoto en el volumen original <em>Reiki<\/em> de 1982. La <a href=\"https:\/\/reikigreybook.com\/es\/the-grey-book\/therapy-guide\/\" data-type=\"p\u00e1gina\" data-id=\"304\">Gu\u00eda Terap\u00e9utica<\/a>, producida originalmente en japon\u00e9s, fue traducida al ingl\u00e9s por el traductor acad\u00e9mico profesional Dylan Luers Toda. Tomamos como base el trabajo de Toda para encomendarle las traducciones disponibles para este sitio web, y por primera vez, muchos de nosotros podemos leer en nuestros propios idiomas el manual original de tratamiento de Reiki que Chujiro Hayashi prepar\u00f3 para los estudiantes del Hayashi Reiki Kenkyukai en Hawaii en 1938.<\/p>\n\n\n\n<div class=\"wp-block-media-text alignwide is-stacked-on-mobile is-vertically-aligned-bottom\"><figure class=\"wp-block-media-text__media\"><img fetchpriority=\"high\" decoding=\"async\" width=\"716\" height=\"904\" src=\"https:\/\/reikigreybook.com\/wp-content\/uploads\/2022\/05\/The-Grey-Book-Cover-only-med.jpg\" alt=\"Foto de la portada de la reimpresi\u00f3n de la edici\u00f3n limitada de 2022 de Reiki: El Libro Gris\" class=\"wp-image-6288 size-full\" srcset=\"https:\/\/reikigreybook.com\/wp-content\/uploads\/2022\/05\/The-Grey-Book-Cover-only-med.jpg 716w, https:\/\/reikigreybook.com\/wp-content\/uploads\/2022\/05\/The-Grey-Book-Cover-only-med-600x758.jpg 600w, https:\/\/reikigreybook.com\/wp-content\/uploads\/2022\/05\/The-Grey-Book-Cover-only-med-238x300.jpg 238w\" sizes=\"(max-width: 716px) 100vw, 716px\" \/><\/figure><div class=\"wp-block-media-text__content\">\n<h3 class=\"wp-block-heading\"><a href=\"https:\/\/reikigreybook.com\/es\/the-grey-book\/takatas-diary-entries\/\">LEE EL LIBRO COMPLETO AQU\u00cd<\/a><br><strong><em>Reiki: El Libro Gris<\/em><\/strong><\/h3>\n\n\n\n<hr class=\"wp-block-separator has-text-color has-black-color has-css-opacity has-black-background-color has-background is-style-wide\"\/>\n\n\n\n<p><\/p>\n\n\n\n<p class=\"has-small-font-size\"><strong>A continuaci\u00f3n se enumeran las siete secciones del volumen original de <em>Reiki<\/em> de 1982. Para leerlo haz clic en cualquier t\u00edtulo de la secci\u00f3n a continuaci\u00f3n. <\/strong><\/p>\n\n\n\n<p class=\"has-small-font-size\">1. <a rel=\"noreferrer noopener\" href=\"https:\/\/reikigreybook.com\/es\/the-grey-book\/takatas-diary-entries\/\" data-type=\"p\u00e1gina\" target=\"_blank\">Entradas del diario de Takata<\/a><br>2. <a rel=\"noreferrer noopener\" href=\"https:\/\/reikigreybook.com\/es\/the-grey-book\/therapy-guide\/\" data-type=\"p\u00e1gina\" target=\"_blank\">Gu\u00eda terap\u00e9utica<\/a><br>3. <a rel=\"noreferrer noopener\" href=\"https:\/\/reikigreybook.com\/es\/the-grey-book\/the-art-of-healing\/\" data-type=\"p\u00e1gina\" data-id=\"306\" target=\"_blank\">El arte de sanar<\/a><br>4. <a rel=\"noreferrer noopener\" href=\"https:\/\/reikigreybook.com\/es\/the-grey-book\/photos\/\" data-type=\"p\u00e1gina\" data-id=\"334\" target=\"_blank\">Fotos<\/a><br>5. <a rel=\"noreferrer noopener\" href=\"https:\/\/reikigreybook.com\/es\/the-grey-book\/takatas-master-certificate\/\" data-type=\"p\u00e1gina\" data-id=\"320\" target=\"_blank\">Certificado de Maestr\u00eda de Takata<\/a><br>6. <a rel=\"noreferrer noopener\" href=\"https:\/\/reikigreybook.com\/es\/the-grey-book\/master-students\/\" data-type=\"p\u00e1gina\" data-id=\"308\" target=\"_blank\">Estudiantes Maestros<\/a><br>7. <a rel=\"noreferrer noopener\" href=\"https:\/\/reikigreybook.com\/es\/el-libro-gris\/p\u00e1gina-dedicatoria\/\" data-type=\"p\u00e1gina\" data-id=\"328\" target=\"_blank\">P\u00e1gina dedicatoria<\/a><\/p>\n<\/div><\/div>\n\n\n\n<div style=\"height:50px\" aria-hidden=\"true\" class=\"wp-block-spacer\"><\/div>\n\n\n\n<hr class=\"wp-block-separator has-text-color has-black-color has-css-opacity has-black-background-color has-background is-style-wide\"\/>\n\n\n\n<div style=\"height:25px\" aria-hidden=\"true\" class=\"wp-block-spacer\"><\/div>\n\n\n\n<div class=\"wp-block-media-text alignwide has-media-on-the-right is-stacked-on-mobile is-vertically-aligned-center\" style=\"grid-template-columns:auto 51%\"><div class=\"wp-block-media-text__content\">\n<h3 class=\"wp-block-heading\"><a href=\"https:\/\/reikigreybook.com\/es\/about-us\/inviting-generosity\/\" data-type=\"p\u00e1gina\" data-id=\"338\">INVITAR LA GENEROSIDAD<\/a><br><strong><em>Reiki: El Libro Gris<\/em><\/strong><\/h3>\n\n\n\n<hr class=\"wp-block-separator has-text-color has-black-color has-css-opacity has-black-background-color has-background is-style-wide\"\/>\n\n\n\n<p><\/p>\n\n\n\n<p>Alice Takata Furumoto public\u00f3 <em>El Libro Gris<\/em> en 1982 como un regalo a los Maestros de Reiki que hab\u00eda iniciado su madre, Hawayo Takata. <a href=\"https:\/\/reikigreybook.com\/es\/about-us\/the-grey-book-team\/\" data-type=\"p\u00e1gina\" data-id=\"700\">El equipo del Libro Gris<\/a> quiere continuar con este legado de generosidad ofreciendo traducciones del texto original como un regalo a la comunidad mundial de Reiki.<\/p>\n\n\n\n<p><a href=\"https:\/\/reikigreybook.com\/es\/contribute\/donacion\/\">Te invitamos a ser parte de este legado de generosidad<\/a>. \u00danete al proyecto del <em>Libro Gris<\/em> haciendo una oferta financiera para poder hacer m\u00e1s traducciones de este texto.<\/p>\n\n\n\n<p><\/p>\n\n\n\n<p> <\/p>\n\n\n\n<div class=\"wp-block-buttons is-horizontal is-content-justification-right is-layout-flex wp-container-core-buttons-is-layout-ae2fe186 wp-block-buttons-is-layout-flex\">\n<div class=\"wp-block-button has-custom-width wp-block-button__width-100 is-style-outline is-style-outline--1\"><a class=\"wp-block-button__link has-vivid-red-color has-white-background-color has-text-color has-background wp-element-button\" href=\"https:\/\/reikigreybook.com\/es\/contribute\/donacion\/\" style=\"border-radius:13px\">Donar el regalo de la traducci\u00f3n<\/a><\/div>\n<\/div>\n<\/div><figure class=\"wp-block-media-text__media\"><img decoding=\"async\" width=\"675\" height=\"940\" src=\"https:\/\/reikigreybook.com\/wp-content\/uploads\/2022\/05\/Inviting-Generosity-vertical.jpg\" alt=\"\" class=\"wp-image-6070 size-full\" srcset=\"https:\/\/reikigreybook.com\/wp-content\/uploads\/2022\/05\/Inviting-Generosity-vertical.jpg 675w, https:\/\/reikigreybook.com\/wp-content\/uploads\/2022\/05\/Inviting-Generosity-vertical-600x836.jpg 600w, https:\/\/reikigreybook.com\/wp-content\/uploads\/2022\/05\/Inviting-Generosity-vertical-215x300.jpg 215w\" sizes=\"(max-width: 675px) 100vw, 675px\" \/><\/figure><\/div>\n\n\n\n<div style=\"height:50px\" aria-hidden=\"true\" class=\"wp-block-spacer\"><\/div>\n\n\n\n<hr class=\"wp-block-separator has-css-opacity is-style-wide\"\/>\n\n\n\n<div style=\"height:50px\" aria-hidden=\"true\" class=\"wp-block-spacer\"><\/div>\n\n\n\n<p><\/p>\n","protected":false},"excerpt":{"rendered":"<p>El libro completo se presenta aqu\u00ed en siete secciones, en el orden publicado por Alice Takata Furumoto en el volumen original Reiki de 1982. La Gu\u00eda Terap\u00e9utica, producida originalmente en japon\u00e9s, fue traducida al ingl\u00e9s por el traductor acad\u00e9mico profesional Dylan Luers Toda. Tomamos como base el trabajo de Toda para encomendarle las traducciones disponibles [&hellip;]<\/p>\n","protected":false},"author":1,"featured_media":0,"parent":0,"menu_order":0,"comment_status":"closed","ping_status":"closed","template":"","meta":{"footnotes":""},"class_list":["post-2521","page","type-page","status-publish","hentry"],"_links":{"self":[{"href":"https:\/\/reikigreybook.com\/es\/wp-json\/wp\/v2\/pages\/2521","targetHints":{"allow":["GET"]}}],"collection":[{"href":"https:\/\/reikigreybook.com\/es\/wp-json\/wp\/v2\/pages"}],"about":[{"href":"https:\/\/reikigreybook.com\/es\/wp-json\/wp\/v2\/types\/page"}],"author":[{"embeddable":true,"href":"https:\/\/reikigreybook.com\/es\/wp-json\/wp\/v2\/users\/1"}],"replies":[{"embeddable":true,"href":"https:\/\/reikigreybook.com\/es\/wp-json\/wp\/v2\/comments?post=2521"}],"version-history":[{"count":5,"href":"https:\/\/reikigreybook.com\/es\/wp-json\/wp\/v2\/pages\/2521\/revisions"}],"predecessor-version":[{"id":9188,"href":"https:\/\/reikigreybook.com\/es\/wp-json\/wp\/v2\/pages\/2521\/revisions\/9188"}],"wp:attachment":[{"href":"https:\/\/reikigreybook.com\/es\/wp-json\/wp\/v2\/media?parent=2521"}],"curies":[{"name":"wp","href":"https:\/\/api.w.org\/{rel}","templated":true}]}}