{"id":2935,"date":"2021-05-09T02:56:21","date_gmt":"2021-05-09T02:56:21","guid":{"rendered":"https:\/\/reikigreybook.com\/resources\/"},"modified":"2023-03-11T15:08:45","modified_gmt":"2023-03-11T15:08:45","slug":"resources","status":"publish","type":"page","link":"https:\/\/reikigreybook.com\/es\/resources\/","title":{"rendered":"Recursos"},"content":{"rendered":"\n<p>Miembros del <a href=\"\/en\/?page_id=700\" data-type=\"page\" data-id=\"700\">Equipo del Libro Gris <\/a>han escrito algunos ensayos en este sitio web para mejor entender y contextualizar el contenido de <em>Reiki: El Libro Gris<\/em>. Cuando se leen estos escritos como contenido desligado del volumen original, el libro impreso en 1982, es f\u00e1cil pensar que los materiales de la secci\u00f3n <a href=\"https:\/\/reikigreybook.com\/es\/the-grey-book\/\" data-type=\"page\" data-id=\"323\">El Libro Gris<\/a> de este sitio web, aparezcan como documentos hist\u00f3ricos separados y desconectados. Nuestra esperanza es preservar el contexto original de este volumen impreso. <\/p>\n\n<div style=\"height:20px\" aria-hidden=\"true\" class=\"wp-block-spacer\"><\/div>\n\n<div class=\"wp-block-cover alignwide is-light has-custom-content-position is-position-bottom-center is-position-center-center\" style=\"min-height:97px;aspect-ratio:unset;\"><span aria-hidden=\"true\" class=\"wp-block-cover__background has-white-background-color has-background-dim-20 has-background-dim\"><\/span><img fetchpriority=\"high\" decoding=\"async\" width=\"642\" height=\"349\" class=\"wp-block-cover__image-background wp-image-731\" alt=\"\" src=\"https:\/\/reikigreybook.com\/wp-content\/uploads\/2021\/05\/snowy-kurama-gate.png\" style=\"object-position:57% 0%\" data-object-fit=\"cover\" data-object-position=\"57% 0%\" srcset=\"https:\/\/reikigreybook.com\/wp-content\/uploads\/2021\/05\/snowy-kurama-gate.png 642w, https:\/\/reikigreybook.com\/wp-content\/uploads\/2021\/05\/snowy-kurama-gate-600x326.png 600w, https:\/\/reikigreybook.com\/wp-content\/uploads\/2021\/05\/snowy-kurama-gate-300x163.png 300w\" sizes=\"(max-width: 642px) 100vw, 642px\" \/><div class=\"wp-block-cover__inner-container is-layout-flow wp-block-cover-is-layout-flow\">\n<p class=\"has-text-align-center has-large-font-size\" style=\"line-height:1.1\"><strong>Perspectivas hist\u00f3ricas<\/strong><\/p>\n<\/div><\/div>\n\n<div class=\"wp-block-group has-black-color has-text-color has-background\" style=\"background-color:#faf8ed\"><div class=\"wp-block-group__inner-container is-layout-flow wp-block-group-is-layout-flow\">\n<p><a href=\"https:\/\/reikigreybook.com\/es\/resources\/una-fuerza-poderosa\/\" data-type=\"page\" data-id=\"352\">Una fuerza poderosa<\/a> &#8211; Brian Brunius escribe acerca de su motivaci\u00f3n para reimprimir <em>Reiki: El Libro Gris<\/em> y ponerlo en linea para que el mundo pueda verlo.<\/p>\n\n\n\n<p><a href=\"https:\/\/reikigreybook.com\/es\/resources\/el-libro-gris-y-la-historia-de-reiki\/\" data-type=\"page\" data-id=\"301\">The \u201cGrey Book\u201d and Reiki History<\/a> &#8211; Lea la perspectiva hist\u00f3rica del Dr. Justin Stein acerca de <em>Reiki: El Libro Gris<\/em>. Conocer el contexto que rodea su creaci\u00f3n y los Maestros que lo recibieron primero.<\/p>\n\n\n\n<p><a href=\"https:\/\/reikigreybook.com\/es\/resources\/una-pequena-historia-acerca-de-libro-gris\/\" data-type=\"page\" data-id=\"740\">Una peque\u00f1a historia acerca del Libro Gris<\/a> &#8211; Paul Mitchell relata la historia de los pagos que hizo para recibir su formaci\u00f3n de Maestro y c\u00f3mo, sin que \u00e9l lo supiera, estos financiaron la impresi\u00f3n original de <em>Reiki: El Libro Gris.<\/em> <\/p>\n\n\n\n<p><a href=\"https:\/\/reikigreybook.com\/es\/resources\/el-misterio-del-linaje-espiritual\/\" data-type=\"URL\" data-id=\"https:\/\/reikigreybook.com\/en\/resources\/the-mystery-of-spiritual-lineage\/\">El misterio del linaje espiritual<\/a> &#8211; Joyce Winough escribe sobre la transmisi\u00f3n del linaje espiritual de una generaci\u00f3n a la siguiente, y el papel importante que tuvo Alice Takata Furumoto en la transmisi\u00f3n del linaje que pas\u00f3 de Hawayo Takata a su nieta, Phyllis Lei Furumoto.<\/p>\n\n\n\n<p><a href=\"https:\/\/reikigreybook.com\/es\/resources\/vivir-en-lo-desconocido\/\" data-type=\"page\" data-id=\"345\">Vivir lo desconocido <\/a> &#8211; Susan Mitchell escribe acerca de Johannes Reindl y de las cuatro palabras que cambiaron su vida. Tenga una visi\u00f3n sobre el proceso de sucesi\u00f3n y vea c\u00f3mo el linaje vive y respira dentro de esta tradici\u00f3n.<\/p>\n<\/div><\/div>\n\n<div class=\"wp-block-cover alignwide is-light has-custom-content-position is-position-bottom-center is-position-center-center\" style=\"min-height:97px;aspect-ratio:unset;\"><span aria-hidden=\"true\" class=\"wp-block-cover__background has-white-background-color has-background-dim-20 has-background-dim\"><\/span><img decoding=\"async\" width=\"642\" height=\"349\" class=\"wp-block-cover__image-background wp-image-731\" alt=\"\" src=\"https:\/\/reikigreybook.com\/wp-content\/uploads\/2021\/05\/snowy-kurama-gate.png\" style=\"object-position:51% 100%\" data-object-fit=\"cover\" data-object-position=\"51% 100%\" srcset=\"https:\/\/reikigreybook.com\/wp-content\/uploads\/2021\/05\/snowy-kurama-gate.png 642w, https:\/\/reikigreybook.com\/wp-content\/uploads\/2021\/05\/snowy-kurama-gate-600x326.png 600w, https:\/\/reikigreybook.com\/wp-content\/uploads\/2021\/05\/snowy-kurama-gate-300x163.png 300w\" sizes=\"(max-width: 642px) 100vw, 642px\" \/><div class=\"wp-block-cover__inner-container is-layout-flow wp-block-cover-is-layout-flow\">\n<p class=\"has-text-align-center has-large-font-size\" style=\"line-height:1.1\"><\/p>\n<\/div><\/div>\n\n<div style=\"height:100px\" aria-hidden=\"true\" class=\"wp-block-spacer\"><\/div>\n","protected":false},"excerpt":{"rendered":"<p>Miembros del Equipo del Libro Gris han escrito algunos ensayos en este sitio web para mejor entender y contextualizar el contenido de Reiki: El Libro Gris. Cuando se leen estos escritos como contenido desligado del volumen original, el libro impreso en 1982, es f\u00e1cil pensar que los materiales de la secci\u00f3n El Libro Gris de [&hellip;]<\/p>\n","protected":false},"author":1,"featured_media":0,"parent":0,"menu_order":0,"comment_status":"closed","ping_status":"closed","template":"","meta":{"footnotes":""},"class_list":["post-2935","page","type-page","status-publish","hentry"],"_links":{"self":[{"href":"https:\/\/reikigreybook.com\/es\/wp-json\/wp\/v2\/pages\/2935","targetHints":{"allow":["GET"]}}],"collection":[{"href":"https:\/\/reikigreybook.com\/es\/wp-json\/wp\/v2\/pages"}],"about":[{"href":"https:\/\/reikigreybook.com\/es\/wp-json\/wp\/v2\/types\/page"}],"author":[{"embeddable":true,"href":"https:\/\/reikigreybook.com\/es\/wp-json\/wp\/v2\/users\/1"}],"replies":[{"embeddable":true,"href":"https:\/\/reikigreybook.com\/es\/wp-json\/wp\/v2\/comments?post=2935"}],"version-history":[{"count":5,"href":"https:\/\/reikigreybook.com\/es\/wp-json\/wp\/v2\/pages\/2935\/revisions"}],"predecessor-version":[{"id":9177,"href":"https:\/\/reikigreybook.com\/es\/wp-json\/wp\/v2\/pages\/2935\/revisions\/9177"}],"wp:attachment":[{"href":"https:\/\/reikigreybook.com\/es\/wp-json\/wp\/v2\/media?parent=2935"}],"curies":[{"name":"wp","href":"https:\/\/api.w.org\/{rel}","templated":true}]}}