{"id":2958,"date":"2021-05-09T03:43:10","date_gmt":"2021-05-09T03:43:10","guid":{"rendered":"https:\/\/reikigreybook.com\/the-grey-book\/takatas-master-certificate\/"},"modified":"2023-01-25T00:31:22","modified_gmt":"2023-01-25T00:31:22","slug":"takatas-master-certificate","status":"publish","type":"page","link":"https:\/\/reikigreybook.com\/es\/the-grey-book\/takatas-master-certificate\/","title":{"rendered":"Certificado de Maestr\u00eda de Takata"},"content":{"rendered":"\n<figure class=\"wp-block-table is-style-stripes\"><table class=\"has-black-color has-white-background-color has-text-color has-background\"><tbody><tr><td><a href=\"https:\/\/reikigreybook.com\/es\/the-grey-book\/photos\/\">&lt;&#8211; Secci\u00f3n anterior<\/a><\/td><td class=\"has-text-align-right\" data-align=\"right\"><a href=\"https:\/\/reikigreybook.com\/es\/the-grey-book\/master-students\/\">Secci\u00f3n siguiente &#8211;&gt;<\/a><\/td><\/tr><\/tbody><\/table><\/figure>\n\n<div style=\"height:25px\" aria-hidden=\"true\" class=\"wp-block-spacer\"><\/div>\n\n<p class=\"has-text-align-center\"><strong>C E R T I F I C A D O<\/strong><\/p>\n\n<p>          <span style=\"text-decoration: underline;\">ESTO ES PARA CERTIFICAR<\/span> que la <span style=\"text-decoration: underline;\">Sra.Hawayo Takata<\/span>, ciudadana estadounidense nacida en el Territorio de Haw\u00e1i, despu\u00e9s de un curso de estudio y entrenamiento en el sistema Usui de curaci\u00f3n de Reiki realizado bajo mi supervisi\u00f3n personal durante una visita a Jap\u00f3n en 1935 y posteriormente, ha pasado todas las pruebas y ha demostrado ser digna y capaz de administrar el tratamiento y de conferir el poder del Reiki a otros.<br\/> POR LO TANTO, yo, el Dr. Chujiro Hayashi, en virtud de mi autoridad como Maestro del sistema Usui Reiki de curaci\u00f3n sin drogas, por la presente confiero a la Sra. Hawayo Takata todo el poder y la autoridad para practicar el sistema de Reiki y para impartir a otros el secreto conocimiento y el don de la curaci\u00f3n bajo este sistema.<br\/> Por la presente, certifico a la SRA HAWAYO TAKATA como practicante y Maestra del sistema de curaci\u00f3n Reiki del Dr. Usui, en este momento es la \u00fanica persona en los Estados Unidos autorizada para conferir poderes similares a otros y una de las trece completamente calificadas como Maestra de la profesi\u00f3n.<br\/><br\/> Firmada por mi este 21 d\u00eda de febrero, 1938, en la ciudad y condado de Honolulu, territorio de Haw\u00e1i.<\/p>\n\n<p class=\"has-text-align-right\">(FIRMADO) Chujiro Hayashi<\/p>\n\n<p class=\"has-text-align-left\">Testigos de la firma:<br\/><span style=\"text-decoration: underline;\">Yoshino Hanao<\/span><\/p>\n\n<hr class=\"wp-block-separator has-text-color has-black-color has-css-opacity has-black-background-color has-background is-style-wide\"\/>\n\n<p class=\"has-text-align-left\"><em>TERRITORIO DE HAW\u00c1I<br\/>Ciudad y condado de Honolulu<br\/> En este d\u00eda <span style=\"text-decoration: underline;\">21<\/span> de <span style=\"text-decoration: underline;\">febrero<\/span> de 1938 d.C., se present\u00f3 personalmente ante m\u00ed el ( DR.) CHUJIRO HAYASHI, reconocido por mi por ser la persona mencionada y quien ejecut\u00f3 el documento anterior y reconoci\u00f3 que fu\u00e9 \u00e9l <span style=\"text-decoration: underline;\">QUI\u00c9N <\/span>ejecut\u00f3 <span style=\"text-decoration: underline;\">SU <\/span>documento y fue un acto libre.<br\/>          <span style=\"text-decoration: underline;\">(firma illegible<\/span>)<br\/> Notario P\u00fablico, Primer Circuito Judicial,<br\/> Territorio de Haw\u00e1i<\/em><br\/><\/p>\n\n<figure class=\"wp-block-image size-large\"><img fetchpriority=\"high\" decoding=\"async\" width=\"600\" height=\"826\" src=\"https:\/\/reikigreybook.com\/wp-content\/uploads\/2021\/05\/Photo-of-Hawayo-Takatas-Master-Certificate-from-the-Grey_book.png\" alt=\"\" class=\"wp-image-516\" srcset=\"https:\/\/reikigreybook.com\/wp-content\/uploads\/2021\/05\/Photo-of-Hawayo-Takatas-Master-Certificate-from-the-Grey_book.png 600w, https:\/\/reikigreybook.com\/wp-content\/uploads\/2021\/05\/Photo-of-Hawayo-Takatas-Master-Certificate-from-the-Grey_book-218x300.png 218w\" sizes=\"(max-width: 600px) 100vw, 600px\" \/><\/figure>\n\n<figure class=\"wp-block-table is-style-stripes\"><table class=\"has-black-color has-white-background-color has-text-color has-background\"><tbody><tr><td><a href=\"https:\/\/reikigreybook.com\/es\/the-grey-book\/photos\/\">&lt;&#8211; Secci\u00f3n anterior<\/a><\/td><td class=\"has-text-align-right\" data-align=\"right\"><a href=\"https:\/\/reikigreybook.com\/es\/the-grey-book\/master-students\/\">Secci\u00f3n siguiente &#8211;&gt;<\/a><\/td><\/tr><\/tbody><\/table><\/figure>\n\n<div style=\"height:100px\" aria-hidden=\"true\" class=\"wp-block-spacer\"><\/div>\n","protected":false},"excerpt":{"rendered":"<p>&lt;&#8211; Secci\u00f3n anterior Secci\u00f3n siguiente &#8211;&gt; C E R T I F I C A D O ESTO ES PARA CERTIFICAR que la Sra.Hawayo Takata, ciudadana estadounidense nacida en el Territorio de Haw\u00e1i, despu\u00e9s de un curso de estudio y entrenamiento en el sistema Usui de curaci\u00f3n de Reiki realizado bajo mi supervisi\u00f3n personal durante [&hellip;]<\/p>\n","protected":false},"author":1,"featured_media":0,"parent":2521,"menu_order":5,"comment_status":"closed","ping_status":"closed","template":"","meta":{"footnotes":""},"class_list":["post-2958","page","type-page","status-publish","hentry"],"_links":{"self":[{"href":"https:\/\/reikigreybook.com\/es\/wp-json\/wp\/v2\/pages\/2958","targetHints":{"allow":["GET"]}}],"collection":[{"href":"https:\/\/reikigreybook.com\/es\/wp-json\/wp\/v2\/pages"}],"about":[{"href":"https:\/\/reikigreybook.com\/es\/wp-json\/wp\/v2\/types\/page"}],"author":[{"embeddable":true,"href":"https:\/\/reikigreybook.com\/es\/wp-json\/wp\/v2\/users\/1"}],"replies":[{"embeddable":true,"href":"https:\/\/reikigreybook.com\/es\/wp-json\/wp\/v2\/comments?post=2958"}],"version-history":[{"count":5,"href":"https:\/\/reikigreybook.com\/es\/wp-json\/wp\/v2\/pages\/2958\/revisions"}],"predecessor-version":[{"id":9182,"href":"https:\/\/reikigreybook.com\/es\/wp-json\/wp\/v2\/pages\/2958\/revisions\/9182"}],"up":[{"embeddable":true,"href":"https:\/\/reikigreybook.com\/es\/wp-json\/wp\/v2\/pages\/2521"}],"wp:attachment":[{"href":"https:\/\/reikigreybook.com\/es\/wp-json\/wp\/v2\/media?parent=2958"}],"curies":[{"name":"wp","href":"https:\/\/api.w.org\/{rel}","templated":true}]}}