{"id":3010,"date":"2021-05-09T03:00:07","date_gmt":"2021-05-09T03:00:07","guid":{"rendered":"https:\/\/reikigreybook.com\/the-grey-book\/the-art-of-healing\/"},"modified":"2023-01-25T00:30:02","modified_gmt":"2023-01-25T00:30:02","slug":"the-art-of-healing","status":"publish","type":"page","link":"https:\/\/reikigreybook.com\/es\/the-grey-book\/the-art-of-healing\/","title":{"rendered":"El Arte de Sanar"},"content":{"rendered":"\n<figure class=\"wp-block-table is-style-stripes\"><table class=\"has-black-color has-white-background-color has-text-color has-background\"><tbody><tr><td><a href=\"https:\/\/reikigreybook.com\/es\/the-grey-book\/therapy-guide\/\">&lt;&#8211; Secci\u00f3n anterior<\/a><\/td><td class=\"has-text-align-right\" data-align=\"right\"><a href=\"https:\/\/reikigreybook.com\/es\/the-grey-book\/photos\/\">Secci\u00f3n siguiente &#8211;&gt;<\/a><\/td><\/tr><\/tbody><\/table><\/figure>\n\n<div style=\"height:25px\" aria-hidden=\"true\" class=\"wp-block-spacer\"><\/div>\n\n<p>Procurar\u00e9 escribir este ensayo sobre el arte de sanar con la limitaci\u00f3n de las palabras, intentar\u00e9 ser m\u00e1s pr\u00e1ctica que t\u00e9cnica, porque lo que estoy a punto de definir no est\u00e1 asociado con ning\u00fan ser material visible, no tiene forma, ni nombre. Creo que existe un Ser Supremo, el Infinito Absoluto, una Fuerza Din\u00e1mica que gobierna el mundo y el Universo. Es un poder espiritual invisible que vibra y todos los dem\u00e1s poderes se desvanecen y se vuelven insignificantes a su lado. Por lo tanto, es Absoluto! Este poder es insondable, inconmensurable y, al ser una fuerza vital universal, es incomprensible para el hombre. Sin embargo, cada ser vivo recibe sus bendiciones diariamente, despierto o dormido. Diferentes profesores y maestros lo llaman El Gran Esp\u00edritu; La Fuerza Vital Universal; Energ\u00eda Vital, porque cuando se aplica vitaliza todo el sistema; la Ola de \u00c9ter porque alivia el dolor y te lleva a un sue\u00f1o profundo como si estuvieras bajo anestesia, y la Ola C\u00f3smica porque irrad\u00eda vibraciones con sentimientos exultantes que te elevan hacia la armon\u00eda. Lo llamar\u00e9 \u00abReiki\u00bb porque lo estudi\u00e9 bajo esa designaci\u00f3n. Reiki es una onda radi\u00f3nica como la de una radio. Puede aplicarse localmente o como en onda corta. Se podr\u00eda aplicar con \u00e9xito en un tratamiento a distancia. Reiki no es electricidad, ni radio, ni rayos X. Podr\u00eda penetrar finas capas de seda, lino, porcelana o plomo, madera o acero, porque proviene del Gran Esp\u00edritu, el Infinito. No destruye los tejidos delicados, ni los nervios. Es absolutamente inofensivo, por lo tanto, es un tratamiento pr\u00e1ctico y seguro. Debido a que es una ola universal, todo lo que tiene vida se beneficia cuando se trata &#8211; la vida vegetal, las aves, los animales, as\u00ed como los seres humanos, beb\u00e9s o ancianos, pobres o ricos. Debe aplicarse y usarse diariamente como prevenci\u00f3n. Dios nos dio este cuerpo, que habitamos y nuestro pan de cada d\u00eda. Fuimos puestos en este mundo con alg\u00fan prop\u00f3sito, por lo tanto, deber\u00edamos tener salud y felicidad. Era el plan de Dios, por ello nos proporciona todo.. Nos dio manos para usarlas para aplicarlas y sanar, para mantener la salud f\u00edsica y el equilibrio mental, para liberarnos de la ignorancia y vivir en un mundo iluminado, para vivir en armon\u00eda consigo mismo y con los dem\u00e1s, para amar a todos los seres. Cuando estas reglas se aplican a diario, el cuerpo responder\u00e1 y est\u00e1 a nuestro alcance todo lo que deseamos y anhelamos lograr en este mundo. Salud, felicidad y el camino hacia la longevidad, es lo que todos buscamos; llamar\u00e9 a esto Perfecci\u00f3n.<\/p>\n\n<hr class=\"wp-block-separator has-text-color has-black-color has-css-opacity has-black-background-color has-background is-style-wide\"\/>\n\n<p><\/p>\n\n<p>P\u00e1gina 2<\/p>\n\n<p><span style=\"text-decoration: underline;\">C\u00f3mo obtener este poder &#8211; Iniciaci\u00f3n de Primer Grado o \u00abShoden\u00bb:<\/span><\/p>\n\n<p>Esto es una fuerza universal del Gran Esp\u00edritu Divino, pertenece a todos los que buscan y desean aprender el arte de sanar: No conoce color, ni credo, viejo o joven. El estudiante encontrar\u00e1 su camino cuando est\u00e9 listo para aceptarlo. Se le muestra el camino. La iniciaci\u00f3n es una ceremonia sagrada y se establece el contacto. Porque nos asociamos con el Esp\u00edritu Divino, no hay error, ni debemos dudar. Es Absoluto!<\/p>\n\n<p><span style=\"text-decoration: underline;\">Las manos est\u00e1n listas para sanar!<\/span><\/p>\n\n<p>Con el primer contacto o iniciaci\u00f3n, las manos irradian vibraciones cuando se aplican sobre la parte enferma. Alivia el dolor, detiene la sangre de una herida abierta; sus manos est\u00e1n listas para curar enfermedades agudas y cr\u00f3nicas &#8211; los seres humanos &#8211; las plantas &#8211; las aves &#8211; los animales. En casos agudos, solo es necesaria una aplicaci\u00f3n de unos minutos. En los casos cr\u00f3nicos, el primer paso es encontrar la causa y el efecto.<\/p>\n\n<p><span style=\"text-decoration: underline;\">C\u00f3mo diagn\u00f3sticar \u2014 La causa y efecto:<\/span><\/p>\n\n<p id=\"_stroke\">No es necesario desvestir por completo al paciente, pero es mejor aflojar toda la ropa ajustada para que el paciente se pueda relajar, acostado en la camilla boca arriba. Lo m\u00e1s importante es encontrar la causa de la enfermedad. Comience el tratamiento en los ojos, los senos nasales, las gl\u00e1ndulas pituitarias, los o\u00eddos, la garganta, la tiroides, el timo, el est\u00f3mago, la ves\u00edcula biliar, el h\u00edgado, el p\u00e1ncreas, el plexo solar, el \u00edleocecum, el colon, el \u00e1ngulo sigmoide, las gl\u00e1ndulas ov\u00e1ricas, la vejiga, luego el pecho y el coraz\u00f3n. Voltear al paciente, tratar la espalda, los pulmones, los nervios simp\u00e1ticos, los ri\u00f1ones, el bazo y las gl\u00e1ndulas prost\u00e1ticas. Durante el tratamiento, conf\u00ede en sus manos. Escuche las vibraciones o la reacci\u00f3n. Si hay dolor, este se registra en las yemas de los dedos y en la palma. Si el paciente tiene picaz\u00f3n, la reacci\u00f3n es igual; si es profundo y cr\u00f3nico, palpita un dolor profundo, o si es agudo, el dolor es un cosquilleo superficial. Tan pronto como el cuerpo responde al tratamiento, la dolencia aguda desaparece pero la causa permanece. Investigue la causa diariamente y con cada tratamiento, se nota una mejor\u00eda. Una vez que se tratan los \u00f3rganos de esta manera, termine el tratamiento con un trazo sobre los nervios que ajustan la circulaci\u00f3n. Aplicar unas gotas de aceite de s\u00e9samo o cualquier aceite vegetal puro sobre la piel. Coloque el pulgar y el \u00edndice sobre el lado izquierdo de la columna vertebral y los tres dedos y la palma en el lado derecho de la columna vertebral. En un trazo de arriba a abajo, haga 10 a 15 trazos desde los hombros hasta el final de la m\u00e9dula espinal. S\u00f3lo en los casos de diabetes se invierte la direcci\u00f3n de los trazos hacia arriba, los brazos y las piernas son llevadas hacia el coraz\u00f3n.<\/p>\n\n<hr class=\"wp-block-separator has-text-color has-black-color has-css-opacity has-black-background-color has-background is-style-wide\"\/>\n\n<p><\/p>\n\n<p>P\u00e1gina 3<\/p>\n\n<p>El tratamiento anterior se llama tratamiento b\u00e1sico y requiere una hora o m\u00e1s, todo dependiendo de las complicaciones y la gravedad del caso. Al recorrer el cuerpo con minuciosidad, las manos se vuelven sensibles y son capaces de determinar la causa y detectar la m\u00e1s m\u00ednima congesti\u00f3n interna, ya sea f\u00edsica o mental, aguda o cr\u00f3nica. Al ser un tratamiento estrictamente sin drogas y sin cirug\u00eda, Reiki ajustar\u00e1 el cuerpo a la normalidad. <\/p>\n\n<p><span style=\"text-decoration: underline;\">La purga o reacci\u00f3n:<\/span><\/p>\n\n<p>En aproximadamente cuatro d\u00edas a tres semanas notamos que un gran cambio est\u00e1 ocurriendo dentro del cuerpo, todos los \u00f3rganos internos y gl\u00e1ndulas comienzan a funcionar con mucho vigor y ritmo. Los jugos digestivos emiten un flujo normal, los nervios congestionados se aflojan, las adherencias se rompen, el colon perezoso se organiza, la materia fecal cae de las paredes de los intestinos, los gases se eliminan. Muchos a\u00f1os de toxina acumulada encuentra su camino de s\u00e1lida a trav\u00e9s de los poros. Es una transpiraci\u00f3n pegajosa. Las heces aumentan, son oscuras y de olor fuerte. La orina aumenta parece un t\u00e9 oscuro, a veces blanca como si se mezclara harina con agua. Dura de cuatro a seis d\u00edas, sin embargo, he tenido pacientes que reaccionaron con un solo tratamiento. Cuando esto se establece, tiene la seguridad de que se est\u00e1 llevando a cabo un gran restablecimiento general de los \u00f3rganos internos. Con tan buena limpieza, el cuerpo se activa. Los nervios adormecidos recuperan sensaciones, el apetito aumenta, el sue\u00f1o profundo se vuelve natural, los ojos brillan, la piel se vuelve luminosa como la seda. Con sangre nueva y buena circulaci\u00f3n, los nervios y las gl\u00e1ndulas son restaurados, es posible rejuvenecer de cinco a diez a\u00f1os. Durante este tiempo, lo que consume es muy importante.<\/p>\n\n<p><span style=\"text-decoration: underline;\">La dieta:<\/span><\/p>\n\n<p>Durante los tratamientos de salud de Reiki, somos vegetarianos y comemos todo tipo de frutas de temporada. La naturaleza provee abundancia, pero nunca la desperdiciamos. Comer en exceso es un pecado. Comer con moderaci\u00f3n, con un sentimiento de gratitud, reconociendo al Gran Esp\u00edritu como el creador, el Todopoderoso, quien hace que las cosas crezcan, florezcan y den fruto. Llegue a la mesa con pensamientos agradables. Nunca coma cuando est\u00e1 preocupado. La leche, el az\u00facar blanco, <s>el jugo de naranja y el jugo de pi\u00f1a<\/s> y los almidones deben evitarse cuando el paciente tiene un est\u00f3mago d\u00e9bil. Con una alimentaci\u00f3n adecuada, el paciente responde m\u00e1s r\u00e1pidamente a los tratamientos.<\/p>\n\n<p>En mis \u00faltimos 12 a\u00f1os de pr\u00e1ctica, la experiencia me ha ense\u00f1ado algunos atajos para encontrar la causa y obtener los mejores resultados. En los siguientes tratamientos, utilice primero el tratamiento b\u00e1sico, luego conc\u00e9ntrese m\u00e1s tiempo en los puntos vitales que se mencionan a continuaci\u00f3n:<\/p>\n\n<hr class=\"wp-block-separator has-text-color has-black-color has-css-opacity has-black-background-color has-background is-style-wide\"\/>\n\n<p><\/p>\n\n<p>P\u00e1gina 4<\/p>\n\n<p>Resfriado com\u00fan o \u00abgripe\u00bb &#8211; senos nasales, garganta, pecho<\/p>\n\n<p>Pleures\u00eda &#8211; pleural, coraz\u00f3n, ri\u00f1ones<\/p>\n\n<p>Diabetes &#8211; h\u00edgado, p\u00e1ncreas, bazo, ri\u00f1ones<\/p>\n\n<p>Leucemia &#8211; h\u00edgado, p\u00e1ncreas, bazo, coraz\u00f3n<\/p>\n\n<p>C\u00e1lculos biliares &#8211; ves\u00edcula biliar, h\u00edgado, bazo, ri\u00f1ones<\/p>\n\n<p>Polio &#8211; intestino delgado, plexo solar, colon, columna vertebral (brazos o piernas)<\/p>\n\n<p>Fiebre reum\u00e1tica &#8211; plexo solar, ri\u00f1ones, bazo, coraz\u00f3n<\/p>\n\n<p>Fur\u00fanculo &#8211; h\u00edgado, p\u00e1ncreas, ri\u00f1ones, fur\u00fanculo (no lo presione, drenar\u00e1 cuando est\u00e9 maduro).<\/p>\n\n<p>Bocio femenino &#8211; gl\u00e1ndulas ov\u00e1ricas, ojos, gl\u00e1ndulas pituitarias, tiroides, coraz\u00f3n<\/p>\n\n<p>Bocio, masculino &#8211; pr\u00f3stata, ojos, gl\u00e1ndula pituitaria, tiroides, coraz\u00f3n<\/p>\n\n<p>Enfermedad de la lengua &#8211; planta de los pies<\/p>\n\n<p>Coraz\u00f3n &#8211; h\u00edgado, p\u00e1ncreas, coraz\u00f3n, bazo, ri\u00f1ones, nervios simp\u00e1ticos<\/p>\n\n<p>Convulsiones &#8211; h\u00edgado, plexo solar, colon, sigmoide (doblar las rodillas hacia el pecho, poner almohadilla en la boca).<\/p>\n\n<p>Apendicitis &#8211; Ileocecal, \u00edleo sigmoide<\/p>\n\n<p>Tuberculosis de intestino &#8211; intestino delgado, colon<\/p>\n\n<p>Tuberculosis de los pulmones &#8211; cabeza, pulmones, coraz\u00f3n, ri\u00f1ones<\/p>\n\n<p>Tuberculosis de los ri\u00f1ones &#8211; ri\u00f1ones, vejiga<\/p>\n\n<p>C\u00e1lculos renales &#8211; ri\u00f1\u00f3n, vejiga<\/p>\n\n<p>Embarazo: ves\u00edcula biliar, gl\u00e1ndulas ov\u00e1ricas, pituitaria<\/p>\n\n<p>Neumon\u00eda &#8211; Paciente acostado sobre la espalda. No mover al paciente. No hacer trazo. Pecho, pulmones, pleura, coraz\u00f3n, ri\u00f1ones. Tratar dos horas. Repita despu\u00e9s de ocho horas, cuando pas\u00f3 la crisis, contin\u00fae todos los d\u00edas.<\/p>\n\n<p>Asma &#8211; senos paranasales, garganta, pleura<\/p>\n\n<p>Artritis &#8211; est\u00f3mago, ri\u00f1ones, partes afectadas<\/p>\n\n<p>Reumatismo &#8211; ri\u00f1ones, partes afectadas<\/p>\n\n<p>Presi\u00f3n arterial alta y baja, mujer &#8211; cabeza, garganta, coraz\u00f3n, ovarios<\/p>\n\n<p>Presi\u00f3n arterial alta y baja, hombre &#8211; cabeza, garganta, coraz\u00f3n, pr\u00f3stata<\/p>\n\n<p>Sarampi\u00f3n &#8211; est\u00f3mago, pleura, ojos<\/p>\n\n<p>Ceguera &#8211; P\u00e1ncreas, cabeza, ojos, ovarios<\/p>\n\n<p>Problemas de audici\u00f3n (si los t\u00edmpanos no est\u00e1n rotos) &#8211; cabeza, senos nasales, o\u00eddos<\/p>\n\n<p>Casos agudos y de emergencia &#8211; trate lo siguiente:<\/p>\n\n<p>Indigesti\u00f3n aguda &#8211; est\u00f3mago, ves\u00edcula biliar<\/p>\n\n<p>Envenenamiento agudo &#8211; cuatro claras de huevo, 2 cucharadas de harina, tratar el est\u00f3mago y repetir despu\u00e9s de vomitar.<\/p>\n\n<p>Shock &#8211; plexo solar, nervios simp\u00e1ticos<\/p>\n\n<p>Hipo &#8211; levante ambos brazos, trate el diafragma<\/p>\n\n<p>Mareo en mar o aire &#8211; Vejiga biliar, gl\u00e1ndulas pituitarias<\/p>\n\n<hr class=\"wp-block-separator has-text-color has-black-color has-css-opacity has-black-background-color has-background is-style-wide\"\/>\n\n<p><\/p>\n\n<p>P\u00e1gina 5<\/p>\n\n<p>Ahogamiento &#8211; lo m\u00e1s importante es c\u00f3mo se saca al paciente del agua hacia la superficie. Cabeza hacia abajo, piernas hacia arriba. Drene el agua por la boca. Aplicar respiraci\u00f3n artificial &#8211; tratar el plexo solar, el p\u00e1ncreas, el h\u00edgado, el coraz\u00f3n, los pulmones, mover las manos y los pies.<\/p>\n\n<p>Pez dorado &#8211; sujetar al pez.<\/p>\n\n<p>Flores &#8211; trate la maceta o los tallos en agua.<\/p>\n\n<p>Semillas &#8211; trate las semillas antes de plantarlas.<\/p>\n\n<p>Pollitos de un d\u00eda &#8211; 40 a 60 segundos<\/p>\n\n<p>Cerdos &#8211; vacas &#8211; caballos &#8211; perros &#8211; detr\u00e1s de las orejas<\/p>\n\n<p>Esguinces &#8211; hematomas y fracturas &#8211; trate directamente sobre el hematoma o la fractura.<\/p>\n\n<p>Huesos rotos &#8211; restablecer alineamiento de los huesos. Rayos X, aplique las manos sobre el yeso.<\/p>\n<p>Quemaduras &#8211; aplicar las manos directamente sobre las quemaduras.<\/p>\n<p>Cuando el estudiante se familiariza bien con los tratamientos anteriormente mencionados y tiene experiencia, con pruebas y testimonios, est\u00e1 listo para el \u00abOku Den\u00bb, o conocimiento m\u00e1s profundo. El estudiante hace su segundo voto de iniciaci\u00f3n, es una ceremonia sagrada. Con el conocimiento de \u00abOku Den\u00bb, el estudiante tiene la ventaja de ayudar a la mente subconsciente &#8211; casos mentales &#8211; corregir malos h\u00e1bitos &#8211; crisis nerviosas &#8211; insomnio &#8211; hacer tratamientos de larga distancia. En los pacientes deprimidos, ayuda a cambiar su actitud para que logre alcanzar el lado m\u00e1s luminoso de la vida. Al tratar los casos mentales, primero encuentre la causa. Elimine la causa y el efecto ya no estar\u00e1 all\u00ed.<\/p>\n\n<p><span style=\"text-decoration: underline;\">Los ideales:<\/span><\/p>\n\n<p>Solo por hoy &#8211; No te enojes<br\/>Solo por hoy &#8211; No te preocupes<br\/>Demuestra gratitud por todas las bendiciones<br\/>Gana tu vida honestamente<br\/>Se amable con tus vecinos<\/p>\n\n<p>Aqu\u00ed lo tienes &#8211; \u00abReiki\u00bb &#8211; El arte de sanar. Es un tratamiento simple pero completo, con maravillosos resultados. Los beb\u00e9s muestran m\u00e1s aprecio por su gentileza y eficacia, este es el camino del Gran Esp\u00edritu. Solo puede hacer el bien.<\/p>\n\n<hr class=\"wp-block-separator has-css-opacity is-style-wide\"\/>\n\n<div style=\"height:25px\" aria-hidden=\"true\" class=\"wp-block-spacer\"><\/div>\n\n<hr class=\"wp-block-separator has-css-opacity is-style-wide\"\/>\n\n<div class=\"wp-block-group has-black-color has-text-color has-background\" style=\"background-color:#faf8ed\"><div class=\"wp-block-group__inner-container is-layout-flow wp-block-group-is-layout-flow\">\n<h3 class=\"has-text-align-center wp-block-heading\">Perspectivas hist\u00f3ricas<\/h3>\n\n\n\n<p>\u2022 El ensayo de Justin Stein <a href=\"https:\/\/reikigreybook.com\/es\/resources\/el-libro-gris-y-la-historia-de-reiki\/\" data-type=\"page\" data-id=\"301\">\u00abEl &#8216;Libro gris&#8217; y la historia del Reiki\u00bb<\/a>, contiene una explicaci\u00f3n detallada del porqu\u00e9 Takata escribi\u00f3 este ensayo acerca de El Arte de Sanar.<\/p>\n<\/div><\/div>\n\n<hr class=\"wp-block-separator has-css-opacity is-style-wide\"\/>\n\n<figure class=\"wp-block-table is-style-stripes\"><table class=\"has-black-color has-white-background-color has-text-color has-background\"><tbody><tr><td><a href=\"https:\/\/reikigreybook.com\/es\/the-grey-book\/therapy-guide\/\">&lt;&#8211; Secci\u00f3n anterior<\/a><\/td><td class=\"has-text-align-right\" data-align=\"right\"><a href=\"https:\/\/reikigreybook.com\/es\/the-grey-book\/photos\/\">Secci\u00f3n siguiente &#8211;&gt;<\/a><\/td><\/tr><\/tbody><\/table><\/figure>\n\n<div style=\"height:25px\" aria-hidden=\"true\" class=\"wp-block-spacer\"><\/div>\n\n<div style=\"height:100px\" aria-hidden=\"true\" class=\"wp-block-spacer\"><\/div>\n","protected":false},"excerpt":{"rendered":"<p>&lt;&#8211; Secci\u00f3n anterior Secci\u00f3n siguiente &#8211;&gt; Procurar\u00e9 escribir este ensayo sobre el arte de sanar con la limitaci\u00f3n de las palabras, intentar\u00e9 ser m\u00e1s pr\u00e1ctica que t\u00e9cnica, porque lo que estoy a punto de definir no est\u00e1 asociado con ning\u00fan ser material visible, no tiene forma, ni nombre. Creo que existe un Ser Supremo, el [&hellip;]<\/p>\n","protected":false},"author":1,"featured_media":0,"parent":2521,"menu_order":3,"comment_status":"closed","ping_status":"closed","template":"","meta":{"footnotes":""},"class_list":["post-3010","page","type-page","status-publish","hentry"],"_links":{"self":[{"href":"https:\/\/reikigreybook.com\/es\/wp-json\/wp\/v2\/pages\/3010","targetHints":{"allow":["GET"]}}],"collection":[{"href":"https:\/\/reikigreybook.com\/es\/wp-json\/wp\/v2\/pages"}],"about":[{"href":"https:\/\/reikigreybook.com\/es\/wp-json\/wp\/v2\/types\/page"}],"author":[{"embeddable":true,"href":"https:\/\/reikigreybook.com\/es\/wp-json\/wp\/v2\/users\/1"}],"replies":[{"embeddable":true,"href":"https:\/\/reikigreybook.com\/es\/wp-json\/wp\/v2\/comments?post=3010"}],"version-history":[{"count":5,"href":"https:\/\/reikigreybook.com\/es\/wp-json\/wp\/v2\/pages\/3010\/revisions"}],"predecessor-version":[{"id":9180,"href":"https:\/\/reikigreybook.com\/es\/wp-json\/wp\/v2\/pages\/3010\/revisions\/9180"}],"up":[{"embeddable":true,"href":"https:\/\/reikigreybook.com\/es\/wp-json\/wp\/v2\/pages\/2521"}],"wp:attachment":[{"href":"https:\/\/reikigreybook.com\/es\/wp-json\/wp\/v2\/media?parent=3010"}],"curies":[{"name":"wp","href":"https:\/\/api.w.org\/{rel}","templated":true}]}}