{"id":3015,"date":"2021-05-09T02:59:04","date_gmt":"2021-05-09T02:59:04","guid":{"rendered":"https:\/\/reikigreybook.com\/the-grey-book\/takatas-diary-entries\/"},"modified":"2023-02-15T01:28:22","modified_gmt":"2023-02-15T01:28:22","slug":"takatas-diary-entries","status":"publish","type":"page","link":"https:\/\/reikigreybook.com\/es\/the-grey-book\/takatas-diary-entries\/","title":{"rendered":"Anotaciones del diario de Takata"},"content":{"rendered":"\n<figure class=\"wp-block-table is-style-stripes\"><table class=\"has-black-color has-white-background-color has-text-color has-background\"><tbody><tr><td><\/td><td class=\"has-text-align-right\" data-align=\"right\"><a href=\"https:\/\/reikigreybook.com\/es\/the-grey-book\/therapy-guide\/\">Siguiente secci\u00f3n &#8211;&gt;<\/a><\/td><\/tr><\/tbody><\/table><\/figure>\n\n\n\n<div style=\"height:25px\" aria-hidden=\"true\" class=\"wp-block-spacer\"><\/div>\n\n\n\n<p>10 Dic. 1935<\/p>\n\n\n\n<p id=\"_up\">El significado de la energ\u00eda \u00abLeiki\u00bb, cuando se concentra dentro de uno mismo y se aplica al paciente, significa que curar\u00e1 todas las dolencias. Es la cura m\u00e1s grande de la naturaleza y no requiere medicamentos. Ayuda la vida humana y animal en todos los aspectos. Para concentrarse uno debe purificar sus pensamientos, sus palabras y pensamientos, y meditar para permitir que la \u00abenerg\u00eda\u00bb surga del interior. Se encuentra en la parte baja del est\u00f3mago, alrededor de 2 pulgadas debajo del ombligo. Si\u00e9ntese en una posici\u00f3n c\u00f3moda, cierre los ojos, conc\u00e9ntrese en sus pensamientos y rel\u00e1jese, junte las manos y espere la se\u00f1al. Aplique las manos con amabilidad y suavidad comienza desde la cabeza<sup><a href=\"#_1\" data-type=\"interno\" data-id=\"#_1\">[1]<\/a><\/sup> hacia abajo. El paciente que est\u00e1 a punto de recibir este tratamiento debe purificar sus pensamientos, sentirse c\u00f3modo, con ganas de recuperarse. No debe olvidar sentir gratitud. La gratitud es una gran cura para la mente. En todos los casos, el paciente puede ser diagnosticado con un simple toque de la mano.<\/p>\n\n\n\n<hr class=\"wp-block-separator has-css-opacity is-style-wide\"\/>\n\n\n\n<p><\/p>\n\n\n\n<p>2 de April 1936<\/p>\n\n\n\n<p>Mi padre estaba enfermo, resfriado y cansado. Le di tratamientos y pudo tomar el examen el d\u00eda <sup>7 <\/sup>y regresar a Kauai el d\u00eda <sup>10<\/sup>. Despu\u00e9s de despedirme de ellos, regres\u00e9 bien a la casa de la Sra Hayashi, con Julia. Fueron muy amables y me suplicaron que me quedara con ellos, as\u00ed que a partir de esa noche me qued\u00e9 aqu\u00ed. Ahora que lo pienso, este debe haber sido mi verdadero d\u00eda de suerte. He adquirido tanto conocimiento en la progresi\u00f3n de los tratamientos que me encuentro tomando pacientes de forma natural. Dos d\u00edas fui a tratar a las dos ni\u00f1as del Baron Toku y se curaron, todas las noches a las 7:30 p.m. trat\u00e9 a la Sra. Harazawa en el Hospital Keio- un tratamiento post-operatorio &#8211; se encuentra muy bien y recuper\u00e1ndose r\u00e1pidamente. En el consultorio de la casa, los pacientes comenzaron a aumentar desde que llegu\u00e9<\/p>\n\n\n\n<hr class=\"wp-block-separator has-css-opacity is-style-wide\"\/>\n\n\n\n<p><\/p>\n\n\n\n<p>Mayo 1936<br><s>Abril 1936<\/s><\/p>\n\n\n\n<p>con ellos, me hace sentir bien y es muy alentador Lo m\u00e1s que agradable fue que el Sr. Hayashi me concedi\u00f3 los secretos de Shinpi Den, Kokiyu-Ho y el Leiji-Ho, el mayor secreto de la Ciencia de la Energ\u00eda.<\/p>\n\n\n\n<p>Nadie puede imaginar mi felicidad al pensar que tengo el honor y el respeto que se me haya otorgado este regalo &#8211; un regalo para toda la vida y me promet\u00ed hacer todo lo posible con respecto a la hermosa y maravillosa ense\u00f1anza que acabo de recibir. Prometo hacer lo correcto a trav\u00e9s de la sinceridad y la bondad y considerar\u00e9 y respetar\u00e9 la ense\u00f1anza y a su maestro con la mayor reverencia y respeto.<\/p>\n\n\n\n<hr class=\"wp-block-separator has-css-opacity is-style-wide\"\/>\n\n\n\n<p><\/p>\n\n\n\n<p>29 de Marzo 1937<\/p>\n\n\n\n<p>La Ley del Karma, tanta verdad en las ense\u00f1anzas, al momento de encontramos, es cuando comenzamos a despedirnos.<\/p>\n\n\n\n<hr class=\"wp-block-separator has-css-opacity is-style-wide\"\/>\n\n\n\n<div style=\"height:40px\" aria-hidden=\"true\" class=\"wp-block-spacer\"><\/div>\n\n\n\n<hr class=\"wp-block-separator has-text-color has-black-color has-css-opacity has-black-background-color has-background is-style-wide\"\/>\n\n\n\n<div class=\"wp-block-group has-black-color has-text-color has-background\" style=\"background-color:#faf8ed\"><div class=\"wp-block-group__inner-container is-layout-flow wp-block-group-is-layout-flow\">\n<h3 class=\"has-text-align-center wp-block-heading\">Perspectivas hist\u00f3ricas<\/h3>\n\n\n\n<p>Para obtener m\u00e1s informaci\u00f3n sobre el contexto de las entradas de este diario y las t\u00e9cnicas que Takata describe en \u00e9l, consulte el ensayo del Dr. Justin Stein, \u00ab<a href=\"https:\/\/reikigreybook.com\/es\/resources\/the-grey-book-and-reiki-history\/\">El &#8216;Libro Gris&#8217; y la historia de Reiki<\/a>\u00ab.<\/p>\n<\/div><\/div>\n\n\n\n<hr class=\"wp-block-separator has-text-color has-black-color has-css-opacity has-black-background-color has-background is-style-wide\"\/>\n\n\n\n<div style=\"height:25px\" aria-hidden=\"true\" class=\"wp-block-spacer\"><\/div>\n\n\n\n<hr class=\"wp-block-separator has-text-color has-black-color has-css-opacity has-black-background-color has-background is-style-wide\"\/>\n\n\n\n<div class=\"wp-block-group alignwide has-background\" style=\"background-color:#faf8ed\"><div class=\"wp-block-group__inner-container is-layout-flow wp-block-group-is-layout-flow\">\n<p class=\"has-text-align-center has-background\" id=\"_1\" style=\"background-color:#faf8ed;font-size:30px\"><strong>Nota hist\u00f3rica<\/strong><\/p>\n\n\n\n<div class=\"wp-block-media-text alignwide has-media-on-the-right is-stacked-on-mobile is-vertically-aligned-center has-background\" style=\"background-color:#faf8ed\"><div class=\"wp-block-media-text__content\">\n<p>[1] El texto anterior transcribe exactamente las palabras de Takata, incluyendo los errores ortogr\u00e1ficos. Dr. Justin Stein escribe con respecto a la ambig\u00fcedad de que algunos leen &#8216;cabeza&#8217; (head) y otros &#8216;coraz\u00f3n&#8217; (heart) : \u00abEstoy convencido de que no es \u00abcoraz\u00f3n\u00bb porque ella deliberadamente cruz\u00f3 sus letras &#8216;t&#8217; y esta no est\u00e1 cruzada\u00bb.<a href=\"#_up\">^ up<\/a><\/p>\n<\/div><figure class=\"wp-block-media-text__media\"><img fetchpriority=\"high\" decoding=\"async\" width=\"874\" height=\"464\" src=\"https:\/\/reikigreybook.com\/wp-content\/uploads\/2021\/05\/Screen-Shot-2021-05-16-at-3.20.43-PM.png\" alt=\"\" class=\"wp-image-870 size-full\" srcset=\"https:\/\/reikigreybook.com\/wp-content\/uploads\/2021\/05\/Screen-Shot-2021-05-16-at-3.20.43-PM.png 874w, https:\/\/reikigreybook.com\/wp-content\/uploads\/2021\/05\/Screen-Shot-2021-05-16-at-3.20.43-PM-600x319.png 600w, https:\/\/reikigreybook.com\/wp-content\/uploads\/2021\/05\/Screen-Shot-2021-05-16-at-3.20.43-PM-300x159.png 300w, https:\/\/reikigreybook.com\/wp-content\/uploads\/2021\/05\/Screen-Shot-2021-05-16-at-3.20.43-PM-768x408.png 768w\" sizes=\"(max-width: 874px) 100vw, 874px\" \/><\/figure><\/div>\n\n\n\n<p><\/p>\n<\/div><\/div>\n\n\n\n<hr class=\"wp-block-separator has-text-color has-black-color has-css-opacity has-black-background-color has-background is-style-wide\"\/>\n\n\n\n<div style=\"height:25px\" aria-hidden=\"true\" class=\"wp-block-spacer\"><\/div>\n\n\n\n<figure class=\"wp-block-table is-style-stripes\"><table class=\"has-black-color has-white-background-color has-text-color has-background\"><tbody><tr><td><\/td><td class=\"has-text-align-right\" data-align=\"right\"><a href=\"https:\/\/reikigreybook.com\/es\/the-grey-book\/therapy-guide\/\">Siguiente secci\u00f3n &#8211;&gt;<\/a><\/td><\/tr><\/tbody><\/table><\/figure>\n\n\n\n<div style=\"height:100px\" aria-hidden=\"true\" class=\"wp-block-spacer\"><\/div>\n\n\n\n<p><\/p>\n","protected":false},"excerpt":{"rendered":"<p>Siguiente secci\u00f3n &#8211;&gt; 10 Dic. 1935 El significado de la energ\u00eda \u00abLeiki\u00bb, cuando se concentra dentro de uno mismo y se aplica al paciente, significa que curar\u00e1 todas las dolencias. Es la cura m\u00e1s grande de la naturaleza y no requiere medicamentos. Ayuda la vida humana y animal en todos los aspectos. Para concentrarse uno [&hellip;]<\/p>\n","protected":false},"author":1,"featured_media":0,"parent":2521,"menu_order":1,"comment_status":"closed","ping_status":"closed","template":"","meta":{"footnotes":""},"class_list":["post-3015","page","type-page","status-publish","hentry"],"_links":{"self":[{"href":"https:\/\/reikigreybook.com\/es\/wp-json\/wp\/v2\/pages\/3015","targetHints":{"allow":["GET"]}}],"collection":[{"href":"https:\/\/reikigreybook.com\/es\/wp-json\/wp\/v2\/pages"}],"about":[{"href":"https:\/\/reikigreybook.com\/es\/wp-json\/wp\/v2\/types\/page"}],"author":[{"embeddable":true,"href":"https:\/\/reikigreybook.com\/es\/wp-json\/wp\/v2\/users\/1"}],"replies":[{"embeddable":true,"href":"https:\/\/reikigreybook.com\/es\/wp-json\/wp\/v2\/comments?post=3015"}],"version-history":[{"count":5,"href":"https:\/\/reikigreybook.com\/es\/wp-json\/wp\/v2\/pages\/3015\/revisions"}],"predecessor-version":[{"id":9361,"href":"https:\/\/reikigreybook.com\/es\/wp-json\/wp\/v2\/pages\/3015\/revisions\/9361"}],"up":[{"embeddable":true,"href":"https:\/\/reikigreybook.com\/es\/wp-json\/wp\/v2\/pages\/2521"}],"wp:attachment":[{"href":"https:\/\/reikigreybook.com\/es\/wp-json\/wp\/v2\/media?parent=3015"}],"curies":[{"name":"wp","href":"https:\/\/api.w.org\/{rel}","templated":true}]}}