{"id":3173,"date":"2021-05-13T00:20:15","date_gmt":"2021-05-13T00:20:15","guid":{"rendered":"https:\/\/reikigreybook.com\/resources\/una-pequena-historia-acerca-de-libro-gris\/"},"modified":"2023-01-24T21:02:57","modified_gmt":"2023-01-24T21:02:57","slug":"una-pequena-historia-acerca-de-libro-gris","status":"publish","type":"page","link":"https:\/\/reikigreybook.com\/es\/resources\/una-pequena-historia-acerca-de-libro-gris\/","title":{"rendered":"Una peque\u00f1a historia acerca de Libro Gris"},"content":{"rendered":"\n<h4 class=\"wp-block-heading\">de Paul Mitchell<\/h4>\n\n<div class=\"wp-block-media-text alignwide is-stacked-on-mobile\" style=\"grid-template-columns:24% auto\"><figure class=\"wp-block-media-text__media\"><img fetchpriority=\"high\" decoding=\"async\" width=\"377\" height=\"436\" src=\"https:\/\/reikigreybook.com\/wp-content\/uploads\/2021\/05\/paul-mitchell.png\" alt=\"\" class=\"wp-image-1769 size-full\" srcset=\"https:\/\/reikigreybook.com\/wp-content\/uploads\/2021\/05\/paul-mitchell.png 377w, https:\/\/reikigreybook.com\/wp-content\/uploads\/2021\/05\/paul-mitchell-259x300.png 259w\" sizes=\"(max-width: 377px) 100vw, 377px\" \/><\/figure><div class=\"wp-block-media-text__content\">\n<p>Cuando fui iniciado como maestro de Reiki por Hawayo Takata en 1979, ella me permiti\u00f3 pagar la cuota de mi maestr\u00eda en abonos escalonados. Despu\u00e9s de su muerte en diciembre de 1980, ten\u00eda sentido para m\u00ed seguir haciendo los pagos a su hija, Alice Furumoto, por ser la beneficiaria de la herencia de Takata Sensei.<\/p>\n\n\n\n<p>A pesar de reconocer a Phyllis Furumoto como la sucesora y gran maestra, sucesora de Hawayo Takata, nunca se me pas\u00f3 por la cabeza hacerle los pagos a ella.<\/p>\n<\/div><\/div>\n\n<div class=\"wp-block-group\"><div class=\"wp-block-group__inner-container is-layout-flow wp-block-group-is-layout-flow\">\n<div style=\"height:25px\" aria-hidden=\"true\" class=\"wp-block-spacer\"><\/div>\n<\/div><\/div>\n\n<p>Cuando recib\u00ed el Libro Gris de Alice en 1982, me conmovi\u00f3 su belleza y sent\u00ed cu\u00e1n valioso fue ese regalo. Me sent\u00ed muy agradecido cuando Alice me permiti\u00f3 usar una parte del contenido para el Libro Azul de los estudiantes, que despu\u00e9s le regal\u00e9 a The Reiki Alliance.<\/p>\n\n<p>Unos a\u00f1os m\u00e1s tarde, Alice me llam\u00f3 para decirme que enviara mis \u00faltimos pagos a Phyllis. Cuando habl\u00e9 con Phyllis acerca de esto, me dijo que el dinero que yo le hab\u00eda enviado a su madre hab\u00eda financiado la producci\u00f3n del Libro Gris. Me sent\u00ed honrado de saber esto.<\/p>\n\n<p>En la parte final del libro, hay una lista de 21 maestros iniciados por Takata. Sab\u00eda que faltaba una persona, George Araki. Phyllis me dijo m\u00e1s tarde que su madre no hab\u00eda incluido a George porque no hab\u00eda una constancia de que hubiera pagado la cuota de su maestr\u00eda. Esta fue una de las formas en la que Alice determin\u00f3 quienes hab\u00edan sido reconocidos por Takata Sensei.<\/p>\n\n<p>George Araki y yo fuimos juntos a pedirle a Takata Sensei que nos aceptara como sus estudiantes de maestr\u00eda. Ella tambi\u00e9n nos entren\u00f3 y reconoci\u00f3 juntos. George, realizaba investigaciones acerca de la sanaci\u00f3n, como profesor y cofundador del Departamento de Estudios Interdisciplinarios en Ciencias de la Universidad Estatal de San Francisco. El y Takata acordaron que su investigaci\u00f3n ser\u00eda el intercambio para recibir su iniciaci\u00f3n de maestr\u00eda. Al no saber esto, Alice no lo incluy\u00f3 en la lista de maestros.<\/p>\n\n<p>Nos sorprendimos cuando recibimos nuestro Libro Gris. Sab\u00edamos que George era uno de los maestros de Hawayo Takata y que pertenec\u00eda a la lista junto con nosotros<\/p>\n\n<p class=\"has-text-align-right\">~Paul Mitchell<br\/>Kellogg, ID<br\/>30 Marzo 2021<\/p>\n\n<div style=\"height:100px\" aria-hidden=\"true\" class=\"wp-block-spacer\"><\/div>\n","protected":false},"excerpt":{"rendered":"<p>de Paul Mitchell Cuando fui iniciado como maestro de Reiki por Hawayo Takata en 1979, ella me permiti\u00f3 pagar la cuota de mi maestr\u00eda en abonos escalonados. Despu\u00e9s de su muerte en diciembre de 1980, ten\u00eda sentido para m\u00ed seguir haciendo los pagos a su hija, Alice Furumoto, por ser la beneficiaria de la herencia [&hellip;]<\/p>\n","protected":false},"author":1,"featured_media":0,"parent":2935,"menu_order":0,"comment_status":"closed","ping_status":"closed","template":"","meta":{"footnotes":""},"class_list":["post-3173","page","type-page","status-publish","hentry"],"_links":{"self":[{"href":"https:\/\/reikigreybook.com\/es\/wp-json\/wp\/v2\/pages\/3173","targetHints":{"allow":["GET"]}}],"collection":[{"href":"https:\/\/reikigreybook.com\/es\/wp-json\/wp\/v2\/pages"}],"about":[{"href":"https:\/\/reikigreybook.com\/es\/wp-json\/wp\/v2\/types\/page"}],"author":[{"embeddable":true,"href":"https:\/\/reikigreybook.com\/es\/wp-json\/wp\/v2\/users\/1"}],"replies":[{"embeddable":true,"href":"https:\/\/reikigreybook.com\/es\/wp-json\/wp\/v2\/comments?post=3173"}],"version-history":[{"count":5,"href":"https:\/\/reikigreybook.com\/es\/wp-json\/wp\/v2\/pages\/3173\/revisions"}],"predecessor-version":[{"id":9120,"href":"https:\/\/reikigreybook.com\/es\/wp-json\/wp\/v2\/pages\/3173\/revisions\/9120"}],"up":[{"embeddable":true,"href":"https:\/\/reikigreybook.com\/es\/wp-json\/wp\/v2\/pages\/2935"}],"wp:attachment":[{"href":"https:\/\/reikigreybook.com\/es\/wp-json\/wp\/v2\/media?parent=3173"}],"curies":[{"name":"wp","href":"https:\/\/api.w.org\/{rel}","templated":true}]}}