{"id":3179,"date":"2021-05-09T04:44:54","date_gmt":"2021-05-09T04:44:54","guid":{"rendered":"https:\/\/reikigreybook.com\/resources\/una-fuerza-poderosa\/"},"modified":"2023-01-24T21:01:52","modified_gmt":"2023-01-24T21:01:52","slug":"una-fuerza-poderosa","status":"publish","type":"page","link":"https:\/\/reikigreybook.com\/es\/resources\/una-fuerza-poderosa\/","title":{"rendered":"Una fuerza poderosa"},"content":{"rendered":"\n<h4 class=\"wp-block-heading\">de Brian Brunius<\/h4>\n\n<div class=\"wp-block-media-text alignwide is-stacked-on-mobile\" style=\"grid-template-columns:24% auto\"><figure class=\"wp-block-media-text__media\"><img decoding=\"async\" width=\"150\" height=\"175\" src=\"https:\/\/reikigreybook.com\/wp-content\/uploads\/2021\/05\/Photo-of-Brian-Brunius.png\" alt=\"Foto de Brian Brunius\" class=\"wp-image-599 size-full\"\/><\/figure><div class=\"wp-block-media-text__content\">\n<p>Hace veintis\u00e9is a\u00f1os, John Harvey Gray, mi instructor de Reiki, nos mostr\u00f3 en clase su \u00fanica copia del Libro Gris. Era tan valiosa para \u00e9l que no permit\u00eda que los estudiantes la toc\u00e1ramos. Nos agrupamos a su alrededor tratando de ver bien, mientras pasaba las p\u00e1ginas con cuidado. Me sent\u00ed atra\u00eddo por un extra\u00f1o poder que solo comenzaba a aprender a sentir y a llamar \u00abReiki\u00bb. El Libro Gris que John sosten\u00eda me parec\u00eda tan poderoso como las iniciaciones que nos hab\u00eda dado cada d\u00eda, en clase.<\/p>\n<\/div><\/div>\n\n<div style=\"height:25px\" aria-hidden=\"true\" class=\"wp-block-spacer\"><\/div>\n\n<p>El contenido del Libro Gris, un volumen delgado de aproximadamente 75 p\u00e1ginas, se extrajo de los documentos de Reiki de Hawayo Takata que su hija, Alice Takata Furumoto, compil\u00f3 despu\u00e9s de su muerte. En 1982, Alice imprimi\u00f3 100 copias del libro. Su portada ten\u00eda s\u00f3lo los dos kanji japoneses de Rei y Ki, impresos en tinta negra sobre un papel de lino gris. Fue este papel gris, y la ausencia de un t\u00edtulo expl\u00edcito en ingl\u00e9s, lo que llev\u00f3 al libro a ser apodado el \u00abLibro Gris\u00bb.<\/p>\n\n<p>Al final del libro hab\u00eda una p\u00e1gina firmada por Alice Takata Furumoto, usando lo que parec\u00eda ser un plum\u00f3n negro. La p\u00e1gina estaba estampada con tres imponentes sellos japoneses rojos. John nos ley\u00f3 en voz alta: \u00abEl legado que le dej\u00f3 a Phyllis no se puede negar\u00bb. Con esas palabras, comenz\u00f3 a contarnos su historia de Phyllis Lei Furumoto, c\u00f3mo particip\u00f3 en el reconocimiento de Phyllis como portadora del linaje de Hawayo Takata y acerca de la fundaci\u00f3n de The Reiki Alliance, un cuerpo de Maestros que podr\u00eda apoyarla en su evoluci\u00f3n.<\/p>\n\n<p>En 2017, asist\u00ed a un taller en Arizona con Phyllis. Durante un intenso intercambio sobre el tema de la \u00abreconciliaci\u00f3n\u00bb, meti\u00f3 la mano en el caj\u00f3n de su escritorio y sac\u00f3 las cuatro copias restantes del Libro Gris, esto me enmudeci\u00f3. Me explic\u00f3 que de las 100 copias originales, 21 hab\u00edan sido firmadas, selladas y enviadas por correo a los Maestros de Reiki iniciados y reconocidos por Hawayo Takata. Las 79 copias restantes se le hab\u00edan entregado a Phyllis. A lo largo de los a\u00f1os hab\u00eda regalado algunas de esas cop\u00edas a sus amigos de Reiki o estudiantes; en 2017 solo quedaban esas cuatro copias. Y no, ninguno de nosotros pod\u00eda recibir uno, pero ella prometi\u00f3 que \u00abmuy pronto\u00bb har\u00eda una reimpresi\u00f3n del libro, con la traducci\u00f3n del texto escrito en japon\u00e9s. Pas\u00f3 el resto del d\u00eda hablando sobre Reiki y la reconciliaci\u00f3n, y sobre su deseo de corregir las consecuencias negativas e indeseadas de acciones pasadas.<\/p>\n\n<p>El Libro Gris es un v\u00ednculo a un pasado que se siente extra\u00f1o y lejano, un puente entre las clases de Reiki de Chujiro Hayashi en Jap\u00f3n y en Hawai, y los estudiantes de Reiki que ahora se extienden por todo el mundo despu\u00e9s de casi 90 a\u00f1os. Las 21 copias firmadas y selladas del Libro Gris confer\u00edan autoridad y autenticidad a quienes las recibieron inicialmente. Aunque heredaron mucho de Takata Sensei, el libro fue uno de los pocos objetos tangibles. Tengo la esperanza que al divulgar y al volver f\u00e1cilmente accesible este libro ins\u00f3lito, la antorcha que pas\u00f3 de Chujiro Hayashi a Hawayo Takata a Phyllis Lei Furumoto, y de ella a Johannes Reindl, asi como a las comunidades globales de Reiki que ella ense\u00f1\u00f3, gui\u00f3 y vitaliz\u00f3, ahora pueda llegar a todos los que aspiran a ser estudiantes de Reiki y los lleve hacia adelante en su viaje de ser Reiki.<\/p>\n\n<p class=\"has-text-align-right\">~Brian Brunius<br\/>Ciudad de Nueva York<br\/>31 de Marzo 2021<\/p>\n\n<div style=\"height:100px\" aria-hidden=\"true\" class=\"wp-block-spacer\"><\/div>\n","protected":false},"excerpt":{"rendered":"<p>de Brian Brunius Hace veintis\u00e9is a\u00f1os, John Harvey Gray, mi instructor de Reiki, nos mostr\u00f3 en clase su \u00fanica copia del Libro Gris. Era tan valiosa para \u00e9l que no permit\u00eda que los estudiantes la toc\u00e1ramos. Nos agrupamos a su alrededor tratando de ver bien, mientras pasaba las p\u00e1ginas con cuidado. Me sent\u00ed atra\u00eddo por [&hellip;]<\/p>\n","protected":false},"author":1,"featured_media":0,"parent":2935,"menu_order":0,"comment_status":"closed","ping_status":"closed","template":"","meta":{"footnotes":""},"class_list":["post-3179","page","type-page","status-publish","hentry"],"_links":{"self":[{"href":"https:\/\/reikigreybook.com\/es\/wp-json\/wp\/v2\/pages\/3179","targetHints":{"allow":["GET"]}}],"collection":[{"href":"https:\/\/reikigreybook.com\/es\/wp-json\/wp\/v2\/pages"}],"about":[{"href":"https:\/\/reikigreybook.com\/es\/wp-json\/wp\/v2\/types\/page"}],"author":[{"embeddable":true,"href":"https:\/\/reikigreybook.com\/es\/wp-json\/wp\/v2\/users\/1"}],"replies":[{"embeddable":true,"href":"https:\/\/reikigreybook.com\/es\/wp-json\/wp\/v2\/comments?post=3179"}],"version-history":[{"count":5,"href":"https:\/\/reikigreybook.com\/es\/wp-json\/wp\/v2\/pages\/3179\/revisions"}],"predecessor-version":[{"id":9122,"href":"https:\/\/reikigreybook.com\/es\/wp-json\/wp\/v2\/pages\/3179\/revisions\/9122"}],"up":[{"embeddable":true,"href":"https:\/\/reikigreybook.com\/es\/wp-json\/wp\/v2\/pages\/2935"}],"wp:attachment":[{"href":"https:\/\/reikigreybook.com\/es\/wp-json\/wp\/v2\/media?parent=3179"}],"curies":[{"name":"wp","href":"https:\/\/api.w.org\/{rel}","templated":true}]}}