{"id":3189,"date":"2021-05-10T00:36:06","date_gmt":"2021-05-10T00:36:06","guid":{"rendered":"https:\/\/reikigreybook.com\/home\/"},"modified":"2023-03-12T15:21:53","modified_gmt":"2023-03-12T15:21:53","slug":"home","status":"publish","type":"page","link":"https:\/\/reikigreybook.com\/es\/","title":{"rendered":"P\u00e1gina inicial"},"content":{"rendered":"\n<div class=\"wp-block-media-text alignwide has-media-on-the-right is-stacked-on-mobile is-vertically-aligned-center\" style=\"grid-template-columns:auto 47%\"><div class=\"wp-block-media-text__content\">\n<h3 class=\"has-medium-font-size wp-block-heading\" id=\"block-7f721ac0-0de0-4883-bbe2-96463971ebb9\"><a href=\"https:\/\/reikigreybook.com\/es\/the-grey-book\/\">INTRODUCIENDO<\/a><br><strong><em>Reiki: The Grey<\/em><\/strong> <em>Book<\/em><\/h3>\n\n\n\n<hr class=\"wp-block-separator has-text-color has-cyan-bluish-gray-color has-alpha-channel-opacity has-cyan-bluish-gray-background-color has-background is-style-wide\"\/>\n\n\n\n<p><\/p>\n\n\n\n<p>El Libro Gris, impreso en una edici\u00f3n de 100 ejemplares en 1982, fue obsequiado a los 22 Maestros reconocidos por Hawayo Takata. El texto est\u00e1 escrita en ingl\u00e9s con la Gu\u00eda Terap\u00e9utica de Hayashi en japon\u00e9s. <\/p>\n\n\n\n<p>Esta edici\u00f3n limitada por el 40 aniversario es de 1500 copias exactas, y autorizada por el patrimonio de Phyllis Lei Furumoto y la Oficina del Gran Maestro, la reproducci\u00f3n proviene de la copia personal de Phyllis.<\/p>\n<\/div><figure class=\"wp-block-media-text__media\"><img fetchpriority=\"high\" decoding=\"async\" width=\"716\" height=\"904\" src=\"https:\/\/reikigreybook.com\/wp-content\/uploads\/2022\/05\/The-Grey-Book-Cover-only-med.jpg\" alt=\"Foto de la portada de la reimpresi\u00f3n de la edici\u00f3n limitada de 2022 de Reiki: El Libro Gris\" class=\"wp-image-6288 size-full\" srcset=\"https:\/\/reikigreybook.com\/wp-content\/uploads\/2022\/05\/The-Grey-Book-Cover-only-med.jpg 716w, https:\/\/reikigreybook.com\/wp-content\/uploads\/2022\/05\/The-Grey-Book-Cover-only-med-600x758.jpg 600w, https:\/\/reikigreybook.com\/wp-content\/uploads\/2022\/05\/The-Grey-Book-Cover-only-med-238x300.jpg 238w\" sizes=\"(max-width: 716px) 100vw, 716px\" \/><\/figure><\/div>\n\n\n\n<div style=\"height:25px\" aria-hidden=\"true\" class=\"wp-block-spacer\"><\/div>\n\n\n\n<div class=\"wp-block-buttons is-content-justification-center is-nowrap is-layout-flex wp-container-core-buttons-is-layout-1fb9aab6 wp-block-buttons-is-layout-flex\">\n<div class=\"wp-block-button has-custom-width wp-block-button__width-50 has-custom-font-size is-style-outline has-medium-font-size is-style-outline--1\" style=\"letter-spacing:0.3px\"><a class=\"wp-block-button__link has-vivid-red-color has-white-background-color has-text-color has-background wp-element-button\" href=\"https:\/\/reikigreybook.com\/es\/contribute\/donacion\/\" style=\"border-radius:9px\" target=\"_blank\" rel=\"noreferrer noopener\">Obt\u00e9n el libro<\/a><\/div>\n\n\n\n<div class=\"wp-block-button has-custom-width wp-block-button__width-50 has-custom-font-size is-style-outline has-medium-font-size is-style-outline--2\" style=\"letter-spacing:0.3px\"><a class=\"wp-block-button__link has-vivid-red-color has-white-background-color has-text-color has-background wp-element-button\" href=\"https:\/\/reikigreybook.com\/es\/the-grey-book\/takatas-diary-entries\/\" style=\"border-radius:9px\">Empieza a leer<\/a><\/div>\n<\/div>\n\n\n\n<div style=\"height:50px\" aria-hidden=\"true\" class=\"wp-block-spacer\"><\/div>\n\n\n\n<div class=\"wp-block-media-text alignwide is-stacked-on-mobile is-vertically-aligned-center\" style=\"grid-template-columns:47% auto\"><figure class=\"wp-block-media-text__media\"><img decoding=\"async\" width=\"675\" height=\"940\" src=\"https:\/\/reikigreybook.com\/wp-content\/uploads\/2022\/05\/Inviting-Generosity-vertical.jpg\" alt=\"\" class=\"wp-image-6070 size-full\" srcset=\"https:\/\/reikigreybook.com\/wp-content\/uploads\/2022\/05\/Inviting-Generosity-vertical.jpg 675w, https:\/\/reikigreybook.com\/wp-content\/uploads\/2022\/05\/Inviting-Generosity-vertical-600x836.jpg 600w, https:\/\/reikigreybook.com\/wp-content\/uploads\/2022\/05\/Inviting-Generosity-vertical-215x300.jpg 215w\" sizes=\"(max-width: 675px) 100vw, 675px\" \/><\/figure><div class=\"wp-block-media-text__content\">\n<h3 class=\"has-medium-font-size wp-block-heading\" id=\"block-8d66a3b3-6cd6-4677-9fa6-3e9b45690c43\"><a href=\"https:\/\/reikigreybook.com\/es\/about-us\/inviting-generosity\/\">INVITAR LA GENEROSIDAD<\/a><br><strong><em>Reiki: El Libro Gris<\/em><\/strong><\/h3>\n\n\n\n<hr class=\"wp-block-separator has-text-color has-cyan-bluish-gray-color has-alpha-channel-opacity has-cyan-bluish-gray-background-color has-background is-style-wide\"\/>\n\n\n\n<p><\/p>\n\n\n\n<p>Alice Takata Furumoto public\u00f3 <em>El Libro Gris<\/em> en 1982 como un regalo a los Maestros de Reiki que hab\u00eda iniciado su madre, Hawayo Takata. <a href=\"https:\/\/reikigreybook.com\/es\/about-us\/the-grey-book-team\/\" data-type=\"page\" data-id=\"700\">El equipo del Libro Gris<\/a> quiere continuar con este legado de generosidad ofreciendo traducciones del texto original como un regalo a la comunidad mundial de Reiki.<\/p>\n\n\n\n<p><a href=\"https:\/\/reikigreybook.com\/es\/contribute\/donacion\/\">Te invitamos a ser parte de este legado de generosidad<\/a>. \u00danete al proyecto del <em>Libro Gris<\/em> haciendo una oferta financiera para poder hacer m\u00e1s traducciones de este texto.<\/p>\n\n\n\n<p><\/p>\n\n\n\n<div class=\"wp-block-buttons is-layout-flex wp-block-buttons-is-layout-flex\">\n<div class=\"wp-block-button has-custom-width wp-block-button__width-100 is-style-outline is-style-outline--3\"><a class=\"wp-block-button__link has-vivid-red-color has-white-background-color has-text-color has-background wp-element-button\" href=\"https:\/\/reikigreybook.com\/es\/contribute\/donacion\/\" style=\"border-radius:13px\">Donar el regalo de la traducci\u00f3n<\/a><\/div>\n<\/div>\n\n\n\n<p><\/p>\n<\/div><\/div>\n\n\n\n<div style=\"height:75px\" aria-hidden=\"true\" class=\"wp-block-spacer\"><\/div>\n\n\n\n<div class=\"wp-block-cover alignwide is-light has-custom-content-position is-position-bottom-center is-position-center-center\" style=\"min-height:97px;aspect-ratio:unset;\"><span aria-hidden=\"true\" class=\"wp-block-cover__background has-white-background-color has-background-dim-20 has-background-dim\"><\/span><img decoding=\"async\" width=\"642\" height=\"349\" class=\"wp-block-cover__image-background wp-image-731\" alt=\"\" src=\"https:\/\/reikigreybook.com\/wp-content\/uploads\/2021\/05\/snowy-kurama-gate.png\" style=\"object-position:57% 0%\" data-object-fit=\"cover\" data-object-position=\"57% 0%\" srcset=\"https:\/\/reikigreybook.com\/wp-content\/uploads\/2021\/05\/snowy-kurama-gate.png 642w, https:\/\/reikigreybook.com\/wp-content\/uploads\/2021\/05\/snowy-kurama-gate-600x326.png 600w, https:\/\/reikigreybook.com\/wp-content\/uploads\/2021\/05\/snowy-kurama-gate-300x163.png 300w\" sizes=\"(max-width: 642px) 100vw, 642px\" \/><div class=\"wp-block-cover__inner-container is-layout-flow wp-block-cover-is-layout-flow\">\n<p class=\"has-text-align-center has-large-font-size\" style=\"line-height:1.1\"><strong>Perspectivas hist\u00f3ricas<\/strong><\/p>\n<\/div><\/div>\n\n\n\n<div class=\"wp-block-group has-black-color has-text-color has-background\" style=\"background-color:#faf8ed\"><div class=\"wp-block-group__inner-container is-layout-flow wp-block-group-is-layout-flow\">\n<p><a href=\"https:\/\/reikigreybook.com\/es\/resources\/una-fuerza-poderosa\/\" data-type=\"page\" data-id=\"352\">Una fuerza poderosa<\/a> &#8211; Brian Brunius escribe acerca de su motivaci\u00f3n para reimprimir <em>Reiki: El Libro Gris<\/em> y ponerlo en linea para que el mundo pueda verlo.<\/p>\n\n\n\n<p><a href=\"https:\/\/reikigreybook.com\/es\/resources\/el-libro-gris-y-la-historia-de-reiki\/\" data-type=\"page\" data-id=\"301\">The \u201cGrey Book\u201d and Reiki History<\/a> &#8211; Lea la perspectiva hist\u00f3rica del Dr. Justin Stein acerca de <em>Reiki: El Libro Gris<\/em>. Conocer el contexto que rodea su creaci\u00f3n y los Maestros que lo recibieron primero.<\/p>\n\n\n\n<p><a href=\"https:\/\/reikigreybook.com\/es\/resources\/una-pequena-historia-acerca-de-libro-gris\/\" data-type=\"page\" data-id=\"740\">Una peque\u00f1a historia acerca del Libro Gris<\/a> &#8211; Paul Mitchell relata la historia de los pagos que hizo para recibir su formaci\u00f3n de Maestro y c\u00f3mo, sin que \u00e9l lo supiera, estos financiaron la impresi\u00f3n original de <em>Reiki: El Libro Gris.<\/em> <\/p>\n\n\n\n<p><a href=\"https:\/\/reikigreybook.com\/es\/resources\/el-misterio-del-linaje-espiritual\/\">El misterio del linaje espiritual<\/a> &#8211; Joyce Winough escribe sobre la transmisi\u00f3n del linaje espiritual de una generaci\u00f3n a la siguiente, y el papel importante que tuvo Alice Takata Furumoto en la transmisi\u00f3n del linaje que pas\u00f3 de Hawayo Takata a su nieta, Phyllis Lei Furumoto.<\/p>\n\n\n\n<p><a href=\"https:\/\/reikigreybook.com\/es\/resources\/vivir-en-lo-desconocido\/\" data-type=\"page\" data-id=\"345\">Vivir lo desconocido <\/a> &#8211; Susan Mitchell escribe acerca de Johannes Reindl y de las cuatro palabras que cambiaron su vida. Tenga una visi\u00f3n sobre el proceso de sucesi\u00f3n y vea c\u00f3mo el linaje vive y respira dentro de esta tradici\u00f3n. <\/p>\n<\/div><\/div>\n\n\n\n<div class=\"wp-block-cover alignwide is-light has-custom-content-position is-position-bottom-center is-position-center-center\" style=\"min-height:97px;aspect-ratio:unset;\"><span aria-hidden=\"true\" class=\"wp-block-cover__background has-white-background-color has-background-dim-20 has-background-dim\"><\/span><img loading=\"lazy\" decoding=\"async\" width=\"642\" height=\"349\" class=\"wp-block-cover__image-background wp-image-731\" alt=\"\" src=\"https:\/\/reikigreybook.com\/wp-content\/uploads\/2021\/05\/snowy-kurama-gate.png\" style=\"object-position:51% 100%\" data-object-fit=\"cover\" data-object-position=\"51% 100%\" srcset=\"https:\/\/reikigreybook.com\/wp-content\/uploads\/2021\/05\/snowy-kurama-gate.png 642w, https:\/\/reikigreybook.com\/wp-content\/uploads\/2021\/05\/snowy-kurama-gate-600x326.png 600w, https:\/\/reikigreybook.com\/wp-content\/uploads\/2021\/05\/snowy-kurama-gate-300x163.png 300w\" sizes=\"(max-width: 642px) 100vw, 642px\" \/><div class=\"wp-block-cover__inner-container is-layout-flow wp-block-cover-is-layout-flow\">\n<p class=\"has-text-align-center has-large-font-size\" style=\"line-height:1.1\"><\/p>\n<\/div><\/div>\n\n\n\n<div style=\"height:100px\" aria-hidden=\"true\" class=\"wp-block-spacer\"><\/div>\n","protected":false},"excerpt":{"rendered":"<p>Una fuerza poderosa &#8211; Brian Brunius escribe acerca de su motivaci\u00f3n para reimprimir Reiki: El Libro Gris y ponerlo en linea para que el mundo pueda verlo. The \u201cGrey Book\u201d and Reiki History &#8211; Lea la perspectiva hist\u00f3rica del Dr. Justin Stein acerca de Reiki: El Libro Gris. Conocer el contexto que rodea su creaci\u00f3n [&hellip;]<\/p>\n","protected":false},"author":1,"featured_media":0,"parent":0,"menu_order":0,"comment_status":"closed","ping_status":"closed","template":"","meta":{"footnotes":""},"class_list":["post-3189","page","type-page","status-publish","hentry"],"_links":{"self":[{"href":"https:\/\/reikigreybook.com\/es\/wp-json\/wp\/v2\/pages\/3189","targetHints":{"allow":["GET"]}}],"collection":[{"href":"https:\/\/reikigreybook.com\/es\/wp-json\/wp\/v2\/pages"}],"about":[{"href":"https:\/\/reikigreybook.com\/es\/wp-json\/wp\/v2\/types\/page"}],"author":[{"embeddable":true,"href":"https:\/\/reikigreybook.com\/es\/wp-json\/wp\/v2\/users\/1"}],"replies":[{"embeddable":true,"href":"https:\/\/reikigreybook.com\/es\/wp-json\/wp\/v2\/comments?post=3189"}],"version-history":[{"count":5,"href":"https:\/\/reikigreybook.com\/es\/wp-json\/wp\/v2\/pages\/3189\/revisions"}],"predecessor-version":[{"id":9479,"href":"https:\/\/reikigreybook.com\/es\/wp-json\/wp\/v2\/pages\/3189\/revisions\/9479"}],"wp:attachment":[{"href":"https:\/\/reikigreybook.com\/es\/wp-json\/wp\/v2\/media?parent=3189"}],"curies":[{"name":"wp","href":"https:\/\/api.w.org\/{rel}","templated":true}]}}