{"id":3316,"date":"2021-05-09T04:40:55","date_gmt":"2021-05-09T04:40:55","guid":{"rendered":"https:\/\/reikigreybook.com\/resources\/vivir-en-lo-desconocido\/"},"modified":"2023-01-24T20:59:15","modified_gmt":"2023-01-24T20:59:15","slug":"vivir-en-lo-desconocido","status":"publish","type":"page","link":"https:\/\/reikigreybook.com\/es\/resources\/vivir-en-lo-desconocido\/","title":{"rendered":"Vivir en lo desconocido"},"content":{"rendered":"\n<h4 class=\"wp-block-heading\">de Susan Mitchell<\/h4>\n\n<div class=\"wp-block-media-text alignwide is-stacked-on-mobile is-vertically-aligned-center\" style=\"grid-template-columns:24% auto\"><figure class=\"wp-block-media-text__media\"><img fetchpriority=\"high\" decoding=\"async\" width=\"480\" height=\"480\" src=\"https:\/\/reikigreybook.com\/wp-content\/uploads\/2021\/05\/Susan-turkish-coffee.png\" alt=\"Foto de Susan Mitchell\" class=\"wp-image-895 size-full\" srcset=\"https:\/\/reikigreybook.com\/wp-content\/uploads\/2021\/05\/Susan-turkish-coffee.png 480w, https:\/\/reikigreybook.com\/wp-content\/uploads\/2021\/05\/Susan-turkish-coffee-300x300.png 300w, https:\/\/reikigreybook.com\/wp-content\/uploads\/2021\/05\/Susan-turkish-coffee-100x100.png 100w, https:\/\/reikigreybook.com\/wp-content\/uploads\/2021\/05\/Susan-turkish-coffee-150x150.png 150w, https:\/\/reikigreybook.com\/wp-content\/uploads\/2021\/05\/Susan-turkish-coffee-50x50.png 50w\" sizes=\"(max-width: 480px) 100vw, 480px\" \/><\/figure><div class=\"wp-block-media-text__content\">\n<p>El Libro Gris fue un regalo de Alice Takata Furumoto para los maestros iniciados por Hawayo Takata. Tambi\u00e9n fue un reconocimiento de su hija Phyllis, como sucesora de Hawayo Takata.<\/p>\n\n\n\n<p>Vemos a trav\u00e9s de sus cartas que Alice sab\u00eda que Takata Sensei quer\u00eda que Phyllis ocupara su lugar, como la cabeza del Sistema Usui de Sanaci\u00f3n Natural Reiki. Takata muri\u00f3 en diciembre de 1980 y la transici\u00f3n se produjo sin un nombramiento p\u00fablico formal. Phyllis dio los primeros pasos de su viaje sinti\u00e9ndose muy sola.<\/p>\n<\/div><\/div>\n\n<div style=\"height:25px\" aria-hidden=\"true\" class=\"wp-block-spacer\"><\/div>\n\n<p>En 2009, con el diagn\u00f3stico de su c\u00e1ncer, Phyllis se dio cuenta de que necesitaba prepararse y preparar a la comunidad para su propia muerte. Phyllis y Paul Mitchell hicieron siete retiros sobre el tema de la sucesi\u00f3n. De ah\u00ed surgi\u00f3 un grupo de maestros y estudiantes que se reunieron durante dos a\u00f1os y medio antes de la muerte de Phyllis para mirar, cuestionar y adentrarse m\u00e1s en su comprensi\u00f3n acerca del proceso de sucesi\u00f3n.<\/p>\n\n<p>Cuando Phyllis anunci\u00f3 a Johannes como Portador del Linaje, estuvo en una posici\u00f3n \u00fanica, pero a diferencia de Phyllis, no estuvo solo, fue sostenido por maestros y estudiantes de todo el mundo que abrazan el linaje de esta tradici\u00f3n de Usui Shiki Ryoho.<\/p>\n\n<p>\u00ab\u00bfC\u00f3mo para ti tomar el manto de la sucesi\u00f3n?\u00bb Le pregunt\u00e9 a Johannes. El respondi\u00f3,<\/p>\n\n<div class=\"wp-block-group\"><div class=\"wp-block-group__inner-container is-layout-flow wp-block-group-is-layout-flow\">\n<pre class=\"wp-block-verse\"><em><figure class=\"wp-block-vers is-style-default\" align=\"right\"><img decoding=\"async\" src=\"https:\/\/reikigreybook.com\/wp-content\/uploads\/2021\/06\/Phyllis-Furumoto-and-Johannes-Reindl-300.jpg\" alt=\"Foto de Johannes Reindl y Phyllis Lei Furumoto juntos en Jap&#xF3;n\" class=\"wp-image-2029\" width=\"300\" align=\"right\"\/><\/figure>\u201cMirando hacia atr\u00e1s, en ese d\u00eda de marzo de 2019, puedo escuchar a Phyllis decir: 'Johannes, eres tu'. No fue una pregunta. Era una afirmaci\u00f3n. Es simplemente as\u00ed. Tuve que escuchar la verdad de estas palabras. Solo pod\u00edan provenir de Phyllis.<\/em>\n\n <em>\u201cAhora s\u00e9 que la sucesi\u00f3n no se trata de un 'yo', mi personalidad o mis caracter\u00edsticas. No se trata de auto nominaci\u00f3n o auto selecci\u00f3n. No es personal Tampoco creo que nombrarme fuera una elecci\u00f3n personal de Phyllis.<\/em>\n \n<em>\u201cRecientemente le\u00ed una entrevista en la que Phyllis habla sobre su propia experiencia como sucesora de Takata Sensei. Sent\u00ed que durante el proceso en que Phyllis tuvo que identificar a un sucesor, elle estaba buscando algo que ya hab\u00eda vivido. No se trataba de tener habilidades, o de si Johannes es amable u obediente, no se trataba de que \"ella\" se sintiera satisfecha por c\u00f3mo soy \"yo\". Ni siquiera sobre si yo le agradaba particularmente a Phyllis. Creo que ella estaba mirando hacia donde flu\u00eda la energ\u00eda.<\/em>\n\n <em>\u201cDarme cuenta de que Reiki es primero, ha sido un proceso interno profundo . Al principio se sinti\u00f3 como una carga. Siempre que sol\u00eda escuchar a Phyllis decir, 'Reiki es primero', sent\u00eda que era mucho pedir. Si Reiki es primero, el 'yo' es segundo. Entonces, \u00bfqu\u00e9 hay de m\u00ed, de mi yo individual?<\/em>\n\n <em>\u201cAhora se siente como un gran alivio. Me conecta con la realidad de que no tengo que complacer a todos. Pueden haber conflictos, pero lo hace m\u00e1s f\u00e1cil porque entiendo que no se trata del conflicto. Porque Reiki es primero. Eso pone mi vida en perspectiva: servir al sistema, servir a Reiki.<\/em>\n\n <em>\u201cEsta es una ense\u00f1anza importante para muchos de nosotros. Nuestros maestros nos desaf\u00edan, activ\u00e1ndonos y mostr\u00e1ndonos lo que necesitamos aprender: revelando que lo que importa es nuestra relaci\u00f3n con la pr\u00e1ctica. Reiki es primero. Esta es la respuesta a muchas de las preguntas \".<\/em> <\/pre>\n\n\n\n<p><\/p>\n<\/div><\/div>\n\n<div style=\"height:10px\" aria-hidden=\"true\" class=\"wp-block-spacer\"><\/div>\n\n<p>El viaje interno de Phyllis, la exploraci\u00f3n comunitaria acerca de la sucesi\u00f3n y las conversaciones entre estudiantes y maestros de todo el mundo, generaron un campo para el proceso de sucesi\u00f3n. Al igual que Alice Takata Furumoto, somos invitados a presenciar y participar en el desarrollo de la sucesi\u00f3n del linaje de Usui Shiki Ryoho.<\/p>\n\n<p class=\"has-text-align-right\">~Susan Mitchell<br\/>Kellogg, ID<br\/>30 Marzo 2021<\/p>\n\n<div style=\"height:100px\" aria-hidden=\"true\" class=\"wp-block-spacer\"><\/div>\n","protected":false},"excerpt":{"rendered":"<p>de Susan Mitchell El Libro Gris fue un regalo de Alice Takata Furumoto para los maestros iniciados por Hawayo Takata. Tambi\u00e9n fue un reconocimiento de su hija Phyllis, como sucesora de Hawayo Takata. Vemos a trav\u00e9s de sus cartas que Alice sab\u00eda que Takata Sensei quer\u00eda que Phyllis ocupara su lugar, como la cabeza del [&hellip;]<\/p>\n","protected":false},"author":1,"featured_media":0,"parent":2935,"menu_order":0,"comment_status":"closed","ping_status":"closed","template":"","meta":{"footnotes":""},"class_list":["post-3316","page","type-page","status-publish","hentry"],"_links":{"self":[{"href":"https:\/\/reikigreybook.com\/es\/wp-json\/wp\/v2\/pages\/3316","targetHints":{"allow":["GET"]}}],"collection":[{"href":"https:\/\/reikigreybook.com\/es\/wp-json\/wp\/v2\/pages"}],"about":[{"href":"https:\/\/reikigreybook.com\/es\/wp-json\/wp\/v2\/types\/page"}],"author":[{"embeddable":true,"href":"https:\/\/reikigreybook.com\/es\/wp-json\/wp\/v2\/users\/1"}],"replies":[{"embeddable":true,"href":"https:\/\/reikigreybook.com\/es\/wp-json\/wp\/v2\/comments?post=3316"}],"version-history":[{"count":5,"href":"https:\/\/reikigreybook.com\/es\/wp-json\/wp\/v2\/pages\/3316\/revisions"}],"predecessor-version":[{"id":9121,"href":"https:\/\/reikigreybook.com\/es\/wp-json\/wp\/v2\/pages\/3316\/revisions\/9121"}],"up":[{"embeddable":true,"href":"https:\/\/reikigreybook.com\/es\/wp-json\/wp\/v2\/pages\/2935"}],"wp:attachment":[{"href":"https:\/\/reikigreybook.com\/es\/wp-json\/wp\/v2\/media?parent=3316"}],"curies":[{"name":"wp","href":"https:\/\/api.w.org\/{rel}","templated":true}]}}