{"id":3381,"date":"2021-05-09T04:42:38","date_gmt":"2021-05-09T04:42:38","guid":{"rendered":"https:\/\/reikigreybook.com\/resources\/el-misterio-del-linaje-espiritual\/"},"modified":"2023-01-24T21:00:58","modified_gmt":"2023-01-24T21:00:58","slug":"el-misterio-del-linaje-espiritual","status":"publish","type":"page","link":"https:\/\/reikigreybook.com\/es\/resources\/el-misterio-del-linaje-espiritual\/","title":{"rendered":"El misterio del linaje espiritual"},"content":{"rendered":"\n<h4 class=\"wp-block-heading\">de Joyce Winough<\/h4>\n\n<div class=\"wp-block-media-text alignwide is-stacked-on-mobile\" style=\"grid-template-columns:27% auto\"><figure class=\"wp-block-media-text__media\"><img fetchpriority=\"high\" decoding=\"async\" width=\"406\" height=\"406\" src=\"https:\/\/reikigreybook.com\/wp-content\/uploads\/2021\/07\/Joyce-Winough-Medium.png\" alt=\"Foto de Joyce Winough - Maestra de Reiki\" class=\"wp-image-3238 size-full\" srcset=\"https:\/\/reikigreybook.com\/wp-content\/uploads\/2021\/07\/Joyce-Winough-Medium.png 406w, https:\/\/reikigreybook.com\/wp-content\/uploads\/2021\/07\/Joyce-Winough-Medium-300x300.png 300w, https:\/\/reikigreybook.com\/wp-content\/uploads\/2021\/07\/Joyce-Winough-Medium-100x100.png 100w, https:\/\/reikigreybook.com\/wp-content\/uploads\/2021\/07\/Joyce-Winough-Medium-150x150.png 150w, https:\/\/reikigreybook.com\/wp-content\/uploads\/2021\/07\/Joyce-Winough-Medium-50x50.png 50w, https:\/\/reikigreybook.com\/wp-content\/uploads\/2021\/07\/Joyce-Winough-Medium-60x60.png 60w, https:\/\/reikigreybook.com\/wp-content\/uploads\/2021\/07\/Joyce-Winough-Medium-90x90.png 90w\" sizes=\"(max-width: 406px) 100vw, 406px\" \/><\/figure><div class=\"wp-block-media-text__content\">\n<p>Phyllis Lei Furumoto creci\u00f3 en Iowa, EUA, justo despu\u00e9s de la segunda guerra mundial. Su madre, Alice, ten\u00eda grandes expectativas para su primera hija y fue una educadora dura. Esta relaci\u00f3n madre-hija no siempre fue f\u00e1cil; sin embargo, exist\u00eda un respeto y una comprensi\u00f3n mutua acerca de la naturaleza de cada una. Cuando Phyllis finalmente acept\u00f3 la oferta que le hizo su abuela de trabajar con ella, lo hizo desde un lugar de entrega al deber familiar. A medida que pasaron los a\u00f1os, Phyllis cre\u00f3 una vida en torno a su destino y a su papel como sucesora de Takata Sensei. Fue la vocaci\u00f3n perfecta para ella.<\/p>\n<\/div><\/div>\n\n<div style=\"height:25px\" aria-hidden=\"true\" class=\"wp-block-spacer\"><\/div>\n\n<p>En 2008, Phyllis y yo nos mudamos a Green Valley, Arizona, para estar cerca de Alice, para que Phyllis pasara m\u00e1s tiempo con su madre. Cuando conoc\u00ed a Alice, observ\u00e9 que manten\u00eda su pr\u00e1ctica de Reiki de una forma muy privada, asi como el recuerdo de su madre, Hawayo. Para Alice, Reiki era personal y no se pod\u00eda hablar de ello m\u00e1s que con su maestro. Esto a menudo fue un punto de desaf\u00edo para Phyllis, sin embargo, tambi\u00e9n la ayud\u00f3 a mantener la tradici\u00f3n y la cultura de Reiki como un arte popular de sanaci\u00f3n japon\u00e9s. Alice atesoraba el regalo de Reiki que Chujiro Hayashi le entreg\u00f3 cuando era una ni\u00f1a. Tuvo su pr\u00e1ctica personal de Reiki que comparti\u00f3 con sus hijos a lo largo de su crecimiento. El tomar la decisi\u00f3n de formar una familia en lugar de ser una maestra de Reiki, fue satisfactorio para ella. Ella ocup\u00f3 un lugar \u00fanico en nuestro linaje. Era hija de una gran maestra y madre de su sucesora.<\/p>\n\n<figure class=\"wp-block-image size-large\"><img decoding=\"async\" width=\"728\" height=\"392\" src=\"https:\/\/reikigreybook.com\/wp-content\/uploads\/2021\/06\/tryptich.png\" alt=\"\" class=\"wp-image-1889\" srcset=\"https:\/\/reikigreybook.com\/wp-content\/uploads\/2021\/06\/tryptich.png 728w, https:\/\/reikigreybook.com\/wp-content\/uploads\/2021\/06\/tryptich-600x323.png 600w, https:\/\/reikigreybook.com\/wp-content\/uploads\/2021\/06\/tryptich-300x162.png 300w\" sizes=\"(max-width: 728px) 100vw, 728px\" \/><\/figure>\n\n<p>Phyllis dedic\u00f3 su vida a ser una gran maestra de una pr\u00e1ctica con un linaje. Apoy\u00f3 a comunidades de Reiki de todo el mundo contando historias acerca de las ense\u00f1anzas de su abuela. Desarroll\u00f3 la pr\u00e1ctica formando un lenguaje claro que defini\u00f3 el Usui Shiki Ryoho Cre\u00f3 comunidad en todos los lugares a los que viaj\u00f3, inspirando a los estudiantes de Reiki a reunirse y apoyarse entre s\u00ed. Se centr\u00f3 en las habilidades necesarias para lograr una comunicaci\u00f3n clara y compasiva, ten\u00eda una visi\u00f3n acerca del potencial de una comunidad global de Reiki, mientras que ella misma era una estudiante curiosa.<\/p>\n\n<p>Phyllis form\u00f3 una comunidad de traductores e int\u00e9rpretes en nueve idiomas para acompa\u00f1arla con grupos que proven\u00edan de todo el mundo. Recuerdo, cuando alguien interpretaba en un idioma que Phyllis no conoc\u00eda, ella pod\u00eda sentir cuando la energ\u00eda de las palabras no era del todo acertada. Sus int\u00e9rpretes pod\u00edan percibir la energ\u00eda del significado de las palabras m\u00e1s que las palabras por s\u00ed mismas, para ellos fue una experiencia nueva. Ella estaba abierta a recibir estudiantes de todas las pr\u00e1cticas y dej\u00f3 un legado de miles de horas de ense\u00f1anzas en audio y video. Su primera respuesta a las preguntas e inquietudes de los estudiantes de Reiki era reunirse y ofrecer un \u00abtaller\u00bb. Phyllis amaba el misterio del Reiki y estaba comprometida en explorar y contemplar las preguntas que surgen de la pr\u00e1ctica de Reiki. <\/p>\n\n<div class=\"wp-block-media-text alignwide is-stacked-on-mobile\" style=\"grid-template-columns:36% auto\"><figure class=\"wp-block-media-text__media\"><img decoding=\"async\" width=\"300\" height=\"325\" src=\"https:\/\/reikigreybook.com\/wp-content\/uploads\/2021\/08\/Johannes-Reindl-Phyllis-Furumoto.jpg\" alt=\"\" class=\"wp-image-4735 size-full\" srcset=\"https:\/\/reikigreybook.com\/wp-content\/uploads\/2021\/08\/Johannes-Reindl-Phyllis-Furumoto.jpg 300w, https:\/\/reikigreybook.com\/wp-content\/uploads\/2021\/08\/Johannes-Reindl-Phyllis-Furumoto-277x300.jpg 277w, https:\/\/reikigreybook.com\/wp-content\/uploads\/2021\/08\/Johannes-Reindl-Phyllis-Furumoto-55x60.jpg 55w, https:\/\/reikigreybook.com\/wp-content\/uploads\/2021\/08\/Johannes-Reindl-Phyllis-Furumoto-83x90.jpg 83w\" sizes=\"(max-width: 300px) 100vw, 300px\" \/><\/figure><div class=\"wp-block-media-text__content\">\n<p>La sincron\u00eda con esta edici\u00f3n del Libro Gris es fortuita. Una nueva generaci\u00f3n lleva hacia adelante la tradici\u00f3n del linaje espiritual de nuestra forma de pr\u00e1ctica. Aunque mi proceso de duelo por la p\u00e9rdida de mi querida compa\u00f1era contin\u00faa, tengo la bendici\u00f3n de ser un puente, un v\u00ednculo, para el sucesor de Phyllis, el Gran Maestro, Johannes Reindl. He visto y sentido su energ\u00eda, tocada por este misterio de linaje espiritual, como si Phyllis estuviese derramando su luz en \u00e9l. Los miles de estudiantes de Reiki tocados por las ense\u00f1anzas de Furumoto Sensei y los estudiantes de Reiki que reci\u00e9n comienzan su viaje, tienen la oportunidad a trav\u00e9s de su relaci\u00f3n con Johannes, de \u00abvolver a conocer\u00bb y reconocer este misterio del Linaje Espiritual.<\/p>\n<\/div><\/div>\n\n<div style=\"height:25px\" aria-hidden=\"true\" class=\"wp-block-spacer\"><\/div>\n\n<p class=\"has-text-align-right\">~Joyce Winough<br\/>Green Valley, AZ<br\/>1 de Junio 2021<\/p>\n\n<div style=\"height:100px\" aria-hidden=\"true\" class=\"wp-block-spacer\"><\/div>\n","protected":false},"excerpt":{"rendered":"<p>de Joyce Winough Phyllis Lei Furumoto creci\u00f3 en Iowa, EUA, justo despu\u00e9s de la segunda guerra mundial. Su madre, Alice, ten\u00eda grandes expectativas para su primera hija y fue una educadora dura. Esta relaci\u00f3n madre-hija no siempre fue f\u00e1cil; sin embargo, exist\u00eda un respeto y una comprensi\u00f3n mutua acerca de la naturaleza de cada una. [&hellip;]<\/p>\n","protected":false},"author":1,"featured_media":0,"parent":2935,"menu_order":0,"comment_status":"closed","ping_status":"closed","template":"","meta":{"footnotes":""},"class_list":["post-3381","page","type-page","status-publish","hentry"],"_links":{"self":[{"href":"https:\/\/reikigreybook.com\/es\/wp-json\/wp\/v2\/pages\/3381","targetHints":{"allow":["GET"]}}],"collection":[{"href":"https:\/\/reikigreybook.com\/es\/wp-json\/wp\/v2\/pages"}],"about":[{"href":"https:\/\/reikigreybook.com\/es\/wp-json\/wp\/v2\/types\/page"}],"author":[{"embeddable":true,"href":"https:\/\/reikigreybook.com\/es\/wp-json\/wp\/v2\/users\/1"}],"replies":[{"embeddable":true,"href":"https:\/\/reikigreybook.com\/es\/wp-json\/wp\/v2\/comments?post=3381"}],"version-history":[{"count":5,"href":"https:\/\/reikigreybook.com\/es\/wp-json\/wp\/v2\/pages\/3381\/revisions"}],"predecessor-version":[{"id":8478,"href":"https:\/\/reikigreybook.com\/es\/wp-json\/wp\/v2\/pages\/3381\/revisions\/8478"}],"up":[{"embeddable":true,"href":"https:\/\/reikigreybook.com\/es\/wp-json\/wp\/v2\/pages\/2935"}],"wp:attachment":[{"href":"https:\/\/reikigreybook.com\/es\/wp-json\/wp\/v2\/media?parent=3381"}],"curies":[{"name":"wp","href":"https:\/\/api.w.org\/{rel}","templated":true}]}}