{"id":3638,"date":"2021-05-09T04:45:15","date_gmt":"2021-05-09T04:45:15","guid":{"rendered":"https:\/\/reikigreybook.com\/about-us\/"},"modified":"2023-02-15T01:30:49","modified_gmt":"2023-02-15T01:30:49","slug":"about-us","status":"publish","type":"page","link":"https:\/\/reikigreybook.com\/es\/about-us\/","title":{"rendered":"Acerca de nosotros"},"content":{"rendered":"\n<div class=\"wp-block-media-text alignwide has-media-on-the-right is-stacked-on-mobile is-image-fill has-black-color has-text-color has-background\" style=\"background-color:#f2eeae;grid-template-columns:auto 46%\"><div class=\"wp-block-media-text__content\">\n<div style=\"height:20px\" aria-hidden=\"true\" class=\"wp-block-spacer\"><\/div>\n\n\n\n<p class=\"has-text-align-justify has-normal-font-size\">Todos los que han contribuido al Proyecto del Libro Gris agradecen al patrimonio de Phyllis Lei Furumoto por otorgarnos permiso para reimprimir 1,500 copias del libro de <em>Reiki<\/em>de 1982, com\u00fanmente llamado \u00abEl Libro Gris\u00bb. Para nosotros fue un acto de fe pedir permiso poner todo el contenido del libro en un sitio web a su Patrimonio, en al menos ocho idiomas. \u00a1Sin embargo, tambi\u00e9n se nos concedi\u00f3 permiso para hacerlo! <\/p>\n\n\n\n<p class=\"has-text-align-justify has-normal-font-size\">Ofrecemos este libro y sitio web a todas las comunidades de Reiki, con todo el amor de nuestros corazones, con la esperanza de que este intercambio de materiales hist\u00f3ricos muy cuidados, pueda unirnos en nuestro amor por el Reiki.<\/p>\n\n\n\n<p class=\"has-text-align-center has-normal-font-size\">En memoria amorosa<br><strong>Phyllis Lei Furumoto<\/strong><br>Nuestros corazones ~ Nuestro amor ~ Nuestra gratitud<\/p>\n\n\n\n<div style=\"height:13px\" aria-hidden=\"true\" class=\"wp-block-spacer\"><\/div>\n\n\n\n<p><\/p>\n<\/div><figure class=\"wp-block-media-text__media\" style=\"background-image:url(https:\/\/reikigreybook.com\/wp-content\/uploads\/2021\/05\/53095747_2757244500967350_7598808714501423104_o-683x1024.jpg);background-position:58% 40%\"><img fetchpriority=\"high\" decoding=\"async\" width=\"683\" height=\"1024\" src=\"https:\/\/reikigreybook.com\/wp-content\/uploads\/2021\/05\/53095747_2757244500967350_7598808714501423104_o-683x1024.jpg\" alt=\"Foto de Phyllis Lei Furumoto, Portadora del Linaje de Reiki Usui Shiki Ryoho .\" class=\"wp-image-604 size-full\" srcset=\"https:\/\/reikigreybook.com\/wp-content\/uploads\/2021\/05\/53095747_2757244500967350_7598808714501423104_o-683x1024.jpg 683w, https:\/\/reikigreybook.com\/wp-content\/uploads\/2021\/05\/53095747_2757244500967350_7598808714501423104_o-600x900.jpg 600w, https:\/\/reikigreybook.com\/wp-content\/uploads\/2021\/05\/53095747_2757244500967350_7598808714501423104_o-200x300.jpg 200w, https:\/\/reikigreybook.com\/wp-content\/uploads\/2021\/05\/53095747_2757244500967350_7598808714501423104_o-768x1152.jpg 768w, https:\/\/reikigreybook.com\/wp-content\/uploads\/2021\/05\/53095747_2757244500967350_7598808714501423104_o-1024x1536.jpg 1024w, https:\/\/reikigreybook.com\/wp-content\/uploads\/2021\/05\/53095747_2757244500967350_7598808714501423104_o.jpg 1260w\" sizes=\"(max-width: 683px) 100vw, 683px\" \/><\/figure><\/div>\n\n\n\n<div style=\"height:35px\" aria-hidden=\"true\" class=\"wp-block-spacer\"><\/div>\n\n\n\n<hr class=\"wp-block-separator has-text-color has-black-color has-css-opacity has-black-background-color has-background is-style-wide\"\/>\n\n\n\n<div class=\"wp-block-group has-white-background-color has-background\"><div class=\"wp-block-group__inner-container is-layout-flow wp-block-group-is-layout-flow\">\n<div class=\"wp-block-group\"><div class=\"wp-block-group__inner-container is-layout-flow wp-block-group-is-layout-flow\">\n<p>Reiki: <em>El Libro Gris<\/em> es una colaboraci\u00f3n entre el Patrimonio de Phyllis Lei Furumoto, la <a rel=\"noreferrer noopener\" href=\"https:\/\/www.usuishikiryohoreiki.com\/\" data-type=\"URL\" data-id=\"https:\/\/www.usuishikiryohoreiki.com\/\" target=\"_blank\">Oficina del Gran Maestro<\/a> y <a rel=\"noreferrer noopener\" href=\"https:\/\/reikicentersofamerica.org\/\" data-type=\"URL\" data-id=\"https:\/\/reikicentersofamerica.org\/\" target=\"_blank\">Reiki Centers of America.<\/a><\/p>\n<\/div><\/div>\n\n\n\n<div style=\"height:10px\" aria-hidden=\"true\" class=\"wp-block-spacer\"><\/div>\n\n\n\n<p>&gt; <a href=\"https:\/\/reikigreybook.com\/es\/about-us\/the-grey-book-team\/\" data-type=\"URL\" data-id=\"https:\/\/reikigreybook.com\/en\/about-us\/the-grey-book-team\/\">Conoce al equipo del Libro Gris<\/a><br>&gt; <a href=\"https:\/\/reikigreybook.com\/es\/about-us\/our-translators\/\" data-type=\"page\" data-id=\"694\">Conoce a los traductores<\/a><br>&gt; <a href=\"https:\/\/reikigreybook.com\/es\/about-us\/inviting-generosity\/\" data-type=\"page\" data-id=\"338\">Ay\u00fadanos a compartir este proyecto<\/a> <\/p>\n<\/div><\/div>\n\n\n\n<hr class=\"wp-block-separator has-text-color has-black-color has-css-opacity has-black-background-color has-background is-style-wide\"\/>\n\n\n\n<div style=\"height:35px\" aria-hidden=\"true\" class=\"wp-block-spacer\"><\/div>\n\n\n\n<div style=\"height:40px\" aria-hidden=\"true\" class=\"wp-block-spacer\"><\/div>\n\n\n\n<div class=\"wp-block-group\"><div class=\"wp-block-group__inner-container is-layout-flow wp-block-group-is-layout-flow\">\n<div class=\"wp-block-group has-background\" style=\"background-color:#e4e4e4\"><div class=\"wp-block-group__inner-container is-layout-flow wp-block-group-is-layout-flow\">\n<div class=\"wp-block-media-text alignwide is-stacked-on-mobile\" style=\"grid-template-columns:32% auto\"><figure class=\"wp-block-media-text__media\"><img decoding=\"async\" width=\"500\" height=\"500\" src=\"https:\/\/reikigreybook.com\/wp-content\/uploads\/2021\/06\/logo-of-office-of-the-grand-master-Usui-shiki-ryoho-sq.jpg\" alt=\"\" class=\"wp-image-2191 size-full\" srcset=\"https:\/\/reikigreybook.com\/wp-content\/uploads\/2021\/06\/logo-of-office-of-the-grand-master-Usui-shiki-ryoho-sq.jpg 500w, https:\/\/reikigreybook.com\/wp-content\/uploads\/2021\/06\/logo-of-office-of-the-grand-master-Usui-shiki-ryoho-sq-300x300.jpg 300w, https:\/\/reikigreybook.com\/wp-content\/uploads\/2021\/06\/logo-of-office-of-the-grand-master-Usui-shiki-ryoho-sq-100x100.jpg 100w, https:\/\/reikigreybook.com\/wp-content\/uploads\/2021\/06\/logo-of-office-of-the-grand-master-Usui-shiki-ryoho-sq-150x150.jpg 150w, https:\/\/reikigreybook.com\/wp-content\/uploads\/2021\/06\/logo-of-office-of-the-grand-master-Usui-shiki-ryoho-sq-50x50.jpg 50w, https:\/\/reikigreybook.com\/wp-content\/uploads\/2021\/06\/logo-of-office-of-the-grand-master-Usui-shiki-ryoho-sq-60x60.jpg 60w, https:\/\/reikigreybook.com\/wp-content\/uploads\/2021\/06\/logo-of-office-of-the-grand-master-Usui-shiki-ryoho-sq-90x90.jpg 90w\" sizes=\"(max-width: 500px) 100vw, 500px\" \/><\/figure><div class=\"wp-block-media-text__content\">\n<p><strong>Oficina del Gran Maestro<\/strong><br>(<a rel=\"noreferrer noopener\" href=\"https:\/\/www.usuishikiryohoreiki.com\/\" data-type=\"URL\" data-id=\"https:\/\/www.usuishikiryohoreiki.com\/\" target=\"_blank\">https:\/\/www.usuishikiryohoreiki.com\/<\/a>)<\/p>\n\n\n\n<p class=\"has-black-color has-text-color\">La Oficina del Gran Maestro (OGM), fue fundada por Phyllis Furumoto y Paul Mitchell en 1993 para compartir su rol y responsabilidad de Gran Maestro. Phyllis Furumoto, Portadora del Linaje y Paul Mitchell, Decano de Disciplina trabajaron juntos hasta la muerte de Phyllis en 2019. La Oficina del Gran Maestro de hoy, dirigida por Johannes Reindl, sucesor reconocido de Phyllis Furumoto, Paul Mitchell y Joyce Winough se dedican a preservar la pr\u00e1ctica de Usui Shiki Ryoho para las generaciones futuras, transmitida a trav\u00e9s del linaje espiritual de Mikao Usui, Chujiro Hayashi. , Hawayo Takata, Phyllis Furumoto y Johannes Reindl. Su b\u00fasqueda continua sobre el don y la pr\u00e1ctica de Reiki est\u00e1 disponible para la comunidad mundial a trav\u00e9s de talleres, retiros, intensivos de maestr\u00eda y ofertas en l\u00ednea.<\/p>\n<\/div><\/div>\n<\/div><\/div>\n\n\n\n<div style=\"height:34px\" aria-hidden=\"true\" class=\"wp-block-spacer\"><\/div>\n<\/div><\/div>\n\n\n\n<div class=\"wp-block-group\"><div class=\"wp-block-group__inner-container is-layout-flow wp-block-group-is-layout-flow\">\n<div class=\"wp-block-group has-background\" style=\"background-color:#e4e4e4\"><div class=\"wp-block-group__inner-container is-layout-flow wp-block-group-is-layout-flow\">\n<div class=\"wp-block-media-text alignwide is-stacked-on-mobile is-vertically-aligned-center\" style=\"grid-template-columns:31% auto\"><figure class=\"wp-block-media-text__media\"><img decoding=\"async\" width=\"600\" height=\"600\" src=\"https:\/\/reikigreybook.com\/wp-content\/uploads\/2021\/05\/RCA-_logo_toned-down.jpg\" alt=\"Logo de Reiki Centers of America, una organizaci\u00f3n sin fines de lucro dedicada a ayudar a los practicantes de Reiki y los centros de Reiki en las Am\u00e9ricas.\" class=\"wp-image-559 size-full\" srcset=\"https:\/\/reikigreybook.com\/wp-content\/uploads\/2021\/05\/RCA-_logo_toned-down.jpg 600w, https:\/\/reikigreybook.com\/wp-content\/uploads\/2021\/05\/RCA-_logo_toned-down-300x300.jpg 300w, https:\/\/reikigreybook.com\/wp-content\/uploads\/2021\/05\/RCA-_logo_toned-down-100x100.jpg 100w, https:\/\/reikigreybook.com\/wp-content\/uploads\/2021\/05\/RCA-_logo_toned-down-150x150.jpg 150w, https:\/\/reikigreybook.com\/wp-content\/uploads\/2021\/05\/RCA-_logo_toned-down-50x50.jpg 50w\" sizes=\"(max-width: 600px) 100vw, 600px\" \/><\/figure><div class=\"wp-block-media-text__content\">\n<p><strong>Reiki Centers of America<\/strong><br>(<a href=\"https:\/\/ReikiCentersofAmerica.org\" target=\"_blank\" rel=\"noreferrer noopener\">https:\/\/ReikiCentersofAmerica.org<\/a>)<\/p>\n\n\n\n<p class=\"has-black-color has-text-color\">Reiki Centers of America permite a los practicantes de Reiki y a los Maestros de Reiki abrir Centros de Reiki exitosos y fomentar el crecimiento pr\u00f3spero de comunidades de Reiki, al poner a su disposici\u00f3n instrucciones, t\u00e9cnicas y materiales aut\u00e9nticos sobre Reiki y sus primeros Maestros, as\u00ed como organizar viajes de peregrinaci\u00f3n a Jap\u00f3n para que todos los estudiantes puedan conectar con las ra\u00edces del Reiki. Reiki Centers of America es una organizaci\u00f3n sin fines de lucro 501 (c) (3) con sede en la ciudad de Nueva York.<\/p>\n<\/div><\/div>\n<\/div><\/div>\n<\/div><\/div>\n\n\n\n<div style=\"height:46px\" aria-hidden=\"true\" class=\"wp-block-spacer\"><\/div>\n\n\n\n<div style=\"height:100px\" aria-hidden=\"true\" class=\"wp-block-spacer\"><\/div>\n","protected":false},"excerpt":{"rendered":"<p>Reiki: El Libro Gris es una colaboraci\u00f3n entre el Patrimonio de Phyllis Lei Furumoto, la Oficina del Gran Maestro y Reiki Centers of America. &gt; Conoce al equipo del Libro Gris&gt; Conoce a los traductores&gt; Ay\u00fadanos a compartir este proyecto Oficina del Gran Maestro(https:\/\/www.usuishikiryohoreiki.com\/) La Oficina del Gran Maestro (OGM), fue fundada por Phyllis Furumoto [&hellip;]<\/p>\n","protected":false},"author":1,"featured_media":0,"parent":0,"menu_order":0,"comment_status":"closed","ping_status":"closed","template":"","meta":{"footnotes":""},"class_list":["post-3638","page","type-page","status-publish","hentry"],"_links":{"self":[{"href":"https:\/\/reikigreybook.com\/es\/wp-json\/wp\/v2\/pages\/3638","targetHints":{"allow":["GET"]}}],"collection":[{"href":"https:\/\/reikigreybook.com\/es\/wp-json\/wp\/v2\/pages"}],"about":[{"href":"https:\/\/reikigreybook.com\/es\/wp-json\/wp\/v2\/types\/page"}],"author":[{"embeddable":true,"href":"https:\/\/reikigreybook.com\/es\/wp-json\/wp\/v2\/users\/1"}],"replies":[{"embeddable":true,"href":"https:\/\/reikigreybook.com\/es\/wp-json\/wp\/v2\/comments?post=3638"}],"version-history":[{"count":5,"href":"https:\/\/reikigreybook.com\/es\/wp-json\/wp\/v2\/pages\/3638\/revisions"}],"predecessor-version":[{"id":9364,"href":"https:\/\/reikigreybook.com\/es\/wp-json\/wp\/v2\/pages\/3638\/revisions\/9364"}],"wp:attachment":[{"href":"https:\/\/reikigreybook.com\/es\/wp-json\/wp\/v2\/media?parent=3638"}],"curies":[{"name":"wp","href":"https:\/\/api.w.org\/{rel}","templated":true}]}}