{"id":3665,"date":"2021-05-09T04:36:15","date_gmt":"2021-05-09T04:36:15","guid":{"rendered":"https:\/\/reikigreybook.com\/about-us\/inviting-generosity\/"},"modified":"2023-01-24T19:24:26","modified_gmt":"2023-01-24T19:24:26","slug":"inviting-generosity","status":"publish","type":"page","link":"https:\/\/reikigreybook.com\/es\/about-us\/inviting-generosity\/","title":{"rendered":"Invit\u00e1ndo la generosidad"},"content":{"rendered":"\n<figure class=\"wp-block-image size-large is-resized is-style-default\"><img fetchpriority=\"high\" decoding=\"async\" src=\"https:\/\/reikigreybook.com\/wp-content\/uploads\/2021\/05\/inviting-generosity.png\" alt=\"\" class=\"wp-image-566\" width=\"842\" height=\"231\" srcset=\"https:\/\/reikigreybook.com\/wp-content\/uploads\/2021\/05\/inviting-generosity.png 595w, https:\/\/reikigreybook.com\/wp-content\/uploads\/2021\/05\/inviting-generosity-300x82.png 300w\" sizes=\"(max-width: 842px) 100vw, 842px\" \/><\/figure>\n\n\n\n<div class=\"wp-block-group has-black-color has-text-color has-background\" style=\"background-color:#f8f8f8\"><div class=\"wp-block-group__inner-container is-layout-flow wp-block-group-is-layout-flow\">\n<div class=\"wp-block-group\"><div class=\"wp-block-group__inner-container is-layout-flow wp-block-group-is-layout-flow\">\n<p>Alice Takata Furumoto public\u00f3 el Libro Gris en 1982 como un regalo a los Maestros de Reiki que su madre, Hawayo Takata, hab\u00eda iniciado. <a href=\"https:\/\/reikigreybook.com\/es\/about-us\/the-grey-book-team\/\" data-type=\"page\" data-id=\"700\">El equipo del Libro Gris<\/a> quiere continuar este legado de generosidad ofreciendo traducciones del texto original, como un regalo a la comunidad mundial de Reiki.<\/p>\n\n\n\n<p>Phyllis Furumoto se dio cuenta de la necesidad de traducirlo para que los estudiantes de todo el mundo pudieran acceder a Reiki. Ella honr\u00f3 a los traductores e int\u00e9rpretes como \u00ablos filamentos que nos conectan como comunidad internacional\u00bb.<\/p>\n\n\n\n<p>Queremos continuar construyendo estos puentes de comunicaci\u00f3n brindando la traducci\u00f3n del Libro Gris, sin cargo, en este sitio web. Hemos comenzado con ocho idiomas y esperamos incluir todos los idiomas que nos soliciten. En este momento, el costo de cada traducci\u00f3n es de 1000 USD.<\/p>\n\n\n\n<p><a href=\"https:\/\/reikigreybook.com\/es\/contribute\/donacion\/\">Te invitamos a ser parte de este legado de donaciones.<\/a> \u00danete al proyecto Libro Gris haciendo una donaci\u00f3n financiera para hacer m\u00e1s traducciones de este texto. <em><strong>Las primeras 1500 personas que donen $73.00 USD o m\u00e1s, recibir\u00e1n una reproducci\u00f3n original del Libro Gris.<\/strong><\/em><\/p>\n\n\n\n<p>T\u00fa decides cu\u00e1nto quieres dar. Se trata de una participaci\u00f3n y no de una cantidad espec\u00edfica de dinero. Deja que tu coraz\u00f3n te guie. Juntos alimentamos y mantenemos el gesto de generosidad que comenz\u00f3 con el regalo original de Alice.<\/p>\n\n\n\n<p class=\"has-text-align-right has-black-color has-text-color has-background\" style=\"background-color:#f8f8f8\">Con amor, <br>Susan Mitchell y Johannes Reindl<\/p>\n<\/div><\/div>\n<\/div><\/div>\n\n\n\n<div style=\"height:15px\" aria-hidden=\"true\" class=\"wp-block-spacer\"><\/div>\n\n\n\n<div class=\"wp-block-buttons is-horizontal is-content-justification-center is-layout-flex wp-container-core-buttons-is-layout-499968f5 wp-block-buttons-is-layout-flex\">\n<div class=\"wp-block-button has-custom-width wp-block-button__width-25 is-style-fill\"><a class=\"wp-block-button__link has-background wp-element-button\" href=\"https:\/\/reikigreybook.com\/es\/contribute\/donacion\/\" style=\"border-radius:13px;background-color:#316111\" rel=\"https:\/\/reikigreybook.com\/en\/about-us\/donate\/\"><mark style=\"background-color:rgba(0, 0, 0, 0)\" class=\"has-inline-color has-white-color\">DONA<\/mark><\/a><\/div>\n<\/div>\n\n\n\n<div style=\"height:100px\" aria-hidden=\"true\" class=\"wp-block-spacer\"><\/div>\n","protected":false},"excerpt":{"rendered":"<p>Alice Takata Furumoto public\u00f3 el Libro Gris en 1982 como un regalo a los Maestros de Reiki que su madre, Hawayo Takata, hab\u00eda iniciado. El equipo del Libro Gris quiere continuar este legado de generosidad ofreciendo traducciones del texto original, como un regalo a la comunidad mundial de Reiki. Phyllis Furumoto se dio cuenta de [&hellip;]<\/p>\n","protected":false},"author":1,"featured_media":1454,"parent":3638,"menu_order":2,"comment_status":"closed","ping_status":"closed","template":"","meta":{"footnotes":""},"class_list":["post-3665","page","type-page","status-publish","has-post-thumbnail","hentry"],"_links":{"self":[{"href":"https:\/\/reikigreybook.com\/es\/wp-json\/wp\/v2\/pages\/3665","targetHints":{"allow":["GET"]}}],"collection":[{"href":"https:\/\/reikigreybook.com\/es\/wp-json\/wp\/v2\/pages"}],"about":[{"href":"https:\/\/reikigreybook.com\/es\/wp-json\/wp\/v2\/types\/page"}],"author":[{"embeddable":true,"href":"https:\/\/reikigreybook.com\/es\/wp-json\/wp\/v2\/users\/1"}],"replies":[{"embeddable":true,"href":"https:\/\/reikigreybook.com\/es\/wp-json\/wp\/v2\/comments?post=3665"}],"version-history":[{"count":5,"href":"https:\/\/reikigreybook.com\/es\/wp-json\/wp\/v2\/pages\/3665\/revisions"}],"predecessor-version":[{"id":9115,"href":"https:\/\/reikigreybook.com\/es\/wp-json\/wp\/v2\/pages\/3665\/revisions\/9115"}],"up":[{"embeddable":true,"href":"https:\/\/reikigreybook.com\/es\/wp-json\/wp\/v2\/pages\/3638"}],"wp:featuredmedia":[{"embeddable":true,"href":"https:\/\/reikigreybook.com\/es\/wp-json\/wp\/v2\/media\/1454"}],"wp:attachment":[{"href":"https:\/\/reikigreybook.com\/es\/wp-json\/wp\/v2\/media?parent=3665"}],"curies":[{"name":"wp","href":"https:\/\/api.w.org\/{rel}","templated":true}]}}