{"id":4750,"date":"2021-06-15T00:32:01","date_gmt":"2021-06-15T00:32:01","guid":{"rendered":"https:\/\/reikigreybook.com\/shop\/donaciones\/"},"modified":"2024-06-27T13:56:12","modified_gmt":"2024-06-27T13:56:12","slug":"donacion","status":"publish","type":"product","link":"https:\/\/reikigreybook.com\/es\/contribute\/donacion\/","title":{"rendered":"Solicite una copia"},"content":{"rendered":"<p>Las primeras 1500 personas que hagan una donaci\u00f3n de US $73 o m\u00e1s, recibir\u00e1n una r\u00e9plica original del Libro Gris. Esta edici\u00f3n limitada est\u00e1 impresa en el mismo papel y en la misma escala que las 100 copias originales de 1982. Su donativo nos permite distribuir el libro a personas de todo el mundo. El objetivo de nuestro proyecto es apoyarnos unos a otros y hacer que nuestras contribuciones sean igualitarias. <strong>Dependiendo de su pa\u00eds, se le puede pedir que pague una peque\u00f1a suma de IVA en el momento de recibir la copia de su libro.<\/strong><\/p>\n","protected":false},"excerpt":{"rendered":"<p>Por tu donaci\u00f3n de US $73 o m\u00e1s, recibir\u00e1s una r\u00e9plica exacta del <em>Libro Gris<\/em> original, impresa en ingl\u00e9s con la Gu\u00eda de Terapia de Hayashi en japon\u00e9s. La edici\u00f3n original de 1982 se arm\u00f3 de forma aproximada con reproducciones fotogr\u00e1ficas basada en documentos de Takata despu\u00e9s de su muerte. Esta edici\u00f3n limitada de 2022 est\u00e1 impresa en el mismo papel y en la misma escala que las 100 copias originales.<\/p>\n<p>Todas las traducciones del libro completo est\u00e1n disponibles para leer en este sitio web de forma gratuita. La secci\u00f3n en japon\u00e9s del libro tambi\u00e9n ha sido traducida a todos los idiomas que ofrecemos aqu\u00ed.<\/p>\n<p>Dependiendo de su pa\u00eds, es posible que se le pida que pague una peque\u00f1a cantidad de IVA cuando reciba la copia de su libro. Su donativo nos permite distribuir el libro a personas de todo el mundo. Nuestro objetivo para el proyecto es apoyarnos unos a otros y y permita que que nuestras contribuciones sean iguales.<\/p>\n","protected":false},"featured_media":6216,"template":"","meta":[],"product_brand":[],"product_cat":[91],"product_tag":[],"class_list":{"0":"post-4750","1":"product","2":"type-product","3":"status-publish","4":"has-post-thumbnail","6":"product_cat-obtener-una-copia","7":"product_shipping_class-donation-shipping-class-es","9":"first","10":"instock","11":"sold-individually","12":"taxable","13":"purchasable","14":"product-type-donation"},"_links":{"self":[{"href":"https:\/\/reikigreybook.com\/es\/wp-json\/wp\/v2\/product\/4750","targetHints":{"allow":["GET"]}}],"collection":[{"href":"https:\/\/reikigreybook.com\/es\/wp-json\/wp\/v2\/product"}],"about":[{"href":"https:\/\/reikigreybook.com\/es\/wp-json\/wp\/v2\/types\/product"}],"wp:featuredmedia":[{"embeddable":true,"href":"https:\/\/reikigreybook.com\/es\/wp-json\/wp\/v2\/media\/6216"}],"wp:attachment":[{"href":"https:\/\/reikigreybook.com\/es\/wp-json\/wp\/v2\/media?parent=4750"}],"wp:term":[{"taxonomy":"product_brand","embeddable":true,"href":"https:\/\/reikigreybook.com\/es\/wp-json\/wp\/v2\/product_brand?post=4750"},{"taxonomy":"product_cat","embeddable":true,"href":"https:\/\/reikigreybook.com\/es\/wp-json\/wp\/v2\/product_cat?post=4750"},{"taxonomy":"product_tag","embeddable":true,"href":"https:\/\/reikigreybook.com\/es\/wp-json\/wp\/v2\/product_tag?post=4750"}],"curies":[{"name":"wp","href":"https:\/\/api.w.org\/{rel}","templated":true}]}}