{"id":4553,"date":"2021-05-10T00:36:06","date_gmt":"2021-05-10T00:36:06","guid":{"rendered":"https:\/\/reikigreybook.com\/home\/"},"modified":"2022-05-13T22:03:46","modified_gmt":"2022-05-13T22:03:46","slug":"home","status":"publish","type":"page","link":"https:\/\/reikigreybook.com\/fr\/","title":{"rendered":"Accueil"},"content":{"rendered":"\n<div class=\"wp-block-media-text alignwide has-media-on-the-right is-stacked-on-mobile is-vertically-aligned-center\" style=\"grid-template-columns:auto 51%\"><figure class=\"wp-block-media-text__media\"><img fetchpriority=\"high\" decoding=\"async\" width=\"675\" height=\"940\" src=\"https:\/\/reikigreybook.com\/wp-content\/uploads\/2022\/05\/Inviting-Generosity-vertical.jpg\" alt=\"\" class=\"wp-image-6072 size-full\" srcset=\"https:\/\/reikigreybook.com\/wp-content\/uploads\/2022\/05\/Inviting-Generosity-vertical.jpg 675w, https:\/\/reikigreybook.com\/wp-content\/uploads\/2022\/05\/Inviting-Generosity-vertical-600x836.jpg 600w, https:\/\/reikigreybook.com\/wp-content\/uploads\/2022\/05\/Inviting-Generosity-vertical-215x300.jpg 215w\" sizes=\"(max-width: 675px) 100vw, 675px\" \/><\/figure><div class=\"wp-block-media-text__content\">\n<h3 class=\"wp-block-heading\"><a href=\"https:\/\/reikigreybook.com\/fr\/about-us\/inviting-generosity\/\">APPEL \u00c0 LA G\u00c9N\u00c9ROSIT\u00c9<\/a><br><strong><em>Reiki : Le Livre Gris<\/em><\/strong><\/h3>\n\n\n\n<hr class=\"wp-block-separator has-text-color has-background has-black-background-color has-black-color is-style-wide\"\/>\n\n\n\n<p><\/p>\n\n\n\n<p>Alice Takata Furumoto a publi\u00e9 le <em>Grey Book<\/em>en 1982 comme cadeau aux ma\u00eetres Reiki que sa m\u00e8re, Hawayo Takata, avait initi\u00e9s. <a href=\"https:\/\/reikigreybook.com\/fr\/about-us\/the-grey-book-team\/\">L&rsquo;\u00e9quipe du Grey Book<\/a> souhaite poursuivre cet h\u00e9ritage de g\u00e9n\u00e9rosit\u00e9 en proposant des traductions du texte original comme un cadeau \u00e0 la communaut\u00e9 Reiki du monde entier.<\/p>\n\n\n\n<p><a href=\"https:\/\/reikigreybook.com\/fr\/contribute\/don\/\"><\/a><a href=\"https:\/\/reikigreybook.com\/fr\/contribute\/don\/\">Nous vous invitons \u00e0 faire partie de cet h\u00e9ritage de dons.<\/a> Rejoignez le projet du <em>Livre Gris<\/em> en faisant un don pour la traduction de ce texte.<\/p>\n\n\n\n<p><\/p>\n\n\n\n<div class=\"wp-block-buttons is-layout-flex wp-block-buttons-is-layout-flex\">\n<div class=\"wp-block-button has-custom-width wp-block-button__width-100 is-style-outline is-style-outline--1\"><a class=\"wp-block-button__link has-vivid-red-color has-white-background-color has-text-color has-background\" href=\"https:\/\/reikigreybook.com\/fr\/contribute\/don\/\" style=\"border-radius:13px\">Faire le don pour la traduction<\/a><\/div>\n<\/div>\n\n\n\n<p><\/p>\n<\/div><\/div>\n\n\n\n<div style=\"height:50px\" aria-hidden=\"true\" class=\"wp-block-spacer\"><\/div>\n\n\n\n<div class=\"wp-block-media-text alignwide is-stacked-on-mobile is-vertically-aligned-center\" style=\"grid-template-columns:51% auto\"><figure class=\"wp-block-media-text__media\"><img decoding=\"async\" width=\"716\" height=\"904\" src=\"https:\/\/reikigreybook.com\/wp-content\/uploads\/2022\/05\/The-Grey-Book-Cover-only-med.jpg\" alt=\"Photo de couverture de la r\u00e9impression de l'\u00e9dition limit\u00e9e 2022 de Reiki : Le Livre Gris\" class=\"wp-image-6290 size-full\" srcset=\"https:\/\/reikigreybook.com\/wp-content\/uploads\/2022\/05\/The-Grey-Book-Cover-only-med.jpg 716w, https:\/\/reikigreybook.com\/wp-content\/uploads\/2022\/05\/The-Grey-Book-Cover-only-med-600x758.jpg 600w, https:\/\/reikigreybook.com\/wp-content\/uploads\/2022\/05\/The-Grey-Book-Cover-only-med-238x300.jpg 238w\" sizes=\"(max-width: 716px) 100vw, 716px\" \/><\/figure><div class=\"wp-block-media-text__content\">\n<h3 class=\"wp-block-heading\"><br><a href=\"https:\/\/reikigreybook.com\/fr\/le-livre-gris\/\">LIRE LE LIVRE ENTIER<br><\/a><strong><em>Reiki: Le Livre Gris<\/em><\/strong><\/h3>\n\n\n\n<hr class=\"wp-block-separator has-text-color has-background has-black-background-color has-black-color is-style-wide\"\/>\n\n\n\n<div style=\"height:20px\" aria-hidden=\"true\" class=\"wp-block-spacer\"><\/div>\n\n\n\n<h6 class=\"wp-block-heading\">Vous trouverez ci-dessous les sept sections de l&rsquo;ouvrage original de 1982<em>Reiki<\/em>. <\/h6>\n\n\n\n<p>> <a href=\"https:\/\/reikigreybook.com\/fr\/le-livre-gris\/takatas-diary-entries\/\">Les extraits du journal de Takata<\/a><\/p>\n\n\n\n<p>> <a href=\"https:\/\/reikigreybook.com\/fr\/le-livre-gris\/therapy-guide\/\">Guide de soins th\u00e9rapeutiques<\/a><\/p>\n\n\n\n<p>> <a href=\"https:\/\/reikigreybook.com\/fr\/le-livre-gris\/the-art-of-healing\/\">L&rsquo;art de soigner<\/a><\/p>\n\n\n\n<p>> <a href=\"https:\/\/reikigreybook.com\/fr\/le-livre-gris\/photos\/\">Les photographies<\/a><\/p>\n\n\n\n<p>> <a href=\"https:\/\/reikigreybook.com\/fr\/le-livre-gris\/takatas-master-certificate\/\">Le certificat de ma\u00eetrise de Takata<\/a><\/p>\n\n\n\n<p>> <a href=\"https:\/\/reikigreybook.com\/fr\/le-livre-gris\/master-students\/\">\u00c9tudiants en ma\u00eetrise<\/a><\/p>\n\n\n\n<p>> <a href=\"https:\/\/reikigreybook.com\/fr\/le-livre-gris\/dedication-page\/\">La page de d\u00e9dicace<\/a><\/p>\n<\/div><\/div>\n\n\n\n<div style=\"height:50px\" aria-hidden=\"true\" class=\"wp-block-spacer\"><\/div>\n\n\n\n<div style=\"height:20px\" aria-hidden=\"true\" class=\"wp-block-spacer\"><\/div>\n\n\n\n<div class=\"wp-block-cover alignwide is-light has-custom-content-position is-position-bottom-center is-position-center-center\" style=\"min-height:97px;aspect-ratio:unset;\"><span aria-hidden=\"true\" class=\"has-white-background-color has-background-dim-20 wp-block-cover__gradient-background has-background-dim\"><\/span><img decoding=\"async\" width=\"642\" height=\"349\" class=\"wp-block-cover__image-background wp-image-1635\" alt=\"\" src=\"https:\/\/reikigreybook.com\/wp-content\/uploads\/2021\/05\/snowy-kurama-gate.png\" style=\"object-position:57% 0%\" data-object-fit=\"cover\" data-object-position=\"57% 0%\" srcset=\"https:\/\/reikigreybook.com\/wp-content\/uploads\/2021\/05\/snowy-kurama-gate.png 642w, https:\/\/reikigreybook.com\/wp-content\/uploads\/2021\/05\/snowy-kurama-gate-600x326.png 600w, https:\/\/reikigreybook.com\/wp-content\/uploads\/2021\/05\/snowy-kurama-gate-300x163.png 300w\" sizes=\"(max-width: 642px) 100vw, 642px\" \/><div class=\"wp-block-cover__inner-container is-layout-flow wp-block-cover-is-layout-flow\">\n<p class=\"has-text-align-center has-large-font-size\" style=\"line-height:1.1\"><strong>Les perspectives historiques<\/strong><\/p>\n<\/div><\/div>\n\n\n\n<div class=\"wp-block-group has-black-color has-text-color has-background\" style=\"background-color:#faf8ed\"><div class=\"wp-block-group__inner-container is-layout-flow wp-block-group-is-layout-flow\">\n<p><a href=\"https:\/\/reikigreybook.com\/fr\/resources\/une-force-puissante\/\">Une force puissante<\/a> &#8211; Brian Brunius parle de ce qui l&rsquo;a pouss\u00e9 \u00e0 r\u00e9\u00e9diter l&rsquo;ouvrage <em>Reiki : Le livre Gris <\/em> et l&rsquo;a mis en ligne pour que le monde entier puisse le voir.<\/p>\n\n\n\n<p><a href=\"https:\/\/reikigreybook.com\/fr\/resources\/le-livre-gris-et-lhistoire-du-reiki\/\">Le \u00ab\u00a0Livre Gris\u00a0\u00bb et l&rsquo;Histoire du Reiki<\/a> &#8211; Lisez la perspective historique du Dr Justin Stein sur <em>le Reiki : Le Livre Gris.<\/em> D\u00e9couvrez les circonstances autour de sa cr\u00e9ation et les ma\u00eetres qui l&rsquo;ont re\u00e7u en premier.<\/p>\n\n\n\n<p><a href=\"https:\/\/reikigreybook.com\/fr\/resources\/une-petite-histoire-sur-le-livre-gris\/\">Une petite histoire sur le Livre Gris<\/a> &#8211; Paul Mitchell parle de ses paiements pour la formation de Ma\u00eetre, et comment, \u00e0 son insu, ils ont financ\u00e9 l&rsquo;impression originale de <em>Reiki : le Livre Gris.<\/em> <\/p>\n\n\n\n<p><a href=\"https:\/\/reikigreybook.com\/fr\/resources\/le-mystere-de-la-lignee-spirituelle\/\">Le myst\u00e8re de la Lign\u00e9e Spirituelle<\/a> &#8211; Joyce Winough parle de la transmission de la lign\u00e9e spirituelle d&rsquo;une g\u00e9n\u00e9ration \u00e0 l&rsquo;autre, et du r\u00f4le important d&rsquo;Alice Takata Furumoto dans la transmission de la lign\u00e9e de Hawayo Takata \u00e0 sa petite-fille, Phyllis Lei Furumoto.<\/p>\n\n\n\n<p><a href=\"https:\/\/reikigreybook.com\/fr\/resources\/vivre-dans-linconnu\/\">Vivre dans l&rsquo;inconnu<\/a> &#8211; Susan Mitchell parle de Johannes Reindl et des quatre mots qui ont chang\u00e9 sa vie. D\u00e9couvrez le processus de succession et voyez comment la filiation vit et respire dans cette tradition. <\/p>\n<\/div><\/div>\n\n\n\n<div class=\"wp-block-cover alignwide is-light has-custom-content-position is-position-bottom-center is-position-center-center\" style=\"min-height:97px;aspect-ratio:unset;\"><span aria-hidden=\"true\" class=\"has-white-background-color has-background-dim-20 wp-block-cover__gradient-background has-background-dim\"><\/span><img loading=\"lazy\" decoding=\"async\" width=\"642\" height=\"349\" class=\"wp-block-cover__image-background wp-image-1635\" alt=\"\" src=\"https:\/\/reikigreybook.com\/wp-content\/uploads\/2021\/05\/snowy-kurama-gate.png\" style=\"object-position:51% 100%\" data-object-fit=\"cover\" data-object-position=\"51% 100%\" srcset=\"https:\/\/reikigreybook.com\/wp-content\/uploads\/2021\/05\/snowy-kurama-gate.png 642w, https:\/\/reikigreybook.com\/wp-content\/uploads\/2021\/05\/snowy-kurama-gate-600x326.png 600w, https:\/\/reikigreybook.com\/wp-content\/uploads\/2021\/05\/snowy-kurama-gate-300x163.png 300w\" sizes=\"(max-width: 642px) 100vw, 642px\" \/><div class=\"wp-block-cover__inner-container is-layout-flow wp-block-cover-is-layout-flow\">\n<p class=\"has-text-align-center has-large-font-size\" style=\"line-height:1.1\"><\/p>\n<\/div><\/div>\n\n\n\n<div style=\"height:100px\" aria-hidden=\"true\" class=\"wp-block-spacer\"><\/div>\n","protected":false},"excerpt":{"rendered":"<p>Une force puissante &#8211; Brian Brunius parle de ce qui l&rsquo;a pouss\u00e9 \u00e0 r\u00e9\u00e9diter l&rsquo;ouvrage Reiki : Le livre Gris et l&rsquo;a mis en ligne pour que le monde entier puisse le voir. Le \u00ab\u00a0Livre Gris\u00a0\u00bb et l&rsquo;Histoire du Reiki &#8211; Lisez la perspective historique du Dr Justin Stein sur le Reiki : Le Livre [&hellip;]<\/p>\n","protected":false},"author":1,"featured_media":0,"parent":0,"menu_order":0,"comment_status":"closed","ping_status":"closed","template":"","meta":{"footnotes":""},"class_list":["post-4553","page","type-page","status-publish","hentry"],"_links":{"self":[{"href":"https:\/\/reikigreybook.com\/fr\/wp-json\/wp\/v2\/pages\/4553","targetHints":{"allow":["GET"]}}],"collection":[{"href":"https:\/\/reikigreybook.com\/fr\/wp-json\/wp\/v2\/pages"}],"about":[{"href":"https:\/\/reikigreybook.com\/fr\/wp-json\/wp\/v2\/types\/page"}],"author":[{"embeddable":true,"href":"https:\/\/reikigreybook.com\/fr\/wp-json\/wp\/v2\/users\/1"}],"replies":[{"embeddable":true,"href":"https:\/\/reikigreybook.com\/fr\/wp-json\/wp\/v2\/comments?post=4553"}],"version-history":[{"count":4,"href":"https:\/\/reikigreybook.com\/fr\/wp-json\/wp\/v2\/pages\/4553\/revisions"}],"predecessor-version":[{"id":7167,"href":"https:\/\/reikigreybook.com\/fr\/wp-json\/wp\/v2\/pages\/4553\/revisions\/7167"}],"wp:attachment":[{"href":"https:\/\/reikigreybook.com\/fr\/wp-json\/wp\/v2\/media?parent=4553"}],"curies":[{"name":"wp","href":"https:\/\/api.w.org\/{rel}","templated":true}]}}