{"id":4558,"date":"2021-05-09T02:56:21","date_gmt":"2021-05-09T02:56:21","guid":{"rendered":"https:\/\/reikigreybook.com\/resources\/"},"modified":"2023-03-12T15:02:11","modified_gmt":"2023-03-12T15:02:11","slug":"resources","status":"publish","type":"page","link":"https:\/\/reikigreybook.com\/fr\/resources\/","title":{"rendered":"Ressources"},"content":{"rendered":"\n<p>Les membres de <a href=\"https:\/\/reikigreybook.com\/fr\/about-us\/the-grey-book-team\/\">l&rsquo;\u00e9quipe du Livre Gris<\/a> ont \u00e9crit quelques essais pour servir de ressource pour comprendre et contextualiser le contenu de <em>Reiki : Le Livre Gris<\/em> sur ce site Web. Lorsqu&rsquo;on les consid\u00e8re ind\u00e9pendamment du volume original, imprim\u00e9 sous forme de livre en 1982, il est facile pour les documents de la section <a href=\"https:\/\/reikigreybook.com\/fr\/le-livre-gris\/\" data-type=\"page\" data-id=\"323\">Le Livre Gris<\/a> de ce site web d&rsquo;appara\u00eetre comme des documents historiques s\u00e9par\u00e9s et sans lien entre eux. Notre souhait est de pr\u00e9server le contexte original du volume imprim\u00e9. <\/p>\n\n\n\n<div style=\"height:20px\" aria-hidden=\"true\" class=\"wp-block-spacer\"><\/div>\n\n\n\n<div class=\"wp-block-cover alignwide is-light has-custom-content-position is-position-bottom-center is-position-center-center\" style=\"min-height:97px;aspect-ratio:unset;\"><span aria-hidden=\"true\" class=\"wp-block-cover__background has-white-background-color has-background-dim-20 has-background-dim\"><\/span><img fetchpriority=\"high\" decoding=\"async\" width=\"642\" height=\"349\" class=\"wp-block-cover__image-background wp-image-731\" alt=\"\" src=\"https:\/\/reikigreybook.com\/wp-content\/uploads\/2021\/05\/snowy-kurama-gate.png\" style=\"object-position:57% 0%\" data-object-fit=\"cover\" data-object-position=\"57% 0%\" srcset=\"https:\/\/reikigreybook.com\/wp-content\/uploads\/2021\/05\/snowy-kurama-gate.png 642w, https:\/\/reikigreybook.com\/wp-content\/uploads\/2021\/05\/snowy-kurama-gate-600x326.png 600w, https:\/\/reikigreybook.com\/wp-content\/uploads\/2021\/05\/snowy-kurama-gate-300x163.png 300w\" sizes=\"(max-width: 642px) 100vw, 642px\" \/><div class=\"wp-block-cover__inner-container is-layout-flow wp-block-cover-is-layout-flow\">\n<p class=\"has-text-align-center has-large-font-size\" style=\"line-height:1.1\"><strong>Les perspectives historiques<\/strong><\/p>\n<\/div><\/div>\n\n\n\n<div class=\"wp-block-group has-black-color has-text-color has-background\" style=\"background-color:#faf8ed\"><div class=\"wp-block-group__inner-container is-layout-flow wp-block-group-is-layout-flow\">\n<p><a href=\"https:\/\/reikigreybook.com\/fr\/resources\/une-force-puissante\/\" data-type=\"page\" data-id=\"352\">Une force puissante<\/a> &#8211; Brian Brunius parle de ce qui l&rsquo;a pouss\u00e9 \u00e0 r\u00e9\u00e9diter l&rsquo;ouvrage <em>Reiki : Le livre Gris <\/em> et l&rsquo;a mis en ligne pour que le monde entier puisse le voir.<\/p>\n\n\n\n<p><a href=\"https:\/\/reikigreybook.com\/fr\/resources\/le-livre-gris-et-lhistoire-du-reiki\/\" data-type=\"page\" data-id=\"301\">Le \u00ab\u00a0Livre Gris\u00a0\u00bb et l&rsquo;Histoire du Reiki<\/a> &#8211; Lisez la perspective historique du Dr Justin Stein sur <em>le Reiki : Le Livre Gris.<\/em> D\u00e9couvrez les circonstances autour de sa cr\u00e9ation et les ma\u00eetres qui l&rsquo;ont re\u00e7u en premier.<\/p>\n\n\n\n<p><a href=\"https:\/\/reikigreybook.com\/fr\/resources\/une-petite-histoire-sur-le-livre-gris-2\/\" data-type=\"page\" data-id=\"740\">Une petite histoire sur le Livre Gris<\/a> &#8211; Paul Mitchell parle de ses paiements pour la formation de Ma\u00eetre, et comment, \u00e0 son insu, ils ont financ\u00e9 l&rsquo;impression originale de <em>Reiki : le Livre Gris.<\/em> <\/p>\n\n\n\n<p><a href=\"https:\/\/reikigreybook.com\/fr\/resources\/le-mystere-de-la-lignee-spirituelle\/\" data-type=\"URL\" data-id=\"https:\/\/reikigreybook.com\/en\/resources\/the-mystery-of-spiritual-lineage\/\">Le myst\u00e8re de la Lign\u00e9e Spirituelle<\/a> &#8211; Joyce Winough parle de la transmission de la lign\u00e9e spirituelle d&rsquo;une g\u00e9n\u00e9ration \u00e0 l&rsquo;autre, et du r\u00f4le important d&rsquo;Alice Takata Furumoto dans la transmission de la lign\u00e9e de Hawayo Takata \u00e0 sa petite-fille, Phyllis Lei Furumoto.<\/p>\n\n\n\n<p><a href=\"https:\/\/reikigreybook.com\/fr\/resources\/vivre-dans-linconnu\/\" data-type=\"page\" data-id=\"345\">Vivre dans l&rsquo;inconnu<\/a> &#8211; Susan Mitchell parle de Johannes Reindl et des quatre mots qui ont chang\u00e9 sa vie. D\u00e9couvrez le processus de succession et voyez comment le lignage vit et respire dans cette tradition.<\/p>\n<\/div><\/div>\n\n\n\n<div class=\"wp-block-cover alignwide is-light has-custom-content-position is-position-bottom-center is-position-center-center\" style=\"min-height:97px;aspect-ratio:unset;\"><span aria-hidden=\"true\" class=\"wp-block-cover__background has-white-background-color has-background-dim-20 has-background-dim\"><\/span><img decoding=\"async\" width=\"642\" height=\"349\" class=\"wp-block-cover__image-background wp-image-731\" alt=\"\" src=\"https:\/\/reikigreybook.com\/wp-content\/uploads\/2021\/05\/snowy-kurama-gate.png\" style=\"object-position:51% 100%\" data-object-fit=\"cover\" data-object-position=\"51% 100%\" srcset=\"https:\/\/reikigreybook.com\/wp-content\/uploads\/2021\/05\/snowy-kurama-gate.png 642w, https:\/\/reikigreybook.com\/wp-content\/uploads\/2021\/05\/snowy-kurama-gate-600x326.png 600w, https:\/\/reikigreybook.com\/wp-content\/uploads\/2021\/05\/snowy-kurama-gate-300x163.png 300w\" sizes=\"(max-width: 642px) 100vw, 642px\" \/><div class=\"wp-block-cover__inner-container is-layout-flow wp-block-cover-is-layout-flow\">\n<p class=\"has-text-align-center has-large-font-size\" style=\"line-height:1.1\"><\/p>\n<\/div><\/div>\n\n\n\n<div style=\"height:100px\" aria-hidden=\"true\" class=\"wp-block-spacer\"><\/div>\n","protected":false},"excerpt":{"rendered":"<p>Les membres de l&rsquo;\u00e9quipe du Livre Gris ont \u00e9crit quelques essais pour servir de ressource pour comprendre et contextualiser le contenu de Reiki : Le Livre Gris sur ce site Web. Lorsqu&rsquo;on les consid\u00e8re ind\u00e9pendamment du volume original, imprim\u00e9 sous forme de livre en 1982, il est facile pour les documents de la section Le [&hellip;]<\/p>\n","protected":false},"author":1,"featured_media":0,"parent":0,"menu_order":0,"comment_status":"closed","ping_status":"closed","template":"","meta":{"footnotes":""},"class_list":["post-4558","page","type-page","status-publish","hentry"],"_links":{"self":[{"href":"https:\/\/reikigreybook.com\/fr\/wp-json\/wp\/v2\/pages\/4558","targetHints":{"allow":["GET"]}}],"collection":[{"href":"https:\/\/reikigreybook.com\/fr\/wp-json\/wp\/v2\/pages"}],"about":[{"href":"https:\/\/reikigreybook.com\/fr\/wp-json\/wp\/v2\/types\/page"}],"author":[{"embeddable":true,"href":"https:\/\/reikigreybook.com\/fr\/wp-json\/wp\/v2\/users\/1"}],"replies":[{"embeddable":true,"href":"https:\/\/reikigreybook.com\/fr\/wp-json\/wp\/v2\/comments?post=4558"}],"version-history":[{"count":5,"href":"https:\/\/reikigreybook.com\/fr\/wp-json\/wp\/v2\/pages\/4558\/revisions"}],"predecessor-version":[{"id":9468,"href":"https:\/\/reikigreybook.com\/fr\/wp-json\/wp\/v2\/pages\/4558\/revisions\/9468"}],"wp:attachment":[{"href":"https:\/\/reikigreybook.com\/fr\/wp-json\/wp\/v2\/media?parent=4558"}],"curies":[{"name":"wp","href":"https:\/\/api.w.org\/{rel}","templated":true}]}}