{"id":4578,"date":"2021-05-09T04:45:15","date_gmt":"2021-05-09T04:45:15","guid":{"rendered":"https:\/\/reikigreybook.com\/about-us\/"},"modified":"2023-03-12T15:06:52","modified_gmt":"2023-03-12T15:06:52","slug":"about-us","status":"publish","type":"page","link":"https:\/\/reikigreybook.com\/fr\/about-us\/","title":{"rendered":"Qui sommes-nous ?"},"content":{"rendered":"\n<div class=\"wp-block-media-text alignwide has-media-on-the-right is-stacked-on-mobile is-image-fill has-black-color has-text-color has-background\" style=\"background-color:#f2eeae;grid-template-columns:auto 46%\"><div class=\"wp-block-media-text__content\">\n<div style=\"height:20px\" aria-hidden=\"true\" class=\"wp-block-spacer\"><\/div>\n\n\n\n<p class=\"has-text-align-justify has-normal-font-size\">Tous ceux qui ont contribu\u00e9 au projet du Livre gris remercient la succession de Phyllis Lei Furumoto de nous avoir donn\u00e9 la permission de r\u00e9imprimer 1 500 exemplaires du livre <em>Reiki<\/em>de 1982, commun\u00e9ment appel\u00e9 \u00ab\u00a0Le Livre Gris\u00a0\u00bb. Ce fut un acte de foi pour nous lorsque nous avons ensuite demand\u00e9 \u00e0 sa Succession la permission de mettre tout le contenu du livre sur un site web dans au moins huit langues. Et pourtant, la permission a elle aussi \u00e9t\u00e9 accord\u00e9e ! <\/p>\n\n\n\n<p class=\"has-text-align-justify has-normal-font-size\">Avec tout l&rsquo;amour que nous avons dans nos c\u0153urs, nous offrons ce livre et ce site web \u00e0 toutes les communaut\u00e9s Reiki, avec l&rsquo;espoir que ce partage de documents historiques \u00e9troitement conserv\u00e9s puisse nous unir dans notre amour du Reiki.<\/p>\n\n\n\n<p class=\"has-text-align-center has-normal-font-size\">A la m\u00e9moire de<br><strong>Phyllis Lei Furumoto<\/strong><br>Nos C\u0153urs ~ Notre Amour ~ Notre Gratitude<\/p>\n\n\n\n<div style=\"height:13px\" aria-hidden=\"true\" class=\"wp-block-spacer\"><\/div>\n\n\n\n<p><\/p>\n<\/div><figure class=\"wp-block-media-text__media\" style=\"background-image:url(https:\/\/reikigreybook.com\/wp-content\/uploads\/2021\/05\/53095747_2757244500967350_7598808714501423104_o-683x1024.jpg);background-position:58% 40%\"><img fetchpriority=\"high\" decoding=\"async\" width=\"683\" height=\"1024\" src=\"https:\/\/reikigreybook.com\/wp-content\/uploads\/2021\/05\/53095747_2757244500967350_7598808714501423104_o-683x1024.jpg\" alt=\"Photo de Phyllis Lei Furumoto, porteuse de la lign\u00e9e du Reiki Usui Shiki Ryoho.\" class=\"wp-image-604 size-full\" srcset=\"https:\/\/reikigreybook.com\/wp-content\/uploads\/2021\/05\/53095747_2757244500967350_7598808714501423104_o-683x1024.jpg 683w, https:\/\/reikigreybook.com\/wp-content\/uploads\/2021\/05\/53095747_2757244500967350_7598808714501423104_o-600x900.jpg 600w, https:\/\/reikigreybook.com\/wp-content\/uploads\/2021\/05\/53095747_2757244500967350_7598808714501423104_o-200x300.jpg 200w, https:\/\/reikigreybook.com\/wp-content\/uploads\/2021\/05\/53095747_2757244500967350_7598808714501423104_o-768x1152.jpg 768w, https:\/\/reikigreybook.com\/wp-content\/uploads\/2021\/05\/53095747_2757244500967350_7598808714501423104_o-1024x1536.jpg 1024w, https:\/\/reikigreybook.com\/wp-content\/uploads\/2021\/05\/53095747_2757244500967350_7598808714501423104_o.jpg 1260w\" sizes=\"(max-width: 683px) 100vw, 683px\" \/><\/figure><\/div>\n\n\n\n<div style=\"height:35px\" aria-hidden=\"true\" class=\"wp-block-spacer\"><\/div>\n\n\n\n<hr class=\"wp-block-separator has-text-color has-black-color has-css-opacity has-black-background-color has-background is-style-wide\"\/>\n\n\n\n<div class=\"wp-block-group has-white-background-color has-background\"><div class=\"wp-block-group__inner-container is-layout-flow wp-block-group-is-layout-flow\">\n<div class=\"wp-block-group\"><div class=\"wp-block-group__inner-container is-layout-flow wp-block-group-is-layout-flow\">\n<p><em>Reiki : Le Livre Gris<\/em> est une collaboration entre la succession de Phyllis Lei Furumoto, <a rel=\"noreferrer noopener\" href=\"https:\/\/www.usuishikiryohoreiki.com\/\" data-type=\"URL\" data-id=\"https:\/\/www.usuishikiryohoreiki.com\/\" target=\"_blank\">le bureau du Grand Ma\u00eetre<\/a> et <a rel=\"noreferrer noopener\" href=\"https:\/\/reikicentersofamerica.org\/\" data-type=\"URL\" data-id=\"https:\/\/reikicentersofamerica.org\/\" target=\"_blank\">les Reiki Centers of America.<\/a><\/p>\n<\/div><\/div>\n\n\n\n<div style=\"height:10px\" aria-hidden=\"true\" class=\"wp-block-spacer\"><\/div>\n\n\n\n<p>&gt; <a href=\"https:\/\/reikigreybook.com\/fr\/about-us\/the-grey-book-team\/\" data-type=\"URL\" data-id=\"https:\/\/reikigreybook.com\/en\/about-us\/the-grey-book-team\/\">Rencontrer l&rsquo;\u00e9quipe du Livre Gris.<\/a><br>&gt; <a href=\"https:\/\/reikigreybook.com\/fr\/about-us\/our-translators\/\" data-type=\"page\" data-id=\"694\">Rencontrer les traducteurs<\/a><br>&gt; <a href=\"https:\/\/reikigreybook.com\/fr\/about-us\/inviting-generosity\/\" data-type=\"page\" data-id=\"338\">Aidez-nous \u00e0 partager ce projet<\/a> <\/p>\n<\/div><\/div>\n\n\n\n<hr class=\"wp-block-separator has-text-color has-black-color has-css-opacity has-black-background-color has-background is-style-wide\"\/>\n\n\n\n<div style=\"height:35px\" aria-hidden=\"true\" class=\"wp-block-spacer\"><\/div>\n\n\n\n<div style=\"height:40px\" aria-hidden=\"true\" class=\"wp-block-spacer\"><\/div>\n\n\n\n<div class=\"wp-block-group\"><div class=\"wp-block-group__inner-container is-layout-flow wp-block-group-is-layout-flow\">\n<div class=\"wp-block-group has-background\" style=\"background-color:#e4e4e4\"><div class=\"wp-block-group__inner-container is-layout-flow wp-block-group-is-layout-flow\">\n<div class=\"wp-block-media-text alignwide is-stacked-on-mobile\" style=\"grid-template-columns:32% auto\"><figure class=\"wp-block-media-text__media\"><img decoding=\"async\" width=\"500\" height=\"500\" src=\"https:\/\/reikigreybook.com\/wp-content\/uploads\/2021\/06\/logo-of-office-of-the-grand-master-Usui-shiki-ryoho-sq.jpg\" alt=\"\" class=\"wp-image-2191 size-full\" srcset=\"https:\/\/reikigreybook.com\/wp-content\/uploads\/2021\/06\/logo-of-office-of-the-grand-master-Usui-shiki-ryoho-sq.jpg 500w, https:\/\/reikigreybook.com\/wp-content\/uploads\/2021\/06\/logo-of-office-of-the-grand-master-Usui-shiki-ryoho-sq-300x300.jpg 300w, https:\/\/reikigreybook.com\/wp-content\/uploads\/2021\/06\/logo-of-office-of-the-grand-master-Usui-shiki-ryoho-sq-100x100.jpg 100w, https:\/\/reikigreybook.com\/wp-content\/uploads\/2021\/06\/logo-of-office-of-the-grand-master-Usui-shiki-ryoho-sq-150x150.jpg 150w, https:\/\/reikigreybook.com\/wp-content\/uploads\/2021\/06\/logo-of-office-of-the-grand-master-Usui-shiki-ryoho-sq-50x50.jpg 50w, https:\/\/reikigreybook.com\/wp-content\/uploads\/2021\/06\/logo-of-office-of-the-grand-master-Usui-shiki-ryoho-sq-60x60.jpg 60w, https:\/\/reikigreybook.com\/wp-content\/uploads\/2021\/06\/logo-of-office-of-the-grand-master-Usui-shiki-ryoho-sq-90x90.jpg 90w\" sizes=\"(max-width: 500px) 100vw, 500px\" \/><\/figure><div class=\"wp-block-media-text__content\">\n<p><strong>Bureau du Grand Ma\u00eetre<\/strong><br>(<a rel=\"noreferrer noopener\" href=\"https:\/\/www.usuishikiryohoreiki.com\/\" data-type=\"URL\" data-id=\"https:\/\/www.usuishikiryohoreiki.com\/\" target=\"_blank\">https:\/\/www.usuishikiryohoreiki.com\/<\/a>)<\/p>\n\n\n\n<p class=\"has-black-color has-text-color\">Le Bureau du Grand Ma\u00eetre (OGM), a \u00e9t\u00e9 fond\u00e9 par Phyllis Furumoto et Paul Mitchell en 1993 pour partager le r\u00f4le et la responsabilit\u00e9 de Grandmaster (Grand Ma\u00eetre). Phyllis Furumoto, porteuse de la lign\u00e9e et Paul Mitchell, responsable de la discipline ont travaill\u00e9 ensemble jusqu&rsquo;au d\u00e9c\u00e8s de Phyllis en 2019. Aujourd&rsquo;hui, le Bureau du Grand Ma\u00eetre, dirig\u00e9 par Johannes Reindl, successeur reconnu de Phyllis Furumoto, Paul Mitchell et Joyce Winough, se consacre \u00e0 pr\u00e9server la pratique du Usui Shiki Ryoho pour les g\u00e9n\u00e9rations futures, telle qu&rsquo;elle a \u00e9t\u00e9 transmise par la lign\u00e9e spirituelle de Mikao Usui, Chujiro Hayashi, Hawayo Takata, Phyllis Furumoto et Johannes Reindl. Leur recherche permanente sur le don et la pratique du Reiki est mise \u00e0 la disposition de la communaut\u00e9 mondiale par le biais d&rsquo;ateliers, de retraites, de stages intensifs et d&rsquo;offres en ligne.<\/p>\n<\/div><\/div>\n<\/div><\/div>\n\n\n\n<div style=\"height:34px\" aria-hidden=\"true\" class=\"wp-block-spacer\"><\/div>\n<\/div><\/div>\n\n\n\n<div class=\"wp-block-group\"><div class=\"wp-block-group__inner-container is-layout-flow wp-block-group-is-layout-flow\">\n<div class=\"wp-block-group has-background\" style=\"background-color:#e4e4e4\"><div class=\"wp-block-group__inner-container is-layout-flow wp-block-group-is-layout-flow\">\n<div class=\"wp-block-media-text alignwide is-stacked-on-mobile is-vertically-aligned-center\" style=\"grid-template-columns:31% auto\"><figure class=\"wp-block-media-text__media\"><img decoding=\"async\" width=\"600\" height=\"600\" src=\"https:\/\/reikigreybook.com\/wp-content\/uploads\/2021\/05\/RCA-_logo_toned-down.jpg\" alt=\"Logo de Reiki Centers of America, une organisation \u00e0 but non lucratif dont la mission est d'aider les praticiens et les centres de Reiki sur le continent am\u00e9ricain.\" class=\"wp-image-559 size-full\" srcset=\"https:\/\/reikigreybook.com\/wp-content\/uploads\/2021\/05\/RCA-_logo_toned-down.jpg 600w, https:\/\/reikigreybook.com\/wp-content\/uploads\/2021\/05\/RCA-_logo_toned-down-300x300.jpg 300w, https:\/\/reikigreybook.com\/wp-content\/uploads\/2021\/05\/RCA-_logo_toned-down-100x100.jpg 100w, https:\/\/reikigreybook.com\/wp-content\/uploads\/2021\/05\/RCA-_logo_toned-down-150x150.jpg 150w, https:\/\/reikigreybook.com\/wp-content\/uploads\/2021\/05\/RCA-_logo_toned-down-50x50.jpg 50w\" sizes=\"(max-width: 600px) 100vw, 600px\" \/><\/figure><div class=\"wp-block-media-text__content\">\n<p><strong>Reiki Centers of America (Centres Reiki d&rsquo;Am\u00e9rique)<\/strong><br>(<a href=\"https:\/\/ReikiCentersofAmerica.org\" target=\"_blank\" rel=\"noreferrer noopener\">https:\/\/ReikiCentersofAmerica.org<\/a>)<\/p>\n\n\n\n<p class=\"has-black-color has-text-color\">Reiki Centers of America permet aux praticiens et aux ma\u00eetres de Reiki d&rsquo;ouvrir des centres de Reiki performants et de d\u00e9velopper des communaut\u00e9s de Reiki dynamiques, en mettant \u00e0 disposition des instructions, des techniques et du mat\u00e9riel authentiques sur le Reiki et ses premiers ma\u00eetres, ainsi qu&rsquo;en organisant des p\u00e8lerinages au Japon pour que tous les \u00e9tudiants puissent se connecter aux racines du Reiki. Reiki Centers of America est une organisation 501(c)(3) \u00e0 but non lucratif bas\u00e9e \u00e0 New York.<\/p>\n<\/div><\/div>\n<\/div><\/div>\n<\/div><\/div>\n\n\n\n<div style=\"height:46px\" aria-hidden=\"true\" class=\"wp-block-spacer\"><\/div>\n\n\n\n<div style=\"height:100px\" aria-hidden=\"true\" class=\"wp-block-spacer\"><\/div>\n","protected":false},"excerpt":{"rendered":"<p>Reiki : Le Livre Gris est une collaboration entre la succession de Phyllis Lei Furumoto, le bureau du Grand Ma\u00eetre et les Reiki Centers of America. &gt; Rencontrer l&rsquo;\u00e9quipe du Livre Gris.&gt; Rencontrer les traducteurs&gt; Aidez-nous \u00e0 partager ce projet Bureau du Grand Ma\u00eetre(https:\/\/www.usuishikiryohoreiki.com\/) Le Bureau du Grand Ma\u00eetre (OGM), a \u00e9t\u00e9 fond\u00e9 par Phyllis [&hellip;]<\/p>\n","protected":false},"author":1,"featured_media":0,"parent":0,"menu_order":0,"comment_status":"closed","ping_status":"closed","template":"","meta":{"footnotes":""},"class_list":["post-4578","page","type-page","status-publish","hentry"],"_links":{"self":[{"href":"https:\/\/reikigreybook.com\/fr\/wp-json\/wp\/v2\/pages\/4578","targetHints":{"allow":["GET"]}}],"collection":[{"href":"https:\/\/reikigreybook.com\/fr\/wp-json\/wp\/v2\/pages"}],"about":[{"href":"https:\/\/reikigreybook.com\/fr\/wp-json\/wp\/v2\/types\/page"}],"author":[{"embeddable":true,"href":"https:\/\/reikigreybook.com\/fr\/wp-json\/wp\/v2\/users\/1"}],"replies":[{"embeddable":true,"href":"https:\/\/reikigreybook.com\/fr\/wp-json\/wp\/v2\/comments?post=4578"}],"version-history":[{"count":5,"href":"https:\/\/reikigreybook.com\/fr\/wp-json\/wp\/v2\/pages\/4578\/revisions"}],"predecessor-version":[{"id":9474,"href":"https:\/\/reikigreybook.com\/fr\/wp-json\/wp\/v2\/pages\/4578\/revisions\/9474"}],"wp:attachment":[{"href":"https:\/\/reikigreybook.com\/fr\/wp-json\/wp\/v2\/media?parent=4578"}],"curies":[{"name":"wp","href":"https:\/\/api.w.org\/{rel}","templated":true}]}}