{"id":4638,"date":"2021-05-09T02:59:04","date_gmt":"2021-05-09T02:59:04","guid":{"rendered":"https:\/\/reikigreybook.com\/the-grey-book\/takatas-diary-entries\/"},"modified":"2023-03-12T14:33:22","modified_gmt":"2023-03-12T14:33:22","slug":"takatas-diary-entries","status":"publish","type":"page","link":"https:\/\/reikigreybook.com\/fr\/le-livre-gris\/takatas-diary-entries\/","title":{"rendered":"Les extraits du journal de Takata"},"content":{"rendered":"\n<figure class=\"wp-block-table is-style-stripes\"><table class=\"has-black-color has-white-background-color has-text-color has-background\"><tbody><tr><td><\/td><td class=\"has-text-align-right\" data-align=\"right\"><a href=\"https:\/\/reikigreybook.com\/fr\/le-livre-gris\/therapy-guide\/\">Section suivante &#8211;&gt;<\/a><\/td><\/tr><\/tbody><\/table><\/figure>\n\n<div style=\"height:25px\" aria-hidden=\"true\" class=\"wp-block-spacer\"><\/div>\n\n<p>Le 10 Dec.1935<\/p>\n\n<p id=\"_up\">La signification de \u00ab\u00a0Leiki\u00a0\u00bb L&rsquo;\u00e9nergie en soi, lorsqu&rsquo;elle est concentr\u00e9e et appliqu\u00e9e au patient, gu\u00e9rit tous les maux. C&rsquo;est le meilleur rem\u00e8de de la nature, qui ne recourt \u00e0 aucun m\u00e9dicament. Il aide \u00e0 tous les \u00e9gards, la vie humaine et animale. Pour se concentrer, il faut purifier ses pens\u00e9es en paroles &amp; en pens\u00e9es &amp; m\u00e9diter pour laisser l'\u00a0\u00bb\u00e9nergie\u00a0\u00bb sortir de l&rsquo;int\u00e9rieur. Il se trouve au fond de votre estomac, \u00e0 environ 2 pouces. en dessous du nombril. Asseyez-vous dans une position confortable, fermez les yeux, concentrez-vous sur vos pens\u00e9es et d\u00e9tendez-vous, joignez vos mains et attendez le signal. Appliquez gentiment les mains en commen\u00e7ant par la main <a href=\"#_1\" data-type=\"interne\" data-id=\"#_1\">[1]<\/a>sup vers le bas.<sup>\u00ab\u00a0code\u00a0\u00bb<\/sup> Le patient qui s&rsquo;appr\u00eate \u00e0 recevoir ce traitement doit purifier ses pens\u00e9es, se sentir \u00e0 l&rsquo;aise et avoir envie de gu\u00e9rir. Il ne faut pas oublier de se montrer reconnaissant. La gratitude est un excellent rem\u00e8de pour l&rsquo;esprit. Dans tous les cas, le patient a pu avoir un diagnostic par simple toucher de la main.<\/p>\n\n<hr class=\"wp-block-separator has-css-opacity is-style-wide\"\/>\n\n<p><\/p>\n\n<p>Le 2 avril 1936<\/p>\n\n<p>Le p\u00e8re \u00e9tait enrhum\u00e9 et fatigu\u00e9. On lui a donn\u00e9 des traitements et il a pu passer l&rsquo;examen le 7 et retourner \u00e0 Kauai le 10<sup>.<\/sup> <sup>\u00ab\u00a0Code\u00a0\u00bb<\/sup> Apr\u00e8s leur avoir dit au revoir, je suis revenue avec Julia chez Mme Hayashi. Ils \u00e9taient si gentils et m&rsquo;ont suppli\u00e9 de rester avec eux, alors \u00e0 partir de cette nuit-l\u00e0, je suis rest\u00e9e chez eux. \u00c7a a d\u00fb \u00eatre mon jour de chance, maintenant que j&rsquo;y pense. J&rsquo;ai acquis tellement de connaissances sur les traitements que je me suis retrouv\u00e9e \u00e0 prendre des patients naturellement. Je suis all\u00e9e soigner les deux filles du Baron Toku pendant 2 jours et elles ont \u00e9t\u00e9 gu\u00e9ries, Mme Harazawa \u00e0 l&rsquo;h\u00f4pital Keio, tous les soirs \u00e0 19h30 &#8211; un traitement pour les suites de son op\u00e9ration &#8211; elle trouve cela tr\u00e8s bon et se remet rapidement. Au cabinet de consultation de la maison, le nombre de patients a commenc\u00e9 \u00e0 augmenter depuis que je suis arriv\u00e9e.<\/p>\n\n<hr class=\"wp-block-separator has-css-opacity is-style-wide\"\/>\n\n<p><\/p>\n\n<p>Mai 1936<br\/><s>Avril 1936<\/s><\/p>\n\n<p>Pour eux, \u00e7a me fait du bien et c&rsquo;est tr\u00e8s encourageant. Le plus satisfaisant est que M. Hayashi a accept\u00e9 de me confier les secrets du Shinpi Den, du Kokiyu-Ho et du Leiji-Ho, le plus grand secret de la science de l&rsquo;\u00e9nergie.<\/p>\n\n<p>Personne ne peut imaginer mon bonheur de penser que j&rsquo;ai l&rsquo;honneur &amp; le respect d&rsquo;\u00eatre trait\u00e9e avec ce cadeau &#8211; un cadeau de toute une vie &amp; j&rsquo;ai promis en mon for int\u00e9rieur de faire tout mon possible par rapport \u00e0 ce bel et merveilleux enseignement que je viens de recevoir. Je m&rsquo;engage \u00e0 faire ce qui est juste avec sinc\u00e9rit\u00e9 et bienveillance et \u00e0 consid\u00e9rer et respecter l&rsquo;enseignement et son professeur avec la plus grande estime et le plus grand respect.<\/p>\n\n<hr class=\"wp-block-separator has-css-opacity is-style-wide\"\/>\n\n<p><\/p>\n\n<p>Le 29 Mars 1937<\/p>\n\n<p>La loi du karma, si vraie selon les enseignements, quand on se rencontre, c&rsquo;est le d\u00e9but de la s\u00e9paration.<\/p>\n\n<hr class=\"wp-block-separator has-css-opacity is-style-wide\"\/>\n\n<div style=\"height:40px\" aria-hidden=\"true\" class=\"wp-block-spacer\"><\/div>\n\n<hr class=\"wp-block-separator has-text-color has-black-color has-css-opacity has-black-background-color has-background is-style-wide\"\/>\n\n<div class=\"wp-block-group has-black-color has-text-color has-background\" style=\"background-color:#faf8ed\"><div class=\"wp-block-group__inner-container is-layout-flow wp-block-group-is-layout-flow\">\n<h3 class=\"has-text-align-center wp-block-heading\">Les perspectives historiques<\/h3>\n\n\n\n<p>Pour en savoir plus sur le contexte de ces extraits du journal intime et sur les techniques que Takata d\u00e9crit ici, voir l&rsquo;essai du Dr Justin Stein, \u00ab\u00a0<a href=\"https:\/\/reikigreybook.com\/fr\/resources\/le-livre-gris-et-lhistoire-du-reiki\/\">Le &lsquo;Livre Gris&rsquo; et l&rsquo;Histoire du Reik<\/a>.\u00a0\u00bb<\/p>\n<\/div><\/div>\n\n<hr class=\"wp-block-separator has-text-color has-black-color has-css-opacity has-black-background-color has-background is-style-wide\"\/>\n\n<div style=\"height:25px\" aria-hidden=\"true\" class=\"wp-block-spacer\"><\/div>\n\n<hr class=\"wp-block-separator has-text-color has-black-color has-css-opacity has-black-background-color has-background is-style-wide\"\/>\n\n<div class=\"wp-block-group alignwide has-background\" style=\"background-color:#faf8ed\"><div class=\"wp-block-group__inner-container is-layout-flow wp-block-group-is-layout-flow\">\n<p class=\"has-text-align-center has-background\" id=\"_1\" style=\"background-color:#faf8ed;font-size:30px\"><strong>Rappel historique<\/strong><\/p>\n\n\n\n<div class=\"wp-block-media-text alignwide has-media-on-the-right is-stacked-on-mobile is-vertically-aligned-center has-background\" style=\"background-color:#faf8ed\"><div class=\"wp-block-media-text__content\">\n<p>[1] Le texte ci-dessus reprend exactement les paroles de Takata, y compris les fautes d&rsquo;orthographe. \u00c0 propos de cette ambigu\u00eft\u00e9, que certains lisent comme \u00ab\u00a0t\u00eate\u00a0\u00bb et d&rsquo;autres comme \u00ab\u00a0c\u0153ur\u00a0\u00bb, le Dr Justin Stein \u00e9crit : \u00ab\u00a0Je suis d\u00e9sormais convaincu que ce n&rsquo;est pas \u00ab\u00a0c\u0153ur\u00a0\u00bb parce qu&rsquo;elle a d\u00e9lib\u00e9r\u00e9ment crois\u00e9 son ts et que celui-ci n&rsquo;est pas crois\u00e9.\u00a0\u00bb <a href=\"#_up\">^ haut de<\/a><\/p>\n<\/div><figure class=\"wp-block-media-text__media\"><img fetchpriority=\"high\" decoding=\"async\" width=\"874\" height=\"464\" src=\"https:\/\/reikigreybook.com\/wp-content\/uploads\/2021\/05\/Screen-Shot-2021-05-16-at-3.20.43-PM.png\" alt=\"\" class=\"wp-image-870 size-full\" srcset=\"https:\/\/reikigreybook.com\/wp-content\/uploads\/2021\/05\/Screen-Shot-2021-05-16-at-3.20.43-PM.png 874w, https:\/\/reikigreybook.com\/wp-content\/uploads\/2021\/05\/Screen-Shot-2021-05-16-at-3.20.43-PM-600x319.png 600w, https:\/\/reikigreybook.com\/wp-content\/uploads\/2021\/05\/Screen-Shot-2021-05-16-at-3.20.43-PM-300x159.png 300w, https:\/\/reikigreybook.com\/wp-content\/uploads\/2021\/05\/Screen-Shot-2021-05-16-at-3.20.43-PM-768x408.png 768w\" sizes=\"(max-width: 874px) 100vw, 874px\" \/><\/figure><\/div>\n\n\n\n<p><\/p>\n<\/div><\/div>\n\n<hr class=\"wp-block-separator has-text-color has-black-color has-css-opacity has-black-background-color has-background is-style-wide\"\/>\n\n<div style=\"height:25px\" aria-hidden=\"true\" class=\"wp-block-spacer\"><\/div>\n\n<figure class=\"wp-block-table is-style-stripes\"><table class=\"has-black-color has-white-background-color has-text-color has-background\"><tbody><tr><td><\/td><td class=\"has-text-align-right\" data-align=\"right\"><a href=\"https:\/\/reikigreybook.com\/fr\/le-livre-gris\/therapy-guide\/\">Section suivante &#8211;&gt;<\/a><\/td><\/tr><\/tbody><\/table><\/figure>\n\n<div style=\"height:100px\" aria-hidden=\"true\" class=\"wp-block-spacer\"><\/div>\n\n<p><\/p>\n","protected":false},"excerpt":{"rendered":"<p>Section suivante &#8211;&gt; Le 10 Dec.1935 La signification de \u00ab\u00a0Leiki\u00a0\u00bb L&rsquo;\u00e9nergie en soi, lorsqu&rsquo;elle est concentr\u00e9e et appliqu\u00e9e au patient, gu\u00e9rit tous les maux. C&rsquo;est le meilleur rem\u00e8de de la nature, qui ne recourt \u00e0 aucun m\u00e9dicament. Il aide \u00e0 tous les \u00e9gards, la vie humaine et animale. Pour se concentrer, il faut purifier ses [&hellip;]<\/p>\n","protected":false},"author":1,"featured_media":0,"parent":6459,"menu_order":1,"comment_status":"closed","ping_status":"closed","template":"","meta":{"footnotes":""},"class_list":["post-4638","page","type-page","status-publish","hentry"],"_links":{"self":[{"href":"https:\/\/reikigreybook.com\/fr\/wp-json\/wp\/v2\/pages\/4638","targetHints":{"allow":["GET"]}}],"collection":[{"href":"https:\/\/reikigreybook.com\/fr\/wp-json\/wp\/v2\/pages"}],"about":[{"href":"https:\/\/reikigreybook.com\/fr\/wp-json\/wp\/v2\/types\/page"}],"author":[{"embeddable":true,"href":"https:\/\/reikigreybook.com\/fr\/wp-json\/wp\/v2\/users\/1"}],"replies":[{"embeddable":true,"href":"https:\/\/reikigreybook.com\/fr\/wp-json\/wp\/v2\/comments?post=4638"}],"version-history":[{"count":5,"href":"https:\/\/reikigreybook.com\/fr\/wp-json\/wp\/v2\/pages\/4638\/revisions"}],"predecessor-version":[{"id":9456,"href":"https:\/\/reikigreybook.com\/fr\/wp-json\/wp\/v2\/pages\/4638\/revisions\/9456"}],"up":[{"embeddable":true,"href":"https:\/\/reikigreybook.com\/fr\/wp-json\/wp\/v2\/pages\/6459"}],"wp:attachment":[{"href":"https:\/\/reikigreybook.com\/fr\/wp-json\/wp\/v2\/media?parent=4638"}],"curies":[{"name":"wp","href":"https:\/\/api.w.org\/{rel}","templated":true}]}}