{"id":4642,"date":"2021-05-09T03:43:10","date_gmt":"2021-05-09T03:43:10","guid":{"rendered":"https:\/\/reikigreybook.com\/the-grey-book\/takatas-master-certificate\/"},"modified":"2023-03-12T14:41:21","modified_gmt":"2023-03-12T14:41:21","slug":"takatas-master-certificate","status":"publish","type":"page","link":"https:\/\/reikigreybook.com\/fr\/le-livre-gris\/takatas-master-certificate\/","title":{"rendered":"Le certificat de ma\u00eetrise de Takata"},"content":{"rendered":"\n<figure class=\"wp-block-table is-style-stripes\"><table class=\"has-black-color has-white-background-color has-text-color has-background\"><tbody><tr><td><a href=\"https:\/\/reikigreybook.com\/fr\/le-livre-gris\/photos\/\">&lt;&#8211; Section pr\u00e9c\u00e9dente<\/a><\/td><td class=\"has-text-align-right\" data-align=\"right\"><a href=\"https:\/\/reikigreybook.com\/fr\/le-livre-gris\/master-students\/\">Section suivante &#8211;&gt;<\/a><\/td><\/tr><\/tbody><\/table><\/figure>\n\n<div style=\"height:25px\" aria-hidden=\"true\" class=\"wp-block-spacer\"><\/div>\n\n<p class=\"has-text-align-center\"><strong>C E R T I F I C A T<\/strong><\/p>\n\n<p>          <span style=\"texte-decoration : souligne ;\">IL EST CERTIFI\u00c9<\/span>que <span style=\"texte-decoration : souligne ;\">Mme Hawayo Takata<\/span>, citoyenne am\u00e9ricaine n\u00e9e sur le territoire d&rsquo;Hawa\u00ef, apr\u00e8s un cours d&rsquo;\u00e9tude et de formation au syst\u00e8me Usui de gu\u00e9rison Reiki effectu\u00e9 sous ma direction personnelle lors d&rsquo;une visite au Japon en 1935 et par la suite, a pass\u00e9 tous les tests et s&rsquo;est montr\u00e9 digne et capable de pratiquer le traitement et de transmettre le pouvoir du Reiki \u00e0 d&rsquo;autres personnes.<br\/> PAR CONS\u00c9QUENT, moi, Dr Chujiro Hayashi, en vertu de mon autorit\u00e9 en tant que Ma\u00eetre du syst\u00e8me Usui Reiki de gu\u00e9rison sans m\u00e9dicaments, conf\u00e8re par la pr\u00e9sente \u00e0 Mme Hawayo Takata le plein pouvoir et l&rsquo;autorit\u00e9 de pratiquer le syst\u00e8me Reiki et de transmettre \u00e0 d&rsquo;autres la connaissance secr\u00e8te et le don de gu\u00e9rison selon ce syst\u00e8me.<br\/> MME HAWAYO TAKATA est par la pr\u00e9sente certifi\u00e9e par moi comme praticienne et Ma\u00eetre du syst\u00e8me de gu\u00e9rison Reiki du Dr. Usui, \u00e0 ce jour la seule personne aux Etats-Unis autoris\u00e9e \u00e0 conf\u00e9rer des pouvoirs similaires \u00e0 d&rsquo;autres personnes et l&rsquo;une des treize personnes pleinement qualifi\u00e9es comme Ma\u00eetre de la profession.<br\/><br\/> Sign\u00e9 par moi en ce 21e jour. jour de f\u00e9vrier 1938, dans la ville et le comt\u00e9 de Honolulu, territoire d&rsquo;Hawaii.<\/p>\n\n<p class=\"has-text-align-right\">(SIGNE) Chujiro Hayashi<\/p>\n\n<p class=\"has-text-align-left\">T\u00e9moin de sa signature :<br\/><span style=\"texte-decoration : souligne ;\">Yoshino Hanao<\/span><\/p>\n\n<hr class=\"wp-block-separator has-text-color has-black-color has-css-opacity has-black-background-color has-background is-style-wide\"\/>\n\n<p class=\"has-text-align-left\"><em>TERRITOIRE D&rsquo;HAWAII<br\/>Ville et comt\u00e9 d&rsquo;Honolulu<br\/> Ce <span style=\"texte-decoration : souligne ;\">21e<\/span>jour de<span style=\"texte-decoration : souligne ;\">f\u00e9vrier<\/span>1938, devant moi, est apparu personnellement (DR.) CHUJIRO HAYASHI, que je connais comme \u00e9tant la personne d\u00e9crite dans le document susmentionn\u00e9 et qui l&rsquo;a ex\u00e9cut\u00e9, et il a reconnu <span style=\"texte-decoration : souligne ;\">QU&rsquo;IL<\/span> l&rsquo;a ex\u00e9cut\u00e9 comme \u00e9tant <span style=\"texte-decoration : souligne ;\">SON<\/span> Acte libre.<br\/>          <span style=\"texte-decoration : souligne ;\">(signature illisible<\/span>)<br\/> Notaire public, premier circuit judiciaire,<br\/> Territoire d&rsquo;Hawaii<\/em><br\/><\/p>\n\n<figure class=\"wp-block-image size-large\"><img fetchpriority=\"high\" decoding=\"async\" width=\"600\" height=\"826\" src=\"https:\/\/reikigreybook.com\/wp-content\/uploads\/2021\/05\/Photo-of-Hawayo-Takatas-Master-Certificate-from-the-Grey_book.png\" alt=\"\" class=\"wp-image-516\" srcset=\"https:\/\/reikigreybook.com\/wp-content\/uploads\/2021\/05\/Photo-of-Hawayo-Takatas-Master-Certificate-from-the-Grey_book.png 600w, https:\/\/reikigreybook.com\/wp-content\/uploads\/2021\/05\/Photo-of-Hawayo-Takatas-Master-Certificate-from-the-Grey_book-218x300.png 218w\" sizes=\"(max-width: 600px) 100vw, 600px\" \/><\/figure>\n\n<figure class=\"wp-block-table is-style-stripes\"><table class=\"has-black-color has-white-background-color has-text-color has-background\"><tbody><tr><td><a href=\"https:\/\/reikigreybook.com\/fr\/le-livre-gris\/photos\/\">&lt;&#8211; Section pr\u00e9c\u00e9dente<\/a><\/td><td class=\"has-text-align-right\" data-align=\"right\"><a href=\"https:\/\/reikigreybook.com\/fr\/le-livre-gris\/master-students\/\">Section suivante &#8211;&gt;<\/a><\/td><\/tr><\/tbody><\/table><\/figure>\n\n<div style=\"height:100px\" aria-hidden=\"true\" class=\"wp-block-spacer\"><\/div>\n","protected":false},"excerpt":{"rendered":"<p>&lt;&#8211; Section pr\u00e9c\u00e9dente Section suivante &#8211;&gt; C E R T I F I C A T IL EST CERTIFI\u00c9que Mme Hawayo Takata, citoyenne am\u00e9ricaine n\u00e9e sur le territoire d&rsquo;Hawa\u00ef, apr\u00e8s un cours d&rsquo;\u00e9tude et de formation au syst\u00e8me Usui de gu\u00e9rison Reiki effectu\u00e9 sous ma direction personnelle lors d&rsquo;une visite au Japon en 1935 et [&hellip;]<\/p>\n","protected":false},"author":1,"featured_media":0,"parent":6459,"menu_order":5,"comment_status":"closed","ping_status":"closed","template":"","meta":{"footnotes":""},"class_list":["post-4642","page","type-page","status-publish","hentry"],"_links":{"self":[{"href":"https:\/\/reikigreybook.com\/fr\/wp-json\/wp\/v2\/pages\/4642","targetHints":{"allow":["GET"]}}],"collection":[{"href":"https:\/\/reikigreybook.com\/fr\/wp-json\/wp\/v2\/pages"}],"about":[{"href":"https:\/\/reikigreybook.com\/fr\/wp-json\/wp\/v2\/types\/page"}],"author":[{"embeddable":true,"href":"https:\/\/reikigreybook.com\/fr\/wp-json\/wp\/v2\/users\/1"}],"replies":[{"embeddable":true,"href":"https:\/\/reikigreybook.com\/fr\/wp-json\/wp\/v2\/comments?post=4642"}],"version-history":[{"count":5,"href":"https:\/\/reikigreybook.com\/fr\/wp-json\/wp\/v2\/pages\/4642\/revisions"}],"predecessor-version":[{"id":9463,"href":"https:\/\/reikigreybook.com\/fr\/wp-json\/wp\/v2\/pages\/4642\/revisions\/9463"}],"up":[{"embeddable":true,"href":"https:\/\/reikigreybook.com\/fr\/wp-json\/wp\/v2\/pages\/6459"}],"wp:attachment":[{"href":"https:\/\/reikigreybook.com\/fr\/wp-json\/wp\/v2\/media?parent=4642"}],"curies":[{"name":"wp","href":"https:\/\/api.w.org\/{rel}","templated":true}]}}