{"id":4670,"date":"2021-05-09T04:34:20","date_gmt":"2021-05-09T04:34:20","guid":{"rendered":"https:\/\/reikigreybook.com\/the-grey-book\/photos\/"},"modified":"2023-03-12T14:40:19","modified_gmt":"2023-03-12T14:40:19","slug":"photos","status":"publish","type":"page","link":"https:\/\/reikigreybook.com\/fr\/le-livre-gris\/photos\/","title":{"rendered":"Les photographies"},"content":{"rendered":"\n<figure class=\"wp-block-table is-style-stripes\"><table class=\"has-black-color has-white-background-color has-text-color has-background\"><tbody><tr><td><a href=\"https:\/\/reikigreybook.com\/fr\/le-livre-gris\/the-art-of-healing\/\">&lt;&#8211; Section pr\u00e9c\u00e9dente<\/a><\/td><td class=\"has-text-align-right\" data-align=\"right\"><a href=\"https:\/\/reikigreybook.com\/fr\/le-livre-gris\/takatas-master-certificate\/\">Section suivante &#8211;&gt;<\/a><\/td><\/tr><\/tbody><\/table><\/figure>\n\n<div style=\"height:25px\" aria-hidden=\"true\" class=\"wp-block-spacer\"><\/div>\n<div class=\"wp-block-image\">\n<figure class=\"aligncenter size-large\"><img fetchpriority=\"high\" decoding=\"async\" width=\"600\" height=\"862\" src=\"https:\/\/reikigreybook.com\/wp-content\/uploads\/2021\/06\/Photo-of-Usui-Sensei-from-Grey-Book.png\" alt=\"Photo de Mikao Usui Sensei datant de 1937 &#xE0; Hawa&#xEF;, imprim&#xE9;e dans Reiki : Le Livre Gris, copyright 1982 et 2022\" class=\"wp-image-1940\" srcset=\"https:\/\/reikigreybook.com\/wp-content\/uploads\/2021\/06\/Photo-of-Usui-Sensei-from-Grey-Book.png 600w, https:\/\/reikigreybook.com\/wp-content\/uploads\/2021\/06\/Photo-of-Usui-Sensei-from-Grey-Book-209x300.png 209w\" sizes=\"(max-width: 600px) 100vw, 600px\" \/><figcaption class=\"wp-element-caption\"><strong>USUI SENSEI<\/strong><\/figcaption><\/figure>\n<\/div><div class=\"wp-block-image\">\n<figure class=\"aligncenter size-large\"><img decoding=\"async\" width=\"600\" height=\"862\" src=\"https:\/\/reikigreybook.com\/wp-content\/uploads\/2021\/06\/Photo-of-Hayashi-Sensei-from-Grey-Book.png\" alt=\"Photo de Chujiro Hayashi Sensei de 1937 &#xE0; Hawa&#xEF; imprim&#xE9;e dans Reiki : Le Livre Gris, copyright 1982 et 2022.\" class=\"wp-image-1932\" srcset=\"https:\/\/reikigreybook.com\/wp-content\/uploads\/2021\/06\/Photo-of-Hayashi-Sensei-from-Grey-Book.png 600w, https:\/\/reikigreybook.com\/wp-content\/uploads\/2021\/06\/Photo-of-Hayashi-Sensei-from-Grey-Book-209x300.png 209w\" sizes=\"(max-width: 600px) 100vw, 600px\" \/><figcaption class=\"wp-element-caption\"><strong>\u00ab\u00a0HAYASHI SENSEI &#8211; VISITE \u00c0 HAWAII 1938\u00a0\u00bb<\/strong><\/figcaption><\/figure>\n<\/div><div class=\"wp-block-image\">\n<figure class=\"aligncenter size-large\"><img decoding=\"async\" width=\"600\" height=\"828\" src=\"https:\/\/reikigreybook.com\/wp-content\/uploads\/2021\/06\/Photo-of-Takata-Sensei-from-Grey-Book.png\" alt=\"Photo de Hawayo Takata Sensei de 1937 &#xE0; Hawa&#xEF; imprim&#xE9;e dans Reiki : Le Livre Gris, copyright 1982 et 2022\" class=\"wp-image-1924\" srcset=\"https:\/\/reikigreybook.com\/wp-content\/uploads\/2021\/06\/Photo-of-Takata-Sensei-from-Grey-Book.png 600w, https:\/\/reikigreybook.com\/wp-content\/uploads\/2021\/06\/Photo-of-Takata-Sensei-from-Grey-Book-217x300.png 217w\" sizes=\"(max-width: 600px) 100vw, 600px\" \/><figcaption class=\"wp-element-caption\"><strong>TAKATA SENSEI 1938<\/strong><\/figcaption><\/figure>\n<\/div><div class=\"wp-block-image\">\n<figure class=\"aligncenter size-large\"><img loading=\"lazy\" decoding=\"async\" width=\"825\" height=\"600\" src=\"https:\/\/reikigreybook.com\/wp-content\/uploads\/2021\/06\/Photo-Reiki-Ryoho-Kai-from-Grey-Book.png\" alt=\"Photo de Reiki Ryoho Kai, avec Hawayo Takata et Chujiro Hayashi &#xE0; Hawaii tir&#xE9;e de Reiki : Le Livre Gris, copyright 1982 et 2022\" class=\"wp-image-1916\" srcset=\"https:\/\/reikigreybook.com\/wp-content\/uploads\/2021\/06\/Photo-Reiki-Ryoho-Kai-from-Grey-Book.png 825w, https:\/\/reikigreybook.com\/wp-content\/uploads\/2021\/06\/Photo-Reiki-Ryoho-Kai-from-Grey-Book-600x436.png 600w, https:\/\/reikigreybook.com\/wp-content\/uploads\/2021\/06\/Photo-Reiki-Ryoho-Kai-from-Grey-Book-300x218.png 300w, https:\/\/reikigreybook.com\/wp-content\/uploads\/2021\/06\/Photo-Reiki-Ryoho-Kai-from-Grey-Book-768x559.png 768w\" sizes=\"(max-width: 825px) 100vw, 825px\" \/><figcaption class=\"wp-element-caption\"><strong>REIKI RYHO HO KAI 1937<\/strong><\/figcaption><\/figure>\n<\/div>\n<div style=\"height:15px\" aria-hidden=\"true\" class=\"wp-block-spacer\"><\/div>\n\n<hr class=\"wp-block-separator has-css-opacity is-style-wide\"\/>\n\n<div class=\"wp-block-group has-black-color has-text-color has-background\" style=\"background-color:#faf8ed\"><div class=\"wp-block-group__inner-container is-layout-flow wp-block-group-is-layout-flow\">\n<h3 class=\"has-text-align-center wp-block-heading\">Les perspectives historiques<\/h3>\n\n\n\n<p>\u2022 La derni\u00e8re photo montre Takata faisant une d\u00e9monstration de Reiki \u00e0 la salle de l&rsquo;Association bouddhiste des jeunes hommes \u00e0 Honolulu en f\u00e9vrier 1938. Pour plus d&rsquo;informations sur ces photos, voir l&rsquo;article de Justin Stein intitul\u00e9 <a href=\"https:\/\/reikigreybook.com\/fr\/resources\/le-livre-gris-et-lhistoire-du-reiki\/\">\u00ab\u00a0Le Livre Gris et l&rsquo;Histoire du Reiki\u00a0\u00bb.<\/a><\/p>\n\n\n\n<p>\u2022 Pour en savoir plus sur la tradition de la lign\u00e9e spirituelle, lisez \u00ab\u00a0<a href=\"https:\/\/reikigreybook.com\/fr\/resources\/le-mystere-de-la-lignee-spirituelle\/\">Le myst\u00e8re de la lign\u00e9e spirituelle<\/a>\u00a0\u00bb de Joyce Winough et \u00ab\u00a0<a href=\"https:\/\/reikigreybook.com\/fr\/resources\/vivre-dans-linconnu\/\" data-type=\"page\" data-id=\"345\">Vivre dans l&rsquo;inconnu<\/a>\u00a0\u00bb de Susan Mitchell.<\/p>\n<\/div><\/div>\n\n<hr class=\"wp-block-separator has-css-opacity is-style-wide\"\/>\n\n<figure class=\"wp-block-table is-style-stripes\"><table class=\"has-black-color has-white-background-color has-text-color has-background\"><tbody><tr><td><a href=\"https:\/\/reikigreybook.com\/fr\/le-livre-gris\/the-art-of-healing\/\">&lt;&#8211; Section pr\u00e9c\u00e9dente<\/a><\/td><td class=\"has-text-align-right\" data-align=\"right\"><a href=\"https:\/\/reikigreybook.com\/fr\/le-livre-gris\/takatas-master-certificate\/\">Section suivante &#8211;&gt;<\/a><\/td><\/tr><\/tbody><\/table><\/figure>\n\n<div style=\"height:75px\" aria-hidden=\"true\" class=\"wp-block-spacer\"><\/div>\n","protected":false},"excerpt":{"rendered":"<p>&lt;&#8211; Section pr\u00e9c\u00e9dente Section suivante &#8211;&gt; Les perspectives historiques \u2022 La derni\u00e8re photo montre Takata faisant une d\u00e9monstration de Reiki \u00e0 la salle de l&rsquo;Association bouddhiste des jeunes hommes \u00e0 Honolulu en f\u00e9vrier 1938. Pour plus d&rsquo;informations sur ces photos, voir l&rsquo;article de Justin Stein intitul\u00e9 \u00ab\u00a0Le Livre Gris et l&rsquo;Histoire du Reiki\u00a0\u00bb. \u2022 Pour [&hellip;]<\/p>\n","protected":false},"author":1,"featured_media":0,"parent":6459,"menu_order":4,"comment_status":"closed","ping_status":"closed","template":"","meta":{"footnotes":""},"class_list":["post-4670","page","type-page","status-publish","hentry"],"_links":{"self":[{"href":"https:\/\/reikigreybook.com\/fr\/wp-json\/wp\/v2\/pages\/4670","targetHints":{"allow":["GET"]}}],"collection":[{"href":"https:\/\/reikigreybook.com\/fr\/wp-json\/wp\/v2\/pages"}],"about":[{"href":"https:\/\/reikigreybook.com\/fr\/wp-json\/wp\/v2\/types\/page"}],"author":[{"embeddable":true,"href":"https:\/\/reikigreybook.com\/fr\/wp-json\/wp\/v2\/users\/1"}],"replies":[{"embeddable":true,"href":"https:\/\/reikigreybook.com\/fr\/wp-json\/wp\/v2\/comments?post=4670"}],"version-history":[{"count":5,"href":"https:\/\/reikigreybook.com\/fr\/wp-json\/wp\/v2\/pages\/4670\/revisions"}],"predecessor-version":[{"id":9461,"href":"https:\/\/reikigreybook.com\/fr\/wp-json\/wp\/v2\/pages\/4670\/revisions\/9461"}],"up":[{"embeddable":true,"href":"https:\/\/reikigreybook.com\/fr\/wp-json\/wp\/v2\/pages\/6459"}],"wp:attachment":[{"href":"https:\/\/reikigreybook.com\/fr\/wp-json\/wp\/v2\/media?parent=4670"}],"curies":[{"name":"wp","href":"https:\/\/api.w.org\/{rel}","templated":true}]}}