{"id":4861,"date":"2021-05-09T03:00:07","date_gmt":"2021-05-09T03:00:07","guid":{"rendered":"https:\/\/reikigreybook.com\/the-grey-book\/the-art-of-healing\/"},"modified":"2023-03-12T14:39:27","modified_gmt":"2023-03-12T14:39:27","slug":"the-art-of-healing","status":"publish","type":"page","link":"https:\/\/reikigreybook.com\/fr\/le-livre-gris\/the-art-of-healing\/","title":{"rendered":"L&rsquo;art de soigner"},"content":{"rendered":"\n<figure class=\"wp-block-table is-style-stripes\"><table class=\"has-black-color has-white-background-color has-text-color has-background\"><tbody><tr><td><a href=\"https:\/\/reikigreybook.com\/fr\/le-livre-gris\/therapy-guide\/\">&lt;&#8211; Section pr\u00e9c\u00e9dente<\/a><\/td><td class=\"has-text-align-right\" data-align=\"right\"><a href=\"https:\/\/reikigreybook.com\/fr\/le-livre-gris\/photos\/\">Section suivante &#8211;&gt;<\/a><\/td><\/tr><\/tbody><\/table><\/figure>\n\n<div style=\"height:25px\" aria-hidden=\"true\" class=\"wp-block-spacer\"><\/div>\n\n<p>Dans ma tentative d&rsquo;\u00e9crire cet essai sur l&rsquo;Art de gu\u00e9rir en mots limit\u00e9s, je vais essayer d&rsquo;\u00eatre pratique plut\u00f4t que technique, car ce que je m&rsquo;appr\u00eate \u00e0 d\u00e9finir n&rsquo;est associ\u00e9 \u00e0 aucun \u00e9l\u00e9ment concret, visible, ayant une forme ou un nom. Je crois qu&rsquo;il existe un \u00catre supr\u00eame &#8211; l&rsquo;Infini absolu &#8211; une force dynamique qui gouverne le monde et l&rsquo;Univers. Il s&rsquo;agit d&rsquo;une puissance spirituelle invisible qui vibre et \u00e0 c\u00f4t\u00e9 de laquelle toutes les autres puissances s&rsquo;effacent dans l&rsquo;insignifiance. Donc, par cons\u00e9quent, il est absolu ! Cette puissance est insondable, incommensurable, et \u00e9tant une force vitale universelle, elle est incompr\u00e9hensible pour l&rsquo;homme. Pourtant, chaque \u00eatre vivant re\u00e7oit quotidiennement ses b\u00e9n\u00e9dictions, qu&rsquo;il soit \u00e9veill\u00e9 ou endormi. Diff\u00e9rents enseignants et ma\u00eetres l&rsquo;appellent le Grand Esprit, la Force vitale universelle, l&rsquo;\u00c9nergie vitale, car lorsqu&rsquo;elle est appliqu\u00e9e, elle vitalise tout le syst\u00e8me, l&rsquo;Onde \u00e9ther parce qu&rsquo;elle apaise la douleur et vous plonge dans un profond sommeil comme sous anesth\u00e9sie, et l&rsquo;Onde cosmique parce qu&rsquo;elle \u00e9met des vibrations de sentiments exaltants et vous \u00e9l\u00e8ve dans l&rsquo;harmonie. Je l&rsquo;appellerai \u00ab\u00a0Reiki\u00a0\u00bb car je l&rsquo;ai \u00e9tudi\u00e9 sous cette expression. Le Reiki est une onde radionique comme la radio. Il peut \u00eatre appliqu\u00e9 localement ou en ondes courtes. Un traitement \u00e0 distance a pu \u00eatre effectu\u00e9 avec succ\u00e8s. Le Reiki n&rsquo;est pas de l&rsquo;\u00e9lectricit\u00e9, ni du radium ou des rayons X. Elle peut traverser de fines couches de soie, de lin, de porcelaine ou de plomb, de bois ou d&rsquo;acier, car elle provient du Grand Esprit, de l&rsquo;Infini. Il ne d\u00e9truit pas les tissus d\u00e9licats ni les nerfs. Il est absolument inoffensif, il s&rsquo;agit donc d&rsquo;un traitement pratique et s\u00fbr. Parce qu&rsquo;il s&rsquo;agit d&rsquo;une onde universelle, tout ce qui a de la vie b\u00e9n\u00e9ficie du traitement &#8211; les plantes, les volailles, les animaux, ainsi que les \u00eatres humains, qu&rsquo;ils soient jeunes ou vieux, pauvres ou riches. Il doit \u00eatre appliqu\u00e9 et utilis\u00e9 quotidiennement en pr\u00e9vention. Dieu nous a donn\u00e9 ce corps, un endroit pour vivre, et notre pain quotidien. Nous avons \u00e9t\u00e9 mis au monde pur un but pr\u00e9cis, nous devrions donc avoir la sant\u00e9 et le bonheur. C&rsquo;\u00e9tait le plan de Dieu, alors il nous fournit tout. Il nous a donn\u00e9 des mains pour les utiliser afin d&rsquo;appliquer et de gu\u00e9rir, pour conserver la sant\u00e9 physique et l&rsquo;\u00e9quilibre mental, pour nous lib\u00e9rer de l&rsquo;ignorance et vivre dans un monde \u00e9clair\u00e9 ; pour vivre en harmonie avec soi-m\u00eame et avec les autres, pour aimer tous les \u00eatres. Lorsque ces r\u00e8gles sont appliqu\u00e9es quotidiennement, le corps r\u00e9pondra et tout ce que nous souhaitons et d\u00e9sirons atteindre dans ce monde sera \u00e0 notre port\u00e9e. La sant\u00e9, le bonheur et la voie de la long\u00e9vit\u00e9, que nous recherchons tous &#8211; j&rsquo;appellerai cela la Perfection.<\/p>\n\n<hr class=\"wp-block-separator has-text-color has-black-color has-css-opacity has-black-background-color has-background is-style-wide\"\/>\n\n<p><\/p>\n\n<p>Page 2<\/p>\n\n<p><span style=\"text-decoration: underline;\">Comment obtenir ce pouvoir &#8211; Initiation du premier degr\u00e9 ou \u00ab\u00a0Shoden\u00a0\u00bb :<\/span><\/p>\n\n<p>\u00c9tant une force universelle issue du Grand Esprit Divin, elle appartient \u00e0 tous ceux qui cherchent et d\u00e9sirent apprendre l&rsquo;art de la gu\u00e9rison. Il ne conna\u00eet ni couleur, ni croyance, ni \u00e2ge, ni jeunesse. Il trouvera son chemin lorsque l&rsquo;\u00e9tudiant sera pr\u00eat \u00e0 l&rsquo;accepter. On lui montre le chemin. L&rsquo;initiation est une c\u00e9r\u00e9monie sacr\u00e9e et le contact est \u00e9tabli. Parce que nous nous unissons \u00e0 l&rsquo;Esprit divin, il n&rsquo;y a pas d&rsquo;erreur et nous ne devons pas douter. Il est absolu !<\/p>\n\n<p><span style=\"text-decoration: underline;\">Les mains sont Pr\u00eates \u00e0 Gu\u00e9rir :<\/span><\/p>\n\n<p>Lors du premier contact ou de l&rsquo;initiation, les mains \u00e9mettent des vibrations lorsqu&rsquo;elles sont appliqu\u00e9es sur la partie malade. Il soulage la douleur, arr\u00eate le saignement d&rsquo;une plaie ouverte ; vos mains sont pr\u00eates \u00e0 gu\u00e9rir les maladies aigu\u00ebs et chroniques &#8211; les \u00eatres humains &#8211; les plantes &#8211; les impuret\u00e9s- les animaux. Dans les cas aigus, une application de quelques minutes seulement est n\u00e9cessaire. Dans les cas chroniques, la premi\u00e8re \u00e9tape consiste \u00e0 trouver la cause et l&rsquo;effet.<\/p>\n\n<p><span style=\"text-decoration: underline;\">Comment diagnostiquer &#8211; La cause et l&rsquo;effet :<\/span><\/p>\n\n<p id=\"_stroke\">Il n&rsquo;est pas n\u00e9cessaire de d\u00e9shabiller compl\u00e8tement le patient, mais il est pr\u00e9f\u00e9rable de desserrer tous les v\u00eatements serr\u00e9s afin que le patient puisse se d\u00e9tendre, allong\u00e9 sur la table, sur le dos. Le plus important est de trouver la cause de la maladie. Commencez le traitement par les yeux, les sinus, les glandes pituitaires(ou hypophyse), les oreilles, la gorge, les thyro\u00efdes, le thymus, l&rsquo;estomac, la v\u00e9sicule biliaire, le foie, le pancr\u00e9as, le plexus solaire, l&rsquo;il\u00e9oc\u00e8le (intestin gr\u00eale), le c\u00f4lon, la flexion sigmo\u00efde, les glandes ovariennes, la vessie, puis la poitrine avant et le c\u0153ur. Retournez le patient, traitez le dos, les poumons, les nerfs sympathiques, les reins, la rate et les glandes prostatiques. Pendant le traitement, faites confiance \u00e0 vos mains. \u00c9coutez les vibrations ou la r\u00e9action. S&rsquo;il y a une douleur, elle s&rsquo;enregistre au bout des doigts et dans la paume. Si le patient a des d\u00e9mangeaisons, il r\u00e9agit de la m\u00eame mani\u00e8re ; s&rsquo;il s&rsquo;agit d&rsquo;une d\u00e9mangeaison profonde et chronique, il ressent une douleur profonde, ou si elle est aigu\u00eb, la douleur est un picotement superficiel. D\u00e8s que le corps r\u00e9agit au traitement, l&rsquo;affection aigu\u00eb dispara\u00eet mais la cause demeure. Il faut chercher la cause jour apr\u00e8s jour et, \u00e0 chaque traitement, on constate une am\u00e9lioration. Apr\u00e8s que les organes aient \u00e9t\u00e9 ainsi trait\u00e9s, je termine le traitement par un mouvement sur la colonne vert\u00e9brale qui active la circulation. Appliquez sur la peau quelques gouttes d&rsquo;huile de s\u00e9same ou de toute autre huile v\u00e9g\u00e9tale pure. Je place mon pouce et mon index sur le c\u00f4t\u00e9 gauche de la colonne vert\u00e9brale et les trois doigts et la paume \u00e0 plat sur le c\u00f4t\u00e9 droit de la colonne vert\u00e9brale. Avec un mouvement vers le bas, 10 \u00e0 15 frotements depuis les \u00e9paules jusqu&rsquo;\u00e0 l&rsquo;extr\u00e9mit\u00e9 de la colonne vert\u00e9brale. Ce n&rsquo;est que dans les cas de diab\u00e8te que les mouvements sont invers\u00e9s ; les bras et les jambes sont dirig\u00e9s vers le c\u0153ur.<\/p>\n\n<hr class=\"wp-block-separator has-text-color has-black-color has-css-opacity has-black-background-color has-background is-style-wide\"\/>\n\n<p><\/p>\n\n<p>Page 3<\/p>\n\n<p>Le traitement ci-dessus est appel\u00e9 traitement de base et il n\u00e9cessite une heure ou plus, tout d\u00e9pend des complications et de la gravit\u00e9 de la pathologie. En parcourant le corps dans ses moindres d\u00e9tails, les mains deviennent sensibles et sont capables de d\u00e9terminer la cause et de d\u00e9tecter la moindre tension interne, qu&rsquo;elle soit physique ou mentale, aigu\u00eb ou chronique. \u00c9tant donn\u00e9 qu&rsquo;il s&rsquo;agit d&rsquo;un traitement strictement non m\u00e9dicamenteux et non h\u00e9morragique, le Reiki ram\u00e8ne le corps \u00e0 la normale. <\/p>\n\n<p><span style=\"text-decoration: underline;\">La Purge ou la R\u00e9action :<\/span><\/p>\n\n<p>Au bout de quatre jours \u00e0 trois semaines, un grand changement s&rsquo;op\u00e8re dans le corps, tous les organes internes et les glandes commencent \u00e0 fonctionner avec beaucoup de vigueur et de rythme. Les sucs digestifs s&rsquo;\u00e9coulent normalement, les nerfs tendus se rel\u00e2chent, les adh\u00e9rences se d\u00e9tachent, le c\u00f4lon paresseux s&rsquo;organise, les r\u00e9sidus encombrants tombent des parois des intestins, les gaz sont \u00e9limin\u00e9s. Les toxines accumul\u00e9es pendant de nombreuses ann\u00e9es sont expuls\u00e9es par les pores. La transpiration est poisseuse. Les intestins gonflent, ils sont sombres et ont une odeur forte. L&rsquo;urine plus abondante ressemble \u00e0 du th\u00e9 fonc\u00e9, parfois blanche comme si on m\u00e9langeait de la farine dans de l&rsquo;eau. Il dure quatre \u00e0 six jours, et pourtant j&rsquo;ai eu des patients qui ont r\u00e9agi avec un seul traitement. Lorsque cela est \u00e9tabli, vous \u00eates assur\u00e9 qu&rsquo;un grand r\u00e9ajustement g\u00e9n\u00e9ral des organes internes aura lieu. Gr\u00e2ce \u00e0 ce bon nettoyage, le corps devient actif. Les nerfs engourdis retrouvent leurs sensations, l&rsquo;app\u00e9tit augmente, le sommeil est naturel, les yeux brillent, la peau est \u00e9clatante comme de la soie. Avec du sang neuf et une bonne circulation, des nerfs et des glandes restaur\u00e9s, il est possible de rajeunir de cinq \u00e0 dix ans. A ce stade, ce que vous consommez est tr\u00e8s important.<\/p>\n\n<p><span style=\"text-decoration: underline;\">Le r\u00e9gime alimentaire :<\/span><\/p>\n\n<p>Dans les traitements de sant\u00e9 Reiki, nous sommes v\u00e9g\u00e9tariens et nous mangeons toutes sortes de fruits de saison. La nature fournit en abondance, mais jamais en pure perte. Trop manger est un p\u00e9ch\u00e9. Manger avec mod\u00e9ration, avec un sentiment de gratitude, pour reconna\u00eetre le Grand Esprit qui est le cr\u00e9ateur, qui est le Tout-Puissant qui fait pousser, fleurir et fructifier les choses. Mettez-vous \u00e0 table avec des pens\u00e9es agr\u00e9ables. Ne mangez jamais lorsque vous \u00eates contrari\u00e9. Le lait, le sucre blanc, <s>le jus d&rsquo;orange et d&rsquo;ananas<\/s>et les f\u00e9culents sont \u00e0 \u00e9viter lorsque le patient a l&rsquo;estomac fragile. Avec une alimentation appropri\u00e9e, le patient r\u00e9agit plus rapidement aux traitements.<\/p>\n\n<p>Au cours de mes 12 derni\u00e8res ann\u00e9es de pratique, l&rsquo;exp\u00e9rience m&rsquo;a r\u00e9v\u00e9l\u00e9 des moyens rapides pour trouver la cause et obtenir les meilleurs r\u00e9sultats. Dans les traitements suivants, utilisez d&rsquo;abord le traitement de base, puis concentrez-vous davantage sur les points vitaux mentionn\u00e9s ci-apr\u00e8s :<\/p>\n\n<hr class=\"wp-block-separator has-text-color has-black-color has-css-opacity has-black-background-color has-background is-style-wide\"\/>\n\n<p><\/p>\n\n<p>Page 4<\/p>\n\n<p>Rhume ou \u00ab\u00a0grippe\u00a0\u00bb &#8211; sinus, gorge, poitrine<\/p>\n\n<p>Pleur\u00e9sie &#8211; Pl\u00e8vre, c\u0153ur, reins<\/p>\n\n<p>Diab\u00e8te &#8211; Foie, Pancr\u00e9as, Rate, Reins<\/p>\n\n<p>Leuc\u00e9mie &#8211; Foie, Pancr\u00e9as, Rate, Coeur<\/p>\n\n<p>Calculs biliaires &#8211; V\u00e9sicule biliaire, foie, rate, reins<\/p>\n\n<p>Polio &#8211; Intestins gr\u00eales, plexus solaire, c\u00f4lon, colonne vert\u00e9brale (bras ou jambes)<\/p>\n\n<p>Fi\u00e8vre rhumatismale &#8211; Plexus solaire, reins, rate, c\u0153ur<\/p>\n\n<p>Furoncles- Foie, Pancr\u00e9as, Reins, Furoncle (Ne pas forcer, il s&rsquo;\u00e9coulera \u00e0 maturit\u00e9.)<\/p>\n\n<p>Goitre, Femme &#8211; Glandes ovariennes, Yeux, Hypophyse, Thyro\u00efdes, Coeur<\/p>\n\n<p>Goitre, Homme &#8211; Prostate, Yeux, Hypophyse, Thyro\u00efdes, Coeur<\/p>\n\n<p>Maladie de la langue &#8211; Plante des pieds<\/p>\n\n<p>C\u0153ur &#8211; Foie, Pancr\u00e9as, C\u0153ur, Rate, Reins, Nerfs Sympathiques<\/p>\n\n<p>Convulsions &#8211; Foie, plexus solaire, c\u00f4lon, sigmo\u00efde (Pliez les genoux vers la poitrine. Mettez un chiffon dans la bouche.)<\/p>\n\n<p>Appendicite &#8211; Ileocicum, Sigmoid<\/p>\n\n<p>Tuberculose intestinale &#8211; Intestins gr\u00eales, c\u00f4lon<\/p>\n\n<p>Tuberculose pulmonaire &#8211; T\u00eate, poumons, c\u0153ur, reins<\/p>\n\n<p>Tuberculose r\u00e9nale &#8211; Reins, vessie<\/p>\n\n<p>Calculs r\u00e9naux &#8211; Reins, vessie<\/p>\n\n<p>Grossesse &#8211; V\u00e9sicule biliaire, glandes ovariennes, hypophyse<\/p>\n\n<p>Pneumonie &#8211; Patient \u00e0 plat sur le dos. Ne pas d\u00e9placer le patient. Pas de massage. Poitrine, Poumons, Pl\u00e8vres, Coeur, Reins. Traiter deux heures. R\u00e9p\u00e9ter apr\u00e8s huit heures, une fois la crise pass\u00e9e, continuer quotidiennement.<\/p>\n\n<p>Asthme &#8211; Sinus, Gorge, Pl\u00e8vre<\/p>\n\n<p>Arthrite &#8211; Estomac, reins, parties affect\u00e9es<\/p>\n\n<p>Rhumatismes &#8211; Reins, parties affect\u00e9es<\/p>\n\n<p>Hypertension et hypotension, Femme &#8211; T\u00eate, Gorge, Coeur, Ovaires<\/p>\n\n<p>Pression art\u00e9rielle \u00e9lev\u00e9e et basse, homme &#8211; t\u00eate, gorge, c\u0153ur, prostate<\/p>\n\n<p>Rougeole &#8211; Estomac, Pluera, Yeux<\/p>\n\n<p>Aveugle &#8211; Pancr\u00e9as, T\u00eate, Yeux, Ovaires<\/p>\n\n<p>Malentendants (si les tympans ne sont pas d\u00e9chir\u00e9s) &#8211; T\u00eate, Sinus, Oreilles<\/p>\n\n<p>Cas aigus et urgents &#8211; Traiter les cas suivants :<\/p>\n\n<p>Indigestion aigu\u00eb &#8211; Estomac, v\u00e9sicule biliaire<\/p>\n\n<p>Poison aigu &#8211; Quatre blancs d&rsquo;\u0153ufs, 2 cuill\u00e8res \u00e0 soupe de farine, Traiter l&rsquo;estomac et r\u00e9p\u00e9ter apr\u00e8s avoir vomi.<\/p>\n\n<p>Choc &#8211; Plexus solaire, nerfs sympathiques<\/p>\n\n<p>Toux &#8211; Levez les deux bras vers le haut, traitez le diaphragme.<\/p>\n\n<p>Mal de mer ou mal de l&rsquo;air &#8211; V\u00e9sicule biliaire, hypophyse<\/p>\n\n<hr class=\"wp-block-separator has-text-color has-black-color has-css-opacity has-black-background-color has-background is-style-wide\"\/>\n\n<p><\/p>\n\n<p>Page 5<\/p>\n\n<p>Noyade &#8211; Le plus important est la mani\u00e8re dont le patient est ramen\u00e9 hors de l&rsquo;eau \u00e0 la surface. T\u00eate baiss\u00e9e, jambes en l&rsquo;air. Evacuer l&rsquo;eau par la bouche. Appliquer la respiration artificielle &#8211; Traiter le Plexus solaire, le Pancr\u00e9as, le Foie, le C\u0153ur, les Poumons, faire bouger les mains et les pieds.<\/p>\n\n<p>Poisson rouge &#8211; Tenir le r\u00e9cipient.<\/p>\n\n<p>Fleurs &#8211; Traitez le pot ou les tiges dans l&rsquo;eau.<\/p>\n\n<p>Graines &#8211; Traitez les graines avant de les planter.<\/p>\n\n<p>Poussins d&rsquo;un jour &#8211; 40 \u00e0 60 secondes<\/p>\n\n<p>Cochons &#8211; Vaches &#8211; Chevaux &#8211; Chiens &#8211; Derri\u00e8re les oreilles<\/p>\n\n<p>Entorses &#8211; Contusions et fractures &#8211; Traitez directement la contusion ou la fracture.<\/p>\n\n<p>Os cass\u00e9s &#8211; Faites soigner la fracture. Rayon X, application des mains sur le pl\u00e2tre.<\/p>\n<p>Br\u00fblures &#8211; Appliquer les mains directement sur les br\u00fblures.<\/p>\n<p>Lorsque l&rsquo;\u00e9tudiant est bien familiaris\u00e9 avec les traitements ci-dessus et qu&rsquo;il a de l&rsquo;exp\u00e9rience, avec des preuves et des t\u00e9moignages, il est pr\u00eat pour le \u00ab\u00a0Oku Den\u00a0\u00bb, ou connaissance plus approfondie. L&rsquo;\u00e9tudiant prononce son deuxi\u00e8me v\u0153u d&rsquo;initiation, qui est une c\u00e9r\u00e9monie sacr\u00e9e. Avec la connaissance de \u00ab\u00a0Oku Den\u00a0\u00bb, l&rsquo;\u00e9tudiant a le pouvoir d&rsquo;aider le subconscient &#8211; les cas mentaux &#8211; corriger les mauvaises habitudes &#8211; les d\u00e9pressions nerveuses &#8211; l&rsquo;insomnie &#8211; les traitements \u00e0 distance. Chez les patients d\u00e9prim\u00e9s, changez leur attitude afin qu&rsquo;ils atteignent le c\u00f4t\u00e9 positif de la vie. Dans le traitement des maladies mentales, il faut d&rsquo;abord trouver la cause. Supprimez la cause et l&rsquo;effet n&rsquo;existera pas.<\/p>\n\n<p><span style=\"text-decoration: underline;\">Les id\u00e9aux (pr\u00e9ceptes) :<\/span><\/p>\n\n<p>Juste pour aujourd&rsquo;hui &#8211; Tu ne te mettras pas en col\u00e8re<br\/>Juste pour aujourd&rsquo;hui &#8211; Tu ne t&rsquo;inqui\u00e8teras pas<br\/>Tu seras reconnaissant pour les nombreuses b\u00e9n\u00e9dictions<br\/>Gagnez votre vie par un travail honn\u00eate<br\/>Soyez gentil avec tes voisins<\/p>\n\n<p>Le voici &#8211; \u00ab\u00a0Reiki\u00a0\u00bb &#8211; L&rsquo;art de gu\u00e9rir. C&rsquo;est un traitement simple, mais complet, qui donne de merveilleux r\u00e9sultats. Les b\u00e9b\u00e9s expriment plus facilement leur satisfaction en raison de sa douceur et de son efficacit\u00e9. C&rsquo;est la voie du Grand Esprit. Il ne peut faire que du bien.<\/p>\n\n<hr class=\"wp-block-separator has-css-opacity is-style-wide\"\/>\n\n<div style=\"height:25px\" aria-hidden=\"true\" class=\"wp-block-spacer\"><\/div>\n\n<hr class=\"wp-block-separator has-css-opacity is-style-wide\"\/>\n\n<div class=\"wp-block-group has-black-color has-text-color has-background\" style=\"background-color:#faf8ed\"><div class=\"wp-block-group__inner-container is-layout-flow wp-block-group-is-layout-flow\">\n<h3 class=\"has-text-align-center wp-block-heading\">Les perspectives historiques<\/h3>\n\n\n\n<p>\u2022 L&rsquo;essai de Justin Stein \u00ab\u00a0<a href=\"https:\/\/reikigreybook.com\/fr\/resources\/le-livre-gris-et-lhistoire-du-reiki\/\" data-type=\"page\" data-id=\"301\">Le &lsquo;Livre Gris&rsquo; et l&rsquo;Histoire du Reiki<\/a>\u00a0\u00bb contient une explication d\u00e9taill\u00e9e de la raison pour laquelle Takata a \u00e9crit cet essai sur l&rsquo;Art de la Gu\u00e9rison.<\/p>\n<\/div><\/div>\n\n<hr class=\"wp-block-separator has-css-opacity is-style-wide\"\/>\n\n<figure class=\"wp-block-table is-style-stripes\"><table class=\"has-black-color has-white-background-color has-text-color has-background\"><tbody><tr><td><a href=\"https:\/\/reikigreybook.com\/fr\/le-livre-gris\/therapy-guide\/\">&lt;&#8211; Section pr\u00e9c\u00e9dente<\/a><\/td><td class=\"has-text-align-right\" data-align=\"right\"><a href=\"https:\/\/reikigreybook.com\/fr\/le-livre-gris\/photos\/\">Section suivante &#8211;&gt;<\/a><\/td><\/tr><\/tbody><\/table><\/figure>\n\n<div style=\"height:25px\" aria-hidden=\"true\" class=\"wp-block-spacer\"><\/div>\n\n<div style=\"height:100px\" aria-hidden=\"true\" class=\"wp-block-spacer\"><\/div>\n","protected":false},"excerpt":{"rendered":"<p>&lt;&#8211; Section pr\u00e9c\u00e9dente Section suivante &#8211;&gt; Dans ma tentative d&rsquo;\u00e9crire cet essai sur l&rsquo;Art de gu\u00e9rir en mots limit\u00e9s, je vais essayer d&rsquo;\u00eatre pratique plut\u00f4t que technique, car ce que je m&rsquo;appr\u00eate \u00e0 d\u00e9finir n&rsquo;est associ\u00e9 \u00e0 aucun \u00e9l\u00e9ment concret, visible, ayant une forme ou un nom. Je crois qu&rsquo;il existe un \u00catre supr\u00eame &#8211; [&hellip;]<\/p>\n","protected":false},"author":1,"featured_media":0,"parent":6459,"menu_order":3,"comment_status":"closed","ping_status":"closed","template":"","meta":{"footnotes":""},"class_list":["post-4861","page","type-page","status-publish","hentry"],"_links":{"self":[{"href":"https:\/\/reikigreybook.com\/fr\/wp-json\/wp\/v2\/pages\/4861","targetHints":{"allow":["GET"]}}],"collection":[{"href":"https:\/\/reikigreybook.com\/fr\/wp-json\/wp\/v2\/pages"}],"about":[{"href":"https:\/\/reikigreybook.com\/fr\/wp-json\/wp\/v2\/types\/page"}],"author":[{"embeddable":true,"href":"https:\/\/reikigreybook.com\/fr\/wp-json\/wp\/v2\/users\/1"}],"replies":[{"embeddable":true,"href":"https:\/\/reikigreybook.com\/fr\/wp-json\/wp\/v2\/comments?post=4861"}],"version-history":[{"count":5,"href":"https:\/\/reikigreybook.com\/fr\/wp-json\/wp\/v2\/pages\/4861\/revisions"}],"predecessor-version":[{"id":9459,"href":"https:\/\/reikigreybook.com\/fr\/wp-json\/wp\/v2\/pages\/4861\/revisions\/9459"}],"up":[{"embeddable":true,"href":"https:\/\/reikigreybook.com\/fr\/wp-json\/wp\/v2\/pages\/6459"}],"wp:attachment":[{"href":"https:\/\/reikigreybook.com\/fr\/wp-json\/wp\/v2\/media?parent=4861"}],"curies":[{"name":"wp","href":"https:\/\/api.w.org\/{rel}","templated":true}]}}