{"id":5233,"date":"2021-05-13T00:20:15","date_gmt":"2021-05-13T00:20:15","guid":{"rendered":"https:\/\/reikigreybook.com\/resources\/une-petite-histoire-sur-le-livre-gris\/"},"modified":"2023-03-12T15:03:28","modified_gmt":"2023-03-12T15:03:28","slug":"une-petite-histoire-sur-le-livre-gris-2","status":"publish","type":"page","link":"https:\/\/reikigreybook.com\/fr\/resources\/une-petite-histoire-sur-le-livre-gris-2\/","title":{"rendered":"Une petite histoire sur le Livre Gris"},"content":{"rendered":"\n<h4 class=\"wp-block-heading\">Par Paul Mitchell<\/h4>\n\n\n\n<div class=\"wp-block-media-text alignwide is-stacked-on-mobile\" style=\"grid-template-columns:24% auto\"><figure class=\"wp-block-media-text__media\"><img fetchpriority=\"high\" decoding=\"async\" width=\"377\" height=\"436\" src=\"https:\/\/reikigreybook.com\/wp-content\/uploads\/2021\/05\/paul-mitchell.png\" alt=\"\" class=\"wp-image-1769 size-full\" srcset=\"https:\/\/reikigreybook.com\/wp-content\/uploads\/2021\/05\/paul-mitchell.png 377w, https:\/\/reikigreybook.com\/wp-content\/uploads\/2021\/05\/paul-mitchell-259x300.png 259w\" sizes=\"(max-width: 377px) 100vw, 377px\" \/><\/figure><div class=\"wp-block-media-text__content\">\n<p>Lorsque j&rsquo;ai \u00e9t\u00e9 initi\u00e9 en tant que ma\u00eetre Reiki par Hawayo Takata en 1979, elle a accept\u00e9 que je paie mes frais de ma\u00eetrise en plusieurs versements. A sa mort en d\u00e9cembre 1980, il m&rsquo;a sembl\u00e9 logique de remettre les paiements \u00e0 sa fille, Alice Furumoto, en tant que b\u00e9n\u00e9ficiaire de la succession de Takata Sensei.<\/p>\n\n\n\n<p>En reconnaissant Phyllis Furumoto comme le successeur et le grand ma\u00eetre de Hawayo Takata, il ne m&rsquo;est pas venu \u00e0 l&rsquo;esprit de lui verser le montant restant.<\/p>\n<\/div><\/div>\n\n\n\n<div class=\"wp-block-group\"><div class=\"wp-block-group__inner-container is-layout-flow wp-block-group-is-layout-flow\">\n<div style=\"height:25px\" aria-hidden=\"true\" class=\"wp-block-spacer\"><\/div>\n<\/div><\/div>\n\n\n\n<p>Lorsque j&rsquo;ai re\u00e7u le Livre Gris d&rsquo;Alice en 1982, j&rsquo;ai \u00e9t\u00e9 touch\u00e9 par sa beaut\u00e9 et par le fait qu&rsquo;il s&rsquo;agissait d&rsquo;un cadeau pr\u00e9cieux. J&rsquo;ai \u00e9t\u00e9 tr\u00e8s reconnaissant lorsqu&rsquo;Alice m&rsquo;a permis d&rsquo;utiliser une partie de son contenu pour le livret d&rsquo;\u00e9tudiant que j&rsquo;ai offert \u00e0 The Reiki Alliance.<\/p>\n\n\n\n<p>Quelques ann\u00e9es plus tard, Alice m&rsquo;a appel\u00e9 pour me dire d&rsquo;envoyer mes derniers paiements \u00e0 Phyllis. Lorsque j&rsquo;en ai parl\u00e9 \u00e0 Phyllis, elle m&rsquo;a dit que l&rsquo;argent que j&rsquo;avais envoy\u00e9 \u00e0 sa m\u00e8re avait financ\u00e9 la production du Livre Gris. J&rsquo;ai \u00e9t\u00e9 honor\u00e9 d&rsquo;apprendre cela.<\/p>\n\n\n\n<p>\u00c0 la fin du livre se trouve une liste de 21 ma\u00eetres initi\u00e9s par Takata. Je savais qu&rsquo;il manquait une personne, George Araki. Phyllis m&rsquo;a dit plus tard que sa m\u00e8re n&rsquo;avait pas inclus George parce qu&rsquo;il n&rsquo;y avait aucune trace de son paiement pour la ma\u00eetrise. C&rsquo;\u00e9tait l&rsquo;une des fa\u00e7ons pour Alice de d\u00e9terminer qui Takata Sensei avait reconnu.<\/p>\n\n\n\n<p>George Araki et moi sommes all\u00e9s ensemble demander \u00e0 Takata Sensei de nous accepter comme ses \u00e9l\u00e8ves ma\u00eetres. Elle nous a \u00e9galement form\u00e9s et reconnus ensemble. En tant que professeur et cofondateur du d\u00e9partement des \u00e9tudes interdisciplinaires en sciences de l&rsquo;universit\u00e9 d&rsquo;\u00c9tat de San Francisco, George faisait des recherches sur la gu\u00e9rison. Sa recherche \u00e9tait l&rsquo;\u00e9change sur lequel il s&rsquo;\u00e9tait mis d&rsquo;accord avec Takata pour son initiation de ma\u00eetre. Ne le sachant pas, Alice ne l&rsquo;a pas inclus dans la liste des ma\u00eetres.<\/p>\n\n\n\n<p>Lorsque nous avons re\u00e7u nos livres gris, nous avons \u00e9t\u00e9 surpris. George \u00e9tait l&rsquo;un des ma\u00eetres de Hawayo Takata et qu&rsquo;il avait sa place sur la liste avec nous.<\/p>\n\n\n\n<p class=\"has-text-align-right\">~Paul Mitchell<br>Kellogg, ID<br>Le 30 Mars 2021<\/p>\n\n\n\n<div style=\"height:100px\" aria-hidden=\"true\" class=\"wp-block-spacer\"><\/div>\n","protected":false},"excerpt":{"rendered":"<p>Par Paul Mitchell Lorsque j&rsquo;ai \u00e9t\u00e9 initi\u00e9 en tant que ma\u00eetre Reiki par Hawayo Takata en 1979, elle a accept\u00e9 que je paie mes frais de ma\u00eetrise en plusieurs versements. A sa mort en d\u00e9cembre 1980, il m&rsquo;a sembl\u00e9 logique de remettre les paiements \u00e0 sa fille, Alice Furumoto, en tant que b\u00e9n\u00e9ficiaire de la [&hellip;]<\/p>\n","protected":false},"author":1,"featured_media":0,"parent":4558,"menu_order":0,"comment_status":"closed","ping_status":"closed","template":"","meta":{"footnotes":""},"class_list":["post-5233","page","type-page","status-publish","hentry"],"_links":{"self":[{"href":"https:\/\/reikigreybook.com\/fr\/wp-json\/wp\/v2\/pages\/5233","targetHints":{"allow":["GET"]}}],"collection":[{"href":"https:\/\/reikigreybook.com\/fr\/wp-json\/wp\/v2\/pages"}],"about":[{"href":"https:\/\/reikigreybook.com\/fr\/wp-json\/wp\/v2\/types\/page"}],"author":[{"embeddable":true,"href":"https:\/\/reikigreybook.com\/fr\/wp-json\/wp\/v2\/users\/1"}],"replies":[{"embeddable":true,"href":"https:\/\/reikigreybook.com\/fr\/wp-json\/wp\/v2\/comments?post=5233"}],"version-history":[{"count":5,"href":"https:\/\/reikigreybook.com\/fr\/wp-json\/wp\/v2\/pages\/5233\/revisions"}],"predecessor-version":[{"id":9470,"href":"https:\/\/reikigreybook.com\/fr\/wp-json\/wp\/v2\/pages\/5233\/revisions\/9470"}],"up":[{"embeddable":true,"href":"https:\/\/reikigreybook.com\/fr\/wp-json\/wp\/v2\/pages\/4558"}],"wp:attachment":[{"href":"https:\/\/reikigreybook.com\/fr\/wp-json\/wp\/v2\/media?parent=5233"}],"curies":[{"name":"wp","href":"https:\/\/api.w.org\/{rel}","templated":true}]}}