{"id":5380,"date":"2021-05-12T16:42:34","date_gmt":"2021-05-12T16:42:34","guid":{"rendered":"https:\/\/reikigreybook.com\/about-us\/the-grey-book-team\/"},"modified":"2023-03-12T15:04:01","modified_gmt":"2023-03-12T15:04:01","slug":"the-grey-book-team","status":"publish","type":"page","link":"https:\/\/reikigreybook.com\/fr\/about-us\/the-grey-book-team\/","title":{"rendered":"L&rsquo;\u00e9quipe du Livre Gris"},"content":{"rendered":"\n<div class=\"wp-block-media-text alignwide is-stacked-on-mobile\" style=\"grid-template-columns:18% auto\"><figure class=\"wp-block-media-text__media\"><img decoding=\"async\" width=\"150\" height=\"175\" src=\"https:\/\/reikigreybook.com\/wp-content\/uploads\/2021\/05\/Photo-of-Brian-Brunius.png\" alt=\"\" class=\"wp-image-599 size-full\"\/><\/figure><div class=\"wp-block-media-text__content\">\n<h4 class=\"wp-block-heading\"><strong>Brian Brunius<\/strong><\/h4>\n\n\n\n<p>Brian est un praticien de Usui Shiki Ryoho dans la lign\u00e9e de John Harvey Gray. Il est le fondateur du <a rel=\"noreferrer noopener\" href=\"https:\/\/nycreikicenter.com\" target=\"_blank\">NYC Reiki Center<\/a> o\u00f9 il travaille \u00e0 plein temps, et est le pr\u00e9sident de <a rel=\"noreferrer noopener\" href=\"https:\/\/reikicentersofamerica.org\" target=\"_blank\">Reiki Centers of America<\/a>. Brian est membre de <a rel=\"noreferrer noopener\" href=\"https:\/\/reikialliance.com\" target=\"_blank\">The Reiki Alliance<\/a>, dont il est actuellement l&rsquo;administrateur financier. <\/p>\n<\/div><\/div>\n\n\n\n<div style=\"height:25px\" aria-hidden=\"true\" class=\"wp-block-spacer\"><\/div>\n\n\n\n<div class=\"wp-block-media-text alignwide is-stacked-on-mobile\" style=\"grid-template-columns:18% auto\"><figure class=\"wp-block-media-text__media\"><img decoding=\"async\" width=\"150\" height=\"175\" src=\"https:\/\/reikigreybook.com\/wp-content\/uploads\/2021\/05\/diane-domondon-150.png\" alt=\"\" class=\"wp-image-596 size-full\"\/><\/figure><div class=\"wp-block-media-text__content\">\n<h4 class=\"wp-block-heading\"><strong>Diane Domondon<\/strong><\/h4>\n\n\n\n<p>Diane est ma\u00eetre-enseignat de Reiki dans la tradition Usui Shiki Ryoho. Elle re\u00e7oit des clients et donne des cours de Reiki \u00e0 temps plein. Tout en participant au projet du <em>Livre Gris,<\/em> elle a si\u00e9g\u00e9 au conseil d&rsquo;administration de <a rel=\"noreferrer noopener\" href=\"https:\/\/reikicentersofamerica.org\" target=\"_blank\">Reiki Centers of America<\/a> et est membre de <a rel=\"noreferrer noopener\" href=\"https:\/\/reikialliance.com\" target=\"_blank\">The Reiki Alliance.<\/a><\/p>\n<\/div><\/div>\n\n\n\n<div style=\"height:25px\" aria-hidden=\"true\" class=\"wp-block-spacer\"><\/div>\n\n\n\n<div class=\"wp-block-media-text alignwide is-stacked-on-mobile\" style=\"grid-template-columns:18% auto\"><figure class=\"wp-block-media-text__media\"><img fetchpriority=\"high\" decoding=\"async\" width=\"377\" height=\"436\" src=\"https:\/\/reikigreybook.com\/wp-content\/uploads\/2021\/05\/paul-mitchell.png\" alt=\"\" class=\"wp-image-1769 size-full\" srcset=\"https:\/\/reikigreybook.com\/wp-content\/uploads\/2021\/05\/paul-mitchell.png 377w, https:\/\/reikigreybook.com\/wp-content\/uploads\/2021\/05\/paul-mitchell-259x300.png 259w\" sizes=\"(max-width: 377px) 100vw, 377px\" \/><\/figure><div class=\"wp-block-media-text__content\">\n<h4 class=\"wp-block-heading\"><strong>Paul Mitchell<\/strong><\/h4>\n\n\n\n<p>Paul Mitchell a appris le Reiki aupr\u00e8s de Hawayo Takata en 1978 et a \u00e9t\u00e9 l&rsquo;un des vingt-deux ma\u00eetres qu&rsquo;elle a reconnu. Paul a \u00e9t\u00e9 l&rsquo;un des membres fondateurs de l&rsquo;Alliance Reiki et, en 1993, il a rejoint Phyllis Furumoto en tant que responsable de la discipline d&rsquo;Usui Shiki Ryoho. Ensemble, ils ont form\u00e9 <a rel=\"noreferrer noopener\" href=\"https:\/\/www.usuishikiryohoreiki.com\" data-type=\"URL\" data-id=\"https:\/\/www.usuishikiryohoreiki.com\" target=\"_blank\">l&rsquo;Office du Grand Ma\u00eetre<\/a>. Il travaille aujourd&rsquo;hui avec Johannes Reindl et Joyce Winough, et s&rsquo;engage dans une recherche permanente sur la gu\u00e9rison, la croissance et le d\u00e9veloppement spirituel, qui est la promesse de la pratique du Reiki. <\/p>\n<\/div><\/div>\n\n\n\n<div style=\"height:25px\" aria-hidden=\"true\" class=\"wp-block-spacer\"><\/div>\n\n\n\n<div class=\"wp-block-media-text alignwide is-stacked-on-mobile\" style=\"grid-template-columns:18% auto\"><figure class=\"wp-block-media-text__media\"><img loading=\"lazy\" decoding=\"async\" width=\"480\" height=\"480\" src=\"https:\/\/reikigreybook.com\/wp-content\/uploads\/2021\/05\/Susan-turkish-coffee.png\" alt=\"Photo de Susan Mitchell\" class=\"wp-image-895 size-full\" srcset=\"https:\/\/reikigreybook.com\/wp-content\/uploads\/2021\/05\/Susan-turkish-coffee.png 480w, https:\/\/reikigreybook.com\/wp-content\/uploads\/2021\/05\/Susan-turkish-coffee-300x300.png 300w, https:\/\/reikigreybook.com\/wp-content\/uploads\/2021\/05\/Susan-turkish-coffee-100x100.png 100w, https:\/\/reikigreybook.com\/wp-content\/uploads\/2021\/05\/Susan-turkish-coffee-150x150.png 150w, https:\/\/reikigreybook.com\/wp-content\/uploads\/2021\/05\/Susan-turkish-coffee-50x50.png 50w\" sizes=\"(max-width: 480px) 100vw, 480px\" \/><\/figure><div class=\"wp-block-media-text__content\">\n<h4 class=\"wp-block-heading\"><strong>Susan Mitchell<\/strong><\/h4>\n\n\n\n<p>Susan a appris le Reiki aupr\u00e8s de Hawayo Takata. Elle a \u00e9t\u00e9 la premi\u00e8re directrice de The Reiki Alliance de 1988 \u00e0 1998 et r\u00e9dactrice en chef du magazine n\u00e9erlandais <em>Reiki Magazine International<\/em>.  Elle a particip\u00e9 \u00e0 la conservation des archives de Hawayo Takata, qui se trouvent maintenant \u00e0 l&rsquo;universit\u00e9 de Californie, \u00e0 Santa Barbara. En 2019, Susan a eu l&rsquo;honneur d&rsquo;\u00e9diter <em>In Her Own Voice, A Tribute to Phyllis Lei Furumoto, 1948-2019.<\/em> Susan est l&rsquo;une des fondatrices de <a href=\"https:\/\/www.reikiunified.com\/\" data-type=\"URL\" data-id=\"https:\/\/www.reikiunified.com\/\" target=\"_blank\" rel=\"noreferrer noopener\">Reiki Unified<\/a>, un effort national pour s&rsquo;opposer \u00e0 la r\u00e9glementation de la pratique du Reiki aux \u00c9tats-Unis. <\/p>\n<\/div><\/div>\n\n\n\n<div style=\"height:25px\" aria-hidden=\"true\" class=\"wp-block-spacer\"><\/div>\n\n\n\n<div class=\"wp-block-media-text alignwide is-stacked-on-mobile\" style=\"grid-template-columns:18% auto\"><figure class=\"wp-block-media-text__media\"><img loading=\"lazy\" decoding=\"async\" width=\"314\" height=\"314\" src=\"https:\/\/reikigreybook.com\/wp-content\/uploads\/2021\/06\/Johannes-Reindl-square.jpg\" alt=\"Photo de Johannes Reindl\" class=\"wp-image-2163 size-full\" srcset=\"https:\/\/reikigreybook.com\/wp-content\/uploads\/2021\/06\/Johannes-Reindl-square.jpg 314w, https:\/\/reikigreybook.com\/wp-content\/uploads\/2021\/06\/Johannes-Reindl-square-300x300.jpg 300w, https:\/\/reikigreybook.com\/wp-content\/uploads\/2021\/06\/Johannes-Reindl-square-100x100.jpg 100w, https:\/\/reikigreybook.com\/wp-content\/uploads\/2021\/06\/Johannes-Reindl-square-150x150.jpg 150w, https:\/\/reikigreybook.com\/wp-content\/uploads\/2021\/06\/Johannes-Reindl-square-50x50.jpg 50w, https:\/\/reikigreybook.com\/wp-content\/uploads\/2021\/06\/Johannes-Reindl-square-60x60.jpg 60w, https:\/\/reikigreybook.com\/wp-content\/uploads\/2021\/06\/Johannes-Reindl-square-90x90.jpg 90w\" sizes=\"(max-width: 314px) 100vw, 314px\" \/><\/figure><div class=\"wp-block-media-text__content\">\n<h4 class=\"wp-block-heading\"><strong>Johannes Reindl<\/strong><\/h4>\n\n\n\n<p>Johannes Reindl pratique le Reiki depuis 1995, ann\u00e9e o\u00f9 il a suivi son cours de premier degr\u00e9 dans son pays natal, l&rsquo;Autriche, \u00e0 l&rsquo;\u00e2ge de 17 ans. Depuis, il a voyag\u00e9 dans le monde entier pour participer et assister aux ateliers de Reiki et d&rsquo;Aikido propos\u00e9s par les ma\u00eetres Reiki Usui Shiki Ryoho et de l&rsquo;Office du Grand Ma\u00eetre (OGM). Johannes s&rsquo;est form\u00e9 \u00e0 la ma\u00eetrise avec Phyllis Furumoto et a \u00e9t\u00e9 initi\u00e9 par elle en tant que ma\u00eetre au Japon. En 2019, il a \u00e9t\u00e9 reconnu par Phyllis comme son successeur dans la lign\u00e9e spirituelle d&rsquo;Usui Shiki Ryoho. <\/p>\n<\/div><\/div>\n\n\n\n<div style=\"height:25px\" aria-hidden=\"true\" class=\"wp-block-spacer\"><\/div>\n\n\n\n<div class=\"wp-block-media-text alignwide is-stacked-on-mobile\" style=\"grid-template-columns:18% auto\"><figure class=\"wp-block-media-text__media\"><img loading=\"lazy\" decoding=\"async\" width=\"185\" height=\"224\" src=\"https:\/\/reikigreybook.com\/wp-content\/uploads\/2021\/05\/justin-stein-horizontal-300x224-1-e1620779649281.jpg\" alt=\"\" class=\"wp-image-593 size-full\"\/><\/figure><div class=\"wp-block-media-text__content\">\n<h4 class=\"wp-block-heading\"><strong>Dr. Justin Stein, PhD<\/strong><\/h4>\n\n\n\n<p>Justin B. Stein, PhD (Universit\u00e9 de Toronto, \u00e9tude de la religion, 2017), est un historien des pratiques spirituelles sur les sites de connexion entre le Japon, Hawa\u00ef et l&rsquo;Am\u00e9rique du Nord. Ses travaux sur le Reiki, notamment des traductions originales de documents historiques en langue japonaise, ont \u00e9t\u00e9 publi\u00e9s dans des revues ayant un comit\u00e9 de lecture (dont <em>Asian Medicine<\/em> et <em>Japanese Religions<\/em>) et ont \u00e9t\u00e9 traduits en allemand, en japonais et en roumain. Stein a obtenu une bourse de recherche internationale de la Soci\u00e9t\u00e9 japonaise pour la promotion de la science sous \u014ctani Eiichi \u00e0 l&rsquo;Universit\u00e9 Bukky\u014d de Kyoto, au Japon (2017-2019) et est actuellement professeur au d\u00e9partement des \u00e9tudes asiatiques de l&rsquo;Universit\u00e9 polytechnique de Kwantlen. Vous pouvez lire certaines de ses recherches \u00e0 l&rsquo;adresse <a rel=\"noreferrer noopener\" href=\"https:\/\/justinstein.academia.edu\/\" target=\"_blank\">https:\/\/justinstein.academia.edu\/<\/a><\/p>\n<\/div><\/div>\n\n\n\n<div style=\"height:25px\" aria-hidden=\"true\" class=\"wp-block-spacer\"><\/div>\n\n\n\n<div class=\"wp-block-media-text alignwide is-stacked-on-mobile\" style=\"grid-template-columns:18% auto\"><figure class=\"wp-block-media-text__media\"><img loading=\"lazy\" decoding=\"async\" width=\"334\" height=\"334\" src=\"https:\/\/reikigreybook.com\/wp-content\/uploads\/2021\/07\/Joyce-Winough-close.png\" alt=\"Photo de Joyce Winough - Ma\u00eetre Reiki\" class=\"wp-image-3227 size-full\" srcset=\"https:\/\/reikigreybook.com\/wp-content\/uploads\/2021\/07\/Joyce-Winough-close.png 334w, https:\/\/reikigreybook.com\/wp-content\/uploads\/2021\/07\/Joyce-Winough-close-300x300.png 300w, https:\/\/reikigreybook.com\/wp-content\/uploads\/2021\/07\/Joyce-Winough-close-100x100.png 100w, https:\/\/reikigreybook.com\/wp-content\/uploads\/2021\/07\/Joyce-Winough-close-150x150.png 150w, https:\/\/reikigreybook.com\/wp-content\/uploads\/2021\/07\/Joyce-Winough-close-50x50.png 50w, https:\/\/reikigreybook.com\/wp-content\/uploads\/2021\/07\/Joyce-Winough-close-60x60.png 60w, https:\/\/reikigreybook.com\/wp-content\/uploads\/2021\/07\/Joyce-Winough-close-90x90.png 90w\" sizes=\"(max-width: 334px) 100vw, 334px\" \/><\/figure><div class=\"wp-block-media-text__content\">\n<h4 class=\"wp-block-heading\"><strong>Joyce Winough<\/strong><\/h4>\n\n\n\n<p>Joyce Winough pratique le Reiki depuis 32 ans. Form\u00e9e au premier degr\u00e9 par Helen Haberly et au second degr\u00e9 par Jean Ferris, un ma\u00eetre d&rsquo;Helen, et initi\u00e9e en tant que ma\u00eetre par Phyllis Furumoto en 2002. Joyce a commenc\u00e9 un cabinet de traitement professionnel en 1993 et enseigne le Reiki depuis son initiation de Ma\u00eetre. Elle a voyag\u00e9 avec son \u00e9pouse Phyllis Furumoto en tant que coordinatrice d&rsquo;\u00e9v\u00e9nements Reiki, de classes, de retraites et de voyages au Japon jusqu&rsquo;au d\u00e9c\u00e8s de son \u00e9pouse en 2019. Joyce poursuit son voyage Reiki et son engagement envers Usui Shiki Ryoho en tant que membre de l&rsquo;Alliance Reiki et de l&rsquo;Association britannique de Reiki, en pr\u00e9sentant le projet d&rsquo;archives Takata, et en travaillant avec Johannes Reindl et Paul Mitchell en tant que membre de l<a rel=\"noreferrer noopener\" href=\"https:\/\/www.usuishikiryohoreiki.com\" target=\"_blank\">&lsquo;Office du Grand Ma\u00eetre<\/a>depuis 2020.<\/p>\n\n\n\n<p> <\/p>\n<\/div><\/div>\n\n\n\n<div style=\"height:100px\" aria-hidden=\"true\" class=\"wp-block-spacer\"><\/div>\n","protected":false},"excerpt":{"rendered":"<p>Brian Brunius Brian est un praticien de Usui Shiki Ryoho dans la lign\u00e9e de John Harvey Gray. Il est le fondateur du NYC Reiki Center o\u00f9 il travaille \u00e0 plein temps, et est le pr\u00e9sident de Reiki Centers of America. Brian est membre de The Reiki Alliance, dont il est actuellement l&rsquo;administrateur financier. Diane Domondon [&hellip;]<\/p>\n","protected":false},"author":1,"featured_media":0,"parent":4578,"menu_order":1,"comment_status":"closed","ping_status":"closed","template":"","meta":{"footnotes":""},"class_list":["post-5380","page","type-page","status-publish","hentry"],"_links":{"self":[{"href":"https:\/\/reikigreybook.com\/fr\/wp-json\/wp\/v2\/pages\/5380","targetHints":{"allow":["GET"]}}],"collection":[{"href":"https:\/\/reikigreybook.com\/fr\/wp-json\/wp\/v2\/pages"}],"about":[{"href":"https:\/\/reikigreybook.com\/fr\/wp-json\/wp\/v2\/types\/page"}],"author":[{"embeddable":true,"href":"https:\/\/reikigreybook.com\/fr\/wp-json\/wp\/v2\/users\/1"}],"replies":[{"embeddable":true,"href":"https:\/\/reikigreybook.com\/fr\/wp-json\/wp\/v2\/comments?post=5380"}],"version-history":[{"count":5,"href":"https:\/\/reikigreybook.com\/fr\/wp-json\/wp\/v2\/pages\/5380\/revisions"}],"predecessor-version":[{"id":9473,"href":"https:\/\/reikigreybook.com\/fr\/wp-json\/wp\/v2\/pages\/5380\/revisions\/9473"}],"up":[{"embeddable":true,"href":"https:\/\/reikigreybook.com\/fr\/wp-json\/wp\/v2\/pages\/4578"}],"wp:attachment":[{"href":"https:\/\/reikigreybook.com\/fr\/wp-json\/wp\/v2\/media?parent=5380"}],"curies":[{"name":"wp","href":"https:\/\/api.w.org\/{rel}","templated":true}]}}