{"id":5388,"date":"2021-05-09T04:36:15","date_gmt":"2021-05-09T04:36:15","guid":{"rendered":"https:\/\/reikigreybook.com\/about-us\/inviting-generosity\/"},"modified":"2023-01-24T19:20:36","modified_gmt":"2023-01-24T19:20:36","slug":"inviting-generosity","status":"publish","type":"page","link":"https:\/\/reikigreybook.com\/fr\/about-us\/inviting-generosity\/","title":{"rendered":"Appel \u00e0 la G\u00e9n\u00e9rosit\u00e9"},"content":{"rendered":"\n<figure class=\"wp-block-image size-large is-resized is-style-default\"><img fetchpriority=\"high\" decoding=\"async\" src=\"https:\/\/reikigreybook.com\/wp-content\/uploads\/2021\/05\/inviting-generosity.png\" alt=\"\" class=\"wp-image-566\" width=\"842\" height=\"231\" srcset=\"https:\/\/reikigreybook.com\/wp-content\/uploads\/2021\/05\/inviting-generosity.png 595w, https:\/\/reikigreybook.com\/wp-content\/uploads\/2021\/05\/inviting-generosity-300x82.png 300w\" sizes=\"(max-width: 842px) 100vw, 842px\" \/><\/figure>\n\n\n\n<div class=\"wp-block-group has-black-color has-text-color has-background\" style=\"background-color:#f8f8f8\"><div class=\"wp-block-group__inner-container is-layout-flow wp-block-group-is-layout-flow\">\n<div class=\"wp-block-group\"><div class=\"wp-block-group__inner-container is-layout-flow wp-block-group-is-layout-flow\">\n<p>Alice Takata Furumoto a publi\u00e9 le Grey Book (Le Livre Gris) en 1982 comme cadeau aux ma\u00eetres Reiki que sa m\u00e8re, Hawayo Takata, avait initi\u00e9s. <a href=\"https:\/\/reikigreybook.com\/fr\/about-us\/the-grey-book-team\/\" data-type=\"page\" data-id=\"700\">L&rsquo;\u00e9quipe du Livre Gris<\/a>souhaite poursuivre cet h\u00e9ritage de g\u00e9n\u00e9rosit\u00e9 en offrant des traductions du texte original \u00e0 la communaut\u00e9 mondiale du Reiki.<\/p>\n\n\n\n<p>Phyllis Furumoto a compris la n\u00e9cessit\u00e9 de la traduction pour que les \u00e9tudiants du monde entier puissent acc\u00e9der au Reiki. Elle a honor\u00e9 les traducteurs et les interpr\u00e8tes comme \u00ab\u00a0les fils qui nous relient en tant que communaut\u00e9 internationale\u00a0\u00bb.<\/p>\n\n\n\n<p>Nous voulons continuer \u00e0 batir ces ponts de communication en fournissant gratuitement la traduction du Livre Gris sur ce site web. Nous avons commenc\u00e9 avec huit langues et esp\u00e9rons inclure toutes les langues demand\u00e9es. \u00c0 ce stade, le co\u00fbt de chaque traduction est de 1000 Dollar US.<\/p>\n\n\n\n<p><a href=\"https:\/\/reikigreybook.com\/fr\/contribute\/don\/\">Nous vous invitons \u00e0 faire partie de cet h\u00e9ritage de don.<\/a> Rejoignez le projet du Livre gris en faisant un don pour la traduction de ce texte. <em><strong>Les 1500 premiers donateurs donnant 73,00 USD ou plus recevront une reproduction du Livre Gris original.<\/strong><\/em><\/p>\n\n\n\n<p>Vous d\u00e9cidez du montant de votre don. Il est question de participation et non d&rsquo;une somme d&rsquo;argent pr\u00e9cise. Laissez votre c\u0153ur vous guider. Ensemble, nous alimentons et soutenons le courant de g\u00e9n\u00e9rosit\u00e9 qui a commenc\u00e9 avec le don original d&rsquo;Alice.<\/p>\n\n\n\n<p class=\"has-text-align-right has-black-color has-text-color has-background\" style=\"background-color:#f8f8f8\">Avec amour, <br>Susan Mitchell et Johannes Reindl<\/p>\n<\/div><\/div>\n<\/div><\/div>\n\n\n\n<div style=\"height:15px\" aria-hidden=\"true\" class=\"wp-block-spacer\"><\/div>\n\n\n\n<div class=\"wp-block-buttons is-horizontal is-content-justification-center is-layout-flex wp-container-core-buttons-is-layout-499968f5 wp-block-buttons-is-layout-flex\">\n<div class=\"wp-block-button has-custom-width wp-block-button__width-25 is-style-fill\"><a class=\"wp-block-button__link has-background wp-element-button\" href=\"https:\/\/reikigreybook.com\/fr\/contribute\/don\/\" style=\"border-radius:13px;background-color:#316111\" rel=\"https:\/\/reikigreybook.com\/en\/about-us\/donate\/\"><mark style=\"background-color:rgba(0, 0, 0, 0)\" class=\"has-inline-color has-white-color\">FAIRE UN DON<\/mark><\/a><\/div>\n<\/div>\n\n\n\n<div style=\"height:100px\" aria-hidden=\"true\" class=\"wp-block-spacer\"><\/div>\n","protected":false},"excerpt":{"rendered":"<p>Alice Takata Furumoto a publi\u00e9 le Grey Book (Le Livre Gris) en 1982 comme cadeau aux ma\u00eetres Reiki que sa m\u00e8re, Hawayo Takata, avait initi\u00e9s. L&rsquo;\u00e9quipe du Livre Grissouhaite poursuivre cet h\u00e9ritage de g\u00e9n\u00e9rosit\u00e9 en offrant des traductions du texte original \u00e0 la communaut\u00e9 mondiale du Reiki. Phyllis Furumoto a compris la n\u00e9cessit\u00e9 de la [&hellip;]<\/p>\n","protected":false},"author":1,"featured_media":1444,"parent":4578,"menu_order":2,"comment_status":"closed","ping_status":"closed","template":"","meta":{"footnotes":""},"class_list":["post-5388","page","type-page","status-publish","has-post-thumbnail","hentry"],"_links":{"self":[{"href":"https:\/\/reikigreybook.com\/fr\/wp-json\/wp\/v2\/pages\/5388","targetHints":{"allow":["GET"]}}],"collection":[{"href":"https:\/\/reikigreybook.com\/fr\/wp-json\/wp\/v2\/pages"}],"about":[{"href":"https:\/\/reikigreybook.com\/fr\/wp-json\/wp\/v2\/types\/page"}],"author":[{"embeddable":true,"href":"https:\/\/reikigreybook.com\/fr\/wp-json\/wp\/v2\/users\/1"}],"replies":[{"embeddable":true,"href":"https:\/\/reikigreybook.com\/fr\/wp-json\/wp\/v2\/comments?post=5388"}],"version-history":[{"count":5,"href":"https:\/\/reikigreybook.com\/fr\/wp-json\/wp\/v2\/pages\/5388\/revisions"}],"predecessor-version":[{"id":9110,"href":"https:\/\/reikigreybook.com\/fr\/wp-json\/wp\/v2\/pages\/5388\/revisions\/9110"}],"up":[{"embeddable":true,"href":"https:\/\/reikigreybook.com\/fr\/wp-json\/wp\/v2\/pages\/4578"}],"wp:featuredmedia":[{"embeddable":true,"href":"https:\/\/reikigreybook.com\/fr\/wp-json\/wp\/v2\/media\/1444"}],"wp:attachment":[{"href":"https:\/\/reikigreybook.com\/fr\/wp-json\/wp\/v2\/media?parent=5388"}],"curies":[{"name":"wp","href":"https:\/\/api.w.org\/{rel}","templated":true}]}}