{"id":6459,"date":"2021-05-09T04:27:49","date_gmt":"2021-05-09T04:27:49","guid":{"rendered":"https:\/\/reikigreybook.com\/lire-le-livre-gris\/"},"modified":"2022-05-10T01:56:53","modified_gmt":"2022-05-10T01:56:53","slug":"le-livre-gris","status":"publish","type":"page","link":"https:\/\/reikigreybook.com\/fr\/le-livre-gris\/","title":{"rendered":"Lire le livre Gris"},"content":{"rendered":"\n<p>Ces sept sections du volume <em>Reiki<\/em> de 1982 sont pr\u00e9sent\u00e9es dans l&rsquo;ordre publi\u00e9 par Alice Takata Furumoto. Le guide de soins th\u00e9rapeutiques, initialement r\u00e9dig\u00e9 en japonais, est traduit en anglais par le traducteur universitaire professionnel Dylan Luers Toda. C&rsquo;est \u00e0 partir du travail de Toda que nous avons command\u00e9 les 8 traductions de ce site web, et pour la premi\u00e8re fois, beaucoup d&rsquo;entre nous peuvent lire le manuel de traitement Reiki original que Chujiro Hayashi a pr\u00e9par\u00e9 pour les \u00e9tudiants du Hayashi Reiki Kenkyukai \u00e0 Hawa\u00ef en 1938.<\/p>\n\n\n\n<div class=\"wp-block-media-text alignwide is-stacked-on-mobile is-vertically-aligned-bottom\" style=\"grid-template-columns:46% auto\"><figure class=\"wp-block-media-text__media\"><img fetchpriority=\"high\" decoding=\"async\" width=\"716\" height=\"904\" src=\"https:\/\/reikigreybook.com\/wp-content\/uploads\/2022\/05\/The-Grey-Book-Cover-only-med.jpg\" alt=\"\" class=\"wp-image-6290 size-full\" srcset=\"https:\/\/reikigreybook.com\/wp-content\/uploads\/2022\/05\/The-Grey-Book-Cover-only-med.jpg 716w, https:\/\/reikigreybook.com\/wp-content\/uploads\/2022\/05\/The-Grey-Book-Cover-only-med-600x758.jpg 600w, https:\/\/reikigreybook.com\/wp-content\/uploads\/2022\/05\/The-Grey-Book-Cover-only-med-238x300.jpg 238w\" sizes=\"(max-width: 716px) 100vw, 716px\" \/><\/figure><div class=\"wp-block-media-text__content\">\n<h3 class=\"wp-block-heading\"><a href=\"https:\/\/reikigreybook.com\/fr\/le-livre-gris\/takatas-diary-entries\/\" data-type=\"page\" data-id=\"302\">COMMENCER \u00c0 LIRE<\/a><br><strong><em>Reiki : Le Livre Gris<\/em><\/strong><\/h3>\n\n\n\n<hr class=\"wp-block-separator has-text-color has-background has-black-background-color has-black-color is-style-wide\"\/>\n\n\n\n<div style=\"height:14px\" aria-hidden=\"true\" class=\"wp-block-spacer\"><\/div>\n\n\n\n<p>&gt; <a rel=\"noreferrer noopener\" href=\"https:\/\/reikigreybook.com\/fr\/le-livre-gris\/takatas-diary-entries\/\" data-type=\"page\" target=\"_blank\">Les extraits du journal de Takata<\/a><\/p>\n\n\n\n<p>&gt; <a rel=\"noreferrer noopener\" href=\"https:\/\/reikigreybook.com\/fr\/le-livre-gris\/therapy-guide\/\" data-type=\"page\" target=\"_blank\">Guide de soins th\u00e9rapeutiques<\/a><\/p>\n\n\n\n<p>&gt; <a rel=\"noreferrer noopener\" href=\"https:\/\/reikigreybook.com\/fr\/le-livre-gris\/the-art-of-healing\/\" data-type=\"page\" data-id=\"306\" target=\"_blank\">L&rsquo;art de soigner<\/a><\/p>\n\n\n\n<p>&gt; <a rel=\"noreferrer noopener\" href=\"https:\/\/reikigreybook.com\/fr\/le-livre-gris\/photos\/\" data-type=\"page\" data-id=\"334\" target=\"_blank\">Les photographies<\/a><\/p>\n\n\n\n<p>&gt; <a rel=\"noreferrer noopener\" href=\"https:\/\/reikigreybook.com\/fr\/le-livre-gris\/takatas-master-certificate\/\" data-type=\"page\" data-id=\"320\" target=\"_blank\">Le certificat de ma\u00eetrise de Takata<\/a><\/p>\n\n\n\n<p>&gt; <a href=\"https:\/\/reikigreybook.com\/fr\/le-livre-gris\/master-students\/\" data-type=\"page\" target=\"_blank\" rel=\"noreferrer noopener\">\u00c9tudiants en ma\u00eetrise<\/a><\/p>\n\n\n\n<p>&gt; <a rel=\"noreferrer noopener\" href=\"https:\/\/reikigreybook.com\/fr\/le-livre-gris\/dedication-page\/\" data-type=\"page\" data-id=\"328\" target=\"_blank\">La page de d\u00e9dicace<\/a><\/p>\n<\/div><\/div>\n\n\n\n<div style=\"height:30px\" aria-hidden=\"true\" class=\"wp-block-spacer\"><\/div>\n\n\n\n<hr class=\"wp-block-separator has-text-color has-background has-black-background-color has-black-color is-style-wide\"\/>\n\n\n\n<div style=\"height:30px\" aria-hidden=\"true\" class=\"wp-block-spacer\"><\/div>\n\n\n\n<div class=\"wp-block-media-text alignwide has-media-on-the-right is-stacked-on-mobile is-vertically-aligned-center\" style=\"grid-template-columns:auto 51%\"><figure class=\"wp-block-media-text__media\"><img decoding=\"async\" width=\"675\" height=\"940\" src=\"https:\/\/reikigreybook.com\/wp-content\/uploads\/2022\/05\/Inviting-Generosity-vertical.jpg\" alt=\"\" class=\"wp-image-6072 size-full\" srcset=\"https:\/\/reikigreybook.com\/wp-content\/uploads\/2022\/05\/Inviting-Generosity-vertical.jpg 675w, https:\/\/reikigreybook.com\/wp-content\/uploads\/2022\/05\/Inviting-Generosity-vertical-600x836.jpg 600w, https:\/\/reikigreybook.com\/wp-content\/uploads\/2022\/05\/Inviting-Generosity-vertical-215x300.jpg 215w\" sizes=\"(max-width: 675px) 100vw, 675px\" \/><\/figure><div class=\"wp-block-media-text__content\">\n<h3 class=\"wp-block-heading\"><a href=\"https:\/\/reikigreybook.com\/fr\/about-us\/inviting-generosity\/\" data-type=\"page\" data-id=\"338\">APPEL \u00c0 LA G\u00c9N\u00c9ROSIT\u00c9<\/a><br><strong><em>Reiki : Le Livre Gris<\/em><\/strong><\/h3>\n\n\n\n<hr class=\"wp-block-separator has-text-color has-background has-black-background-color has-black-color is-style-wide\"\/>\n\n\n\n<p><\/p>\n\n\n\n<p>Alice Takata Furumoto a publi\u00e9 le <em>Grey Book<\/em>en 1982 comme cadeau aux ma\u00eetres Reiki que sa m\u00e8re, Hawayo Takata, avait initi\u00e9s. <a href=\"https:\/\/reikigreybook.com\/fr\/about-us\/the-grey-book-team\/\" data-type=\"page\" data-id=\"700\">L&rsquo;\u00e9quipe du Grey Book<\/a> souhaite poursuivre cet h\u00e9ritage de g\u00e9n\u00e9rosit\u00e9 en proposant des traductions du texte original comme un cadeau \u00e0 la communaut\u00e9 Reiki du monde entier.<\/p>\n\n\n\n<p><a href=\"https:\/\/reikigreybook.com\/fr\/contribute\/don\/\">Nous vous invitons \u00e0 faire partie de cet h\u00e9ritage de dons.<\/a> Rejoignez le projet du <em>Livre Gris<\/em> en faisant un don pour la traduction de ce texte.<\/p>\n\n\n\n<p><\/p>\n\n\n\n<p> <\/p>\n\n\n\n<div class=\"wp-block-buttons is-horizontal is-content-justification-right is-layout-flex wp-container-core-buttons-is-layout-ae2fe186 wp-block-buttons-is-layout-flex\">\n<div class=\"wp-block-button has-custom-width wp-block-button__width-100 is-style-outline is-style-outline--1\"><a class=\"wp-block-button__link has-vivid-red-color has-white-background-color has-text-color has-background\" href=\"https:\/\/reikigreybook.com\/fr\/contribute\/don\/\" style=\"border-radius:13px\">Faire le don pour la traduction<\/a><\/div>\n<\/div>\n<\/div><\/div>\n\n\n\n<div style=\"height:50px\" aria-hidden=\"true\" class=\"wp-block-spacer\"><\/div>\n\n\n\n<hr class=\"wp-block-separator is-style-wide\"\/>\n\n\n\n<div style=\"height:50px\" aria-hidden=\"true\" class=\"wp-block-spacer\"><\/div>\n\n\n\n<p><\/p>\n","protected":false},"excerpt":{"rendered":"<p>Ces sept sections du volume Reiki de 1982 sont pr\u00e9sent\u00e9es dans l&rsquo;ordre publi\u00e9 par Alice Takata Furumoto. Le guide de soins th\u00e9rapeutiques, initialement r\u00e9dig\u00e9 en japonais, est traduit en anglais par le traducteur universitaire professionnel Dylan Luers Toda. C&rsquo;est \u00e0 partir du travail de Toda que nous avons command\u00e9 les 8 traductions de ce site [&hellip;]<\/p>\n","protected":false},"author":1,"featured_media":0,"parent":0,"menu_order":0,"comment_status":"closed","ping_status":"closed","template":"","meta":{"footnotes":""},"class_list":["post-6459","page","type-page","status-publish","hentry"],"_links":{"self":[{"href":"https:\/\/reikigreybook.com\/fr\/wp-json\/wp\/v2\/pages\/6459","targetHints":{"allow":["GET"]}}],"collection":[{"href":"https:\/\/reikigreybook.com\/fr\/wp-json\/wp\/v2\/pages"}],"about":[{"href":"https:\/\/reikigreybook.com\/fr\/wp-json\/wp\/v2\/types\/page"}],"author":[{"embeddable":true,"href":"https:\/\/reikigreybook.com\/fr\/wp-json\/wp\/v2\/users\/1"}],"replies":[{"embeddable":true,"href":"https:\/\/reikigreybook.com\/fr\/wp-json\/wp\/v2\/comments?post=6459"}],"version-history":[{"count":5,"href":"https:\/\/reikigreybook.com\/fr\/wp-json\/wp\/v2\/pages\/6459\/revisions"}],"predecessor-version":[{"id":6936,"href":"https:\/\/reikigreybook.com\/fr\/wp-json\/wp\/v2\/pages\/6459\/revisions\/6936"}],"wp:attachment":[{"href":"https:\/\/reikigreybook.com\/fr\/wp-json\/wp\/v2\/media?parent=6459"}],"curies":[{"name":"wp","href":"https:\/\/api.w.org\/{rel}","templated":true}]}}