{"id":4451,"date":"2021-06-15T00:32:01","date_gmt":"2021-06-15T00:32:01","guid":{"rendered":"https:\/\/reikigreybook.com\/shop\/dons\/"},"modified":"2024-06-27T13:51:10","modified_gmt":"2024-06-27T13:51:10","slug":"don","status":"publish","type":"product","link":"https:\/\/reikigreybook.com\/fr\/contribute\/don\/","title":{"rendered":"Commander une copie"},"content":{"rendered":"<p>Les 1500 premiers donateurs \u00e0 faire un don de 73 dollars am\u00e9ricains ou plus recevront une r\u00e9plique du livre gris original. Cette \u00e9dition limit\u00e9e est imprim\u00e9e sur le m\u00eame papier \u00e0 l&rsquo;\u00e9chelle exacte des 100 exemplaires originaux de 1982. Votre don nous permet de distribuer le livre \u00e0 des personnes partout dans le monde. Notre objectif pour le projet est de nous soutenir mutuellement et de rendre nos contributions \u00e9gales. <strong>En fonction de votre pays, il se peut que l&rsquo;on vous demande de payer un petit montant de TVA au moment de recevoir votre exemplaire du livre.<\/strong><\/p>\n","protected":false},"excerpt":{"rendered":"<p>Pour votre don de 73 $ US ou plus, vous recevrez une r\u00e9plique exacte du <em>Livre Gris<\/em> original, imprim\u00e9 en anglais avec le Guide th\u00e9rapeutique de Hayashi en japonais. L\u2019\u00e9dition originale de 1982 a \u00e9t\u00e9 grossi\u00e8rement assembl\u00e9e avec des reproductions photographiques tir\u00e9es des papiers de Takata apr\u00e8s sa mort. Cette \u00e9dition limit\u00e9e 2022 est imprim\u00e9e sur le m\u00eame papier \u00e0 l&rsquo;\u00e9chelle exacte que les 100 exemplaires originaux.<\/p>\n<p>Toutes les traductions du livre complet peuvent \u00eatre lues gratuitement sur ce site Web. La section japonaise du livre a \u00e9galement \u00e9t\u00e9 traduite dans toutes les langues que nous proposons ici.<\/p>\n<p>Selon votre pays, il peut vous \u00eatre demand\u00e9 de payer un petit montant de TVA lorsque vous recevez votre exemplaire du livre. Votre don nous permet de distribuer le livre \u00e0 des personnes partout dans le monde. Notre objectif pour le projet est de nous soutenir mutuellement et de rendre nos contributions \u00e9gales.<\/p>\n","protected":false},"featured_media":6219,"template":"","meta":[],"product_brand":[],"product_cat":[89],"product_tag":[],"class_list":{"0":"post-4451","1":"product","2":"type-product","3":"status-publish","4":"has-post-thumbnail","6":"product_cat-obtenir-un-exemplaire","7":"product_shipping_class-donation-shipping-class-fr","9":"first","10":"instock","11":"sold-individually","12":"taxable","13":"purchasable","14":"product-type-donation"},"_links":{"self":[{"href":"https:\/\/reikigreybook.com\/fr\/wp-json\/wp\/v2\/product\/4451","targetHints":{"allow":["GET"]}}],"collection":[{"href":"https:\/\/reikigreybook.com\/fr\/wp-json\/wp\/v2\/product"}],"about":[{"href":"https:\/\/reikigreybook.com\/fr\/wp-json\/wp\/v2\/types\/product"}],"wp:featuredmedia":[{"embeddable":true,"href":"https:\/\/reikigreybook.com\/fr\/wp-json\/wp\/v2\/media\/6219"}],"wp:attachment":[{"href":"https:\/\/reikigreybook.com\/fr\/wp-json\/wp\/v2\/media?parent=4451"}],"wp:term":[{"taxonomy":"product_brand","embeddable":true,"href":"https:\/\/reikigreybook.com\/fr\/wp-json\/wp\/v2\/product_brand?post=4451"},{"taxonomy":"product_cat","embeddable":true,"href":"https:\/\/reikigreybook.com\/fr\/wp-json\/wp\/v2\/product_cat?post=4451"},{"taxonomy":"product_tag","embeddable":true,"href":"https:\/\/reikigreybook.com\/fr\/wp-json\/wp\/v2\/product_tag?post=4451"}],"curies":[{"name":"wp","href":"https:\/\/api.w.org\/{rel}","templated":true}]}}